{"id":1309,"date":"2024-10-18T14:12:00","date_gmt":"2024-10-18T06:12:00","guid":{"rendered":"https:\/\/ruiqigo.com\/?post_type=product&#038;p=1309"},"modified":"2025-06-17T16:45:49","modified_gmt":"2025-06-17T08:45:49","slug":"lavender-body-wash","status":"publish","type":"product","link":"https:\/\/www.ruiqigo.com\/es\/product\/lavender-body-wash","title":{"rendered":"Gel de ba\u00f1o de lavanda"},"content":{"rendered":"<h2 class=\"wp-block-heading\">F\u00f3rmulas comunes de fabricaci\u00f3n de geles de ba\u00f1o de lavanda<\/h2>\n\n\n\n<p>Damos gran importancia al proceso de producci\u00f3n del gel de ba\u00f1o de lavanda, no solo dise\u00f1ando cuidadosamente m\u00faltiples f\u00f3rmulas, sino tambi\u00e9n considerando las necesidades de los diferentes tipos de piel, para que el producto sea m\u00e1s vers\u00e1til.<\/p>\n\n\n\n<p>Aceite esencial de lavanda: el ingrediente principal del gel de ba\u00f1o, el aroma de lavanda puede calmar el cuerpo y la mente, y brindarle una experiencia de ba\u00f1o relajante y placentera. Adem\u00e1s, el aceite esencial de lavanda tambi\u00e9n tiene efectos blanqueadores, repara las c\u00e9lulas da\u00f1adas y otros, puede rejuvenecer y hace que la piel sea m\u00e1s suave y delicada.<\/p>\n\n\n\n<p>Surfactantes: Los surfactantes no solo pueden producir una rica espuma, mejorar el poder de limpieza del gel de ba\u00f1o y eliminar eficazmente la suciedad y el aceite de la superficie, sino que tambi\u00e9n forman una pel\u00edcula protectora en la superficie de la piel para evitar la irritaci\u00f3n de la piel.<\/p>\n\n\n\n<p>Aceite de coco: los \u00e1cidos grasos del aceite de coco tienen buenas propiedades hidratantes, que pueden retener el agua y mejorar la piel seca y \u00e1spera y otros problemas. Al mismo tiempo, el aceite de coco es m\u00e1s suave, puede reducir las molestias en la piel, reparar la piel y es m\u00e1s adecuado para los m\u00fasculos sensibles.<\/p>\n\n\n\n<h2 class=\"wp-block-heading\">Los beneficios del gel de ba\u00f1o de lavanda<\/h2>\n\n\n\n<p>Como fabricante profesional de lavanda, realizaremos pruebas de calidad pertinentes en todos los aspectos de la entrada de materia prima en el embalaje del producto terminado para garantizar la seguridad de la calidad. Al mismo tiempo, continuamos innovando e investigando, combinando una variedad de beneficios para satisfacer sus necesidades de cuidado de la piel. Estos son algunos de los principales beneficios:<\/p>\n\n\n\n<p>1. Calmante y relajante: el aroma \u00fanico de la lavanda puede aliviar la tensi\u00f3n y el estr\u00e9s. Al usar el gel de ba\u00f1o, el aroma crear\u00e1 una atm\u00f3sfera relajada y agradable, que puede relajar el cuerpo y la mente, reducir el estr\u00e9s y la fatiga.<\/p>\n\n\n\n<p>2. Ajusta el equilibrio de agua y aceite: el gel de ba\u00f1o de lavanda puede ajustar el equilibrio de aceite, reducir la sensaci\u00f3n grasosa y mantenerse fresco.<\/p>\n\n\n\n<p>3. Hidratante e hidratante: Nuestros ingredientes humectantes agregados pueden retener firmemente la humedad, hidratar la piel, mantenerla hidratada y suave y prevenir la sequedad.<\/p>\n\n\n\n<p>4. Antibacteriano y antiinflamatorio: el aceite esencial de lavanda tiene efectos antibacterianos y antiinflamatorios, que pueden reducir la inflamaci\u00f3n de la piel y prevenir infecciones.<\/p>\n\n\n\n<p>5. Blanqueamiento y manchas claras: Nuestros productos tienen el efecto de blanquear y aclarar las manchas, lo que favorece la reducci\u00f3n de la oscuridad de la piel y hacerla m\u00e1s transparente.<\/p>\n\n\n\n<p>6. Mejora el sue\u00f1o: el aroma de lavanda no solo puede calmar y relajar, sino que tambi\u00e9n mejora la calidad del sue\u00f1o, adecuado para personas con insomnio y sue\u00f1os so\u00f1adores.<\/p>\n\n\n\n<h2 class=\"wp-block-heading\">\u00bfC\u00f3mo utilizar el gel de ba\u00f1o de lavanda para el cuidado corporal?<\/h2>\n\n\n\n<p>Hemos realizado muchas mezclas durante el proceso de producci\u00f3n para producir este gel de ba\u00f1o suave y rico en espuma dise\u00f1ado para mejorar su experiencia de ba\u00f1o. El uso diario se divide en un ba\u00f1o y un ba\u00f1o, puede elegir un ba\u00f1o seg\u00fan su afici\u00f3n.<\/p>\n\n\n\n<p>1. Ducha: Primero moje el cuerpo con agua tibia, luego vierta la cantidad adecuada de gel de ba\u00f1o en la palma o esponja, frote suavemente la espuma y apl\u00edquela uniformemente en todo el cuerpo, puede realizar un masaje adecuado, limpiar a\u00fan m\u00e1s los poros y aliviar el cuerpo y la mente, finalmente, enjuague toda la espuma del cuerpo con agua.<\/p>\n\n\n\n<p>2. Ba\u00f1o: A las personas a las que les gusta ba\u00f1arse pueden verter una cantidad adecuada de gel de ba\u00f1o en la ba\u00f1era y removerlo uniformemente, de modo que produzca una abundante espuma y, al mismo tiempo, desprenda el aroma de lavanda, creando un ambiente agradable. Si hay partes que necesitan un cuidado especial, puede agregar una cantidad adecuada de gel de ba\u00f1o y masajear profundamente para mejorar el estado de la piel.<\/p>\n\n\n\n<p>3. Despu\u00e9s del uso: despu\u00e9s del uso, el gel de ba\u00f1o se puede combinar con otros productos para el cuidado de la piel, como la loci\u00f3n corporal, para promover la absorci\u00f3n de agua e hidratar a\u00fan m\u00e1s la piel.<\/p>\n\n\n\n<h2 class=\"wp-block-heading\">Precauci\u00f3n<\/h2>\n\n\n\n<p>1. Se debe realizar una prueba de alergia antes de utilizar el gel de ba\u00f1o por primera vez. Si aparecen s\u00edntomas de alergia, deje de usarlo inmediatamente y consulte a un m\u00e9dico.<\/p>\n\n\n\n<p>2. Evite el contacto con los ojos. En caso de contacto con los ojos, enjuague con agua inmediatamente y busque atenci\u00f3n m\u00e9dica lo antes posible.<\/p>\n\n\n\n<p>3. Al utilizar el gel de ba\u00f1o de lavanda con otros productos, aseg\u00farese de que sus ingredientes no entren en conflicto ni provoquen reacciones adversas.<\/p>\n\n\n\n<p>4. Siga el principio de la cantidad adecuada, el exceso de gel de ba\u00f1o producir\u00e1 demasiada espuma y ser\u00e1 dif\u00edcil de limpiar.<\/p>\n\n\n\n<p>5. Nuestros productos deben almacenarse en un lugar fresco y seco, lejos de la luz solar directa y de entornos de alta temperatura.<\/p>\n\n\n\n<p>6. Aunque el gel de ba\u00f1o de lavanda tiene un efecto calmante sobre la piel, no se recomienda usarlo muchas veces al d\u00eda, ya que una limpieza excesiva puede da\u00f1ar la barrera cut\u00e1nea.<\/p>\n\n\n\n<h2 class=\"wp-block-heading\">Conclusi\u00f3n<\/h2>\n\n\n\n<p>Utilizamos l\u00edneas de producci\u00f3n modernas y equipos de automatizaci\u00f3n para garantizar que el proceso de producci\u00f3n del gel de ba\u00f1o de lavanda sea eficiente, preciso y respetuoso con el medio ambiente, al tiempo que garantizamos la higiene y la seguridad del producto. Adem\u00e1s, hemos realizado una investigaci\u00f3n de usuarios y sabemos que las necesidades y preferencias de su piel son diferentes. Por lo tanto, brindamos servicios personalizados y nuestro equipo de I + D implementar\u00e1 cuidadosamente el m\u00e1s adecuado para su gel de ba\u00f1o de lavanda de acuerdo con sus requisitos. Durante este tiempo, tambi\u00e9n realizaremos cambios en funci\u00f3n de sus comentarios para lograr el efecto que desea. Lo invitamos sinceramente a consultar nuestros productos, tambi\u00e9n le brindaremos respuestas profesionales e informaci\u00f3n detallada.<\/p>","protected":false},"excerpt":{"rendered":"Lavender Body Wash Manufacturing Common Formulas We attach great importance to the production process of lavender body wash, not only carefully designing multiple formulas, but also considering the needs of different skin types, so that the product is more versatile. Lavender essential oil: The main ingredient of body wash, lavender scent can soothe the body [&hellip;]","protected":false},"featured_media":1310,"menu_order":0,"template":"","meta":[],"product-tag":[],"products":[57],"class_list":["post-1309","product","type-product","status-publish","has-post-thumbnail","hentry","products-body-wash"],"acf":[],"_links":{"self":[{"href":"https:\/\/www.ruiqigo.com\/es\/wp-json\/wp\/v2\/product\/1309","targetHints":{"allow":["GET"]}}],"collection":[{"href":"https:\/\/www.ruiqigo.com\/es\/wp-json\/wp\/v2\/product"}],"about":[{"href":"https:\/\/www.ruiqigo.com\/es\/wp-json\/wp\/v2\/types\/product"}],"version-history":[{"count":0,"href":"https:\/\/www.ruiqigo.com\/es\/wp-json\/wp\/v2\/product\/1309\/revisions"}],"wp:featuredmedia":[{"embeddable":true,"href":"https:\/\/www.ruiqigo.com\/es\/wp-json\/wp\/v2\/media\/1310"}],"wp:attachment":[{"href":"https:\/\/www.ruiqigo.com\/es\/wp-json\/wp\/v2\/media?parent=1309"}],"wp:term":[{"taxonomy":"product-tag","embeddable":true,"href":"https:\/\/www.ruiqigo.com\/es\/wp-json\/wp\/v2\/product-tag?post=1309"},{"taxonomy":"products","embeddable":true,"href":"https:\/\/www.ruiqigo.com\/es\/wp-json\/wp\/v2\/products?post=1309"}],"curies":[{"name":"wp","href":"https:\/\/api.w.org\/{rel}","templated":true}]}}