{"id":1342,"date":"2024-10-24T18:01:05","date_gmt":"2024-10-24T10:01:05","guid":{"rendered":"https:\/\/ruiqigo.com\/?post_type=product&#038;p=1342"},"modified":"2024-10-28T15:45:52","modified_gmt":"2024-10-28T07:45:52","slug":"exfoliating-body-wash","status":"publish","type":"product","link":"https:\/\/www.ruiqigo.com\/es\/product\/exfoliating-body-wash","title":{"rendered":"Gel de ba\u00f1o exfoliante"},"content":{"rendered":"<h2 class=\"wp-block-heading\">F\u00f3rmulas comunes de fabricaci\u00f3n de geles de ba\u00f1o exfoliantes<\/h2>\n\n\n\n<p>En el proceso de elaboraci\u00f3n de este gel exfoliante para el cuerpo, mezclamos cient\u00edficamente una variedad de ingredientes altamente efectivos y controlamos estrictamente cada paso de la producci\u00f3n para garantizar la seguridad y la eficacia del producto. Estos son los ingredientes principales:<\/p>\n\n\n\n<p>1. Part\u00edculas exfoliantes: extraemos algunas part\u00edculas exfoliantes naturales de bamb\u00fa de jade y sales minerales y las ajustamos de acuerdo con una cierta proporci\u00f3n, lo que puede eliminar suavemente la queratina envejecida de la piel, y los ingredientes vegetales naturales tambi\u00e9n pueden nutrir la piel.<\/p>\n\n\n\n<p>2. \u00c1cido salic\u00edlico: esta sustancia \u00e1cida puede penetrar la piel y ayudar a disolver y eliminar la queratina profunda sin irritarla en exceso. Al mismo tiempo, promueve la regeneraci\u00f3n de las c\u00e9lulas cut\u00e1neas; su uso constante har\u00e1 que la piel quede m\u00e1s suave.<\/p>\n\n\n\n<p>3. Niacinamida: la niacinamida puede ayudar a la piel a retener el agua y mejorar la capacidad hidratante de la piel; y tambi\u00e9n puede reducir la deposici\u00f3n de melanina, para lograr un cierto efecto blanqueador; Al mismo tiempo, la nicotinamida tiene un efecto antioxidante y retrasa el envejecimiento de la piel.<\/p>\n\n\n\n<p>4. Surfactantes: Estos ingredientes tienen buena capacidad de limpieza, pueden eliminar la suciedad y el aceite de la superficie de la piel y mantener la piel fresca.<\/p>\n\n\n\n<p>5. Aromaterapia: puede agregar un aroma agradable al gel de ducha, mejorar la experiencia del ba\u00f1o y calmar el cuerpo y la mente.<\/p>\n\n\n\n<h2 class=\"wp-block-heading\">Las funciones del gel de ba\u00f1o exfoliante<\/h2>\n\n\n\n<p>Los exfoliantes suelen contener part\u00edculas grandes, requieren un masaje vigoroso de la piel al aplicarlos y no tienen una funci\u00f3n limpiadora. Por eso, como fabricante centrado en productos de cuidado personal, hemos desarrollado un gel de ba\u00f1o exfoliante basado en estos inconvenientes que exfolia suavemente, limpia profundamente los poros e hidrata la piel. Los principales efectos son los siguientes:<\/p>\n\n\n\n<p>1. Limpieza profunda: el gel de ba\u00f1o exfoliante puede limpiar profundamente los poros, reducir la acumulaci\u00f3n de suciedad y grasa, ayudar a prevenir el acn\u00e9, hacer que los poros est\u00e9n m\u00e1s despejados y mantener la piel fresca y limpia.<\/p>\n\n\n\n<p>2. Elimina la piel muerta: nuestros productos contienen part\u00edculas exfoliantes que pueden eliminar eficazmente las c\u00e9lulas muertas de la piel y las cut\u00edculas envejecidas de la superficie de la piel. El uso a largo plazo favorece la mejora del tono desigual de la piel y la hace m\u00e1s suave y delicada.<\/p>\n\n\n\n<p>3. Calmante y relajante: este gel de ba\u00f1o exfoliante contiene extractos de plantas naturales que hidratan y suavizan la piel mientras exfolian, ayudando a relajar el cuerpo y la mente y aliviar la fatiga.<\/p>\n\n\n\n<p>4. Aclara el tono de la piel: el proceso de exfoliaci\u00f3n puede estimular el metabolismo, reducir las l\u00edneas finas de la piel y la piel puede absorber mejor los nutrientes. El uso constante puede aclarar el tono de la piel y la piel estar\u00e1 m\u00e1s firme y el\u00e1stica.<\/p>\n\n\n\n<h2 class=\"wp-block-heading\">\u00bfC\u00f3mo utilizar el gel de ba\u00f1o exfoliante para el cuidado corporal?<\/h2>\n\n\n\n<p>El uso adecuado de gel de ba\u00f1o exfoliante puede ayudarte a eliminar eficazmente la exfoliaci\u00f3n del envejecimiento de la superficie de tu piel y limpiar profundamente tus poros. Seleccionamos cuidadosamente materias primas de alta calidad y las mezclamos calent\u00e1ndolas en proporci\u00f3n. Al mismo tiempo, probamos los productos terminados en t\u00e9rminos de apariencia, olor, valor de pH, etc., para garantizar su calidad e higiene.<\/p>\n\n\n\n<p>1. Fase de preparaci\u00f3n: Mojar el cuerpo con agua tibia, especialmente las zonas que se quieran exfoliar, como codos, rodillas, etc.<\/p>\n\n\n\n<p>2. Aplicar masaje: Aplicar una cantidad adecuada de gel de ba\u00f1o exfoliante en la palma de la mano o en la red de espuma, hacer espuma y aplicar uniformemente en todo el cuerpo, especialmente en la zona con cut\u00edcula gruesa. Masajear suavemente con las manos, evitando la fuerza excesiva, el tiempo de masaje es generalmente de 3 a 5 minutos, para las partes con estrato c\u00f3rneo grueso se puede fortalecer el masaje, este proceso puede limpiar profundamente la piel y eliminar la queratina envejecida.<\/p>\n\n\n\n<p>3. Enjuague e hidrate: Enjuague la espuma con agua y seque con una toalla para asegurarse de que no quede nada de gel de ba\u00f1o. El gel de ba\u00f1o exfoliante puede ayudar a abrir mejor los poros, as\u00ed que aplique una loci\u00f3n corporal humectante inmediatamente despu\u00e9s del lavado para promover la absorci\u00f3n, retener la humedad y mantener la piel hidratada y suave.<\/p>\n\n\n\n<h2 class=\"wp-block-heading\">Precauci\u00f3n<\/h2>\n\n\n\n<p>1. Realice una prueba de anafilaxia antes de usar. Si se produce una reacci\u00f3n al\u00e9rgica, deje de usarlo inmediatamente y consulte a un m\u00e9dico.<\/p>\n\n\n\n<p>2. Se recomienda utilizar gel de ducha exfoliante con una frecuencia de 1 a 2 veces por semana, no abusando del mismo, ya que la piel se resecar\u00e1 y se volver\u00e1 fr\u00e1gil.<\/p>\n\n\n\n<p>3. Evite usarlo en partes sensibles como la cara, el cuello y las partes \u00edntimas para evitar la irritaci\u00f3n de la piel;<\/p>\n\n\n\n<p>4. Al utilizarlo, la temperatura del agua debe controlarse entre 35 y 40 grados para evitar una temperatura excesiva que destruya la cut\u00edcula;<\/p>\n\n\n\n<p>5. El gel de ducha exfoliante se puede utilizar con loci\u00f3n corporal hidratante, se recomienda verificar los ingredientes antes de su uso para evitar causar molestias;<\/p>\n\n\n\n<p>6. Se recomienda almacenar nuestro gel de ba\u00f1o en un lugar seco y fresco, alejado de la luz solar directa y de las altas temperaturas.<\/p>\n\n\n\n<h2 class=\"wp-block-heading\">Conclusi\u00f3n<\/h2>\n\n\n\n<p>Contamos con equipos y procesos de producci\u00f3n avanzados, ya sea la selecci\u00f3n de materias primas o el llenado de productos terminados, controlamos estrictamente la calidad del gel de ba\u00f1o exfoliante, para asegurarnos de que todos los productos cumplan con la certificaci\u00f3n del sistema de gesti\u00f3n de calidad ISO9001 y las pruebas de est\u00e1ndares de seguridad nacionales pertinentes. Por supuesto, tenemos una s\u00f3lida cadena de suministro, que puede garantizar la finalizaci\u00f3n de pedidos a gran escala. Al mismo tiempo, ofrecemos una gama completa de servicios personalizados, crearemos un gel de ba\u00f1o exfoliante especial para usted de acuerdo con sus requisitos, ya sea f\u00f3rmula o empaque, haremos todo lo posible para lograr el efecto que desea. Si desea saber m\u00e1s sobre nuestra producci\u00f3n, comun\u00edquese con nosotros de inmediato.<\/p>","protected":false},"excerpt":{"rendered":"Exfoliating Body Wash Manufacturing Common Formulas In the process of making this exfoliating body wash, we scientifically mix a variety of highly effective ingredients and strictly control every step of production to ensure the safety and effectiveness of the product. Here are the main ingredients: 1. Exfoliating particles: We extract some natural exfoliating particles of [&hellip;]","protected":false},"featured_media":1343,"menu_order":0,"template":"","meta":[],"product-tag":[],"products":[57],"class_list":["post-1342","product","type-product","status-publish","has-post-thumbnail","hentry","products-body-wash"],"acf":[],"_links":{"self":[{"href":"https:\/\/www.ruiqigo.com\/es\/wp-json\/wp\/v2\/product\/1342","targetHints":{"allow":["GET"]}}],"collection":[{"href":"https:\/\/www.ruiqigo.com\/es\/wp-json\/wp\/v2\/product"}],"about":[{"href":"https:\/\/www.ruiqigo.com\/es\/wp-json\/wp\/v2\/types\/product"}],"version-history":[{"count":0,"href":"https:\/\/www.ruiqigo.com\/es\/wp-json\/wp\/v2\/product\/1342\/revisions"}],"wp:featuredmedia":[{"embeddable":true,"href":"https:\/\/www.ruiqigo.com\/es\/wp-json\/wp\/v2\/media\/1343"}],"wp:attachment":[{"href":"https:\/\/www.ruiqigo.com\/es\/wp-json\/wp\/v2\/media?parent=1342"}],"wp:term":[{"taxonomy":"product-tag","embeddable":true,"href":"https:\/\/www.ruiqigo.com\/es\/wp-json\/wp\/v2\/product-tag?post=1342"},{"taxonomy":"products","embeddable":true,"href":"https:\/\/www.ruiqigo.com\/es\/wp-json\/wp\/v2\/products?post=1342"}],"curies":[{"name":"wp","href":"https:\/\/api.w.org\/{rel}","templated":true}]}}