{"id":1506,"date":"2024-11-05T17:09:42","date_gmt":"2024-11-05T09:09:42","guid":{"rendered":"https:\/\/ruiqigo.com\/?post_type=product&#038;p=1506"},"modified":"2024-11-06T09:37:31","modified_gmt":"2024-11-06T01:37:31","slug":"natural-body-wash","status":"publish","type":"product","link":"https:\/\/www.ruiqigo.com\/es\/product\/natural-body-wash","title":{"rendered":"Gel de ba\u00f1o natural"},"content":{"rendered":"<h2 class=\"wp-block-heading\">F\u00f3rmulas comunes de fabricaci\u00f3n de geles de ba\u00f1o naturales<\/h2>\n\n\n\n<p>Selecci\u00f3n de alta calidad de 3TOP <strong>ingredientes vegetales naturales<\/strong> Est\u00e1 dise\u00f1ado para brindarle un efecto de limpieza y cuidado de la piel suave y eficaz. Al mismo tiempo, se llevan a cabo estrictos controles de calidad y pruebas en cada etapa de producci\u00f3n para garantizar la seguridad y la eficacia del gel de ba\u00f1o natural.<\/p>\n\n\n\n<p><strong>Aceite de \u00e1rbol de t\u00e9: <\/strong>El aceite de \u00e1rbol de t\u00e9 es antibacteriano y antiinflamatorio, elimina las bacterias de la piel y reduce la inflamaci\u00f3n de la piel para mejorar el estado de la misma. Al mismo tiempo, el aceite de \u00e1rbol de t\u00e9 puede ayudar a regular el equilibrio de agua y aceite e hidratar profundamente la piel, eliminar el acn\u00e9, prevenir el acn\u00e9 y prevenir la sequedad. Adem\u00e1s, el aceite de \u00e1rbol de t\u00e9 tiene un efecto calmante, que favorece la relajaci\u00f3n del cuerpo y la mente, aliviando la fatiga y el estr\u00e9s.<\/p>\n\n\n\n<p><strong>Extracto de madreselva: <\/strong>La madreselva es conocida por sus propiedades desintoxicantes y antiinflamatorias, por lo que puede ayudar a mejorar los problemas de la piel causados por la acumulaci\u00f3n de toxinas y aliviar la picaz\u00f3n. Adem\u00e1s, el extracto de madreselva tambi\u00e9n tiene efectos antioxidantes, que pueden resistir el da\u00f1o de los radicales libres, lograr el efecto de retrasar el envejecimiento y hacer que la piel est\u00e9 tersa.<\/p>\n\n\n\n<p><strong>Aloe vera<\/strong> Tiene un fuerte efecto hidratante, puede retener la humedad, prevenir la piel seca y \u00e1spera, el uso a largo plazo puede hacer que la piel est\u00e9 m\u00e1s hidratada.<\/p>\n\n\n\n<p><strong>Surfactantes<\/strong> Son los principales ingredientes de limpieza, que pueden producir una rica espuma, ayudar a eliminar el aceite y la suciedad de la superficie de la piel y mantener la piel seca y limpia.<\/p>\n\n\n\n<h2 class=\"wp-block-heading\">Las funciones del gel de ba\u00f1o natural<\/h2>\n\n\n\n<p>Como fabricante profesional de geles de ba\u00f1o naturales, hemos realizado una encuesta para evaluar la eficacia del uso de geles de ba\u00f1o y hemos descubierto que algunos geles de ba\u00f1o eficaces pueden provocar efectos secundarios, especialmente en personas con m\u00fasculos sensibles, ya que pueden irritar su uso. Por ello, hemos desarrollado un gel de ba\u00f1o natural m\u00e1s suave, m\u00e1s seguro en cuanto a sus ingredientes, hidratante y limpiador. Sus principales efectos son:<\/p>\n\n\n\n<p>1<strong>Suave y no irritante: <\/strong>En comparaci\u00f3n con el gel de ba\u00f1o tradicional, el extracto de plantas naturales es m\u00e1s suave. No contiene ninguna sustancia qu\u00edmica sint\u00e9tica y no permanece en la piel, lo que puede reducir la irritaci\u00f3n cut\u00e1nea y es m\u00e1s adecuado para pieles sensibles.<\/p>\n\n\n\n<p><strong>2. Antibacteriano y antiinflamatorio: <\/strong>El aceite de \u00e1rbol de t\u00e9 que hemos agregado tiene efectos antibacterianos y antiinflamatorios, que favorecen la protecci\u00f3n de la piel contra bacterias y virus, reduciendo as\u00ed el riesgo de infecci\u00f3n de la piel y haciendo que nuestra piel sea m\u00e1s saludable.<\/p>\n\n\n\n<p>3<strong>. Calma el cuerpo y la mente: <\/strong>La esencia bot\u00e1nica de este gel de ba\u00f1o natural contiene una variedad de ingredientes calmantes para ayudar a calmar el cuerpo y la mente, reducir el estr\u00e9s y la ansiedad y aliviar la fatiga del d\u00eda.<\/p>\n\n\n\n<p><strong>4. Limpiar e hidratar: <\/strong>La espuma rica ayuda a eliminar la grasa, la suciedad y el exceso de cut\u00edcula de la superficie de la piel y a mantenerla fresca. Al mismo tiempo, utilizamos surfactantes m\u00e1s suaves que no irritan la piel.<\/p>\n\n\n\n<p>5<strong>Antienvejecimiento: <\/strong>El gel de ba\u00f1o natural no solo puede resistir los radicales libres, sino que tambi\u00e9n reduce la producci\u00f3n de l\u00edneas finas y retrasa a\u00fan m\u00e1s el envejecimiento de la piel. Al mismo tiempo, tambi\u00e9n ayuda a eliminar las c\u00e9lulas cut\u00e1neas muertas de la superficie de la piel, lo que favorece la mejora del tono de piel irregular y opaco, y el uso a largo plazo puede hacer que la piel sea m\u00e1s delicada y luminosa.<\/p>\n\n\n\n<p><strong>6. Aceite de equilibrio: <\/strong>Nuestro gel de ba\u00f1o tambi\u00e9n agrega ingredientes para ajustar el equilibrio de agua y aceite, lo que ayuda a equilibrar el aceite, reducir la secreci\u00f3n de aceite en la piel y prevenir a\u00fan m\u00e1s el bloqueo de los poros y el acn\u00e9, se puede asegurar el uso del m\u00fasculo del acn\u00e9 con aceite.<\/p>\n\n\n\n<h2 class=\"wp-block-heading\">\u00bfC\u00f3mo utilizar un gel de ba\u00f1o natural para el cuidado corporal?<\/h2>\n\n\n\n<p>Para garantizar la calidad y la seguridad del gel de ba\u00f1o natural, implementaremos varios procesos de prueba para el producto, como irritaci\u00f3n de la piel, efecto hidratante, alergia y otras pruebas. Como fabricante de gel de ba\u00f1o natural, esperamos brindarle una garant\u00eda de producto confiable. Para el uso del gel de ba\u00f1o natural, tambi\u00e9n explicaremos en detalle.<\/p>\n\n\n\n<p><strong>1. Hidrata tu cuerpo: <\/strong>Primero humedezca su cuerpo con agua tibia, lo que ayudar\u00e1 a abrir los poros y garantizar\u00e1 que el gel de ba\u00f1o pueda ejercer completamente su efecto limpiador.<\/p>\n\n\n\n<p><strong>2. Frote y haga espuma: <\/strong>Aplique la cantidad adecuada de gel de ba\u00f1o natural en la palma de la mano o en la bola de ba\u00f1o y frote para producir una espuma abundante; luego, apl\u00edquelo uniformemente en todo el cuerpo.<\/p>\n\n\n\n<p><strong>3. Masaje suave: <\/strong>Puedes masajear suavemente la piel con las manos o con la ayuda de herramientas, especialmente el \u00e1rea detr\u00e1s de la cut\u00edcula, este paso puede ayudar a limpiar la suciedad y el aceite en los poros, pero tambi\u00e9n relajar los m\u00fasculos y calmar el cuerpo y la mente.<\/p>\n\n\n\n<p>4<strong>Enjuagar: <\/strong>Despu\u00e9s del masaje, limpie la espuma de su cuerpo con agua, aseg\u00farese de que no queden residuos de espuma y l\u00edmpiela. Despu\u00e9s del lavado, la piel quedar\u00e1 limpia.<\/p>\n\n\n\n<p>5<strong>Cuidados posteriores al lavado: <\/strong>Para la piel que se seca f\u00e1cilmente y en un ambiente seco, puede usar una loci\u00f3n corporal para hidratar profundamente la piel despu\u00e9s del ba\u00f1o, de modo que la piel pueda lograr un efecto hidratante completo y volverse m\u00e1s suave.<\/p>\n\n\n\n<h2 class=\"wp-block-heading\">Precauci\u00f3n<\/h2>\n\n\n\n<p><strong>1. Elige un gel de ba\u00f1o natural adecuado para ti. <\/strong>La piel seca puede elegir un gel de ba\u00f1o con funci\u00f3n humectante, la piel grasa puede elegir un gel de ba\u00f1o con funci\u00f3n de control de grasa y aquellas personas con problemas de piel espec\u00edficos pueden consultar a un m\u00e9dico para obtener asesoramiento.<\/p>\n\n\n\n<p><strong>2. Realizar pruebas de alergia antes de usar. <\/strong>Puede realizar una prueba de alergia antes de usarlo por primera vez para evitar los da\u00f1os que pueda causar un determinado ingrediente alerg\u00e9nico. Si siente molestias durante la prueba, deje de usarlo inmediatamente y enjuague con agua.<\/p>\n\n\n\n<p><strong>3. No abuses del uso, <\/strong>La limpieza excesiva destruir\u00e1 la barrera cut\u00e1nea, lo que dar\u00e1 como resultado una piel m\u00e1s seca y sensible. Por lo tanto, evite frotar y enjuagar excesivamente al usar nuestros productos.<\/p>\n\n\n\n<p><strong>4. Presta atenci\u00f3n a los ingredientes. <\/strong>Al utilizarlo con otros productos para el cuidado corporal, evite utilizar demasiados tipos diferentes de productos para el cuidado de la piel, para no causar una carga en la piel.<\/p>\n\n\n\n<p>5. Se recomienda almacenar nuestro gel de ba\u00f1o natural en un lugar fresco y seco, alejado de la luz solar directa y de las altas temperaturas.<\/p>\n\n\n\n<p>6. Marcaremos la fecha de producci\u00f3n y la vida \u00fatil del producto, por lo que debe prestar atenci\u00f3n para verificar la vida \u00fatil del gel de ducha. Se recomienda usarlo dentro de la fecha de vencimiento porque los productos vencidos perder\u00e1n su eficacia o producir\u00e1n sustancias nocivas.<\/p>\n\n\n\n<p>En resumen, el gel de ba\u00f1o natural cuidadosamente desarrollado por 3TOP no solo limpia profundamente, sino que tambi\u00e9n hidrata de manera eficiente mientras cuida suavemente su piel, lo que lo convierte en la opci\u00f3n perfecta. Como fabricante de geles de ba\u00f1o naturales, nos comprometemos a brindarle productos seguros y saludables, por lo que utilizamos tecnolog\u00eda de producci\u00f3n moderna, proporciones cient\u00edficas y sistemas de prueba de calidad s\u00f3lidos para garantizar la eficacia de cada producto. Adem\u00e1s, ofrecemos productos \u00fanicos. <strong>servicios personalizados <\/strong>para satisfacer sus necesidades y lograr continuamente los resultados deseados. Si tambi\u00e9n desea tener un <strong>Marca de gel de ba\u00f1o natural<\/strong>, por favor cont\u00e1ctenos hoy.<\/p>","protected":false},"excerpt":{"rendered":"Natural Body Wash Manufacturing Common Formulas 3TOP&#8217;s selection of high-quality natural plant ingredients is designed to provide you with a gentle and effective cleaning and skin care effect. At the same time, strict quality control and testing are carried out at every stage of production to ensure the safety and effectiveness of natural body wash. [&hellip;]","protected":false},"featured_media":1511,"menu_order":0,"template":"","meta":[],"product-tag":[],"products":[57],"class_list":["post-1506","product","type-product","status-publish","has-post-thumbnail","hentry","products-body-wash"],"acf":[],"_links":{"self":[{"href":"https:\/\/www.ruiqigo.com\/es\/wp-json\/wp\/v2\/product\/1506","targetHints":{"allow":["GET"]}}],"collection":[{"href":"https:\/\/www.ruiqigo.com\/es\/wp-json\/wp\/v2\/product"}],"about":[{"href":"https:\/\/www.ruiqigo.com\/es\/wp-json\/wp\/v2\/types\/product"}],"version-history":[{"count":0,"href":"https:\/\/www.ruiqigo.com\/es\/wp-json\/wp\/v2\/product\/1506\/revisions"}],"wp:featuredmedia":[{"embeddable":true,"href":"https:\/\/www.ruiqigo.com\/es\/wp-json\/wp\/v2\/media\/1511"}],"wp:attachment":[{"href":"https:\/\/www.ruiqigo.com\/es\/wp-json\/wp\/v2\/media?parent=1506"}],"wp:term":[{"taxonomy":"product-tag","embeddable":true,"href":"https:\/\/www.ruiqigo.com\/es\/wp-json\/wp\/v2\/product-tag?post=1506"},{"taxonomy":"products","embeddable":true,"href":"https:\/\/www.ruiqigo.com\/es\/wp-json\/wp\/v2\/products?post=1506"}],"curies":[{"name":"wp","href":"https:\/\/api.w.org\/{rel}","templated":true}]}}