{"id":1851,"date":"2024-11-20T15:18:41","date_gmt":"2024-11-20T07:18:41","guid":{"rendered":"https:\/\/ruiqigo.com\/?post_type=product&#038;p=1851"},"modified":"2024-11-21T16:13:50","modified_gmt":"2024-11-21T08:13:50","slug":"leave-in-conditioner","status":"publish","type":"product","link":"https:\/\/www.ruiqigo.com\/es\/product\/leave-in-conditioner","title":{"rendered":"Acondicionador sin enjuague"},"content":{"rendered":"<h2 class=\"wp-block-heading\">F\u00f3rmulas comunes de fabricaci\u00f3n de acondicionadores sin enjuague<\/h2>\n\n\n\n<p>En la producci\u00f3n de acondicionadores sin enjuague, nuestro equipo de investigaci\u00f3n y desarrollo utiliza una variedad de f\u00f3rmulas innovadoras para satisfacer sus diferentes gustos y necesidades. Como fabricante profesional de acondicionadores sin enjuague, nuestra selecci\u00f3n de materias primas tambi\u00e9n es muy estricta, utilizando materias primas naturales y livianas para garantizar que cada botella pueda lograr una alta calidad. Los ingredientes principales son:<\/p>\n\n\n\n<p>1. Esencia vegetal natural: el aroma natural de la esencia vegetal natural puede calmar el cuero cabelludo y relajar el cuerpo y la mente mientras equilibra la secreci\u00f3n de aceite.<\/p>\n\n\n\n<p>2. Aceites naturales: como el aceite de arg\u00e1n, pueden proporcionar una nutrici\u00f3n rica. Estos aceites naturales ayudan a reparar el cabello da\u00f1ado, penetran profundamente en el cabello, nutren las ra\u00edces y hacen que el cabello est\u00e9 m\u00e1s saludable y con m\u00e1s energ\u00eda.<\/p>\n\n\n\n<p>3. Agente humectante: la glicerina y otros agentes humectantes pueden complementar el agua, hidratar de forma duradera, reducir la rotura y el frizz del cabello y hacer que el cabello sea m\u00e1s el\u00e1stico.<\/p>\n\n\n\n<p>4. Antioxidantes: Los antioxidantes pueden proteger el cabello del da\u00f1o de los radicales libres, prevenir el envejecimiento, la sequedad y las puntas abiertas del cabello, y hacer que nuestro cabello sea m\u00e1s fuerte y saludable. Los antioxidantes m\u00e1s comunes incluyen la vitamina E y los polifenoles del t\u00e9.<\/p>\n\n\n\n<p>5. Aceite de silicona: El aceite de silicona puede proporcionar un efecto suave instant\u00e1neo, reducir la rotura del nudo de la horquilla del cabello durante el peinado y proteger nuestro cabello de da\u00f1os externos.<\/p>\n\n\n\n<h2 class=\"wp-block-heading\">Las funciones de los acondicionadores sin enjuague<\/h2>\n\n\n\n<p>Nuestro acondicionador sin enjuague no solo tiene una variedad de f\u00f3rmulas, sino que tambi\u00e9n es f\u00e1cil de usar y tiene m\u00faltiples funciones, lo que demuestra su competitividad \u00fanica en el mercado de acondicionadores. Estas son sus principales funciones:<\/p>\n\n\n\n<p>1. Hidrataci\u00f3n y cuidado: el ingrediente hidratante del acondicionador sin enjuague puede proporcionar suficiente hidrataci\u00f3n y nutrici\u00f3n al cabello, penetrar profundamente en las hebras capilares e hidratar las ra\u00edces del cabello. El efecto hidratante de larga duraci\u00f3n ayuda a que el cabello quede m\u00e1s suave, liso y brillante.<\/p>\n\n\n\n<p>2. Mejora la calidad del cabello: el uso prolongado de nuestro acondicionador sin enjuague puede ayudar a mejorar la calidad del cabello, y los ingredientes activos de nuestros productos pueden reparar las escamas del cabello da\u00f1ado, restaurando as\u00ed el cabello y promoviendo su crecimiento saludable.<\/p>\n\n\n\n<p>3. Peinado: utilizamos ingredientes ligeros que son m\u00e1s livianos y menos estresantes que los aceites esenciales para el cuidado del cabello. Despu\u00e9s de su uso, puede suavizar el frizz, eliminar el problema de la bifurcaci\u00f3n y los nudos, es f\u00e1cil de cuidar y crea varias formas.<\/p>\n\n\n\n<p>4. Previene la electricidad est\u00e1tica: Nuestro acondicionador sin enjuague tiene propiedades antiest\u00e1ticas que reducen la fricci\u00f3n entre el cabello para reducir la acumulaci\u00f3n de carga y as\u00ed prevenir la electricidad est\u00e1tica, especialmente en ambientes secos.<\/p>\n\n\n\n<p>5. Control refrescante de la grasa: en comparaci\u00f3n con los acondicionadores comunes, nuestros acondicionadores sin enjuague son cada vez m\u00e1s livianos. Por lo tanto, para el cabello graso, pueden controlar eficazmente la grasa y mantener el cabello fresco y brillante.<\/p>\n\n\n\n<p>6. Barrera protectora: Los antioxidantes del acondicionador sin enjuague formar\u00e1n una pel\u00edcula protectora, que puede resistir el da\u00f1o del entorno externo, como el secado con aire caliente y los rayos ultravioleta.<\/p>\n\n\n\n<h2 class=\"wp-block-heading\">\u00bfC\u00f3mo utilizar el acondicionador sin enjuague en el cabello?<\/h2>\n\n\n\n<p>Como producto pr\u00e1ctico para el cuidado del cabello, nuestro acondicionador sin enjuague es f\u00e1cil de usar y adecuado para la mayor\u00eda de las ocasiones. Tambi\u00e9n podemos dise\u00f1ar un empaque adecuado seg\u00fan sus diferentes necesidades para la ocasi\u00f3n, como familia, viajes, etc. Tambi\u00e9n marcaremos su uso en el paquete, espero que pueda leerlo antes de usarlo.<\/p>\n\n\n\n<p>1. Seque suavemente su cabello con una toalla despu\u00e9s de limpiarlo;<\/p>\n\n\n\n<p>2. Aplique una cantidad adecuada de acondicionador sin enjuague en la palma de la mano y apl\u00edquelo uniformemente desde la mitad hasta las puntas del cabello;<\/p>\n\n\n\n<p>3. Peina tu cabello con un peine o con los dedos.<\/p>\n\n\n\n<p>4. Secar con secador de pelo o al aire.<\/p>\n\n\n\n<h2 class=\"wp-block-heading\">Precauci\u00f3n<\/h2>\n\n\n\n<p>1. Si no se siente bien antes de utilizar la prueba al\u00e9rgica avanzada por primera vez, deje de usarla inmediatamente y consulte a un m\u00e9dico.<\/p>\n\n\n\n<p>2. Se recomienda usarlo no m\u00e1s de dos veces por semana para evitar el exceso de nutrici\u00f3n o el trastorno de secreci\u00f3n de grasa del cuero cabelludo.<\/p>\n\n\n\n<p>3. Tome una cantidad moderada cada vez, de acuerdo con el largo de su cabello, para evitar que quede excesivamente graso.<\/p>\n\n\n\n<p>4. Elige el acondicionador sin enjuague adecuado para tu cabello.<\/p>\n\n\n\n<p>5. Evitar el contacto con los ojos. En caso de contacto con los ojos, enjuagar inmediatamente con agua.<\/p>\n\n\n\n<p>6. Se recomienda almacenar en un lugar fresco y seco, evitar la luz solar directa y la exposici\u00f3n a altas temperaturas.<\/p>\n\n\n\n<h2 class=\"wp-block-heading\">Conclusi\u00f3n<\/h2>\n\n\n\n<p>Como fabricante de acondicionadores sin enjuague de alta calidad, nos centramos en la innovaci\u00f3n y la diferenciaci\u00f3n de productos, desarrollando constantemente productos que se adapten a las diferentes necesidades de cuidado del cabello. En la producci\u00f3n, nuestro equipo de investigaci\u00f3n y desarrollo seleccion\u00f3 cuidadosamente y combin\u00f3 cient\u00edficamente una variedad de ingredientes nutritivos naturales, comprometidos a crear un cuidado eficiente para el cabello para usted, un acondicionador para el cabello sin enjuague f\u00e1cil de usar. <\/p>\n\n\n\n<p>Al mismo tiempo, tambi\u00e9n ofrecemos servicios personalizados \u00fanicos, el dise\u00f1o diversificado favorece la mejora de la influencia de la marca. Adem\u00e1s, hemos establecido una serie de estrictos sistemas de inspecci\u00f3n de calidad para la producci\u00f3n de productos, con el objetivo de ofrecerle productos seguros y efectivos. <\/p>\n\n\n\n<p>Si est\u00e1 interesado en nuestro acondicionador sin enjuague, comun\u00edquese con nosotros de inmediato.<\/p>","protected":false},"excerpt":{"rendered":"Leave-in Conditioner Manufacturing Common Formulas In the production of leave-in conditioners, our research and development team uses a variety of innovative formulations to meet your different tastes and needs. As a professional leave-in conditioner manufacturer, our selection of raw materials is also very strict, using natural and lightweight raw materials to ensure that every bottle [&hellip;]","protected":false},"featured_media":1852,"menu_order":0,"template":"","meta":[],"product-tag":[],"products":[52],"class_list":["post-1851","product","type-product","status-publish","has-post-thumbnail","hentry","products-conditioner"],"acf":[],"_links":{"self":[{"href":"https:\/\/www.ruiqigo.com\/es\/wp-json\/wp\/v2\/product\/1851","targetHints":{"allow":["GET"]}}],"collection":[{"href":"https:\/\/www.ruiqigo.com\/es\/wp-json\/wp\/v2\/product"}],"about":[{"href":"https:\/\/www.ruiqigo.com\/es\/wp-json\/wp\/v2\/types\/product"}],"version-history":[{"count":0,"href":"https:\/\/www.ruiqigo.com\/es\/wp-json\/wp\/v2\/product\/1851\/revisions"}],"wp:featuredmedia":[{"embeddable":true,"href":"https:\/\/www.ruiqigo.com\/es\/wp-json\/wp\/v2\/media\/1852"}],"wp:attachment":[{"href":"https:\/\/www.ruiqigo.com\/es\/wp-json\/wp\/v2\/media?parent=1851"}],"wp:term":[{"taxonomy":"product-tag","embeddable":true,"href":"https:\/\/www.ruiqigo.com\/es\/wp-json\/wp\/v2\/product-tag?post=1851"},{"taxonomy":"products","embeddable":true,"href":"https:\/\/www.ruiqigo.com\/es\/wp-json\/wp\/v2\/products?post=1851"}],"curies":[{"name":"wp","href":"https:\/\/api.w.org\/{rel}","templated":true}]}}