{"id":1909,"date":"2024-11-22T15:17:58","date_gmt":"2024-11-22T07:17:58","guid":{"rendered":"https:\/\/ruiqigo.com\/?post_type=product&#038;p=1909"},"modified":"2024-11-22T15:17:59","modified_gmt":"2024-11-22T07:17:59","slug":"hand-cream-for-dry-hands","status":"publish","type":"product","link":"https:\/\/www.ruiqigo.com\/es\/product\/hand-cream-for-dry-hands","title":{"rendered":"Crema de manos para manos secas"},"content":{"rendered":"<h2 class=\"wp-block-heading\">Crema de manos para manos secas Fabricaci\u00f3n de f\u00f3rmulas comunes<\/h2>\n\n\n\n<p>Para las manos secas, nuestro equipo de investigaci\u00f3n y desarrollo utiliza una f\u00f3rmula \u00fanica con una selecci\u00f3n de extractos de plantas naturales e ingredientes hidratantes, que son suaves con la piel y brindan excelentes efectos hidratantes y reparadores en las manos. Echemos un vistazo al papel principal de estos ingredientes:<\/p>\n\n\n\n<p>1. Aceite esencial de lavanda: El aceite esencial de lavanda tiene efectos antibacterianos y antiinflamatorios, que pueden reducir la inflamaci\u00f3n y el enrojecimiento de la piel de las manos y promover la reparaci\u00f3n y regeneraci\u00f3n de la piel da\u00f1ada. Al mismo tiempo, tambi\u00e9n tiene un efecto calmante, que favorece la relajaci\u00f3n del cuerpo y la mente, alivia el estr\u00e9s y te proporciona una experiencia agradable.<\/p>\n\n\n\n<p>2. Glicerina: La glicerina tiene un fuerte efecto hidratante y de retenci\u00f3n de agua, que puede formar una pel\u00edcula protectora sobre la piel, retener el agua de manera efectiva, evitar la evaporaci\u00f3n y hacer que las manos est\u00e9n m\u00e1s hidratadas. Adem\u00e1s, tambi\u00e9n puede regular la barrera cut\u00e1nea, reducir el da\u00f1o externo y es propicio para reparar la barrera cut\u00e1nea da\u00f1ada.<\/p>\n\n\n\n<p>3. \u00c1cido hialur\u00f3nico: tambi\u00e9n es un ingrediente hidratante muy eficaz y aporta nutrientes que pueden reparar eficazmente los problemas causados por la sequedad y el da\u00f1o. Al mismo tiempo, el \u00e1cido hialur\u00f3nico es un componente importante para favorecer la elasticidad de la piel, lo que puede ayudar a que la piel de las manos recupere su elasticidad, alivie el envejecimiento y se tense.<\/p>\n\n\n\n<p>4. Manteca de karit\u00e9: La manteca de karit\u00e9 tiene un efecto hidratante y nutritivo significativo, que puede hidratar y nutrir las c\u00e9lulas epid\u00e9rmicas durante mucho tiempo y aliviar a\u00fan m\u00e1s el problema de la piel seca y \u00e1spera de las manos. Tambi\u00e9n tiene propiedades antiinflamatorias y resistentes a los rayos UV, que pueden aliviar la inflamaci\u00f3n y el malestar y promover la reparaci\u00f3n y regeneraci\u00f3n de la piel, al mismo tiempo que protege la piel de las manos del da\u00f1o de los rayos UV y hace que la piel est\u00e9 m\u00e1s sana y firme.<\/p>\n\n\n\n<p>5. Vitamina E: La vitamina E es un potente antioxidante que puede resistir el da\u00f1o de los radicales libres en la piel y prevenir el envejecimiento cut\u00e1neo. Tambi\u00e9n tiene un efecto blanqueador, que favorece la reducci\u00f3n de la deposici\u00f3n de pigmento subcut\u00e1neo y hace que la piel de las manos sea m\u00e1s brillante. Al mismo tiempo, puede acelerar la reparaci\u00f3n del estrato c\u00f3rneo, lo que puede ayudar a la recuperaci\u00f3n de la piel da\u00f1ada o seca.<\/p>\n\n\n\n<h2 class=\"wp-block-heading\">Las funciones de la crema de manos para las manos secas<\/h2>\n\n\n\n<p>Como fabricante profesional de cremas para manos, hemos dise\u00f1ado la f\u00f3rmula correspondiente seg\u00fan el estado de la piel de las manos, con la esperanza de satisfacer diferentes preferencias y necesidades. Las cremas para manos multifuncionales tambi\u00e9n son una de nuestras ventajas competitivas. Nuestras cremas para manos son adecuadas para la mayor\u00eda de las personas y pueden hidratar profundamente, restaurar la elasticidad, reparar las barreras y hacer que la piel de las manos vuelva a brillar.<\/p>\n\n\n\n<p>1. Previene la sequedad y la descamaci\u00f3n: Nuestras cremas para manos son ricas en factores hidratantes e ingredientes nutritivos que penetran profundamente en la piel, proporcionan humectaci\u00f3n y nutrientes y retienen la humedad para una humectaci\u00f3n duradera. Los ingredientes nutritivos reparan la piel da\u00f1ada y promueven la curaci\u00f3n y la regeneraci\u00f3n. El uso a largo plazo har\u00e1 que sus manos secas, \u00e1speras y descamadas est\u00e9n hidratadas y saludables.<\/p>\n\n\n\n<p>2. Previene el envejecimiento: el ingrediente antioxidante que agregamos, el \u00e1cido hialur\u00f3nico, puede promover eficazmente la producci\u00f3n de col\u00e1geno para que la piel de sus manos sea m\u00e1s firme y el\u00e1stica, y lograr adem\u00e1s el efecto antienvejecimiento.<\/p>\n\n\n\n<p>3. Estimula el crecimiento de las u\u00f1as: Las cremas de manos promueven el crecimiento de las u\u00f1as al hidratar la piel alrededor de la u\u00f1a para reducir la fricci\u00f3n y la resistencia que la u\u00f1a puede encontrar durante el crecimiento y suavizar a\u00fan m\u00e1s la cut\u00edcula, haciendo que la piel alrededor de la u\u00f1a sea m\u00e1s saludable.<\/p>\n\n\n\n<p>4. Calmante: La fragancia de la crema de manos tiene un efecto calmante, que puede relajar el cuerpo y la mente, aliviar el estr\u00e9s y brindarle una experiencia agradable.<\/p>\n\n\n\n<p>5. Mejora el color de la piel: tambi\u00e9n agregamos algunos ingredientes blanqueadores, que favorecen la mejora de la situaci\u00f3n opaca de las manos, el uso a largo plazo puede hacer que la piel de nuestras manos sea m\u00e1s delicada y brillante.<\/p>\n\n\n\n<p>6. Barrera protectora: Al aplicar nuestra crema de manos, se formar\u00e1 una pel\u00edcula protectora natural, que favorece el bloqueo del da\u00f1o del entorno externo, como la luz ultravioleta, el ambiente seco, etc., para que pueda trabajar de forma segura al aire libre.<\/p>\n\n\n\n<h2 class=\"wp-block-heading\">\u00bfC\u00f3mo utilizar crema de manos para manos secas?<\/h2>\n\n\n\n<p>Nuestra crema de manos especial para manos secas se puede utilizar en muchas situaciones, como despu\u00e9s de lavarse las manos, en estaciones fr\u00edas y secas, en actividades al aire libre, etc. Su envase est\u00e1 dise\u00f1ado para que sea f\u00e1cil de llevar y se pueda utilizar cuando se necesite. Para garantizar la calidad y la seguridad de nuestros productos, contamos con diferentes sistemas de gesti\u00f3n de calidad en todo el proceso de producci\u00f3n para probar la apariencia, el rendimiento y otros aspectos de la crema de manos. La forma de uso tambi\u00e9n est\u00e1 marcada en el envase del producto.<\/p>\n\n\n\n<p>1. Manos limpias: L\u00e1vese las manos primero para evitar que la suciedad y otros residuos afecten el efecto de lavado de manos de la crema para manos.<\/p>\n\n\n\n<p>2. Aplicar uniformemente: tome una cantidad adecuada de crema de manos (aproximadamente 1,5 cm de di\u00e1metro) y apl\u00edquela primero en la palma y luego apl\u00edquela entre s\u00ed con ambas manos para asegurarse de cubrir cada rinc\u00f3n, especialmente la boca del tigre, el borde de la u\u00f1a, entre los dedos y otros lugares que f\u00e1cilmente se pasan por alto.<\/p>\n\n\n\n<p>3. Masaje adecuado: masajee suavemente la piel de las manos con ambas manos despu\u00e9s de la aplicaci\u00f3n para promover la circulaci\u00f3n sangu\u00ednea y la absorci\u00f3n de la crema de manos, especialmente las yemas de los dedos y las palmas.<\/p>\n\n\n\n<h2 class=\"wp-block-heading\">Precauci\u00f3n<\/h2>\n\n\n\n<p>1. Realice una prueba de alergia al usarlo por primera vez. Si siente molestias, deje de usarlo inmediatamente y consulte a un m\u00e9dico.<\/p>\n\n\n\n<p>2. Elige diferentes cremas de manos seg\u00fan la temporada y tu tipo de piel.<\/p>\n\n\n\n<p>3. Evite lavarse las manos con frecuencia, ya que puede resecarlas.<\/p>\n\n\n\n<p>4. Evite aplicar una crema de manos demasiado espesa. Una crema de manos demasiado espesa har\u00e1 que sus manos se sientan grasosas e inc\u00f3modas.<\/p>\n\n\n\n<p>5. Se recomienda almacenar en un lugar fresco y seco y mantener sellado, para evitar la luz solar directa y ambientes de alta temperatura.<\/p>\n\n\n\n<h2 class=\"wp-block-heading\">Conclusi\u00f3n<\/h2>\n\n\n\n<p>Como fabricante dedicado a crear cremas de manos de alta calidad para manos secas, estamos equipados con equipos de producci\u00f3n avanzados y l\u00edneas de producci\u00f3n automatizadas, hemos establecido un s\u00f3lido sistema de gesti\u00f3n de calidad y tambi\u00e9n contamos con un equipo de I+D profesional y un sistema de cadena de suministro estable. Por lo tanto, ya sea un pedido grande o un pedido peque\u00f1o, podemos completar la calidad de manera eficiente. No solo eso, tambi\u00e9n contamos con un servicio de personalizaci\u00f3n \u00fanico que se adaptar\u00e1 a sus necesidades para personalizar la f\u00f3rmula de su crema de manos. Comun\u00edquese con nosotros si est\u00e1 interesado en nuestra crema de manos.<\/p>\n\n\n\n<p><\/p>","protected":false},"excerpt":{"rendered":"Hand Cream For Dry Hands Manufacturing Common Formulas For dry hands, our research and development team uses a unique formula with a selection of natural plant extracts and moisturizing ingredients, which are gentle on the skin and give excellent moisturizing and repairing effects on the hands. Let&#8217;s take a look at the main role of [&hellip;]","protected":false},"featured_media":1910,"menu_order":0,"template":"","meta":[],"product-tag":[],"products":[58],"class_list":["post-1909","product","type-product","status-publish","has-post-thumbnail","hentry","products-hand-cream"],"acf":[],"_links":{"self":[{"href":"https:\/\/www.ruiqigo.com\/es\/wp-json\/wp\/v2\/product\/1909","targetHints":{"allow":["GET"]}}],"collection":[{"href":"https:\/\/www.ruiqigo.com\/es\/wp-json\/wp\/v2\/product"}],"about":[{"href":"https:\/\/www.ruiqigo.com\/es\/wp-json\/wp\/v2\/types\/product"}],"version-history":[{"count":0,"href":"https:\/\/www.ruiqigo.com\/es\/wp-json\/wp\/v2\/product\/1909\/revisions"}],"wp:featuredmedia":[{"embeddable":true,"href":"https:\/\/www.ruiqigo.com\/es\/wp-json\/wp\/v2\/media\/1910"}],"wp:attachment":[{"href":"https:\/\/www.ruiqigo.com\/es\/wp-json\/wp\/v2\/media?parent=1909"}],"wp:term":[{"taxonomy":"product-tag","embeddable":true,"href":"https:\/\/www.ruiqigo.com\/es\/wp-json\/wp\/v2\/product-tag?post=1909"},{"taxonomy":"products","embeddable":true,"href":"https:\/\/www.ruiqigo.com\/es\/wp-json\/wp\/v2\/products?post=1909"}],"curies":[{"name":"wp","href":"https:\/\/api.w.org\/{rel}","templated":true}]}}