{"id":2022,"date":"2024-11-27T14:41:54","date_gmt":"2024-11-27T06:41:54","guid":{"rendered":"https:\/\/ruiqigo.com\/?post_type=product&#038;p=2022"},"modified":"2024-11-27T14:41:54","modified_gmt":"2024-11-27T06:41:54","slug":"anti-aging-hand-cream","status":"publish","type":"product","link":"https:\/\/www.ruiqigo.com\/es\/product\/anti-aging-hand-cream","title":{"rendered":"Crema de manos antienvejecimiento"},"content":{"rendered":"<h2 class=\"wp-block-heading\">F\u00f3rmulas habituales para la fabricaci\u00f3n de cremas antienvejecimiento para manos<\/h2>\n\n\n\n<p>Para las l\u00edneas finas, las manchas y otros problemas, nuestro equipo de I+D utiliza f\u00f3rmulas cient\u00edficas avanzadas, ingredientes naturales suaves y materias primas cuidadosamente seleccionadas para garantizar una alta calidad. Las f\u00f3rmulas principales son:<\/p>\n\n\n\n<p>1. Retinol: El retinol es el componente principal de los tratamientos antienvejecimiento, que pueden promover la producci\u00f3n de c\u00e9lulas epiteliales y col\u00e1geno. Aumenta la elasticidad de la piel al fortalecer el metabolismo de la piel y promueve el desprendimiento de las cut\u00edculas envejecidas para reducir las manchas. Por lo tanto, con el uso a largo plazo, nuestras manos se volver\u00e1n delicadas y suaves.<\/p>\n\n\n\n<p>2. \u00c1cido hialur\u00f3nico: es un ingrediente hidratante muy eficaz que puede retener el agua con firmeza y lograr un efecto hidratante duradero. Por lo tanto, si se adhiere a la mano, ayudar\u00e1 a que la piel mantenga el equilibrio h\u00eddrico y evitar\u00e1 problemas de sequedad y aspereza.<\/p>\n\n\n\n<p>3. Escualano: El escualano tiene un efecto hidratante importante y es suave y no irritante, adem\u00e1s de formar una pel\u00edcula protectora. Nutre la piel de las manos al mismo tiempo que evita el da\u00f1o de sustancias nocivas del mundo exterior, doble ayuda y hace que nuestras manos sean m\u00e1s suaves y flexibles.<\/p>\n\n\n\n<p>4. Vitamina E: Es un buen antioxidante, puede resistir el da\u00f1o de los radicales libres, inhibir la s\u00edntesis de melanina y lograr adem\u00e1s el efecto de eliminaci\u00f3n de pecas, blanqueamiento y reparaci\u00f3n. El uso a largo plazo puede retrasar el proceso de envejecimiento de la piel.<\/p>\n\n\n\n<p>5. Esencia vegetal natural: Agregamos aloe vera, manzanilla y otras esencias vegetales naturales, tienen un efecto calmante y pueden aliviar la tirantez y el malestar causados por las manos secas.<\/p>\n\n\n\n<h2 class=\"wp-block-heading\">Las funciones de la crema de manos antienvejecimiento<\/h2>\n\n\n\n<p>Como fabricante experimentado de cremas antienvejecimiento para manos, hemos dise\u00f1ado diferentes f\u00f3rmulas seg\u00fan los diferentes tipos de piel y preferencias. En el proceso de producci\u00f3n, tambi\u00e9n damos gran importancia a la seguridad de los productos y establecemos un sistema de control de calidad multicanal para garantizar la seguridad y la eficacia de los productos. Sobre sus funciones, podemos aprender:<\/p>\n\n\n\n<p>1. Altamente hidratante y humectante: la crema de manos antienvejecimiento es rica en factores hidratantes e ingredientes nutritivos, que pueden hidratar profundamente y reponer el agua. Al mismo tiempo, el agua quedar\u00e1 firmemente atrapada, manteniendo la humedad de la piel de las manos, junto con un rico efecto nutritivo, que puede hacer que sus manos sean m\u00e1s suaves y tersas.<\/p>\n\n\n\n<p>2. Desvanece las l\u00edneas finas y las arrugas: bajo la acci\u00f3n de antioxidantes como el retinol, las manchas de la piel de las manos desaparecer\u00e1n gradualmente y estimular\u00e1n constantemente la regeneraci\u00f3n de las c\u00e9lulas de la piel, llena de col\u00e1geno puede mejorar la textura de la piel, desvanecer las l\u00edneas finas y las arrugas y restaurar la elasticidad.<\/p>\n\n\n\n<p>3. Calmante y relajante: si la mano est\u00e1 muy deshidratada, puede provocar que se agriete y se seque, lo que har\u00e1 que las manos duelan m\u00e1s. Nuestros extractos de plantas naturales a\u00f1adidos ayudan a calmar y aliviar la piel sin irritarla, ni siquiera los m\u00fasculos sensibles.<\/p>\n\n\n\n<p>4. Barrera protectora: La piel de la mano formar\u00e1 una pel\u00edcula protectora cuando se aplique, que puede resistir el da\u00f1o del entorno externo agresivo y proteger la piel de la mano para que sus manos est\u00e9n constantemente nutridas y una piel suave.<\/p>\n\n\n\n<p>5. Aclara la piel: nuestra crema antienvejecimiento para manos no solo reduce las manchas y unifica el tono de la piel, sino que tambi\u00e9n la aclara. El uso a largo plazo puede lograr el efecto de aclarar el color de la piel de las manos.<\/p>\n\n\n\n<h2 class=\"wp-block-heading\">\u00bfC\u00f3mo utilizar la crema de manos antienvejecimiento?<\/h2>\n\n\n\n<p>Si elige la crema antienvejecimiento para manos adecuada para su tipo de piel y sus necesidades y la sigue, podr\u00e1 mejorar eficazmente el envejecimiento de la piel de sus manos. La utilizaremos y la f\u00f3rmula segura y otra informaci\u00f3n est\u00e1n marcadas en el envase, puede leerla en detalle y utilizarla con tranquilidad.<\/p>\n\n\n\n<p>1. Enjuague con agua tibia y seque suavemente con una toalla antes de usar;<\/p>\n\n\n\n<p>2. Aplique una cantidad adecuada de crema de manos antienvejecimiento en la palma y frote con ambas manos, distribuya uniformemente la crema de manos en ambas manos y aseg\u00farese de que el dorso de la mano, la costura de los dedos y las puntas de los dedos tambi\u00e9n se apliquen;<\/p>\n\n\n\n<p>3. Masajee suavemente sus manos despu\u00e9s de la aplicaci\u00f3n para ayudar a que la crema de manos se absorba mejor;<\/p>\n\n\n\n<p>4. Vuelva a aplicar crema de manos siempre que sus manos est\u00e9n particularmente secas.<\/p>\n\n\n\n<h2 class=\"wp-block-heading\">Precauci\u00f3n<\/h2>\n\n\n\n<p>1. Elige la crema de manos antienvejecimiento m\u00e1s adecuada seg\u00fan tu tipo de piel y necesidades;<\/p>\n\n\n\n<p>2. Antes del primer uso de una prueba al\u00e9rgica avanzada, si se producen molestias, suspenda inmediatamente su uso y consulte a un m\u00e9dico;<\/p>\n\n\n\n<p>3. Evite el uso excesivo, de lo contrario provocar\u00e1 piel grasosa y obstruir\u00e1 los poros;<\/p>\n\n\n\n<p>4. Preste atenci\u00f3n a la frecuencia de uso, se recomienda usarlo despu\u00e9s de lavarse las manos por la ma\u00f1ana y por la noche si el ambiente seco y fr\u00edo puede aumentar adecuadamente la frecuencia de uso;<\/p>\n\n\n\n<p>5. Se recomienda almacenar en un lugar fresco y seco y evitar altas temperaturas y ambientes h\u00famedos.<\/p>\n\n\n\n<h2 class=\"wp-block-heading\">Conclusi\u00f3n<\/h2>\n\n\n\n<p>Nuestra crema antienvejecimiento para manos es un producto competitivo con sus ingredientes suaves, f\u00f3rmula \u00fanica y eficacia superior. Al mismo tiempo, el servicio personalizado que brindamos tambi\u00e9n es de alta calidad, crearemos una f\u00f3rmula especial para usted seg\u00fan sus necesidades. Mientras tanto, nos adaptamos constantemente en funci\u00f3n de sus comentarios para lograr los mejores resultados. Si tambi\u00e9n desea experimentar su encanto \u00fanico, comun\u00edquese con nosotros.<\/p>","protected":false},"excerpt":{"rendered":"Anti-Aging Hand Cream Manufacturing Common Formulas For fine lines, stains, and other problems, our R&amp;D team uses advanced scientific formulations, mild natural ingredients, and carefully selected raw materials to ensure high quality. The main formulas are: 1. Retinol: Retinol is the core component of anti-aging, which can promote the production of epithelial cells and collagen. [&hellip;]","protected":false},"featured_media":2023,"menu_order":0,"template":"","meta":[],"product-tag":[],"products":[58],"class_list":["post-2022","product","type-product","status-publish","has-post-thumbnail","hentry","products-hand-cream"],"acf":[],"_links":{"self":[{"href":"https:\/\/www.ruiqigo.com\/es\/wp-json\/wp\/v2\/product\/2022","targetHints":{"allow":["GET"]}}],"collection":[{"href":"https:\/\/www.ruiqigo.com\/es\/wp-json\/wp\/v2\/product"}],"about":[{"href":"https:\/\/www.ruiqigo.com\/es\/wp-json\/wp\/v2\/types\/product"}],"version-history":[{"count":0,"href":"https:\/\/www.ruiqigo.com\/es\/wp-json\/wp\/v2\/product\/2022\/revisions"}],"wp:featuredmedia":[{"embeddable":true,"href":"https:\/\/www.ruiqigo.com\/es\/wp-json\/wp\/v2\/media\/2023"}],"wp:attachment":[{"href":"https:\/\/www.ruiqigo.com\/es\/wp-json\/wp\/v2\/media?parent=2022"}],"wp:term":[{"taxonomy":"product-tag","embeddable":true,"href":"https:\/\/www.ruiqigo.com\/es\/wp-json\/wp\/v2\/product-tag?post=2022"},{"taxonomy":"products","embeddable":true,"href":"https:\/\/www.ruiqigo.com\/es\/wp-json\/wp\/v2\/products?post=2022"}],"curies":[{"name":"wp","href":"https:\/\/api.w.org\/{rel}","templated":true}]}}