{"id":2062,"date":"2024-11-29T15:24:06","date_gmt":"2024-11-29T07:24:06","guid":{"rendered":"https:\/\/ruiqigo.com\/?post_type=product&#038;p=2062"},"modified":"2024-11-29T15:27:04","modified_gmt":"2024-11-29T07:27:04","slug":"no-crack-hand-cream","status":"publish","type":"product","link":"https:\/\/www.ruiqigo.com\/es\/product\/no-crack-hand-cream","title":{"rendered":"Crema de manos antigrietas"},"content":{"rendered":"<h2 class=\"wp-block-heading\">F\u00f3rmulas comunes de fabricaci\u00f3n de cremas de manos antigrietas<\/h2>\n\n\n\n<p>Nuestro equipo de investigaci\u00f3n y desarrollo dise\u00f1\u00f3 una f\u00f3rmula reparadora e hidratante profunda para las manos secas y agrietadas, con el objetivo de solucionar el da\u00f1o causado por entornos agresivos. Estos ingredientes trabajan en conjunto para cuidar tus manos. Los ingredientes principales son:<\/p>\n\n\n\n<p>1. <strong>Glicerina:<\/strong> La glicerina es un humectante com\u00fan que absorbe el agua y la retiene. Este efecto hidratante asegura que la piel de las manos se mantenga hidratada incluso en ambientes secos. Adem\u00e1s, la glicerina puede formar una pel\u00edcula protectora que hidrata la piel de las manos y mejora la aspereza y la sequedad de las manos.<\/p>\n\n\n\n<p>2. <strong>\u00c1cido hialur\u00f3nico:<\/strong> El \u00e1cido hialur\u00f3nico tiene un excelente efecto hidratante, absorbe mucha agua y previene su p\u00e9rdida. Adem\u00e1s, mejora la funci\u00f3n barrera de la piel de las manos, reduce el da\u00f1o causado por las agresiones externas y promueve la reparaci\u00f3n y regeneraci\u00f3n celular. Su uso prolongado puede restaurar la salud de las manos da\u00f1adas.<\/p>\n\n\n\n<p>3.<strong> Ceramida:<\/strong> La ceramida puede acelerar el proceso de reparaci\u00f3n de la piel, aliviar la sequedad cut\u00e1nea causada por el ambiente externo y promover la regeneraci\u00f3n celular. Adem\u00e1s, inhibe la producci\u00f3n de melanina, lo que permite un efecto blanqueador con el uso prolongado. Adem\u00e1s, posee propiedades antienvejecimiento, lo que permite que la piel de las manos se vuelva m\u00e1s firme y el\u00e1stica.<\/p>\n\n\n\n<p>4. <strong>Aloe vera:<\/strong> Adem\u00e1s de su potente efecto hidratante, el extracto natural de aloe vera tambi\u00e9n tiene un efecto calmante y antisensible, que puede aliviar las molestias causadas por la irritaci\u00f3n y sequedad de la piel de las manos. Al mismo tiempo, puede promover la reparaci\u00f3n y regeneraci\u00f3n celular, acelerar la curaci\u00f3n de grietas y dejar las manos m\u00e1s sanas e hidratadas.<\/p>\n\n\n\n<p>5. <strong>Mapache perro:<\/strong> Los mapaches caz\u00f3n pueden formar una pel\u00edcula protectora sobre la superficie de la piel de las manos, reduciendo el da\u00f1o ambiental y manteniendo la piel hidratada. Adem\u00e1s, aportan nutrientes e hidrataci\u00f3n profunda a la piel, acelerando el proceso de reparaci\u00f3n de la piel da\u00f1ada.<\/p>\n\n\n\n<h2 class=\"wp-block-heading\">Las funciones de la crema de manos antigrietas<\/h2>\n\n\n\n<p>Durante la producci\u00f3n, combinamos la mayor\u00eda de las condiciones de sequedad y descamaci\u00f3n de las manos para crear esta crema de manos que no se agrieta, que no solo es suave, sino que tambi\u00e9n tiene m\u00faltiples efectos, todos relacionados con la reparaci\u00f3n de la piel de las manos. Al elegir una crema de manos, se recomienda elegir un producto adecuado seg\u00fan el estado de su piel y sus preferencias. Estas son sus principales funciones:<\/p>\n\n\n\n<p>1. <strong>Hidrataci\u00f3n duradera y no pegajosa:<\/strong> Utilizamos una variedad de ingredientes con un potente efecto hidratante, que hidratan profundamente y retienen la humedad. Nuestra crema de manos no es pegajosa y ofrece una agradable sensaci\u00f3n de uso.<\/p>\n\n\n\n<p>2. <strong>Reparaci\u00f3n y regeneraci\u00f3n: <\/strong>Nuestra crema de manos aporta nutrientes suficientes, mejora la funci\u00f3n barrera de la piel y promueve la reparaci\u00f3n y regeneraci\u00f3n celular. Adem\u00e1s, reduce el da\u00f1o ambiental, lo que mejora la piel \u00e1spera y seca de las manos.<\/p>\n\n\n\n<p>3. <strong>Calmante y antisensibilidad<\/strong>Hemos a\u00f1adido aloe vera y otros ingredientes con efecto antisensible y calmante, lo que favorece el alivio del dolor y la incomodidad causados por la piel seca y al\u00e9rgica de las manos. Suaviza la piel da\u00f1ada y deja las manos m\u00e1s sanas.<\/p>\n\n\n\n<p>4. <strong>Suave y no estimulante: <\/strong>Las materias primas utilizadas en el proceso de producci\u00f3n se seleccionan cuidadosamente y no contienen sustancias nocivas. Nuestros ingredientes son naturales y suaves, aptos para la mayor\u00eda de los tipos de piel, especialmente las sensibles. Adem\u00e1s, evitamos da\u00f1os secundarios en la piel de las manos causados por el alcohol y otros irritantes.<\/p>\n\n\n\n<p>5. <strong>Protecci\u00f3n y aislamiento:<\/strong> El aceite de nuestra crema de manos forma una pel\u00edcula protectora sobre la superficie de la piel, aisl\u00e1ndola de factores externos como la luz ultravioleta, el fr\u00edo y la sequedad. \u00dasala con regularidad para que la piel de tus manos quede m\u00e1s suave y delicada.<\/p>\n\n\n\n<h2 class=\"wp-block-heading\">\u00bfC\u00f3mo utilizar la crema de manos anti-grietas?<\/h2>\n\n\n\n<p>Como fabricante profesional de cremas de manos antigrietas, damos gran importancia a la calidad y seguridad del producto, as\u00ed como a su experiencia de uso. Por ello, contamos con un estricto sistema de gesti\u00f3n de calidad para garantizar la calidad de nuestros productos. Adem\u00e1s, dise\u00f1amos el empaque adecuado seg\u00fan sus necesidades. Indicaremos las especificaciones del producto y su modo de uso en el empaque.<\/p>\n\n\n\n<p>1. <strong>Manos limpias:<\/strong> Antes de usar, l\u00e1vese las manos con agua tibia y s\u00e9quelas suavemente. Esto facilita la absorci\u00f3n de la crema de manos.<\/p>\n\n\n\n<p>2. <strong>Aplicar uniformemente: <\/strong>Aplique una cantidad adecuada de crema de manos antigrietas en la palma de la mano y apl\u00edquela uniformemente en ambas manos, especialmente en el dorso de la mano, los dedos y otros lugares que son f\u00e1ciles de ignorar.<\/p>\n\n\n\n<p>3. <strong>Absorci\u00f3n del masaje:<\/strong> Despu\u00e9s de aplicarlo uniformemente, puedes masajear suavemente tus manos con los dedos, especialmente las articulaciones y otros bordes, para ayudar a que la crema de manos penetre mejor en la piel.<\/p>\n\n\n\n<p>4. <strong>Vuelva a aplicar inmediatamente:<\/strong> Vuelve a aplicar nuestra crema de manos cada vez que te laves las manos o cuando tus manos est\u00e9n secas para mantenerlas hidratadas.<\/p>\n\n\n\n<h2 class=\"wp-block-heading\">Precauci\u00f3n<\/h2>\n\n\n\n<p>1. Al elegir una crema de manos, debes elegir un producto adecuado para ti seg\u00fan tu tipo de piel y necesidades;<\/p>\n\n\n\n<p>2. Se recomienda realizar una prueba de alergia al usarlo por primera vez. Si experimenta alguna molestia, suspenda su uso inmediatamente y enjuague con agua.<\/p>\n\n\n\n<p>3. Evite el uso excesivo, la cantidad adecuada de crema de manos puede hidratar sus manos, si es excesiva, puede quedar grasosa y no ser f\u00e1cil de absorber;<\/p>\n\n\n\n<p>4. Mantener las manos calientes puede reducir el fen\u00f3meno de piel seca y agrietada en las manos, especialmente en ambientes fr\u00edos y secos;<\/p>\n\n\n\n<p>5. Se recomienda almacenar en un lugar fresco y seco para evitar el deterioro de la crema de manos causado por altas temperaturas y ambientes h\u00famedos.<\/p>\n\n\n\n<h2 class=\"wp-block-heading\">Conclusi\u00f3n<\/h2>\n\n\n\n<p>Como fabricante de cremas de manos anti-grietas que priorizan la calidad y el detalle, contamos con equipos de producci\u00f3n avanzados y un equipo profesional de investigaci\u00f3n y desarrollo. Adem\u00e1s, en el proceso de producci\u00f3n de la crema de manos, integramos extractos de plantas naturales y factores hidratantes avanzados, que alivian eficazmente la sequedad, las grietas y la descamaci\u00f3n de las manos. Utilizamos tecnolog\u00eda de r\u00e1pida absorci\u00f3n para que la crema de manos penetre r\u00e1pidamente en la piel, sin dejar una sensaci\u00f3n pegajosa, y le brinde una experiencia fresca y c\u00f3moda. Ya sea en la formulaci\u00f3n o el empaque del producto, crearemos una marca \u00fanica que se adapte a sus necesidades. Si le interesa nuestra crema de manos anti-grietas, cont\u00e1ctenos de inmediato.<\/p>","protected":false},"excerpt":{"rendered":"No-Crack Hand Cream Manufacturing Common Formulas Our research and development team designed a deep moisturizing repair formula for the problem of dry and cracked hands during the design, aiming to solve the damage caused by harsh environments to hands. These ingredients work together to care for your hands. The main ingredients are: 1. Glycerin: Glycerin [&hellip;]","protected":false},"featured_media":2063,"menu_order":0,"template":"","meta":[],"product-tag":[],"products":[58],"class_list":["post-2062","product","type-product","status-publish","has-post-thumbnail","hentry","products-hand-cream"],"acf":[],"_links":{"self":[{"href":"https:\/\/www.ruiqigo.com\/es\/wp-json\/wp\/v2\/product\/2062","targetHints":{"allow":["GET"]}}],"collection":[{"href":"https:\/\/www.ruiqigo.com\/es\/wp-json\/wp\/v2\/product"}],"about":[{"href":"https:\/\/www.ruiqigo.com\/es\/wp-json\/wp\/v2\/types\/product"}],"version-history":[{"count":0,"href":"https:\/\/www.ruiqigo.com\/es\/wp-json\/wp\/v2\/product\/2062\/revisions"}],"wp:featuredmedia":[{"embeddable":true,"href":"https:\/\/www.ruiqigo.com\/es\/wp-json\/wp\/v2\/media\/2063"}],"wp:attachment":[{"href":"https:\/\/www.ruiqigo.com\/es\/wp-json\/wp\/v2\/media?parent=2062"}],"wp:term":[{"taxonomy":"product-tag","embeddable":true,"href":"https:\/\/www.ruiqigo.com\/es\/wp-json\/wp\/v2\/product-tag?post=2062"},{"taxonomy":"products","embeddable":true,"href":"https:\/\/www.ruiqigo.com\/es\/wp-json\/wp\/v2\/products?post=2062"}],"curies":[{"name":"wp","href":"https:\/\/api.w.org\/{rel}","templated":true}]}}