{"id":2135,"date":"2024-12-04T16:06:10","date_gmt":"2024-12-04T08:06:10","guid":{"rendered":"https:\/\/ruiqigo.com\/?post_type=product&#038;p=2135"},"modified":"2024-12-04T16:07:39","modified_gmt":"2024-12-04T08:07:39","slug":"natural-body-lotion","status":"publish","type":"product","link":"https:\/\/www.ruiqigo.com\/es\/product\/natural-body-lotion","title":{"rendered":"Loci\u00f3n corporal natural"},"content":{"rendered":"<h2 class=\"wp-block-heading\">F\u00f3rmulas comunes para la fabricaci\u00f3n de lociones corporales naturales<\/h2>\n\n\n\n<p>Para garantizar que los ingredientes sean suaves y no irriten la piel, nuestro equipo de investigaci\u00f3n y desarrollo ha seleccionado una variedad de ingredientes puros. Las materias primas seleccionadas se mezclan en el proceso de producci\u00f3n para garantizar la seguridad y la eficacia de nuestra leche corporal natural.<\/p>\n\n\n\n<p>1. Glicerina: La glicerina es un humectante de uso com\u00fan que absorbe la humedad del aire y forma una pel\u00edcula sobre la piel, lo que ayuda a retener la humedad de manera eficaz. Proporciona efectos humectantes duraderos y, al mismo tiempo, hidrata la piel, manteni\u00e9ndola suave y el\u00e1stica.<\/p>\n\n\n\n<p>2. Conservantes naturales: El uso de conservantes naturales puede prevenir el crecimiento de microorganismos, sin da\u00f1ar nuestra piel. Es m\u00e1s adecuado para la mayor\u00eda de los tipos de piel, especialmente las sensibles, que las cremas corporales tradicionales.<\/p>\n\n\n\n<p>3. Emulsionante: puede ayudar a que el agua y el aceite se mezclen y no se separen, para lograr la emulsi\u00f3n, la estabilidad y otros efectos. Agregarlo a una loci\u00f3n corporal natural puede ayudar a que se absorba m\u00e1s f\u00e1cilmente y evitar la delaminaci\u00f3n o la precipitaci\u00f3n.<\/p>\n\n\n\n<p>4. Aceites naturales: Son importantes ingredientes hidratantes y son ricos en \u00e1cidos grasos insaturados y vitaminas. Por lo tanto, tienen un efecto hidratante y humectante, que puede hidratar profundamente la piel y mejorar la piel \u00e1spera y seca. Al mismo tiempo, tambi\u00e9n ayudan a reparar las barreras cut\u00e1neas da\u00f1adas y fortalecen la resistencia de la piel para prevenir la p\u00e9rdida de agua y la irritaci\u00f3n externa.<\/p>\n\n\n\n<p>5. Aceite esencial de planta natural: el aceite esencial de planta puede agregar aroma a la loci\u00f3n corporal y tiene un efecto calmante, que puede relajar el cuerpo y la mente y brindar una experiencia de uso agradable.<\/p>\n\n\n\n<h2 class=\"wp-block-heading\">Las funciones de la loci\u00f3n corporal natural<\/h2>\n\n\n\n<p>Damos gran importancia al proceso de producci\u00f3n de la leche corporal natural. Cada gota se dosifica y procesa de forma estricta para garantizar su delicada textura y un cuidado eficaz de la piel. Estas son sus principales funciones:<\/p>\n\n\n\n<p>1. Suave y no irritante: Seleccionamos cuidadosamente una variedad de ingredientes naturales, sin ning\u00fan qu\u00edmico da\u00f1ino. Por lo tanto, no causar\u00e1 irritaci\u00f3n ni molestias en la piel y es adecuado para la mayor\u00eda de los tipos de piel.<\/p>\n\n\n\n<p>2. Hidrataci\u00f3n duradera: nuestra loci\u00f3n corporal natural formar\u00e1 una pel\u00edcula protectora en su piel para retener firmemente la humedad y evitar que la humedad se evapore, lo que puede reponer la humedad durante mucho tiempo y mejorar la piel \u00e1spera y seca.<\/p>\n\n\n\n<p>3. Hidrataci\u00f3n profunda: la loci\u00f3n corporal natural puede penetrar profundamente en la piel, complementar los nutrientes necesarios y el uso a largo plazo puede hacer que la piel sea m\u00e1s saludable y brillante.<\/p>\n\n\n\n<p>4. Aclara la piel: Nuestra loci\u00f3n corporal contiene antioxidantes que protegen contra los rayos UV. Tambi\u00e9n estimula la producci\u00f3n de col\u00e1geno, lo que ayuda a reducir las arrugas, las l\u00edneas finas y las durezas \u00e1speras. Adem\u00e1s, algunos ingredientes blanqueadores pueden inhibir la producci\u00f3n de melanina para reducir las manchas opacas y oscuras. Estos efectos pueden ayudarnos a mejorar la textura de la piel y hacerla m\u00e1s blanca y firme.<\/p>\n\n\n\n<p>5. Reparador calmante: Los extractos de plantas naturales suelen tener funciones calmantes y algunos tambi\u00e9n tienen efectos reparadores. Por lo tanto, cuando se utilizan, pueden aliviar el dolor y el malestar de la piel, reparar la piel da\u00f1ada y tambi\u00e9n permitirle relajarse.<\/p>\n\n\n\n<h2 class=\"wp-block-heading\">\u00bfC\u00f3mo utilizar una loci\u00f3n corporal natural?<\/h2>\n\n\n\n<p>Como fabricante profesional de lociones corporales naturales, prestamos especial atenci\u00f3n al proceso de producci\u00f3n de nuestros productos, especialmente en t\u00e9rminos de calidad y seguridad del producto. Por lo tanto, contamos con un sistema de control de calidad multicanal y probamos la textura, eficacia, viscosidad, etc. del producto terminado para garantizar su efectividad. Tambi\u00e9n esperamos que pueda leer atentamente nuestras instrucciones antes de usarlos.<\/p>\n\n\n\n<p>1. Limpiar la piel: antes de usar, primero debemos limpiar la piel, eliminar el aceite y la suciedad de la superficie, asegurarnos de que nuestra piel est\u00e9 limpia y puedes secarla suavemente con una toalla despu\u00e9s del lavado.<\/p>\n\n\n\n<p>2. Aplique la cantidad adecuada: tome la cantidad adecuada de loci\u00f3n corporal natural y apl\u00edquela uniformemente en todo el cuerpo, tenga cuidado de no aplicar demasiado durante este proceso, o puede sentirse grasoso.<\/p>\n\n\n\n<p>3. Absorci\u00f3n mediante masaje: despu\u00e9s de aplicarlo, puede masajear suavemente la piel con ambas manos para promover la absorci\u00f3n y la circulaci\u00f3n sangu\u00ednea. Para las partes que est\u00e1n relativamente secas o tienen un estrato c\u00f3rneo grueso, puede aumentar la cantidad de loci\u00f3n corporal y masajearla adecuadamente.<\/p>\n\n\n\n<p>4. Uso regular: Se recomienda aplicar la loci\u00f3n corporal una vez al d\u00eda por la ma\u00f1ana y una vez al d\u00eda por la noche para ayudarnos a mantener la piel hidratada y suave durante mucho tiempo.<\/p>\n\n\n\n<h2 class=\"wp-block-heading\">Precauci\u00f3n<\/h2>\n\n\n\n<p>1. Se recomienda realizar una prueba de anafilaxia avanzada antes del primer uso; si se producen molestias, se debe suspender el uso inmediatamente;<\/p>\n\n\n\n<p>2. Preste atenci\u00f3n a la cantidad correcta al aplicar, el uso excesivo puede hacer que la piel se sienta grasosa e inc\u00f3moda;<\/p>\n\n\n\n<p>3. La leche corporal natural utiliza conservantes naturales, por lo que la vida \u00fatil es corta, se recomienda prestar m\u00e1s atenci\u00f3n a la vida \u00fatil del producto;<\/p>\n\n\n\n<p>4. Se recomienda almacenar en un lugar fresco y seco para evitar el deterioro causado por altas temperaturas y ambientes h\u00famedos.<\/p>\n\n\n\n<h2 class=\"wp-block-heading\">Conclusi\u00f3n<\/h2>\n\n\n\n<p>Entre las numerosas cremas corporales con diferentes funciones, es especialmente importante encontrar un cuidado corporal puro, inocuo, eficaz y suave para la piel. Como fabricante dedicado a la creaci\u00f3n de lociones corporales naturales, hemos seleccionado cuidadosamente ingredientes naturales de alta calidad, cient\u00edficamente proporcionados y hemos utilizado procesos de producci\u00f3n suaves para mejorar su experiencia. Por supuesto, nuestros productos no solo son adecuados para todo tipo de piel, sino que tambi\u00e9n podemos proporcionar servicios personalizados para ajustar la f\u00f3rmula a su tipo de piel y preferencias para garantizar que cada loci\u00f3n corporal natural cumpla con sus expectativas. Si tambi\u00e9n est\u00e1 interesado, comun\u00edquese con nosotros.<\/p>","protected":false},"excerpt":{"rendered":"Natural Body Lotion Manufacturing Common Formulas To ensure that the ingredients are mild and do not cause irritation to the skin, our research and development team has selected a variety of pure ingredients. Selected raw materials are blended in the production process to ensure the safety and effectiveness of our natural body milk. 1. Glycerin: [&hellip;]","protected":false},"featured_media":2136,"menu_order":0,"template":"","meta":[],"product-tag":[],"products":[56],"class_list":["post-2135","product","type-product","status-publish","has-post-thumbnail","hentry","products-body-lotion"],"acf":[],"_links":{"self":[{"href":"https:\/\/www.ruiqigo.com\/es\/wp-json\/wp\/v2\/product\/2135","targetHints":{"allow":["GET"]}}],"collection":[{"href":"https:\/\/www.ruiqigo.com\/es\/wp-json\/wp\/v2\/product"}],"about":[{"href":"https:\/\/www.ruiqigo.com\/es\/wp-json\/wp\/v2\/types\/product"}],"version-history":[{"count":0,"href":"https:\/\/www.ruiqigo.com\/es\/wp-json\/wp\/v2\/product\/2135\/revisions"}],"wp:featuredmedia":[{"embeddable":true,"href":"https:\/\/www.ruiqigo.com\/es\/wp-json\/wp\/v2\/media\/2136"}],"wp:attachment":[{"href":"https:\/\/www.ruiqigo.com\/es\/wp-json\/wp\/v2\/media?parent=2135"}],"wp:term":[{"taxonomy":"product-tag","embeddable":true,"href":"https:\/\/www.ruiqigo.com\/es\/wp-json\/wp\/v2\/product-tag?post=2135"},{"taxonomy":"products","embeddable":true,"href":"https:\/\/www.ruiqigo.com\/es\/wp-json\/wp\/v2\/products?post=2135"}],"curies":[{"name":"wp","href":"https:\/\/api.w.org\/{rel}","templated":true}]}}