{"id":216,"date":"2024-06-30T22:58:53","date_gmt":"2024-06-30T14:58:53","guid":{"rendered":"https:\/\/ruiqigo.com\/?post_type=product&#038;p=216"},"modified":"2024-09-25T15:02:41","modified_gmt":"2024-09-25T07:02:41","slug":"tea-tree-shampoo","status":"publish","type":"product","link":"https:\/\/www.ruiqigo.com\/es\/product\/tea-tree-shampoo","title":{"rendered":"Champ\u00fa de \u00e1rbol de t\u00e9"},"content":{"rendered":"<h3 class=\"wp-block-heading\">F\u00f3rmulas comunes para la fabricaci\u00f3n de champ\u00fas de \u00e1rbol de t\u00e9<\/h3>\n\n\n\n<p>Como fabricantes de champ\u00fas de \u00e1rbol de t\u00e9, entendemos la importancia de la formulaci\u00f3n. Nuestros productos utilizan una gama de surfactantes suaves pero efectivos, como el cocoil-gluc\u00f3sido y la cocoil-beta\u00edna, para garantizar un poder limpiador sin da\u00f1ar el cuero cabelludo. Los ingredientes principales, el cocoil-glicinato de potasio y el cocoato de potasio, proporcionan una nutrici\u00f3n esencial al cabello. Adem\u00e1s, hemos a\u00f1adido especialmente policuaternio-10 para mejorar la suavidad y el brillo del cabello. Las propiedades antiinflamatorias naturales del aceite de \u00e1rbol de t\u00e9, combinadas con el extracto de ra\u00edz de He Shou Wu y el extracto de hoja de pino rojo europeo, proporcionan a nuestro champ\u00fa de \u00e1rbol de t\u00e9 un efecto acondicionador del cabello \u00fanico.<\/p>\n\n\n\n<h3 class=\"wp-block-heading\">Escenarios aplicables del champ\u00fa de \u00e1rbol de t\u00e9<\/h3>\n\n\n\n<p>Los champ\u00fas Tea Tree son adecuados para todos los climas y entornos, especialmente en zonas c\u00e1lidas y h\u00famedas, donde sus propiedades antiinflamatorias y antimicrobianas proporcionan una respuesta eficaz al cuero cabelludo graso y seco con picaz\u00f3n. Nuestros productos no contienen sulfatos, lo que reduce su impacto ambiental al tiempo que mantiene la protecci\u00f3n del color, lo que los convierte en una opci\u00f3n preferida para los consumidores que buscan un estilo de vida natural. Tambi\u00e9n puedes combinarlo con un champ\u00fa Tea Tree. <a href=\"https:\/\/www.ruiqigo.com\/es\/product\/tea-tree-essential-oil\/\">aceite esencial de \u00e1rbol de t\u00e9<\/a> Para obtener resultados a\u00fan mejores.<\/p>\n\n\n\n<h3 class=\"wp-block-heading\">\u00bfPara qui\u00e9n es adecuado el champ\u00fa de \u00e1rbol de t\u00e9?<\/h3>\n\n\n\n<p>Nuestros champ\u00fas de \u00e1rbol de t\u00e9 est\u00e1n dise\u00f1ados para personas con cuero cabelludo graso y seco que pica. Las propiedades antiinflamatorias naturales del aceite de \u00e1rbol de t\u00e9 (aceite de hoja de Melaleuca alternifolia) son eficaces para aliviar las molestias del cuero cabelludo, mientras que la adici\u00f3n de VB5 y VE proporciona nutrici\u00f3n y protecci\u00f3n adicionales para el cabello. Estos ingredientes trabajan juntos para ayudar a mejorar el entorno del cuero cabelludo y promover el crecimiento saludable del cabello. M\u00e1s <a href=\"https:\/\/www.ruiqigo.com\/es\/products\/shampoo\/\">champ\u00fas con ingredientes naturales<\/a> para que usted elija entre 3TOP.<\/p>\n\n\n\n<h3 class=\"wp-block-heading\">Proceso de producci\u00f3n del champ\u00fa de \u00e1rbol de t\u00e9<\/h3>\n\n\n\n<p>Durante el proceso de producci\u00f3n, nos centramos en preservar el sabor \u00fanico del aceite esencial de \u00e1rbol de t\u00e9, que no solo agrega un aroma natural al producto, sino que tambi\u00e9n brinda a los consumidores una experiencia agradable. Utilizamos tecnolog\u00eda avanzada de extracci\u00f3n y mezcla para garantizar la integraci\u00f3n efectiva de todos los ingredientes, al mismo tiempo que controlamos estrictamente el entorno de producci\u00f3n para garantizar la calidad y la seguridad del producto.<\/p>","protected":false},"excerpt":{"rendered":"Tea tree shampoo manufacturing Common Formulas As the makers of Tea Tree Shampoos, we understand the importance of formulation. Our products utilize a range of gentle yet effective surfactants such as Cocoyl-Glucoside and Cocoyl-Betaine to ensure cleansing power without damaging the scalp. The core ingredients Potassium Cocoyl Glycinate and Potassium Cocoate provide essential nourishment to [&hellip;]","protected":false},"featured_media":218,"menu_order":0,"template":"","meta":[],"product-tag":[],"products":[51],"class_list":["post-216","product","type-product","status-publish","has-post-thumbnail","hentry","products-shampoo"],"acf":[],"_links":{"self":[{"href":"https:\/\/www.ruiqigo.com\/es\/wp-json\/wp\/v2\/product\/216","targetHints":{"allow":["GET"]}}],"collection":[{"href":"https:\/\/www.ruiqigo.com\/es\/wp-json\/wp\/v2\/product"}],"about":[{"href":"https:\/\/www.ruiqigo.com\/es\/wp-json\/wp\/v2\/types\/product"}],"version-history":[{"count":0,"href":"https:\/\/www.ruiqigo.com\/es\/wp-json\/wp\/v2\/product\/216\/revisions"}],"wp:featuredmedia":[{"embeddable":true,"href":"https:\/\/www.ruiqigo.com\/es\/wp-json\/wp\/v2\/media\/218"}],"wp:attachment":[{"href":"https:\/\/www.ruiqigo.com\/es\/wp-json\/wp\/v2\/media?parent=216"}],"wp:term":[{"taxonomy":"product-tag","embeddable":true,"href":"https:\/\/www.ruiqigo.com\/es\/wp-json\/wp\/v2\/product-tag?post=216"},{"taxonomy":"products","embeddable":true,"href":"https:\/\/www.ruiqigo.com\/es\/wp-json\/wp\/v2\/products?post=216"}],"curies":[{"name":"wp","href":"https:\/\/api.w.org\/{rel}","templated":true}]}}