{"id":2164,"date":"2024-12-05T17:18:10","date_gmt":"2024-12-05T09:18:10","guid":{"rendered":"https:\/\/ruiqigo.com\/?post_type=product&#038;p=2164"},"modified":"2024-12-05T17:19:07","modified_gmt":"2024-12-05T09:19:07","slug":"hand-cream-with-spf","status":"publish","type":"product","link":"https:\/\/www.ruiqigo.com\/es\/product\/hand-cream-with-spf","title":{"rendered":"Crema de manos con FPS"},"content":{"rendered":"<h2 class=\"wp-block-heading\">Crema de manos con FPS Fabricaci\u00f3n F\u00f3rmulas comunes<\/h2>\n\n\n\n<p>Como fabricante profesional de cremas para manos con FPS, combinamos ingredientes hidratantes, humectantes y protectores solares seg\u00fan las necesidades de la mayor\u00eda de las personas. A trav\u00e9s de la combinaci\u00f3n cient\u00edfica y el procesamiento posterior, tiene como objetivo brindar protecci\u00f3n y cuidado integrales para la piel de las manos. Sus componentes principales son:<\/p>\n\n\n\n<p>1. Glicerina: La glicerina tiene un fuerte efecto hidratante y humectante, que puede formar una pel\u00edcula protectora sobre la superficie de la piel, reducir la p\u00e9rdida de agua y proporcionar un efecto hidratante duradero. El uso a largo plazo puede aliviar la sequedad de las manos, la descamaci\u00f3n y otras afecciones.<\/p>\n\n\n\n<p>2. Ingredientes de protecci\u00f3n solar: utilizamos ingredientes de protecci\u00f3n solar de alta calidad como ingredientes principales, con un fuerte efecto de protecci\u00f3n solar. Puede bloquear los rayos UV, evitar da\u00f1os causados por los rayos UV, como quemaduras solares, envejecimiento de la piel y otros problemas.<\/p>\n\n\n\n<p>3. Manteca de karit\u00e9: la manteca de karit\u00e9 puede penetrar profundamente en la piel para proporcionar suficientes nutrientes e hidratar a\u00fan m\u00e1s la piel de las manos. Al mismo tiempo, tambi\u00e9n tiene efectos antioxidantes, puede resistir los radicales libres, proteger la piel del da\u00f1o ambiental y mejorar la elasticidad de la piel.<\/p>\n\n\n\n<p>4. Ceramida: Tiene la funci\u00f3n de reparar la barrera cut\u00e1nea. Cuando se aplica, puede establecer una pel\u00edcula protectora, reparar las c\u00e9lulas da\u00f1adas, fortalecer la barrera cut\u00e1nea y hacer que la piel de las manos est\u00e9 m\u00e1s sana. Al mismo tiempo, tambi\u00e9n tiene un efecto antiinflamatorio y calmante, que puede aliviar el dolor y las molestias causadas por factores externos.<\/p>\n\n\n\n<p>5. Emulsionante: El emulsionante es un ingrediente de uso com\u00fan en las cremas para manos, que puede mezclar completamente el agua y el aceite para formar un estado de emulsi\u00f3n estable. Y la textura es m\u00e1s suave, lo que favorece su aplicaci\u00f3n y absorci\u00f3n, de modo que su piel est\u00e9 m\u00e1s suave y delicada.<\/p>\n\n\n\n<h2 class=\"wp-block-heading\">Las funciones de la crema de manos con FPS<\/h2>\n\n\n\n<p>La protecci\u00f3n solar es muy importante para retrasar el envejecimiento cut\u00e1neo, prevenir problemas cut\u00e1neos y mantener la salud de la piel. En comparaci\u00f3n con las cremas de manos y los protectores solares tradicionales, nuestra crema de manos con FPS ofrece una doble protecci\u00f3n. El cuidado de la piel es m\u00e1s c\u00f3modo sin dejar una sensaci\u00f3n de pesadez. Estas son sus principales funciones:<\/p>\n\n\n\n<p>1. Protecci\u00f3n solar altamente efectiva: Con un FPS de 15-50+, nuestra pel\u00edcula protectora proporciona protecci\u00f3n esencial contra los rayos UVA y UVB, reduciendo el riesgo de bronceado, arrugas, envejecimiento prematuro y c\u00e1ncer de piel y promoviendo la salud general de la piel.<\/p>\n\n\n\n<p>2. Hidrataci\u00f3n profunda: los ingredientes humectantes pueden hidratar eficazmente la piel de las manos, reponer el agua oportunamente y proporcionar un efecto humectante duradero, haciendo que la piel de las manos est\u00e9 m\u00e1s humectada y suave.<\/p>\n\n\n\n<p>3. Mejora la condici\u00f3n de la piel: Nuestra crema de manos con FPS puede prevenir la hiperpigmentaci\u00f3n y la aparici\u00f3n de manchas oscuras, y reducir la producci\u00f3n de grasa, reduciendo a\u00fan m\u00e1s los brotes de grasa.<\/p>\n\n\n\n<p>4. Reparaci\u00f3n calmante: puede aliviar el dolor y el malestar causados por la estimulaci\u00f3n, reparar las c\u00e9lulas cut\u00e1neas da\u00f1adas, mejorar la funci\u00f3n de barrera de la piel y hacer que nuestra piel sea m\u00e1s firme y el\u00e1stica.<\/p>\n\n\n\n<p>5. Ligera y no grasosa: utilizamos tecnolog\u00eda de emulsi\u00f3n avanzada para garantizar que la textura de la crema de manos sea ligera, f\u00e1cil de absorber y no tenga una sensaci\u00f3n pegajosa, lo que mejora a\u00fan m\u00e1s la experiencia. Es adecuada para la mayor\u00eda de las personas y se puede usar en la vida diaria, reaplicando al azar.<\/p>\n\n\n\n<h2 class=\"wp-block-heading\">\u00bfC\u00f3mo utilizar crema de manos con FPS?<\/h2>\n\n\n\n<p>En el momento de la producci\u00f3n, mezclamos cremas de manos con diferentes valores de FPS seg\u00fan las necesidades de diferentes personas. 30% del valor de protecci\u00f3n solar en el uso diario puede proteger contra 90% de los rayos UVB. Por lo tanto, puede elegir seg\u00fan sus propias necesidades de protecci\u00f3n solar, y el uso de la misma tambi\u00e9n se detalla en el envase.<\/p>\n\n\n\n<p>1. Manos limpias: antes de usar, l\u00e1vese las manos primero, puede usar desinfectante de manos o jab\u00f3n para eliminar el aceite y la suciedad de las manos y secarlas suavemente con una toalla, este paso favorece una mayor absorci\u00f3n de la crema de manos.<\/p>\n\n\n\n<p>2. Aplique la cantidad adecuada: aplique la cantidad adecuada de crema de manos con FPS de manera uniforme en sus manos, especialmente en los dedos, el dorso de la mano y otros lugares que son f\u00e1ciles de ignorar, aseg\u00farese de que cada parte est\u00e9 cubierta.<\/p>\n\n\n\n<p>3. Absorci\u00f3n del masaje: despu\u00e9s de aplicarlo, masajee suavemente sus manos con el vientre de los dedos, lo que puede promover la absorci\u00f3n y la circulaci\u00f3n sangu\u00ednea.<\/p>\n\n\n\n<p>4. Reaplicaci\u00f3n oportuna: si estar\u00e1 al aire libre durante mucho tiempo, se recomienda volver a aplicar cada dos horas para garantizar el efecto protector solar.<\/p>\n\n\n\n<h2 class=\"wp-block-heading\">Precauci\u00f3n<\/h2>\n\n\n\n<p>1. Realice una prueba de alergia la primera vez. Si se producen molestias, suspenda su uso inmediatamente y consulte a un m\u00e9dico.<\/p>\n\n\n\n<p>2. Evite el exceso: siga el principio de la cantidad adecuada al aplicar, evite el exceso de crema de manos que provoca manos grasosas que no son f\u00e1ciles de absorber;<\/p>\n\n\n\n<p>3. Evite mezclar: No mezcle con otras cremas de manos o productos para el cuidado de la piel para evitar reacciones adversas o afectar el efecto del protector solar;<\/p>\n\n\n\n<p>4. Evitar el contacto con los ojos. En caso de contacto con los ojos, enjuagar inmediatamente con agua;<\/p>\n\n\n\n<p>5. Se recomienda almacenar en un lugar fresco y seco para evitar el deterioro causado por las altas temperaturas y el ambiente h\u00famedo y reducir el efecto protector solar.<\/p>\n\n\n\n<h2 class=\"wp-block-heading\">Conclusi\u00f3n<\/h2>\n\n\n\n<p>Si desea mantener sus manos suaves, tersas y j\u00f3venes, nuestra crema de manos con FPS es una excelente opci\u00f3n. Nos comprometemos a crear productos de marca \u00fanicos, multifuncionales y de alta calidad, y contamos con equipos de producci\u00f3n avanzados y un equipo de investigaci\u00f3n y desarrollo profesional. Para sus requisitos, haremos todo lo posible para completar, de acuerdo con sus comentarios y ajust\u00e1ndonos constantemente, para que pueda crear cremas de manos personalizadas con productos FPS. Si tambi\u00e9n est\u00e1 interesado, comun\u00edquese con nosotros.<\/p>\n\n\n\n<p><\/p>","protected":false},"excerpt":{"rendered":"Hand Cream With SPF Manufacturing Common Formulas As a professional manufacturer of hand cream with SPF, we combine moisturizing, moisturizing, and sun protection ingredients based on the needs of most people. Through scientific matching and further processing, it aims to provide comprehensive protection and care for hand skin. Its main components are: 1. Glycerin: Glycerin [&hellip;]","protected":false},"featured_media":2165,"menu_order":0,"template":"","meta":[],"product-tag":[],"products":[58],"class_list":["post-2164","product","type-product","status-publish","has-post-thumbnail","hentry","products-hand-cream"],"acf":[],"_links":{"self":[{"href":"https:\/\/www.ruiqigo.com\/es\/wp-json\/wp\/v2\/product\/2164","targetHints":{"allow":["GET"]}}],"collection":[{"href":"https:\/\/www.ruiqigo.com\/es\/wp-json\/wp\/v2\/product"}],"about":[{"href":"https:\/\/www.ruiqigo.com\/es\/wp-json\/wp\/v2\/types\/product"}],"version-history":[{"count":0,"href":"https:\/\/www.ruiqigo.com\/es\/wp-json\/wp\/v2\/product\/2164\/revisions"}],"wp:featuredmedia":[{"embeddable":true,"href":"https:\/\/www.ruiqigo.com\/es\/wp-json\/wp\/v2\/media\/2165"}],"wp:attachment":[{"href":"https:\/\/www.ruiqigo.com\/es\/wp-json\/wp\/v2\/media?parent=2164"}],"wp:term":[{"taxonomy":"product-tag","embeddable":true,"href":"https:\/\/www.ruiqigo.com\/es\/wp-json\/wp\/v2\/product-tag?post=2164"},{"taxonomy":"products","embeddable":true,"href":"https:\/\/www.ruiqigo.com\/es\/wp-json\/wp\/v2\/products?post=2164"}],"curies":[{"name":"wp","href":"https:\/\/api.w.org\/{rel}","templated":true}]}}