{"id":2196,"date":"2024-12-06T16:37:24","date_gmt":"2024-12-06T08:37:24","guid":{"rendered":"https:\/\/ruiqigo.com\/?post_type=product&#038;p=2196"},"modified":"2024-12-06T16:39:38","modified_gmt":"2024-12-06T08:39:38","slug":"shea-moisture-conditioner","status":"publish","type":"product","link":"https:\/\/www.ruiqigo.com\/es\/product\/shea-moisture-conditioner","title":{"rendered":"Acondicionador Shea Moisture"},"content":{"rendered":"<h2 class=\"wp-block-heading\">F\u00f3rmulas comunes de fabricaci\u00f3n del acondicionador Shea Moisture<\/h2>\n\n\n\n<p>Como fabricantes de acondicionadores hidratantes de alta calidad con manteca de karit\u00e9, utilizamos una f\u00f3rmula totalmente natural sin aditivos nocivos. Tambi\u00e9n hemos creado este acondicionador multirreparador profundamente nutritivo mediante una combinaci\u00f3n cient\u00edfica y un procesamiento de precisi\u00f3n, con la esperanza de que su cabello vuelva a brillar.<\/p>\n\n\n\n<p>1. <strong>Humedad de karit\u00e9<\/strong>:La manteca de karit\u00e9 tiene un gran efecto hidratante, formando una pel\u00edcula protectora sobre el cabello para mantenerlo hidratado y suave. Adem\u00e1s, es rica en una variedad de nutrientes, que pueden nutrir profundamente el cabello, reparar el cabello da\u00f1ado y reponer los nutrientes necesarios, haciendo que el cabello sea m\u00e1s fuerte y brillante. Al mismo tiempo, es similar al aceite en la superficie de la piel, que penetrar\u00e1 r\u00e1pidamente, absorber\u00e1 y suavizar\u00e1 la queratina, haciendo que tu cabello sea m\u00e1s suave.<\/p>\n\n\n\n<p>2. <strong>Bordillo<\/strong>:Puede reparar las escamas del cabello da\u00f1adas y resistir eficazmente los da\u00f1os externos, como la luz ultravioleta, el planchado y el te\u00f1ido del cabello, para proteger la salud del cabello.<\/p>\n\n\n\n<p>3. <strong>Emulsionantes:<\/strong> Los emulsionantes tienen un efecto lubricante, que puede ayudar a que el acondicionador se aplique de manera m\u00e1s uniforme en el cabello y mejorar la suavidad.<\/p>\n\n\n\n<p>4. <strong>Esencia vegetal natural:<\/strong> La esencia vegetal natural no solo puede equilibrar la secreci\u00f3n de aceite y calmar el cuero cabelludo, sino que el aroma de diferentes esencias vegetales tambi\u00e9n lo ayudar\u00e1 a relajar mejor el cuero cabelludo y aliviar el estr\u00e9s. Tambi\u00e9n tiene propiedades antibacterianas y antiinflamatorias, que pueden curar eficazmente las infecciones y alergias del cuero cabelludo.<\/p>\n\n\n\n<p>5. <strong>Factor hidratante:<\/strong> El factor humectante nutre profundamente el cabello, retiene firmemente la humedad y evita la p\u00e9rdida de humedad. Luego mejora la calidad del cabello seco y encrespado y permite que el cabello recupere brillo y suavidad.<\/p>\n\n\n\n<h2 class=\"wp-block-heading\">Las funciones del acondicionador Shea Moisture<\/h2>\n\n\n\n<p>En el proceso de producci\u00f3n del acondicionador de manteca de karit\u00e9, combinamos tecnolog\u00eda moderna para extraer y dosificar cuidadosamente la manteca de karit\u00e9 para garantizar que se maximicen sus beneficios. Al mismo tiempo, para garantizar que nuestras materias primas sean seguras y confiables, y provengan de la naturaleza, seleccionamos cuidadosamente proveedores de materias primas de alta calidad y realizamos controles puntuales de forma regular. Para que pueda estar seguro de utilizar nuestros productos, los siguientes son sus principales efectos:<\/p>\n\n\n\n<p>1.<strong> Hidratante y humectante:<\/strong> Nuestro ingrediente principal, la manteca de karit\u00e9, puede penetrar profundamente en el cabello para reponer la humedad y prevenir eficazmente la evaporaci\u00f3n de la humedad al tiempo que proporciona ricos nutrientes para hidratar el cabello y mantenerlo hidratado durante mucho tiempo.<\/p>\n\n\n\n<p>2.<strong> Protecci\u00f3n de aislamiento: <\/strong>El acondicionador de karit\u00e9 puede brindar cierta protecci\u00f3n UV, lo que puede evitar la fijaci\u00f3n por calor, el planchado y el da\u00f1o solar.<\/p>\n\n\n\n<p>3. <strong>Suave y tersa: <\/strong>Nuestro acondicionador puede suavizar la queratina del cabello, evitar que el cabello se parta y se enrede y hacer que el cabello sea m\u00e1s flexible y brillante despu\u00e9s de un uso prolongado.<\/p>\n\n\n\n<p>4. <strong>Reparaci\u00f3n intensiva: <\/strong>El uso de acondicionador de karit\u00e9 es beneficioso para reparar el tejido da\u00f1ado del cabello, especialmente despu\u00e9s de plancharlo y te\u00f1irlo, puede usar nuestro acondicionador para proteger el cabello. Al mismo tiempo, tambi\u00e9n puede fortalecer la estructura del cabello, e insistir en su uso puede mejorar el problema del cabello seco y quebradizo, de modo que el cabello sea m\u00e1s fuerte y el\u00e1stico.<\/p>\n\n\n\n<p>5. <strong>Antibacteriano y antiinflamatorio:<\/strong> Adem\u00e1s de su fuerte efecto hidratante, tambi\u00e9n puede curar infecciones y alergias del cuero cabelludo, lo que favorece el mantenimiento de la salud del cabello y el cuero cabelludo y promueve a\u00fan m\u00e1s el crecimiento.<\/p>\n\n\n\n<h2 class=\"wp-block-heading\">\u00bfC\u00f3mo utilizar el acondicionador Shea Moisture?<\/h2>\n\n\n\n<p>Nuestro acondicionador Shea Moisture es adecuado para la mayor\u00eda de los tipos de cabello y adaptamos nuestras f\u00f3rmulas para que se adapten a diferentes tipos de cabello. Por lo tanto, cuando elija un acondicionador, debe elegir el producto que mejor se adapte a su calidad de cabello y necesidades de cuidado capilar. Tambi\u00e9n indicaremos su uso en el paquete, l\u00e9alo atentamente.<\/p>\n\n\n\n<p>1. <strong>Champ\u00fa: <\/strong>Enjuague su cabello con agua tibia y champ\u00fa para eliminar el aceite y la suciedad de su cabello, asegur\u00e1ndose de que su cuero cabelludo y cabello est\u00e9n limpios y propicios para la absorci\u00f3n del acondicionador.<\/p>\n\n\n\n<p>2. <strong>Aplicar acondicionador: <\/strong>Seg\u00fan la cantidad de tu cabello, toma la cantidad adecuada de acondicionador y apl\u00edcalo uniformemente en la posici\u00f3n del cabello y las puntas del cabello, puedes aplicar m\u00e1s en los lugares secos y bifurcados, presta atenci\u00f3n para evitar untar el cuero cabelludo.<\/p>\n\n\n\n<p>3.<strong> Absorci\u00f3n del soporte: <\/strong>Despu\u00e9s de aplicarlo, puedes peinar el cabello suavemente con el peine para asegurarte de que el acondicionador se distribuya uniformemente en el cabello y luego esperar de 3 a 5 minutos para que penetre en el cabello. Si deseas un tratamiento m\u00e1s profundo, puedes extender el tiempo de espera (10 a 30 minutos).<\/p>\n\n\n\n<p>4. <strong>Lavar con agua tibia:<\/strong> D\u00e9jalo reposar y luego enju\u00e1galo con agua. Aseg\u00farate de que no quede acondicionador en tu cabello y s\u00e9calo suavemente con una toalla.<\/p>\n\n\n\n<p>5. <strong>Atenci\u00f3n a juego:<\/strong> Para secar el cabello, puedes aplicar un aceite esencial para el cuidado del cabello en la misma posici\u00f3n y luego secarlo con un secador de pelo o al aire. El doble acondicionamiento ayuda a que tu cabello quede m\u00e1s suave y liso.<\/p>\n\n\n\n<h2 class=\"wp-block-heading\">Precauci\u00f3n<\/h2>\n\n\n\n<p>1. Cuando utilice una prueba de alergia avanzada por primera vez, deje de usarla inmediatamente si siente alguna molestia.<\/p>\n\n\n\n<p>2. El acondicionador Shea Moisture es una pasta a temperatura ambiente, as\u00ed que fr\u00f3talo en la palma antes de aplicarlo en el cabello para promover su absorci\u00f3n.<\/p>\n\n\n\n<p>3. Preste atenci\u00f3n al principio de la cantidad adecuada al usarlo, demasiado acondicionador puede provocar que el cabello quede grasoso y afectar el efecto del acondicionador.<\/p>\n\n\n\n<p>3. Se recomienda utilizar el acondicionador Shea Moisture de 1 a 2 veces por semana, ya que su uso excesivo puede generar una carga excesiva en el cabello y afectar su textura.<\/p>\n\n\n\n<p>4. Evite aplicarlo en el cuero cabelludo, de lo contrario puede obstruir los poros del cuero cabelludo y causar una serie de problemas en el cuero cabelludo.<\/p>\n\n\n\n<p>5. Se recomienda almacenar en un lugar fresco y seco para evitar la luz solar directa y ambientes de alta temperatura que provoquen el deterioro del acondicionador, afectando el efecto.<\/p>\n\n\n\n<h2 class=\"wp-block-heading\">Conclusi\u00f3n<\/h2>\n\n\n\n<p>Los productos de calidad son la clave para ganar el mercado. Controlamos estrictamente cada eslab\u00f3n de la producci\u00f3n y contamos con diferentes sistemas de pruebas de calidad para garantizar la seguridad y la eficacia de los productos. Al mismo tiempo, tambi\u00e9n ofrecemos una gama completa de servicios personalizados, que se basar\u00e1n en sus requisitos para dise\u00f1ar su f\u00f3rmula y empaque. Durante este per\u00edodo, realizaremos ajustes constantes de acuerdo con sus comentarios y nos esforzaremos por alcanzar la perfecci\u00f3n. Cont\u00e1ctenos si desea saber m\u00e1s.<\/p>","protected":false},"excerpt":{"rendered":"Shea Moisture Conditioner Manufacturing Common Formulas As a manufacturer of high-quality shea moisture conditioners, we use an all-natural formula with no harmful additives. We have also created this deeply nourishing, multi-repair conditioner through scientific matching and precision processing, hoping to make your hair shine again. 1. Shea moisture: Shea moisture has a great moisturizing effect, [&hellip;]","protected":false},"featured_media":2197,"menu_order":0,"template":"","meta":[],"product-tag":[],"products":[52],"class_list":["post-2196","product","type-product","status-publish","has-post-thumbnail","hentry","products-conditioner"],"acf":[],"_links":{"self":[{"href":"https:\/\/www.ruiqigo.com\/es\/wp-json\/wp\/v2\/product\/2196","targetHints":{"allow":["GET"]}}],"collection":[{"href":"https:\/\/www.ruiqigo.com\/es\/wp-json\/wp\/v2\/product"}],"about":[{"href":"https:\/\/www.ruiqigo.com\/es\/wp-json\/wp\/v2\/types\/product"}],"version-history":[{"count":0,"href":"https:\/\/www.ruiqigo.com\/es\/wp-json\/wp\/v2\/product\/2196\/revisions"}],"wp:featuredmedia":[{"embeddable":true,"href":"https:\/\/www.ruiqigo.com\/es\/wp-json\/wp\/v2\/media\/2197"}],"wp:attachment":[{"href":"https:\/\/www.ruiqigo.com\/es\/wp-json\/wp\/v2\/media?parent=2196"}],"wp:term":[{"taxonomy":"product-tag","embeddable":true,"href":"https:\/\/www.ruiqigo.com\/es\/wp-json\/wp\/v2\/product-tag?post=2196"},{"taxonomy":"products","embeddable":true,"href":"https:\/\/www.ruiqigo.com\/es\/wp-json\/wp\/v2\/products?post=2196"}],"curies":[{"name":"wp","href":"https:\/\/api.w.org\/{rel}","templated":true}]}}