{"id":2238,"date":"2024-12-10T16:11:57","date_gmt":"2024-12-10T08:11:57","guid":{"rendered":"https:\/\/ruiqigo.com\/?post_type=product&#038;p=2238"},"modified":"2024-12-10T16:13:07","modified_gmt":"2024-12-10T08:13:07","slug":"vanilla-essential-oil","status":"publish","type":"product","link":"https:\/\/www.ruiqigo.com\/es\/product\/vanilla-essential-oil","title":{"rendered":"Aceite esencial de vainilla"},"content":{"rendered":"<h2 class=\"wp-block-heading\">F\u00f3rmulas comunes para la elaboraci\u00f3n de aceite esencial de vainilla<\/h2>\n\n\n\n<p>En la producci\u00f3n de aceite esencial de vainilla, hemos dise\u00f1ado una variedad de formulaciones cient\u00edficas de acuerdo a los diferentes tipos y preferencias de cabello, con el objetivo de brindarle un aceite esencial seguro y efectivo para el cuidado del cabello.<\/p>\n\n\n\n<p>1. Aceite esencial de vainilla: Desempe\u00f1a un papel importante como ingrediente principal. Adem\u00e1s de proporcionar la hidrataci\u00f3n y los nutrientes adecuados al cabello, puede penetrar profundamente en el cabello para reparar la textura da\u00f1ada y restaurar la elasticidad del cabello. Al mismo tiempo, tambi\u00e9n tiene un cierto efecto reparador, fortaleciendo las ra\u00edces del cabello y evitando que el cabello se seque, se quiebre y se agriete.<\/p>\n\n\n\n<p>2. Vitaminas: El aceite esencial de vainilla es rico en una variedad de vitaminas, tienen cierto efecto antioxidante y pueden resistir el da\u00f1o de los radicales libres, para proteger el cabello del da\u00f1o del ambiente externo.<\/p>\n\n\n\n<p>3. Vainillina: La principal fuente del sabor a vainilla, este rico aroma puede ayudarlo a relajarse, aliviar el estr\u00e9s y brindar una buena experiencia de usuario.<\/p>\n\n\n\n<p>4. Eugenol: El aceite esencial de vainilla tiene propiedades antibacterianas y antiinflamatorias que reducen la inflamaci\u00f3n del cuero cabelludo y reparan los fol\u00edculos pilosos da\u00f1ados. Tambi\u00e9n mejora la circulaci\u00f3n sangu\u00ednea, lo que promueve el crecimiento del cabello.<\/p>\n\n\n\n<h2 class=\"wp-block-heading\">Las funciones del aceite esencial de vainilla<\/h2>\n\n\n\n<p>Como fabricante profesional de aceite esencial de vainilla, nos comprometemos a crear productos de alta calidad y alto rendimiento para usted. No solo se seleccionan cuidadosamente las materias primas, sino que tambi\u00e9n se utiliza tecnolog\u00eda avanzada de extracci\u00f3n y prensado t\u00e9rmico para garantizar la m\u00e1xima eficiencia del producto.<\/p>\n\n\n\n<p>1. Hidratante y nutritivo: el aceite esencial de vainilla tiene un efecto hidratante eficaz y es rico en una variedad de nutrientes, que no solo pueden complementar la nutrici\u00f3n en profundidad del cabello, sino que tambi\u00e9n forman una pel\u00edcula protectora sobre el cabello para retener el agua, evitando as\u00ed que el cabello se seque y se quiebre. El uso a largo plazo har\u00e1 que su cabello sea suave y brillante.<\/p>\n\n\n\n<p>2. Mejora la calidad del cabello: la aplicaci\u00f3n de aceites esenciales para el cuidado del cabello reparar\u00e1 el cabello da\u00f1ado y mejorar\u00e1 su funci\u00f3n de barrera. En el caso del cabello seco, quebradizo y con puntas abiertas, tu cabello estar\u00e1 m\u00e1s fuerte y saludable siempre que insistas en usarlo.<\/p>\n\n\n\n<p>3. Fragancia duradera: el aceite esencial de vainilla tiene un aroma \u00fanico que resulta agradable al tacto. Tambi\u00e9n puede relajar el cuerpo y la mente y aliviar el estr\u00e9s y la fatiga. Al mismo tiempo, este encantador efecto arom\u00e1tico perdura y tambi\u00e9n mejora el temperamento de la imagen personal.<\/p>\n\n\n\n<p>4. Calmante y antiinflamatorio: Nuestros aceites esenciales contienen ingredientes antiinflamatorios y calmantes que alivian el cuero cabelludo, eliminan la inflamaci\u00f3n, reducen a\u00fan m\u00e1s la caspa y la picaz\u00f3n y hacen que el cabello sea m\u00e1s saludable.<\/p>\n\n\n\n<p>5. Promueve el crecimiento: el aceite esencial de vainilla puede estimular la circulaci\u00f3n sangu\u00ednea del cuero cabelludo y proporcionar m\u00e1s nutrientes a los fol\u00edculos pilosos, promoviendo as\u00ed el crecimiento del cabello, haci\u00e9ndolo m\u00e1s saludable y denso.<\/p>\n\n\n\n<h2 class=\"wp-block-heading\">\u00bfC\u00f3mo utilizar el aceite esencial de vainilla?<\/h2>\n\n\n\n<p>Damos gran importancia a la calidad del producto, por lo que en el proceso de producci\u00f3n del aceite esencial de vainilla, contamos con diferentes sistemas de pruebas de calidad para garantizar la calidad y la seguridad de los productos. Tambi\u00e9n tomaremos muestras del producto terminado para asegurarnos de que cada botella tenga un rendimiento estable. Al mismo tiempo, tambi\u00e9n marcaremos el uso del embalaje.<\/p>\n\n\n\n<p>1. Antes del champ\u00fa: aplique uniformemente la cantidad adecuada de aceite esencial de vainilla en el cabello y el cuero cabelludo y masajee suavemente el lado de los dedos, luego envuelva el cabello con una toalla y d\u00e9jelo actuar durante 10 a 15 minutos antes del champ\u00fa.<\/p>\n\n\n\n<p>2. Despu\u00e9s del champ\u00fa: Despu\u00e9s del champ\u00fa, puedes aplicarlo dos veces. La primera vez, seca suavemente tu cabello con una toalla, toma una cantidad adecuada de aceite esencial de vainilla, fr\u00f3talo y cali\u00e9ntalo, y luego apl\u00edcalo uniformemente desde la mitad hasta las puntas de tu cabello. Luego, puedes masajear suavemente tu cabello y dejar que se seque al aire o secarlo con un secador de pelo. La segunda vez es repetir la operaci\u00f3n una vez que el cabello est\u00e9 ligeramente seco y luego continuar secando. Ten cuidado de evitar aplicarlo en el cuero cabelludo durante este proceso, ya que puede obstruir los poros.<\/p>\n\n\n\n<p>3. Cuidado diario: cuando el cabello est\u00e9 seco, puedes frotar una peque\u00f1a cantidad de aceite esencial para el cuidado del cabello, aplicarlo en las puntas del cabello despu\u00e9s de calentarlo y masajearlo suavemente para absorberlo.<\/p>\n\n\n\n<h2 class=\"wp-block-heading\">Precauci\u00f3n<\/h2>\n\n\n\n<p>1. Al elegir productos, debe elegir su aceite esencial para el cuidado del cabello de acuerdo con la calidad y las necesidades de su cabello;<\/p>\n\n\n\n<p>2. La primera vez que utilice el producto, deber\u00e1 realizar pruebas de alergia. Si siente alguna molestia, deje de usarlo inmediatamente.<\/p>\n\n\n\n<p>3. Preste atenci\u00f3n al principio de la cantidad apropiada al aplicar, para evitar el exceso de aceite esencial para el cuidado del cabello que provoca cabello graso y bloquea los poros;<\/p>\n\n\n\n<p>4. Preste atenci\u00f3n a la frecuencia de uso, se recomienda 2-3 veces por semana, el uso frecuente puede afectar el efecto del cuidado del cabello;<\/p>\n\n\n\n<p>5. Observar peri\u00f3dicamente los cambios en la calidad del cabello y realizar los ajustes correspondientes;<\/p>\n\n\n\n<p>6. Se recomienda almacenar en un lugar fresco y seco para evitar la luz solar directa y los ambientes de alta temperatura que conducen al deterioro de los aceites esenciales.<\/p>\n\n\n\n<h2 class=\"wp-block-heading\">Conclusi\u00f3n<\/h2>\n\n\n\n<p>Como fabricante, entendemos su deseo de tener un cabello suave y saludable. Por eso, combinamos el aceite esencial de vainilla natural con ingredientes nutritivos altamente efectivos para darle al producto una poderosa funci\u00f3n curativa. Al mismo tiempo, tambi\u00e9n prestamos atenci\u00f3n a la diversificaci\u00f3n e individualizaci\u00f3n de los productos, creando una serie de aceites esenciales de vainilla, adecuados para varios tipos de cabello y preferencias, puede estar seguro de que puede usarlos. En t\u00e9rminos de control de calidad, prestamos m\u00e1s atenci\u00f3n a todo el proceso de producci\u00f3n con diferentes controles de calidad y pruebas de seguridad para garantizar la seguridad y la eficacia de cada botella de aceite esencial de vainilla. Por favor, p\u00f3ngase en contacto con nosotros si tambi\u00e9n est\u00e1 interesado.<\/p>","protected":false},"excerpt":{"rendered":"Vanilla Essential Oil Manufacturing Common Formulas In the production of vanilla essential oil, we have designed a variety of scientific formulations according to different hair types and preferences, aiming to bring you safe and effective essential oil for hair care. 1. Vanilla essential oil: It plays an important role as a core ingredient. In addition [&hellip;]","protected":false},"featured_media":2239,"menu_order":0,"template":"","meta":[],"product-tag":[],"products":[53],"class_list":["post-2238","product","type-product","status-publish","has-post-thumbnail","hentry","products-essential-oil"],"acf":[],"_links":{"self":[{"href":"https:\/\/www.ruiqigo.com\/es\/wp-json\/wp\/v2\/product\/2238","targetHints":{"allow":["GET"]}}],"collection":[{"href":"https:\/\/www.ruiqigo.com\/es\/wp-json\/wp\/v2\/product"}],"about":[{"href":"https:\/\/www.ruiqigo.com\/es\/wp-json\/wp\/v2\/types\/product"}],"version-history":[{"count":0,"href":"https:\/\/www.ruiqigo.com\/es\/wp-json\/wp\/v2\/product\/2238\/revisions"}],"wp:featuredmedia":[{"embeddable":true,"href":"https:\/\/www.ruiqigo.com\/es\/wp-json\/wp\/v2\/media\/2239"}],"wp:attachment":[{"href":"https:\/\/www.ruiqigo.com\/es\/wp-json\/wp\/v2\/media?parent=2238"}],"wp:term":[{"taxonomy":"product-tag","embeddable":true,"href":"https:\/\/www.ruiqigo.com\/es\/wp-json\/wp\/v2\/product-tag?post=2238"},{"taxonomy":"products","embeddable":true,"href":"https:\/\/www.ruiqigo.com\/es\/wp-json\/wp\/v2\/products?post=2238"}],"curies":[{"name":"wp","href":"https:\/\/api.w.org\/{rel}","templated":true}]}}