{"id":2252,"date":"2024-12-13T16:30:51","date_gmt":"2024-12-13T08:30:51","guid":{"rendered":"https:\/\/ruiqigo.com\/?post_type=product&#038;p=2252"},"modified":"2024-12-13T16:32:03","modified_gmt":"2024-12-13T08:32:03","slug":"deep-conditioner","status":"publish","type":"product","link":"https:\/\/www.ruiqigo.com\/es\/product\/deep-conditioner","title":{"rendered":"Acondicionador profundo"},"content":{"rendered":"<h2 class=\"wp-block-heading\">F\u00f3rmulas comunes para la fabricaci\u00f3n de acondicionadores profundos<\/h2>\n\n\n\n<p>Como fabricante profesional de acondicionadores profundos, utilizamos una variedad de ingredientes naturales y efectivos y combinaciones cient\u00edficas, con el objetivo de crear un acondicionador para el cabello nutritivo y reparador profundo para usted.<\/p>\n\n\n\n<p>1. Esencia proteica: la prote\u00edna es una parte importante del cabello y puede penetrar profundamente en el cabello y penetrar en gran medida, reponiendo la prote\u00edna perdida y reparando el cabello da\u00f1ado. Tambi\u00e9n fortalece la queratina, fortaleciendo el cabello y reduciendo la rotura del mismo.<\/p>\n\n\n\n<p>2. Aceite de almendras: El aceite de almendras puede proporcionar suficiente hidrataci\u00f3n y nutrici\u00f3n al cabello, al mismo tiempo que repara el cabello da\u00f1ado, lo que hace que el cabello quede m\u00e1s suave y no se quiebre f\u00e1cilmente. Al mismo tiempo, tambi\u00e9n estimula los fol\u00edculos pilosos, lo que promueve el crecimiento saludable del cabello.<\/p>\n\n\n\n<p>3. Manteca de karit\u00e9: La manteca de karit\u00e9 tiene propiedades antibacterianas y antiinflamatorias, que pueden reducir la inflamaci\u00f3n y las molestias en el cuero cabelludo. Tambi\u00e9n aporta nutrientes y humectaci\u00f3n al cuero cabelludo, lo que le da al cabello un brillo m\u00e1s brillante.<\/p>\n\n\n\n<p>4. Multivitaminas: Las multivitaminas no solo pueden regular la secreci\u00f3n de aceite en el cuero cabelludo y mantener el cabello fresco, sino que tambi\u00e9n brindan una nutrici\u00f3n integral, nutren profundamente el cabello y promueven el crecimiento saludable del cabello. Al mismo tiempo, la vitamina E tiene un efecto antioxidante, que puede reducir el da\u00f1o causado por los radicales libres y mejorar la elasticidad y la dureza del cabello.<\/p>\n\n\n\n<p>5. Extracto de algas: los ingredientes activos del extracto de algas pueden reparar las hebras capilares da\u00f1adas, estimular la actividad de los fol\u00edculos pilosos y mejorar la ca\u00edda del cabello. Tambi\u00e9n crea una pel\u00edcula protectora en la superficie del cabello, lo que reduce la p\u00e9rdida de agua y lo vuelve m\u00e1s suave.<\/p>\n\n\n\n<h2 class=\"wp-block-heading\">Las funciones del acondicionador profundo<\/h2>\n\n\n\n<p>Dise\u00f1ado para cabello con da\u00f1os severos, este acondicionador profundo tiene m\u00faltiples funciones para proteger la salud de tu cabello. Controlamos estrictamente la calidad de producci\u00f3n en el proceso de producci\u00f3n, por lo que puedes estar seguro de su uso. Estas son sus principales funciones:<\/p>\n\n\n\n<p>1. Fortalece la queratina: el proceso de planchado y te\u00f1ido y el duro entorno externo provocar\u00e1n una gran p\u00e9rdida de prote\u00ednas en el cabello, lo que provocar\u00e1 que el cabello se seque y se quiebre. Contiene una gran cantidad de esencia proteica, que el cabello puede absorber r\u00e1pidamente, revertir el da\u00f1o y hacer que el cabello sea m\u00e1s fuerte y suave.<\/p>\n\n\n\n<p>2. Hidrataci\u00f3n y humectaci\u00f3n: el acondicionador profundo puede penetrar el n\u00facleo del cabello y agregar agua y nutrientes, hidratando eficazmente y formando una pel\u00edcula protectora para evitar la p\u00e9rdida de agua. El uso a largo plazo dejar\u00e1 su cabello suave y flexible.<\/p>\n\n\n\n<p>3. Repara el cabello: Al usar nuestros productos, puede reparar eficazmente la estructura del cabello y mejorar la elasticidad del cabello, reduciendo as\u00ed las puntas abiertas y la rotura, aliviando el frizz.<\/p>\n\n\n\n<p>4. Mejora la calidad del cabello: nutre el cabello de forma continua, suavizando el cabello y fortaleciendo el estrato c\u00f3rneo. Con un uso constante, tu cabello recuperar\u00e1 su opacidad y brillo. Al mismo tiempo, puede reducir el fen\u00f3meno de la electricidad est\u00e1tica y los enredos en el cabello, haci\u00e9ndolo m\u00e1s suave.<\/p>\n\n\n\n<p>5. Aceite equilibrante: el acondicionador profundo para el cabello tambi\u00e9n tiene una cierta funci\u00f3n de regular la secreci\u00f3n de aceite en el cuero cabelludo, lo que puede reducir la sensaci\u00f3n grasosa del cuero cabelludo, calmarlo y hacerlo m\u00e1s refrescante.<\/p>\n\n\n\n<p>6. Cabello f\u00e1cil de manejar: el cuidado regular puede ayudarlo a reducir la rotura causada por el proceso de planchado, pero tambi\u00e9n reduce el fen\u00f3meno del frizz, los enredos, el cuidado y el modelado m\u00e1s convenientes.<\/p>\n\n\n\n<h2 class=\"wp-block-heading\">\u00bfC\u00f3mo utilizar el acondicionador profundo?<\/h2>\n\n\n\n<p>Al dise\u00f1ar la f\u00f3rmula, hemos tenido en cuenta las necesidades de los diferentes tipos de cabello, por lo que hemos desarrollado una variedad de acondicionadores profundos, como el control de la grasa refrescante, el reparador hidratante y el nutritivo reparador rico. Cuando use un acondicionador profundo, puede elegir un producto y un tratamiento que sea adecuado para usted seg\u00fan la calidad y las necesidades de su cabello. Tambi\u00e9n marcaremos las instrucciones en el empaque para su referencia:<\/p>\n\n\n\n<p>1. Despu\u00e9s del champ\u00fa: Lave su cabello de acuerdo con el proceso normal y luego s\u00e9quelo suavemente con una toalla para absorber el exceso de agua. Luego aplique una cantidad adecuada de acondicionador profundo de manera uniforme desde la mitad hasta las puntas del cabello, evitando el contacto con el cuero cabelludo. Puede masajear suavemente para promover la absorci\u00f3n y dejarlo actuar en el cabello durante 3 a 5 minutos. Si el cabello est\u00e1 muy da\u00f1ado, puede extender adecuadamente el tiempo de acci\u00f3n. Enjuague con agua tibia cuando haya transcurrido el tiempo para asegurarse de que no queden residuos.<\/p>\n\n\n\n<p>2. Fortalecer el cuidado: Para el cabello especialmente seco y da\u00f1ado, puedes fortalecer el cuidado despu\u00e9s de lavarlo. Despu\u00e9s de aplicar uniformemente el acondicionador, envuelve el cabello en una toalla caliente y ponte un gorro de ducha. Espera entre 20 y 30 minutos antes de enjuagar con agua tibia.<\/p>\n\n\n\n<p>3. \u00daselo antes de acostarse: para aprovechar al m\u00e1ximo la funci\u00f3n reparadora del acondicionador profundo, puede usarlo antes de acostarse. En primer lugar, l\u00e1vese y envu\u00e9lvalo con el proceso habitual, luego col\u00f3quese un gorro de ducha, espere hasta la ma\u00f1ana siguiente despu\u00e9s de levantarse y luego enjuague con agua tibia.<\/p>\n\n\n\n<h2 class=\"wp-block-heading\">Precauci\u00f3n<\/h2>\n\n\n\n<p>1. Se recomienda elegir un acondicionador profundo adecuado a la calidad y necesidades de su cabello;<\/p>\n\n\n\n<p>2. La primera vez que se use el producto, se deben realizar pruebas de alergia. Si se producen molestias, se debe suspender su uso inmediatamente.<\/p>\n\n\n\n<p>3. Preste atenci\u00f3n a la frecuencia de uso, se recomienda 1-2 veces por semana para evitar el cabello graso causado por el uso excesivo;<\/p>\n\n\n\n<p>4. Preste atenci\u00f3n al principio de la cantidad adecuada, demasiado acondicionador tambi\u00e9n provocar\u00e1 cabello grasoso y obstruir\u00e1 los poros;<\/p>\n\n\n\n<p>5. Evite utilizar el mismo acondicionador para el cabello durante mucho tiempo, de lo contrario se volver\u00e1 dependiente;<\/p>\n\n\n\n<p>6. Se recomienda almacenar en un lugar fresco y seco para evitar el deterioro causado por la luz solar directa y un ambiente de alta temperatura.<\/p>\n\n\n\n<h2 class=\"wp-block-heading\">Conclusi\u00f3n<\/h2>\n\n\n\n<p>Como fabricante de acondicionadores profundos enfocados en la producci\u00f3n de alta calidad, estamos comprometidos a producir productos con ingredientes naturales, cuidado eficiente y empaques \u00fanicos. Para garantizar la m\u00e1xima retenci\u00f3n de ingredientes activos en el proceso de producci\u00f3n, utilizamos tecnolog\u00eda avanzada de emulsificaci\u00f3n y procesos de tratamiento a baja temperatura y realizamos pruebas de seguridad en el producto terminado para garantizar que cada botella sea segura de usar. Elegir nuestro acondicionador profundo no es solo para el cuidado del cabello, sino tambi\u00e9n para la b\u00fasqueda de la calidad de vida. Si est\u00e1 m\u00e1s interesado, comun\u00edquese con nosotros.<\/p>","protected":false},"excerpt":{"rendered":"Deep Conditioner Manufacturing Common Formulas As a professional deep conditioner manufacturer, we use a variety of natural and effective ingredients and scientific matching, aiming to create a deep repair and nourishing hair conditioner for you. 1. Protein essence: Protein is an important part of the hair, and protein essence can penetrate deeply into the hair [&hellip;]","protected":false},"featured_media":2253,"menu_order":0,"template":"","meta":[],"product-tag":[],"products":[52],"class_list":["post-2252","product","type-product","status-publish","has-post-thumbnail","hentry","products-conditioner"],"acf":[],"_links":{"self":[{"href":"https:\/\/www.ruiqigo.com\/es\/wp-json\/wp\/v2\/product\/2252","targetHints":{"allow":["GET"]}}],"collection":[{"href":"https:\/\/www.ruiqigo.com\/es\/wp-json\/wp\/v2\/product"}],"about":[{"href":"https:\/\/www.ruiqigo.com\/es\/wp-json\/wp\/v2\/types\/product"}],"version-history":[{"count":0,"href":"https:\/\/www.ruiqigo.com\/es\/wp-json\/wp\/v2\/product\/2252\/revisions"}],"wp:featuredmedia":[{"embeddable":true,"href":"https:\/\/www.ruiqigo.com\/es\/wp-json\/wp\/v2\/media\/2253"}],"wp:attachment":[{"href":"https:\/\/www.ruiqigo.com\/es\/wp-json\/wp\/v2\/media?parent=2252"}],"wp:term":[{"taxonomy":"product-tag","embeddable":true,"href":"https:\/\/www.ruiqigo.com\/es\/wp-json\/wp\/v2\/product-tag?post=2252"},{"taxonomy":"products","embeddable":true,"href":"https:\/\/www.ruiqigo.com\/es\/wp-json\/wp\/v2\/products?post=2252"}],"curies":[{"name":"wp","href":"https:\/\/api.w.org\/{rel}","templated":true}]}}