{"id":226,"date":"2024-06-30T23:13:01","date_gmt":"2024-06-30T15:13:01","guid":{"rendered":"https:\/\/ruiqigo.com\/?post_type=product&#038;p=226"},"modified":"2024-09-25T15:10:51","modified_gmt":"2024-09-25T07:10:51","slug":"sulfate-free-shampoo","status":"publish","type":"product","link":"https:\/\/www.ruiqigo.com\/es\/product\/sulfate-free-shampoo","title":{"rendered":"Champ\u00fa sin sulfatos"},"content":{"rendered":"<h3 class=\"wp-block-heading\">Fabricaci\u00f3n de champ\u00fas sin sulfatos F\u00f3rmulas comunes<\/h3>\n\n\n\n<p>Sabemos que las personas que eligen champ\u00fas sin sulfatos suelen tener cuero cabelludo sensible. Por eso, nuestros productos utilizan una variedad de ingredientes suaves pero efectivos. Hemos elegido el lauroil sarcosinato de sodio como nuestro principal agente limpiador. Es un surfactante derivado de amino\u00e1cidos, que es suave y limpia bien. Elimina la suciedad del cuero cabelludo y el cabello sin alterar el equilibrio natural del cuero cabelludo. Hemos incluido cocamidopropil beta\u00edna y lauril \u00e9ter sulfosuccinato dis\u00f3dico para limpiar a fondo el cuero cabelludo y los fol\u00edculos pilosos. Estos ingredientes tambi\u00e9n crean una abundante espuma y mantienen el cabello y el cuero cabelludo hidratados durante el proceso de limpieza profunda. Adem\u00e1s, hemos utilizado cocamida metil MEA para mejorar la eficacia de los dem\u00e1s ingredientes. Act\u00faa como emulsionante y estabilizador, y tambi\u00e9n a\u00f1ade una capa adicional de protecci\u00f3n a tu cabello contra los da\u00f1os ambientales.<\/p>\n\n\n\n<h3 class=\"wp-block-heading\">Fabricaci\u00f3n de champ\u00fa sin sulfatos Escenarios aplicables<\/h3>\n\n\n\n<p>Los champ\u00fas sin sulfatos funcionan bien en todo tipo de clima, pero son especialmente \u00fatiles en \u00e1reas secas y fr\u00edas. Tienen una f\u00f3rmula suave que puede aliviar la irritaci\u00f3n del cuero cabelludo causada por tales condiciones. Adem\u00e1s, estos champ\u00fas est\u00e1n hechos de una manera que es mejor para el medio ambiente y pueden estar hechos de una manera que dure m\u00e1s. Tambi\u00e9n puedes combinarlos con un champ\u00fa <a href=\"https:\/\/www.ruiqigo.com\/es\/product\/salt-free-water-conditioner\/\">Acondicionador de agua sin sulfatos<\/a> Para obtener resultados a\u00fan mejores.<\/p>\n\n\n\n<h3 class=\"wp-block-heading\">\u00bfPara qui\u00e9n son adecuados los champ\u00fas sin sulfatos?<\/h3>\n\n\n\n<p>La f\u00f3rmula suave del champ\u00fa sin sulfatos lo hace especialmente adecuado para quienes desean evitar la irritaci\u00f3n qu\u00edmica. Para quienes se ti\u00f1en o se hacen la permanente con regularidad, el champ\u00fa sin sulfatos ayuda a proteger y prolongar el mantenimiento del color del cabello. Adem\u00e1s, las personas con cuero cabelludo sensible pueden beneficiarse de los champ\u00fas sin sulfatos. Estos champ\u00fas pueden reducir las reacciones al\u00e9rgicas y la irritaci\u00f3n, ofreciendo una experiencia de lavado y cuidado del cabello suave y calmante. M\u00e1s <a href=\"https:\/\/www.ruiqigo.com\/es\/products\/shampoo\/\">champ\u00fas con ingredientes naturales<\/a> para que usted elija entre 3TOP.<\/p>\n\n\n\n<h3 class=\"wp-block-heading\">Proceso de producci\u00f3n del champ\u00fa sin sulfatos<\/h3>\n\n\n\n<p>Los champ\u00fas sin sulfatos son m\u00e1s suaves porque no utilizan sulfatos agresivos. Los reemplazamos con surfactantes de amino\u00e1cidos que son m\u00e1s baratos y suaves. Se enjuagan f\u00e1cilmente, no dejan muchos residuos y no da\u00f1an las prote\u00ednas del cabello y el cuero cabelludo, manteni\u00e9ndolos saludables. La elaboraci\u00f3n de estos champ\u00fas tambi\u00e9n es mejor para el medio ambiente, ya que no tienen sulfatos, lo que ayuda a que el proceso sea m\u00e1s ecol\u00f3gico.<\/p>","protected":false},"excerpt":{"rendered":"Sulfate free shampoo manufacturing Common Formulas We know that people who choose sulfate free shampoo often have sensitive scalps. That&#8217;s why our products use a variety of gentle yet effective ingredients. We&#8217;ve chosen Sodium Lauroyl Sarcosinate as our main cleaning agent. It&#8217;s a surfactant derived from amino acids, which is mild and cleans well. It [&hellip;]","protected":false},"featured_media":222,"menu_order":0,"template":"","meta":[],"product-tag":[],"products":[51],"class_list":["post-226","product","type-product","status-publish","has-post-thumbnail","hentry","products-shampoo"],"acf":[],"_links":{"self":[{"href":"https:\/\/www.ruiqigo.com\/es\/wp-json\/wp\/v2\/product\/226","targetHints":{"allow":["GET"]}}],"collection":[{"href":"https:\/\/www.ruiqigo.com\/es\/wp-json\/wp\/v2\/product"}],"about":[{"href":"https:\/\/www.ruiqigo.com\/es\/wp-json\/wp\/v2\/types\/product"}],"version-history":[{"count":0,"href":"https:\/\/www.ruiqigo.com\/es\/wp-json\/wp\/v2\/product\/226\/revisions"}],"wp:featuredmedia":[{"embeddable":true,"href":"https:\/\/www.ruiqigo.com\/es\/wp-json\/wp\/v2\/media\/222"}],"wp:attachment":[{"href":"https:\/\/www.ruiqigo.com\/es\/wp-json\/wp\/v2\/media?parent=226"}],"wp:term":[{"taxonomy":"product-tag","embeddable":true,"href":"https:\/\/www.ruiqigo.com\/es\/wp-json\/wp\/v2\/product-tag?post=226"},{"taxonomy":"products","embeddable":true,"href":"https:\/\/www.ruiqigo.com\/es\/wp-json\/wp\/v2\/products?post=226"}],"curies":[{"name":"wp","href":"https:\/\/api.w.org\/{rel}","templated":true}]}}