{"id":227,"date":"2024-06-30T23:19:42","date_gmt":"2024-06-30T15:19:42","guid":{"rendered":"https:\/\/ruiqigo.com\/?post_type=product&#038;p=227"},"modified":"2024-09-25T15:09:48","modified_gmt":"2024-09-25T07:09:48","slug":"moroccanoil-shampoo","status":"publish","type":"product","link":"https:\/\/www.ruiqigo.com\/es\/product\/moroccanoil-shampoo","title":{"rendered":"Champ\u00fa Moroccanoil"},"content":{"rendered":"<h3 class=\"wp-block-heading\">F\u00f3rmulas comunes de fabricaci\u00f3n del champ\u00fa Moroccanoil<\/h3>\n\n\n\n<p>Los champ\u00fas Moroccanoil contienen una variedad de ingredientes reparadores, empezando por el aceite de arg\u00e1n. El aceite de arg\u00e1n es rico en vitamina E y antioxidantes, que el cabello absorbe con relativa rapidez para formar una pel\u00edcula protectora que reduce los rayos UV, repara las escamas y mejora la textura del cabello. El champ\u00fa Moroccanoil est\u00e1 repleto de ingredientes beneficiosos, como \u00e1cidos grasos, antioxidantes y vitamina E. Repara el cabello da\u00f1ado, lo hace m\u00e1s el\u00e1stico y brillante y lo protege de las sustancias nocivas del aire. La prote\u00edna de trigo hidrolizada del champ\u00fa penetra profundamente en el cabello y le proporciona los amino\u00e1cidos que necesita para ser fuerte y resistente. Adem\u00e1s, contiene extracto de hongo plateado, repleto de sustancias beneficiosas, como polisac\u00e1ridos, prote\u00ednas y peque\u00f1as cantidades de nutrientes. Nutre profundamente el cuero cabelludo y el cabello y lo hace m\u00e1s saludable.<\/p>\n\n\n\n<h3 class=\"wp-block-heading\">Escenarios aplicables del champ\u00fa Moroccanoil<\/h3>\n\n\n\n<p>Con sus ricos nutrientes y propiedades nutritivas, el champ\u00fa Moroccanoil es adecuado para todos los climas y entornos, especialmente los climas secos. En los climas secos, el cabello es propenso a la fricci\u00f3n y la electricidad est\u00e1tica, y la falta de humedad conduce a la sequedad. Los ingredientes reparadores como el aceite de arg\u00e1n en el champ\u00fa Moroccanoil proporcionan una hidrataci\u00f3n adicional al cabello, lo que ayuda a reducir la est\u00e1tica y la rotura del cabello seco. Tambi\u00e9n puede combinarlo con un champ\u00fa Moroccanoil. <a href=\"https:\/\/www.ruiqigo.com\/es\/products\/conditioner\/\">acondicionador de ingredientes naturales<\/a> Para obtener resultados a\u00fan mejores.<\/p>\n\n\n\n<h3 class=\"wp-block-heading\">\u00bfPara qui\u00e9n es adecuado el champ\u00fa Moroccanoil?<\/h3>\n\n\n\n<p>Los champ\u00fas Moroccanoil son una excelente opci\u00f3n para las personas que tienen el cabello da\u00f1ado, seco o quebradizo. Este champ\u00fa est\u00e1 formulado con ingredientes nutritivos y ricos que act\u00faan para acondicionar y revitalizar profundamente el cabello, dej\u00e1ndolo suave, liso y manejable. El ingrediente clave, el aceite de Moroccanoil, es conocido por su alto contenido de nutrientes, que penetra en el tallo del cabello para reparar el da\u00f1o y restaurar la fuerza y la elasticidad. M\u00e1s n<a href=\"https:\/\/www.ruiqigo.com\/es\/products\/shampoo\/\">champ\u00fas con ingredientes naturales<\/a> para que usted elija entre 3TOP.<\/p>\n\n\n\n<h3 class=\"wp-block-heading\">Proceso de producci\u00f3n del champ\u00fa Moroccanoil<\/h3>\n\n\n\n<p>Los champ\u00fas Moroccanoil contienen nutrientes naturales cuidadosamente seleccionados por su capacidad para mejorar significativamente la fuerza y la salud del cabello. El ingrediente estrella, extra\u00eddo del \u00e1rbol de arg\u00e1n originario de Marruecos, es rico en \u00e1cidos grasos esenciales, antioxidantes y vitamina E. Estos componentes trabajan juntos para fortalecer cada hebra, protegi\u00e9ndola contra la rotura y promoviendo la resistencia.<\/p>","protected":false},"excerpt":{"rendered":"Moroccanoil shampoo manufacturing common formulas Moroccanoil shampoos contain a range of repairing ingredients, starting with argan oil. Argan oil is rich in vitamin E and antioxidants, which are absorbed relatively quickly by the hair to form a protective film that reduces UV rays, repairs the scales, and improves hair texture. Moroccanoil Shampoo is packed with [&hellip;]","protected":false},"featured_media":228,"menu_order":0,"template":"","meta":[],"product-tag":[],"products":[51],"class_list":["post-227","product","type-product","status-publish","has-post-thumbnail","hentry","products-shampoo"],"acf":[],"_links":{"self":[{"href":"https:\/\/www.ruiqigo.com\/es\/wp-json\/wp\/v2\/product\/227","targetHints":{"allow":["GET"]}}],"collection":[{"href":"https:\/\/www.ruiqigo.com\/es\/wp-json\/wp\/v2\/product"}],"about":[{"href":"https:\/\/www.ruiqigo.com\/es\/wp-json\/wp\/v2\/types\/product"}],"version-history":[{"count":0,"href":"https:\/\/www.ruiqigo.com\/es\/wp-json\/wp\/v2\/product\/227\/revisions"}],"wp:featuredmedia":[{"embeddable":true,"href":"https:\/\/www.ruiqigo.com\/es\/wp-json\/wp\/v2\/media\/228"}],"wp:attachment":[{"href":"https:\/\/www.ruiqigo.com\/es\/wp-json\/wp\/v2\/media?parent=227"}],"wp:term":[{"taxonomy":"product-tag","embeddable":true,"href":"https:\/\/www.ruiqigo.com\/es\/wp-json\/wp\/v2\/product-tag?post=227"},{"taxonomy":"products","embeddable":true,"href":"https:\/\/www.ruiqigo.com\/es\/wp-json\/wp\/v2\/products?post=227"}],"curies":[{"name":"wp","href":"https:\/\/api.w.org\/{rel}","templated":true}]}}