{"id":2291,"date":"2024-12-17T16:20:43","date_gmt":"2024-12-17T08:20:43","guid":{"rendered":"https:\/\/ruiqigo.com\/?post_type=product&#038;p=2291"},"modified":"2024-12-17T16:22:39","modified_gmt":"2024-12-17T08:22:39","slug":"frankincense-essential-oil","status":"publish","type":"product","link":"https:\/\/www.ruiqigo.com\/es\/product\/frankincense-essential-oil","title":{"rendered":"Aceite esencial de incienso"},"content":{"rendered":"<h2 class=\"wp-block-heading\">F\u00f3rmulas comunes para la fabricaci\u00f3n de aceite esencial de incienso<\/h2>\n\n\n\n<p>En el proceso de producci\u00f3n, hemos dise\u00f1ado una variedad de f\u00f3rmulas seg\u00fan sus diferentes necesidades para garantizar que puedan ejercer sus respectivos efectos. Si la concentraci\u00f3n de aceite esencial de incienso es mayor, generalmente es necesario diluir el aceite base para cuidar mejor su salud.<\/p>\n\n\n\n<p>1. Aceite esencial de incienso: Desempe\u00f1a un papel importante como ingrediente principal. Por ejemplo, el aceite esencial de incienso tiene propiedades antibacterianas y antiinflamatorias, que pueden inhibir la reproducci\u00f3n bacteriana, reducir la aparici\u00f3n de inflamaci\u00f3n y luego promover la cicatrizaci\u00f3n de heridas y tratar enfermedades bucales, infecciones de la piel, inflamaci\u00f3n del cuero cabelludo y otros problemas. Tambi\u00e9n estimula la circulaci\u00f3n sangu\u00ednea, lo que ayuda a los fol\u00edculos pilosos a absorber m\u00e1s nutrientes, promoviendo as\u00ed el crecimiento del cabello. Al mismo tiempo, puede penetrar en el cabello para proporcionar humedad, reducir el encrespamiento, la rotura y las puntas abiertas, y hacer que el cabello sea m\u00e1s flexible. Adem\u00e1s, tambi\u00e9n puede promover la regeneraci\u00f3n celular, reparar el tejido da\u00f1ado del cuero cabelludo y promover a\u00fan m\u00e1s la protecci\u00f3n de la salud del cuero cabelludo.<\/p>\n\n\n\n<p>2. Aceite de babajo: el aceite de babajo es rico en vitamina E y \u00e1cidos grasos, que pueden nutrir fuertemente el cabello y complementar los nutrientes. Tambi\u00e9n puede reparar el cabello da\u00f1ado y suavizar el frizz. Al mismo tiempo, como un aceite base ligero y de f\u00e1cil absorci\u00f3n, no sobrecarga el cabello.<\/p>\n\n\n\n<p>3. Aceite de coco: El aceite de coco tiene un excelente efecto hidratante, que puede penetrar profundamente en el n\u00facleo del cabello y aportar suficiente humedad y nutrientes. Tambi\u00e9n elimina eficazmente la electricidad est\u00e1tica y el frizz del cabello.<\/p>\n\n\n\n<p>4. Colofonia: La colofonia es el componente esencial del aceite esencial de incienso, que desprende un c\u00e1lido aroma a madera y un ligero aroma a frutas. Este aroma \u00fanico tambi\u00e9n alivia la ansiedad, modula el estado de \u00e1nimo y ayuda a relajarse.<\/p>\n\n\n\n<h2 class=\"wp-block-heading\">Las funciones del aceite esencial de incienso<\/h2>\n\n\n\n<p>Como fabricante profesional de aceite esencial de incienso, prestamos especial atenci\u00f3n a la alta calidad y la excelente eficacia de nuestros productos. Por lo tanto, seleccionamos cuidadosamente las materias primas y controlamos estrictamente cada eslab\u00f3n de la producci\u00f3n para garantizar la eficacia y la seguridad de los productos. Estos son sus principales beneficios:<\/p>\n\n\n\n<p>1. Mejora la inmunidad: el aceite esencial de incienso puede fortalecer el sistema inmunol\u00f3gico y mejorar la capacidad de resistencia a las enfermedades, para prevenir la aparici\u00f3n de enfermedades, como las enfermedades bucales. Adem\u00e1s, tiene posibles efectos anticancer\u00edgenos.<\/p>\n\n\n\n<p>2. Protege la piel: no solo promueve la regeneraci\u00f3n celular y repara el tejido da\u00f1ado, sino que tambi\u00e9n acelera la cicatrizaci\u00f3n de heridas. Tambi\u00e9n puede hidratar la piel, reducir a\u00fan m\u00e1s las arrugas y las cicatrices, las llagas y otros problemas, proteger la piel y prevenir el envejecimiento cut\u00e1neo.<\/p>\n\n\n\n<p>3. Cuidado del cabello: Nuestros aceites esenciales estimulan la circulaci\u00f3n del cuero cabelludo, lo que acelera el crecimiento del cabello. Tambi\u00e9n pueden aliviar la picaz\u00f3n y el malestar del cuero cabelludo, reducir la carga sobre el cuero cabelludo y hacer que el cabello est\u00e9 m\u00e1s saludable. Al mismo tiempo, tienen una fuerte capacidad hidratante, pueden nutrir el cabello y hacer que el cabello est\u00e9 m\u00e1s suave.<\/p>\n\n\n\n<p>4. Alivia el estr\u00e9s: el aroma \u00fanico del aceite esencial de incienso no solo puede promover la relajaci\u00f3n, aliviar el estr\u00e9s, regular las malas emociones y, por lo tanto, reducir la depresi\u00f3n. Tambi\u00e9n estimula los nervios y mejora la memoria.<\/p>\n\n\n\n<p>5. Dolor e hinchaz\u00f3n: cuando se usa, los componentes antibacterianos y antiinflamatorios del aceite esencial de incienso pueden matar eficazmente la reproducci\u00f3n bacteriana y reducir los s\u00edntomas inflamatorios, como el enrojecimiento y la hinchaz\u00f3n, y tambi\u00e9n pueden aliviar la artritis, el dolor muscular y lograr a\u00fan m\u00e1s el papel del dolor y la hinchaz\u00f3n.<\/p>\n\n\n\n<h2 class=\"wp-block-heading\">\u00bfC\u00f3mo utilizar el aceite esencial de incienso?<\/h2>\n\n\n\n<p>El aceite esencial de incienso se puede utilizar de diferentes maneras seg\u00fan las distintas situaciones y necesidades. Tambi\u00e9n hemos dise\u00f1ado una variedad de f\u00f3rmulas y hemos probado la eficacia de los productos terminados para garantizar que los productos que reciba se puedan utilizar con confianza. A continuaci\u00f3n, le indicamos c\u00f3mo utilizar el cuidado del cabello:<\/p>\n\n\n\n<p>1. Masaje del cuero cabelludo: primero, a\u00f1ade 4 gotas de aceite esencial de incienso a 1 cucharada de aceite de jojoba para diluirlo, luego aplica uniformemente el aceite esencial diluido en el cuero cabelludo y masajea suavemente. Luego, puedes envolver tu cabeza en una toalla caliente y esperar 30 minutos, lo que permite que el aceite penetre. Cuando haya transcurrido el tiempo, enju\u00e1galo con agua tibia para asegurarte de que no queden residuos.<\/p>\n\n\n\n<p>2. Mezcla: durante el proceso de lavado del cabello, puede agregar 3 gotas de nuestro aceite esencial al champ\u00fa o acondicionador para mezclarlo bien y luego lavar el cabello de acuerdo con el proceso normal. Puede masajearlo suavemente durante este proceso, especialmente si el cabello est\u00e1 muy da\u00f1ado y seco, para promover la absorci\u00f3n.<\/p>\n\n\n\n<p>3. Terapia de fragancias: se puede inhalar directamente o con la ayuda de difusores de fragancias para aliviar el estr\u00e9s, relajar el cuerpo y la mente y reducir indirectamente la ca\u00edda del cabello relacionada con el estr\u00e9s.<\/p>\n\n\n\n<h2 class=\"wp-block-heading\">Precauci\u00f3n<\/h2>\n\n\n\n<p>1. Elija un aceite esencial de incienso adecuado seg\u00fan su tipo de piel o cabello y sus necesidades;<\/p>\n\n\n\n<p>2. La primera vez que se use el producto, se deben realizar pruebas de alergia. Si se producen molestias, se debe suspender su uso inmediatamente.<\/p>\n\n\n\n<p>3. Evite el contacto con los ojos y otras partes sensibles, si hay contacto, enjuague con aceite base (no agua) y observe, si a\u00fan hay molestias debe consultar a un m\u00e9dico;<\/p>\n\n\n\n<p>4. Preste atenci\u00f3n a la frecuencia de uso, se recomienda usarlo 1-2 veces por semana, para evitar un uso excesivo causado por la carga del cuero cabelludo;<\/p>\n\n\n\n<p>5. Preste atenci\u00f3n al principio de una cantidad apropiada, el exceso de aceite esencial har\u00e1 que el cuero cabelludo se vuelva grasoso y obstruir\u00e1 los poros;<\/p>\n\n\n\n<p>6. Se recomienda almacenar en un lugar fresco y seco para evitar la luz solar directa y un ambiente de alta temperatura.<\/p>\n\n\n\n<h2 class=\"wp-block-heading\">Conclusi\u00f3n<\/h2>\n\n\n\n<p>Como productores experimentados de aceites esenciales de incienso, comprendemos su deseo de calidad y eficacia. Por lo tanto, cada uno de nuestros procesos ha sido sometido a un estricto control de calidad y un control preciso de tiempo y temperatura para garantizar que cada botella contenga ingredientes ricos y ejerza la m\u00e1xima eficacia.<\/p>\n\n\n\n<p>Por supuesto, tambi\u00e9n contamos con excelentes servicios de personalizaci\u00f3n para crear su marca de aceites esenciales seg\u00fan sus necesidades y ayudarlo a obtener una ventaja competitiva en el mercado. Comun\u00edquese con nosotros si est\u00e1 interesado.<\/p>","protected":false},"excerpt":{"rendered":"Frankincense Essential Oil Manufacturing Common Formulas In the production process, we have designed a variety of formulations according to your different needs to ensure that they can play their respective effects. If the concentration of frankincense essential oil is higher, you usually need to dilute the base oil, to better care for your health. 1. [&hellip;]","protected":false},"featured_media":2292,"menu_order":0,"template":"","meta":[],"product-tag":[],"products":[53],"class_list":["post-2291","product","type-product","status-publish","has-post-thumbnail","hentry","products-essential-oil"],"acf":[],"_links":{"self":[{"href":"https:\/\/www.ruiqigo.com\/es\/wp-json\/wp\/v2\/product\/2291","targetHints":{"allow":["GET"]}}],"collection":[{"href":"https:\/\/www.ruiqigo.com\/es\/wp-json\/wp\/v2\/product"}],"about":[{"href":"https:\/\/www.ruiqigo.com\/es\/wp-json\/wp\/v2\/types\/product"}],"version-history":[{"count":0,"href":"https:\/\/www.ruiqigo.com\/es\/wp-json\/wp\/v2\/product\/2291\/revisions"}],"wp:featuredmedia":[{"embeddable":true,"href":"https:\/\/www.ruiqigo.com\/es\/wp-json\/wp\/v2\/media\/2292"}],"wp:attachment":[{"href":"https:\/\/www.ruiqigo.com\/es\/wp-json\/wp\/v2\/media?parent=2291"}],"wp:term":[{"taxonomy":"product-tag","embeddable":true,"href":"https:\/\/www.ruiqigo.com\/es\/wp-json\/wp\/v2\/product-tag?post=2291"},{"taxonomy":"products","embeddable":true,"href":"https:\/\/www.ruiqigo.com\/es\/wp-json\/wp\/v2\/products?post=2291"}],"curies":[{"name":"wp","href":"https:\/\/api.w.org\/{rel}","templated":true}]}}