{"id":232,"date":"2024-06-30T23:25:32","date_gmt":"2024-06-30T15:25:32","guid":{"rendered":"https:\/\/ruiqigo.com\/?post_type=product&#038;p=232"},"modified":"2024-09-25T15:08:28","modified_gmt":"2024-09-25T07:08:28","slug":"biotin-shampoo","status":"publish","type":"product","link":"https:\/\/www.ruiqigo.com\/es\/product\/biotin-shampoo","title":{"rendered":"Champ\u00fa con biotina"},"content":{"rendered":"<h3 class=\"wp-block-heading\">F\u00f3rmulas comunes para la fabricaci\u00f3n de champ\u00fas con biotina<\/h3>\n\n\n\n<p>Los champ\u00fas con biotina contienen agentes limpiadores especiales llamados metil cocoil taurato de sodio y cocoil glicinato de sodio. Limpian muy bien y mantienen el equilibrio natural del cuero cabelludo. El champ\u00fa tambi\u00e9n contiene cocamidopropil beta\u00edna, que produce muchas burbujas y ayuda a mantener el cuero cabelludo y el cabello hidratados mientras los limpia. Adem\u00e1s, el champ\u00fa est\u00e1 fortificado con el ingrediente clave biotina VB7, que participa en la s\u00edntesis de queratina, la prote\u00edna principal que compone el cabello y las u\u00f1as. Por lo tanto, la presencia de biotina ayuda a mejorar la fuerza y la elasticidad del cabello, y es adecuado para personas propensas a la ca\u00edda y rotura del cabello para mejorar la salud del mismo.<\/p>\n\n\n\n<h3 class=\"wp-block-heading\">Champ\u00fa con biotina Escenarios aplicables<\/h3>\n\n\n\n<p>Los champ\u00fas con biotina funcionan bien en varios climas, especialmente en los secos y h\u00famedos, debido a sus beneficios nutritivos y fortalecedores. En climas secos, donde la condici\u00f3n del cabello tiende a volverse poco saludable, la VB7 en los champ\u00fas con biotina mejora la condici\u00f3n del cabello de adentro hacia afuera. En climas excesivamente h\u00famedos, el cabello tiende a volverse grasoso y plano. Los champ\u00fas con biotina regulan la secreci\u00f3n de aceite del cuero cabelludo, manteniendo el cabello fresco y voluminoso. Tambi\u00e9n puedes combinarlo con un champ\u00fa con biotina. <a href=\"https:\/\/www.ruiqigo.com\/es\/products\/conditioner\/\">acondicionador de ingredientes naturales <\/a>Para obtener resultados a\u00fan mejores.<\/p>\n\n\n\n<h3 class=\"wp-block-heading\">\u00bfPara qui\u00e9n son adecuados los champ\u00fas con biotina?<\/h3>\n\n\n\n<p>Los champ\u00fas con biotina son adecuados para personas que tienen problemas de ca\u00edda del cabello y cabello quebradizo y que utilizan este champ\u00fa para mejorar la textura del cabello. Adem\u00e1s, el champ\u00fa tambi\u00e9n es adecuado para personas con cabello poco saludable debido a la deficiencia de biotina. Para las personas con cabello que carece de brillo o que parece poco saludable, los champ\u00fas con biotina pueden ayudar a mejorar la salud general del cabello. M\u00e1s <a href=\"https:\/\/www.ruiqigo.com\/es\/products\/shampoo\/\">champ\u00fas con ingredientes naturales<\/a> para que usted elija entre 3TOP.<\/p>\n\n\n\n<h3 class=\"wp-block-heading\">Proceso de producci\u00f3n del champ\u00fa con biotina<\/h3>\n\n\n\n<p>En la producci\u00f3n de champ\u00fas con biotina, utilizamos la fermentaci\u00f3n microbiana para producir biotina. Este m\u00e9todo de producci\u00f3n de biotina da como resultado una biotina m\u00e1s activa y eficaz, y un proceso de producci\u00f3n m\u00e1s respetuoso con el medio ambiente.<\/p>","protected":false},"excerpt":{"rendered":"Biotin shampoo manufacturing Common Formulas Biotin Shampoos has special cleaning helpers called Sodium Methyl Cocoyl Taurate and Sodium Cocoyl Glycinate. They clean really well and keep your scalp&#8217;s natural balance. The shampoo also has Cocamidopropyl Betaine, which makes lots of bubbles and helps to keep your scalp and hair moisturized while it cleans them. In [&hellip;]","protected":false},"featured_media":233,"menu_order":0,"template":"","meta":[],"product-tag":[],"products":[51],"class_list":["post-232","product","type-product","status-publish","has-post-thumbnail","hentry","products-shampoo"],"acf":[],"_links":{"self":[{"href":"https:\/\/www.ruiqigo.com\/es\/wp-json\/wp\/v2\/product\/232","targetHints":{"allow":["GET"]}}],"collection":[{"href":"https:\/\/www.ruiqigo.com\/es\/wp-json\/wp\/v2\/product"}],"about":[{"href":"https:\/\/www.ruiqigo.com\/es\/wp-json\/wp\/v2\/types\/product"}],"version-history":[{"count":0,"href":"https:\/\/www.ruiqigo.com\/es\/wp-json\/wp\/v2\/product\/232\/revisions"}],"wp:featuredmedia":[{"embeddable":true,"href":"https:\/\/www.ruiqigo.com\/es\/wp-json\/wp\/v2\/media\/233"}],"wp:attachment":[{"href":"https:\/\/www.ruiqigo.com\/es\/wp-json\/wp\/v2\/media?parent=232"}],"wp:term":[{"taxonomy":"product-tag","embeddable":true,"href":"https:\/\/www.ruiqigo.com\/es\/wp-json\/wp\/v2\/product-tag?post=232"},{"taxonomy":"products","embeddable":true,"href":"https:\/\/www.ruiqigo.com\/es\/wp-json\/wp\/v2\/products?post=232"}],"curies":[{"name":"wp","href":"https:\/\/api.w.org\/{rel}","templated":true}]}}