{"id":2322,"date":"2024-12-19T14:17:49","date_gmt":"2024-12-19T06:17:49","guid":{"rendered":"https:\/\/ruiqigo.com\/?post_type=product&#038;p=2322"},"modified":"2024-12-19T17:21:20","modified_gmt":"2024-12-19T09:21:20","slug":"best-body-lotion-for-dry-skin","status":"publish","type":"product","link":"https:\/\/www.ruiqigo.com\/es\/product\/best-body-lotion-for-dry-skin","title":{"rendered":"La mejor loci\u00f3n corporal para pieles secas"},"content":{"rendered":"<h2 class=\"wp-block-heading\">La mejor loci\u00f3n corporal para pieles secas Fabricaci\u00f3n F\u00f3rmulas comunes<\/h2>\n\n\n\n<p>Durante todo el proceso de producci\u00f3n, utilizamos instalaciones de producci\u00f3n avanzadas y sistemas de prueba estrictos para garantizar la seguridad y la eficacia de los productos. Adem\u00e1s, hemos dise\u00f1ado diferentes f\u00f3rmulas para los distintos tipos de piel y preferencias con el fin de satisfacer las necesidades de la mayor\u00eda de las personas.<\/p>\n\n\n\n<p>1. \u00c1cido hialur\u00f3nico: el \u00e1cido hialur\u00f3nico es un humectante com\u00fan que tiene una gran capacidad para hidratar y absorber agua. No solo hidrata la piel y ayuda a eliminar las c\u00e9lulas muertas, sino que tambi\u00e9n forma una capa protectora en la superficie de la piel para evitar la p\u00e9rdida de agua y mantener la piel hidratada.<\/p>\n\n\n\n<p>2. Vaselina: Como un tipo de oclusivo, la vaselina puede ayudar a retener el agua, reducir la evaporaci\u00f3n del agua en la piel, aliviar a\u00fan m\u00e1s el problema de la piel seca y la descamaci\u00f3n y mantener la piel hidratada durante mucho tiempo.<\/p>\n\n\n\n<p>3. Manteca de karit\u00e9: La manteca de karit\u00e9 es un excelente emoliente. Adem\u00e1s de su efecto hidratante, la manteca de karit\u00e9 tambi\u00e9n puede reparar las c\u00e9lulas de los tejidos da\u00f1ados por la sequedad, promoviendo as\u00ed la regeneraci\u00f3n celular, ayudando a reducir las arrugas y las l\u00edneas finas y haciendo que la piel est\u00e9 m\u00e1s suave y tersa.<\/p>\n\n\n\n<p>4. Vitamina C: La vitamina C tiene un efecto antioxidante y puede resistir los radicales libres, que son perjudiciales para el medio ambiente externo. Al mismo tiempo, tambi\u00e9n puede promover la producci\u00f3n de col\u00e1geno, para lograr una piel firme y un efecto antienvejecimiento.<\/p>\n\n\n\n<p>5. Nicotinamida: La nicotinamida puede mejorar la funci\u00f3n de barrera de la piel, mejorar la capacidad hidratante de la piel, ayudar a reducir los poros, suavizar las arrugas y mejorar la elasticidad de la piel.<\/p>\n\n\n\n<h2 class=\"wp-block-heading\">Las funciones de la mejor loci\u00f3n corporal para pieles secas<\/h2>\n\n\n\n<p>Como fabricante profesional de lociones corporales, conocemos en profundidad las caracter\u00edsticas de la piel seca antes de dise\u00f1ar la f\u00f3rmula. Entender que la piel seca a menudo carece de suficientes aceites naturales para mantener la barrera de humedad de la piel puede provocar una serie de problemas. Hemos creado este producto en funci\u00f3n de este problema para que su piel vuelva a estar hidratada y suave.<\/p>\n\n\n\n<p>1. Hidratante y humectante: la mejor loci\u00f3n corporal para piel seca es f\u00e1cil de absorber, puede reponer profundamente el agua y los nutrientes y ser absorbida r\u00e1pidamente por la piel. Al mismo tiempo, retendr\u00e1 la humedad, lograr\u00e1 un efecto hidratante duradero, reparar\u00e1 la piel seca y da\u00f1ada y el uso a largo plazo har\u00e1 que su piel est\u00e9 m\u00e1s hidratada y suave.<\/p>\n\n\n\n<p>2. Exfoliante: puedes masajear suavemente al aplicarlo, lo que favorece la eliminaci\u00f3n de suciedad y grasa y la exfoliaci\u00f3n. Tambi\u00e9n ayuda a destapar los poros, prevenir el acn\u00e9 y cuidar a\u00fan m\u00e1s la salud de la piel.<\/p>\n\n\n\n<p>3. Mejora la calidad de la piel: Nuestra loci\u00f3n corporal tambi\u00e9n tiene un cierto efecto de iluminar la piel, lo que puede mejorar la opacidad de la piel, suavizar las arrugas y hacer que la piel sea m\u00e1s el\u00e1stica, suave y delicada.<\/p>\n\n\n\n<p>4. Calmante y relajante: Se agrega esencia de planta natural al producto, que tiene un aroma \u00fanico, que puede calmar el cuerpo y la mente, aliviar el estado de \u00e1nimo y el estr\u00e9s.<\/p>\n\n\n\n<p>5. Reparaci\u00f3n de barrera: La mejor loci\u00f3n corporal para piel seca tiene la funci\u00f3n de reparar la barrera cut\u00e1nea, fortalecer la resistencia y reparar el tejido da\u00f1ado, protegiendo as\u00ed la piel del entorno exterior y se adherir\u00e1 a su piel ser\u00e1 m\u00e1s saludable.<\/p>\n\n\n\n<h2 class=\"wp-block-heading\">\u00bfC\u00f3mo utilizar la mejor loci\u00f3n corporal para piel seca?<\/h2>\n\n\n\n<p>El uso regular de la mejor loci\u00f3n corporal para piel seca puede mejorar la piel y restaurar su salud. Por supuesto, tambi\u00e9n es importante elegir un producto que sea adecuado para usted. A continuaci\u00f3n, le indicamos c\u00f3mo utilizarlo:<\/p>\n\n\n\n<p>1. Limpiar la piel: D\u00fachate con el procedimiento habitual antes de usarla para eliminar la suciedad y la grasa de la superficie de la piel. Ten cuidado de limpiarla a fondo para que la leche de nuestro cuerpo se absorba mejor.<\/p>\n\n\n\n<p>2. Aplicar uniformemente: despu\u00e9s de ba\u00f1arse, s\u00e9quese suavemente con una toalla, pero mant\u00e9ngala ligeramente h\u00fameda, y luego aplique una cantidad adecuada de loci\u00f3n corporal uniformemente en todo el cuerpo, especialmente en las zonas que son f\u00e1ciles de ignorar. El grosor del estrato c\u00f3rneo se puede aumentar adecuadamente para aumentar la cantidad de aplicaci\u00f3n.<\/p>\n\n\n\n<p>3. Absorci\u00f3n del masaje: Despu\u00e9s de aplicarlo con las manos, masajee suavemente todo el cuerpo de forma circular para favorecer la absorci\u00f3n. Especialmente en las zonas con cut\u00edculas secas o gruesas, se puede aumentar la fuerza del masaje.<\/p>\n\n\n\n<p>4. Espere la absorci\u00f3n: despu\u00e9s del masaje, puede esperar unos minutos para que la loci\u00f3n se absorba completamente en la piel y, finalmente, puede ponerse la ropa.<\/p>\n\n\n\n<h2 class=\"wp-block-heading\">Precauci\u00f3n<\/h2>\n\n\n\n<p>1. La primera vez que se use el producto, se deben realizar pruebas de alergia. Si se producen molestias, se debe suspender su uso inmediatamente.<\/p>\n\n\n\n<p>2. Evite el contacto con los ojos y otras partes sensibles. En caso de contacto con los ojos, enjuague inmediatamente con agua;<\/p>\n\n\n\n<p>3. Mantener fuera del alcance de los ni\u00f1os para evitar mal uso;<\/p>\n\n\n\n<p>4. Preste atenci\u00f3n a la frecuencia de uso, se recomienda usarlo todas las ma\u00f1anas y noches, si est\u00e1 en un ambiente particularmente seco, la frecuencia de uso se puede aumentar adecuadamente;<\/p>\n\n\n\n<p>5. Preste atenci\u00f3n a la cantidad, el exceso de leche corporal puede hacer que la piel se vuelva grasosa y obstruya los poros, lo que dificulta su absorci\u00f3n;<\/p>\n\n\n\n<p>6. Se recomienda almacenar en un lugar fresco y seco, evitando la luz solar directa y un ambiente de alta temperatura.<\/p>\n\n\n\n<h2 class=\"wp-block-heading\">Conclusi\u00f3n<\/h2>\n\n\n\n<p>Adecuada para la mayor\u00eda de los tipos de piel, nuestra mejor loci\u00f3n corporal para piel seca es f\u00e1cil de usar y liviana, lo que la convierte en la opci\u00f3n ideal para una hidrataci\u00f3n eficaz y una nutrici\u00f3n suave. Adem\u00e1s, tambi\u00e9n contamos con una gama completa de servicios de personalizaci\u00f3n para crear un producto \u00fanico y digno de una marca seg\u00fan sus necesidades. Cont\u00e1ctenos si desea hacerse un nombre en el mercado de las lociones corporales.<\/p>\n\n\n\n<p><\/p>","protected":false},"excerpt":{"rendered":"Best Body Lotion For Dry Skin Manufacturing Common Formulas Throughout the entire production process, we use advanced production facilities and strict testing systems to ensure the safety and effectiveness of products. And we&#8217;ve designed different formulas for your different skin types and preferences to meet the needs of most people. 1. Hyaluronic acid: hyaluronic acid [&hellip;]","protected":false},"featured_media":2323,"menu_order":0,"template":"","meta":[],"product-tag":[],"products":[56],"class_list":["post-2322","product","type-product","status-publish","has-post-thumbnail","hentry","products-body-lotion"],"acf":[],"_links":{"self":[{"href":"https:\/\/www.ruiqigo.com\/es\/wp-json\/wp\/v2\/product\/2322","targetHints":{"allow":["GET"]}}],"collection":[{"href":"https:\/\/www.ruiqigo.com\/es\/wp-json\/wp\/v2\/product"}],"about":[{"href":"https:\/\/www.ruiqigo.com\/es\/wp-json\/wp\/v2\/types\/product"}],"version-history":[{"count":0,"href":"https:\/\/www.ruiqigo.com\/es\/wp-json\/wp\/v2\/product\/2322\/revisions"}],"wp:featuredmedia":[{"embeddable":true,"href":"https:\/\/www.ruiqigo.com\/es\/wp-json\/wp\/v2\/media\/2323"}],"wp:attachment":[{"href":"https:\/\/www.ruiqigo.com\/es\/wp-json\/wp\/v2\/media?parent=2322"}],"wp:term":[{"taxonomy":"product-tag","embeddable":true,"href":"https:\/\/www.ruiqigo.com\/es\/wp-json\/wp\/v2\/product-tag?post=2322"},{"taxonomy":"products","embeddable":true,"href":"https:\/\/www.ruiqigo.com\/es\/wp-json\/wp\/v2\/products?post=2322"}],"curies":[{"name":"wp","href":"https:\/\/api.w.org\/{rel}","templated":true}]}}