{"id":2328,"date":"2024-12-20T16:51:35","date_gmt":"2024-12-20T08:51:35","guid":{"rendered":"https:\/\/ruiqigo.com\/?post_type=product&#038;p=2328"},"modified":"2024-12-20T16:52:31","modified_gmt":"2024-12-20T08:52:31","slug":"color-depositing-conditioner","status":"publish","type":"product","link":"https:\/\/www.ruiqigo.com\/es\/product\/color-depositing-conditioner","title":{"rendered":"Acondicionador que deposita color"},"content":{"rendered":"<h2 class=\"wp-block-heading\">F\u00f3rmulas comunes de fabricaci\u00f3n de acondicionadores colorantes<\/h2>\n\n\n\n<p>Como fabricante profesional de acondicionadores colorantes, nos comprometemos a crear productos de alta calidad. Por ello, seleccionamos materias primas de alta calidad, como extractos de plantas naturales e ingredientes avanzados para el cuidado del cabello, y utilizamos tecnolog\u00eda de producci\u00f3n avanzada para conservar sus ingredientes activos al m\u00e1ximo.<\/p>\n\n\n\n<p>1. Aceite de arg\u00e1n: El aceite de arg\u00e1n tiene efectos antioxidantes que pueden prevenir el da\u00f1o del cabello debido a la oxidaci\u00f3n y mantener el color del cabello despu\u00e9s de la coloraci\u00f3n. Tambi\u00e9n nutre profundamente el cabello, ayuda a reparar el cabello da\u00f1ado y lo deja m\u00e1s suave y liso.<\/p>\n\n\n\n<p>2. Aceite de almendras: El aceite de almendras no solo puede hidratar el cabello, sino que tambi\u00e9n lo suaviza y reduce el problema de la electricidad est\u00e1tica del encrespamiento. Al mismo tiempo, puede reparar el cabello da\u00f1ado y mejorar la elasticidad y la dureza del cabello. Adem\u00e1s, tambi\u00e9n promueve la circulaci\u00f3n sangu\u00ednea en el cuero cabelludo y proporciona nutrientes adecuados a los fol\u00edculos pilosos, lo que promueve a\u00fan m\u00e1s el crecimiento saludable del cabello.<\/p>\n\n\n\n<p>3. Tinte: El tinte se deposita en la superficie del cabello o penetra en el cabello para complementar el color perdido, mejorando as\u00ed el efecto del color despu\u00e9s de te\u00f1ir el cabello.<\/p>\n\n\n\n<p>4. Surfactante: Act\u00faa como emulsionante para ayudar a que otros ingredientes en el cuidado del cabello se dispersen y disuelvan mejor en agua y se distribuyan uniformemente en el cabello.<\/p>\n\n\n\n<p>5. Protector solar: El protector solar puede proteger el cabello de los da\u00f1os causados por los rayos UV, retardando as\u00ed la velocidad de desvanecimiento del color del cabello.<\/p>\n\n\n\n<h2 class=\"wp-block-heading\">Las funciones del acondicionador que deposita color<\/h2>\n\n\n\n<p>En el proceso de producci\u00f3n, consideramos que el te\u00f1ido normal del cabello es muy perjudicial para el cabello, por lo que desarrollamos esta combinaci\u00f3n de funciones de te\u00f1ido y cuidado del cabello. No solo puede satisfacer sus necesidades de coloraci\u00f3n del cabello, sino que tambi\u00e9n protege su cabello, lo que tiene m\u00faltiples efectos.<\/p>\n\n\n\n<p>1. Complementa y mejora el color: el acondicionador depositante de color puede complementar o agregar el color deseado al cabello, solo se adhiere suavemente a la superficie del cabello, no abre la cut\u00edcula, por lo que no da\u00f1ar\u00e1 el cabello.<\/p>\n\n\n\n<p>2. Nutritivo y reparador: Nuestro acondicionador con dep\u00f3sito de color es rico en una variedad de ingredientes de cuidado capilar altamente efectivos para reparar el cabello da\u00f1ado. Tambi\u00e9n aporta humectaci\u00f3n y nutrientes en profundidad para mantener el cabello hidratado, brillante y flexible.<\/p>\n\n\n\n<p>3. Inhibe el amarilleamiento: un acondicionador que deposita el color puede eliminar el color bronceador, fijar el brillo y el tono del cabello e inhibir el amarilleamiento y la sequedad. Por ejemplo, despu\u00e9s de decolorar el cabello que se ha amarilleado tras una exposici\u00f3n prolongada al sol, puede usar el acondicionador morado para frentes oscuras para que el color del cabello sea m\u00e1s brillante y con m\u00e1s volumen.<\/p>\n\n\n\n<p>4. Cuidado del cuero cabelludo: La f\u00f3rmula que utilizamos es suave y no contiene ingredientes irritantes como la silicona, por lo que es m\u00e1s amigable con el cuero cabelludo. Adem\u00e1s, nutre, suaviza y protege el cuero cabelludo mientras ti\u00f1e el cabello.<\/p>\n\n\n\n<p>5. Tinte para el cabello de moda: Hemos creado una variedad de colores brillantes y \u00fanicos para que usted elija, para satisfacer las necesidades de color de cabello de la mayor\u00eda de las personas.<\/p>\n\n\n\n<h2 class=\"wp-block-heading\">\u00bfC\u00f3mo utilizar el acondicionador depositante de color?<\/h2>\n\n\n\n<p>El acondicionador que deposita color es m\u00e1s f\u00e1cil de usar que el tinte para el cabello com\u00fan y tarda menos en aplicarse. Es mejor para colores oscuros o para neutralizar tonos cobrizos y darle a tu cabello un tono c\u00e1lido. As\u00ed es como funciona:<\/p>\n\n\n\n<p>1. L\u00e1vate el cabello: primero, l\u00e1vate el cabello de la forma habitual y l\u00e1vate el cabello con champ\u00fa para eliminar la grasa y la suciedad. S\u00e9cate el cabello suavemente con una toalla despu\u00e9s del lavado.<\/p>\n\n\n\n<p>2. Aplicar uniformemente: Divida el cabello en dos partes, si hay una gran cantidad de cabello, puede dividirlo en cuatro partes y luego aplicar uniformemente el acondicionador depositante de color en el cabello, enfoc\u00e1ndose en el \u00e1rea que necesita ser te\u00f1ida y combin\u00e1ndolo con sus dedos o peine de cabeza para asegurarse de que se aplique cada cabello;<\/p>\n\n\n\n<p>3. Espere a que el color act\u00fae: deje que el acondicionador depositante de color act\u00fae en su cabello durante 5 a 10 minutos, dependiendo de qu\u00e9 tan fuerte desee te\u00f1irlo;<\/p>\n\n\n\n<p>4. Enjuague: Pasado el tiempo, enjuague su cabello con agua, aseg\u00farese de que no quede acondicionador y preste atenci\u00f3n a que la temperatura del agua no sea demasiado alta. Luego del enjuague, puede usar un acondicionador para mantener el color de su cabello.<\/p>\n\n\n\n<h2 class=\"wp-block-heading\">Precauci\u00f3n<\/h2>\n\n\n\n<p>1. Realice una prueba cut\u00e1nea detr\u00e1s de la oreja antes de usarlo para asegurarse de que no haya alergia;<\/p>\n\n\n\n<p>2. Utilice guantes para evitar mancharse las manos;<\/p>\n\n\n\n<p>3. Evite el contacto con los ojos. En caso de contacto con los ojos, enjuague inmediatamente con agua limpia.<\/p>\n\n\n\n<p>4. Despu\u00e9s de te\u00f1ir el cabello, trate de evitar el uso de herramientas de alta temperatura como secadores de pelo y luz solar directa durante alg\u00fan tiempo para evitar una decoloraci\u00f3n r\u00e1pida;<\/p>\n\n\n\n<p>5. Se recomienda utilizar champ\u00fa y acondicionador para te\u00f1ir el cabello con regularidad para mantener el color del cabello y nutrirlo;<\/p>\n\n\n\n<p>6. El acondicionador depositante de color puede durar hasta 6 meses y se recomienda usarlo cada pocas semanas para mantener el color del cabello;<\/p>\n\n\n\n<p>7. El cabello m\u00e1s claro y poroso o ligeramente da\u00f1ado durar\u00e1 m\u00e1s con el acondicionador que deposita color.<\/p>\n\n\n\n<h2 class=\"wp-block-heading\">Conclusi\u00f3n<\/h2>\n\n\n\n<p>Nuestro acondicionador con dep\u00f3sito de color, cuidadosamente investigado, es una f\u00f3rmula suave que puede agregar color f\u00e1cilmente a su cabello, al mismo tiempo que lo nutre profundamente, repara las hebras da\u00f1adas y hace que su cabello sea m\u00e1s sedoso y brillante. Adem\u00e1s, nuestros productos son f\u00e1ciles de usar, no requieren una operaci\u00f3n profesional, solo siga las instrucciones para que su cabello brille. Tambi\u00e9n continuaremos innovando para que usted desarrolle soluciones para el cuidado del cabello m\u00e1s eficientes y de alta calidad. Si est\u00e1 interesado, comun\u00edquese con nosotros.<\/p>","protected":false},"excerpt":{"rendered":"Color Depositing Conditioner Manufacturing Common Formulas As a professional color depositing conditioner manufacturer, we are committed to creating high-quality products. Therefore, we select high-quality raw materials, such as natural plant extracts and advanced hair care ingredients, and use advanced production technology to retain their active ingredients to the maximum extent. 1. Argan oil: Argan oil [&hellip;]","protected":false},"featured_media":2329,"menu_order":0,"template":"","meta":[],"product-tag":[],"products":[52],"class_list":["post-2328","product","type-product","status-publish","has-post-thumbnail","hentry","products-conditioner"],"acf":[],"_links":{"self":[{"href":"https:\/\/www.ruiqigo.com\/es\/wp-json\/wp\/v2\/product\/2328","targetHints":{"allow":["GET"]}}],"collection":[{"href":"https:\/\/www.ruiqigo.com\/es\/wp-json\/wp\/v2\/product"}],"about":[{"href":"https:\/\/www.ruiqigo.com\/es\/wp-json\/wp\/v2\/types\/product"}],"version-history":[{"count":0,"href":"https:\/\/www.ruiqigo.com\/es\/wp-json\/wp\/v2\/product\/2328\/revisions"}],"wp:featuredmedia":[{"embeddable":true,"href":"https:\/\/www.ruiqigo.com\/es\/wp-json\/wp\/v2\/media\/2329"}],"wp:attachment":[{"href":"https:\/\/www.ruiqigo.com\/es\/wp-json\/wp\/v2\/media?parent=2328"}],"wp:term":[{"taxonomy":"product-tag","embeddable":true,"href":"https:\/\/www.ruiqigo.com\/es\/wp-json\/wp\/v2\/product-tag?post=2328"},{"taxonomy":"products","embeddable":true,"href":"https:\/\/www.ruiqigo.com\/es\/wp-json\/wp\/v2\/products?post=2328"}],"curies":[{"name":"wp","href":"https:\/\/api.w.org\/{rel}","templated":true}]}}