{"id":2348,"date":"2024-12-25T11:35:04","date_gmt":"2024-12-25T03:35:04","guid":{"rendered":"https:\/\/ruiqigo.com\/?post_type=product&#038;p=2348"},"modified":"2024-12-25T11:35:42","modified_gmt":"2024-12-25T03:35:42","slug":"sandalwood-essential-oil","status":"publish","type":"product","link":"https:\/\/www.ruiqigo.com\/es\/product\/sandalwood-essential-oil","title":{"rendered":"Aceite esencial de s\u00e1ndalo"},"content":{"rendered":"<h2 class=\"wp-block-heading\">F\u00f3rmulas comunes para la fabricaci\u00f3n de aceite esencial de s\u00e1ndalo<\/h2>\n\n\n\n<p>Como fabricante profesional de aceite esencial de s\u00e1ndalo, seleccionamos s\u00e1ndalo de alta calidad como materia prima y utilizamos equipos de destilaci\u00f3n de precisi\u00f3n para purificar los aceites esenciales y garantizar la alta calidad y estabilidad de los productos. Estas son las principales f\u00f3rmulas para el cuidado del cabello:<\/p>\n\n\n\n<p>1. Aceite esencial de s\u00e1ndalo: el aceite esencial de s\u00e1ndalo desempe\u00f1a un papel importante como ingrediente principal, ya que tiene una textura ligera y puede nutrir e hidratar profundamente el cabello, suavizando as\u00ed el encrespamiento y haciendo que el cabello luzca m\u00e1s brillante. Tambi\u00e9n tiene propiedades antibacterianas y antiinflamatorias, puede inhibir los hongos del cuero cabelludo para reducir la producci\u00f3n de caspa y puede eliminar eficazmente la grasa y la suciedad del cuero cabelludo para mantenerlo limpio y saludable. Adem\u00e1s, su aroma \u00fanico puede calmar el cuerpo, la mente y el cuero cabelludo, y estimular la circulaci\u00f3n sangu\u00ednea en el cuero cabelludo, promoviendo as\u00ed el crecimiento del cabello.<\/p>\n\n\n\n<p>2. Aceite de almendras: El aceite de almendras es rico en nutrientes que pueden nutrir el cabello y mejorar el cabello seco y \u00e1spero. Tiene una textura ligera, muy similar a nuestro sebo, y se puede usar como aceite base mezclado con aceite esencial de s\u00e1ndalo sin que se sienta pesado.<\/p>\n\n\n\n<p>3. Manzanilla azul: las propiedades antiinflamatorias y calmantes de la manzanilla azul pueden potenciar a\u00fan m\u00e1s el efecto calmante y hacer que te sientas m\u00e1s tranquilo y relajado cuando la uses. Tambi\u00e9n se utiliza para tratar inflamaciones como la irritaci\u00f3n o la inflamaci\u00f3n de la piel.<\/p>\n\n\n\n<p>4. Aceite de arg\u00e1n: Las propiedades hidratantes del aceite de arg\u00e1n suavizan a\u00fan m\u00e1s el cabello y reponen la humedad. Al mismo tiempo, tambi\u00e9n tiene cierta funci\u00f3n antioxidante, que puede resistir el da\u00f1o de los radicales libres, retrasando as\u00ed el proceso de envejecimiento, especialmente en el caso del cabello ralo o fr\u00e1gil.<\/p>\n\n\n\n<h2 class=\"wp-block-heading\">Las funciones del aceite esencial de s\u00e1ndalo<\/h2>\n\n\n\n<p>Nuestro aceite esencial de s\u00e1ndalo tiene m\u00faltiples funciones, no solo para cuidar la piel y el cabello, sino tambi\u00e9n para calmar los nervios y relajar. Es la opci\u00f3n ideal para la b\u00fasqueda moderna de eficiencia, simplificaci\u00f3n y salud.<\/p>\n\n\n\n<p>1. Nutre el cabello: el aceite esencial de s\u00e1ndalo es f\u00e1cil de penetrar, puede hidratar profundamente el cabello seco y proporcionar un efecto hidratante duradero, suavizar el frizz y dejar que tu cabello cambie de brillo y restaure el brillo.<\/p>\n\n\n\n<p>2. Promueve el crecimiento y la curaci\u00f3n del cabello: el encantador aroma del s\u00e1ndalo puede promover el crecimiento del cabello al masajear el cuero cabelludo. Al mismo tiempo, sus propiedades antibacterianas no solo pueden reducir la producci\u00f3n de caspa, sino que tambi\u00e9n mantienen el cuero cabelludo limpio, lo que es beneficioso para reparar el cabello da\u00f1ado, promover la curaci\u00f3n y hacer que el cabello sea m\u00e1s saludable.<\/p>\n\n\n\n<p>3. Calmante y relajante: nuestro aceite esencial de s\u00e1ndalo tiene un efecto calmante y relajante que no solo regula el estado de \u00e1nimo, sino que tambi\u00e9n relaja el cuerpo y la mente, alivia el estr\u00e9s y reduce la presi\u00f3n arterial. Tambi\u00e9n ayuda con el insomnio y mejora la calidad del sue\u00f1o.<\/p>\n\n\n\n<p>4. Trata la inflamaci\u00f3n: nuestras propiedades antiinflamatorias ayudan a despejar las v\u00edas respiratorias y reducir la inflamaci\u00f3n, lo que alivia la tos, la bronquitis y m\u00e1s. No solo eso, su aplicaci\u00f3n local tambi\u00e9n ayuda a mejorar la funci\u00f3n inmunol\u00f3gica del cuerpo, mejorando a\u00fan m\u00e1s la capacidad de resistir enfermedades infecciosas.<\/p>\n\n\n\n<p>5. Uniformiza el tono de la piel: el aceite esencial de s\u00e1ndalo puede reducir eficazmente la pigmentaci\u00f3n y aclarar las manchas oscuras, unificando e iluminando el tono de la piel.<\/p>\n\n\n\n<p>6. Reduce las arrugas: El efecto antioxidante de nuestros aceites esenciales ayuda a inhibir la producci\u00f3n de l\u00edneas finas, retrasar el proceso de envejecimiento y reparar la piel ya madura, reduciendo as\u00ed la producci\u00f3n de arrugas y l\u00edneas finas, y haciendo tu piel m\u00e1s firme y joven.<\/p>\n\n\n\n<h2 class=\"wp-block-heading\">\u00bfC\u00f3mo utilizar el aceite esencial de s\u00e1ndalo?<\/h2>\n\n\n\n<p>En el proceso de producci\u00f3n del aceite esencial de s\u00e1ndalo, tenemos en cuenta los diferentes tipos de cabello y piel y dise\u00f1amos diferentes f\u00f3rmulas. Antes de usarlo, debe seleccionar un producto que sea adecuado para usted seg\u00fan su situaci\u00f3n y necesidades. Por supuesto, existen diferentes formas de cuidar las diferentes partes, y los m\u00e9todos de uso m\u00e1s comunes incluyen la aplicaci\u00f3n t\u00f3pica, el uso combinado y la aromaterapia. Indicaremos el m\u00e9todo de operaci\u00f3n detallado en el empaque, el siguiente ser\u00e1 un ejemplo del m\u00e9todo de colocaci\u00f3n:<\/p>\n\n\n\n<p>1. Cuidado del cabello:<\/p>\n\n\n\n<p>M\u00e9todo 1: En el proceso de limpieza del cabello, mezcle nuestro aceite esencial de s\u00e1ndalo en proporci\u00f3n al champ\u00fa o acondicionador y luego lave el cabello de acuerdo con el proceso normal, despu\u00e9s del lavado, seque suavemente con una toalla y secador de pelo o seque al aire natural.<\/p>\n\n\n\n<p>M\u00e9todo 2: Despu\u00e9s de lavar el cabello con champ\u00fa seg\u00fan el proceso habitual, mezcle el aceite esencial de s\u00e1ndalo y el aceite base en proporci\u00f3n y apl\u00edquelo uniformemente en el cabello desde la mitad hasta las puntas, evitando el contacto con el cuero cabelludo. Despu\u00e9s de aplicarlo, puede masajear suavemente el cabello con los dedos para promover la absorci\u00f3n y dejar que se seque al aire o con un secador de pelo.<\/p>\n\n\n\n<p>2. Cuidado de la piel:<\/p>\n\n\n\n<p>D\u00fachese de la forma habitual, limpie el aceite y la suciedad del cuerpo y luego mezcle nuestro aceite esencial de s\u00e1ndalo con el aceite base en proporci\u00f3n y apl\u00edquelo uniformemente en las partes que necesiten masajearse. Al masajear, masajee con movimientos circulares en la direcci\u00f3n de la textura de la piel para promover la circulaci\u00f3n sangu\u00ednea y la absorci\u00f3n de los aceites esenciales.<\/p>\n\n\n\n<h2 class=\"wp-block-heading\">Precauci\u00f3n<\/h2>\n\n\n\n<p>1. Seg\u00fan su tipo de piel elegir sus productos;<\/p>\n\n\n\n<p>2. La primera vez que lo use, debe realizarse una prueba de alergia y, si no hay adaptaci\u00f3n, suspender su uso inmediatamente;<\/p>\n\n\n\n<p>3. El aceite esencial de s\u00e1ndalo tiene una alta concentraci\u00f3n y se recomienda mezclarlo con el aceite base en proporci\u00f3n al usarlo;<\/p>\n\n\n\n<p>4. Se recomienda usarlo 1-2 veces por semana para evitar que el uso frecuente afecte el efecto de absorci\u00f3n del aceite esencial de s\u00e1ndalo;<\/p>\n\n\n\n<p>5. Evitar el contacto con la piel y los ojos. En caso de contacto, enjuagar con agua.<\/p>\n\n\n\n<p>6. Las mujeres embarazadas y los ni\u00f1os deben utilizarlo bajo supervisi\u00f3n m\u00e9dica;<\/p>\n\n\n\n<p>7. El aceite esencial de s\u00e1ndalo es inflamable y explosivo, se recomienda almacenarlo y usarlo en un lugar fresco y seco, evitar ambientes de alta temperatura y lejos de la fuente.<\/p>\n\n\n\n<h2 class=\"wp-block-heading\">Conclusi\u00f3n<\/h2>\n\n\n\n<p>Como fabricante de aceites esenciales de s\u00e1ndalo enfocados en la alta calidad, utilizamos instalaciones de producci\u00f3n modernas y seleccionamos materias primas de alta calidad para garantizar que cada botella de aceites esenciales le brinde la mejor experiencia en el cuidado de la piel. Ofrecemos una variedad de f\u00f3rmulas personalizadas para ayudarlo a construir una marca diferenciada y diversificada y obtener una ventaja \u00fanica en el mercado competitivo. Si tambi\u00e9n est\u00e1 interesado en nuestros productos, comun\u00edquese con nosotros de inmediato.<\/p>","protected":false},"excerpt":{"rendered":"Sandalwood Essential Oil Manufacturing Common Formulas As a professional sandalwood essential oil manufacturer, we select high-quality sandalwood as raw materials and use precision distillation equipment to purify essential oils to ensure the high quality and stability of products. Here are the main formulations for hair care: 1. Sandalwood essential oil: Sandalwood essential oil plays an [&hellip;]","protected":false},"featured_media":2349,"menu_order":0,"template":"","meta":[],"product-tag":[],"products":[53],"class_list":["post-2348","product","type-product","status-publish","has-post-thumbnail","hentry","products-essential-oil"],"acf":[],"_links":{"self":[{"href":"https:\/\/www.ruiqigo.com\/es\/wp-json\/wp\/v2\/product\/2348","targetHints":{"allow":["GET"]}}],"collection":[{"href":"https:\/\/www.ruiqigo.com\/es\/wp-json\/wp\/v2\/product"}],"about":[{"href":"https:\/\/www.ruiqigo.com\/es\/wp-json\/wp\/v2\/types\/product"}],"version-history":[{"count":0,"href":"https:\/\/www.ruiqigo.com\/es\/wp-json\/wp\/v2\/product\/2348\/revisions"}],"wp:featuredmedia":[{"embeddable":true,"href":"https:\/\/www.ruiqigo.com\/es\/wp-json\/wp\/v2\/media\/2349"}],"wp:attachment":[{"href":"https:\/\/www.ruiqigo.com\/es\/wp-json\/wp\/v2\/media?parent=2348"}],"wp:term":[{"taxonomy":"product-tag","embeddable":true,"href":"https:\/\/www.ruiqigo.com\/es\/wp-json\/wp\/v2\/product-tag?post=2348"},{"taxonomy":"products","embeddable":true,"href":"https:\/\/www.ruiqigo.com\/es\/wp-json\/wp\/v2\/products?post=2348"}],"curies":[{"name":"wp","href":"https:\/\/api.w.org\/{rel}","templated":true}]}}