{"id":237,"date":"2024-06-30T23:30:38","date_gmt":"2024-06-30T15:30:38","guid":{"rendered":"https:\/\/ruiqigo.com\/?post_type=product&#038;p=237"},"modified":"2024-09-25T15:06:45","modified_gmt":"2024-09-25T07:06:45","slug":"keratin-shampoo","status":"publish","type":"product","link":"https:\/\/www.ruiqigo.com\/es\/product\/keratin-shampoo","title":{"rendered":"Champ\u00fa de queratina"},"content":{"rendered":"<h3 class=\"wp-block-heading\">F\u00f3rmulas comunes para la fabricaci\u00f3n de champ\u00fas de queratina<\/h3>\n\n\n\n<p>Los champ\u00fas de queratina son ricos en queratina, una prote\u00edna similar a la estructura natural del cabello. La queratina forma una pel\u00edcula protectora sobre el cabello, lo que es bueno para protegerlo de los da\u00f1os causados por el sobrecalentamiento y los contaminantes. El champ\u00fa tambi\u00e9n est\u00e1 enriquecido con queratina hidrolizada, que es una forma de queratina procesada qu\u00edmica o enzim\u00e1ticamente en mol\u00e9culas m\u00e1s peque\u00f1as que pueden penetrar m\u00e1s f\u00e1cilmente en el interior del cabello para proporcionar una reparaci\u00f3n y nutrici\u00f3n profundas. Adem\u00e1s, el champ\u00fa incorpora un agente acondicionador rico en amino\u00e1cidos. Los amino\u00e1cidos son los componentes b\u00e1sicos de la queratina del cabello y pueden reponer r\u00e1pidamente el cabello con los nutrientes que necesita.<\/p>\n\n\n\n<h3 class=\"wp-block-heading\">Escenarios aplicables del champ\u00fa de queratina<\/h3>\n\n\n\n<p>Los champ\u00fas con queratina funcionan bien sin importar el clima porque est\u00e1n llenos de cosas buenas para el cabello. Son perfectos para lugares secos donde el cabello se vuelve seco, quebradizo y opaco. La queratina y otros nutrientes del champ\u00fa penetran profundamente en el cabello para brindarle la nutrici\u00f3n que necesita, dej\u00e1ndolo saludable y con volumen nuevamente. Tambi\u00e9n puedes combinarlo con un champ\u00fa con queratina. <a href=\"https:\/\/www.ruiqigo.com\/es\/products\/conditioner\/\">acondicionador de ingredientes naturales<\/a> Para obtener resultados a\u00fan mejores.<\/p>\n\n\n\n<h3 class=\"wp-block-heading\">\u00bfPara qui\u00e9n es adecuado el champ\u00fa de queratina?<\/h3>\n\n\n\n<p>Los champ\u00fas con queratina son adecuados para personas que necesitan reparar su cabello. En el caso de los da\u00f1os en el cabello causados por tratamientos qu\u00edmicos como la permanente y la coloraci\u00f3n, los factores ambientales diarios o la fricci\u00f3n, el champ\u00fa con queratina puede ayudar a reparar y fortalecer el cabello. Adem\u00e1s, para las personas con cabello encrespado y rebelde y para aquellas que utilizan frecuentemente herramientas calientes para peinarse, el champ\u00fa con queratina puede ayudar a suavizar el encrespamiento y hacer que el cabello sea m\u00e1s manejable, al mismo tiempo que brinda protecci\u00f3n contra los da\u00f1os por calor causados por el uso frecuente de secadores de aire caliente, planchas para permanentes y m\u00e1s. M\u00e1s <a href=\"https:\/\/www.ruiqigo.com\/es\/products\/shampoo\/\">champ\u00fas con ingredientes naturales<\/a> para que usted elija entre 3TOP.<\/p>\n\n\n\n<h3 class=\"wp-block-heading\">Proceso de producci\u00f3n del champ\u00fa de queratina<\/h3>\n\n\n\n<p>Para elaborar champ\u00fas con queratina, primero hay que elaborar queratina. Para ello, utilizamos un m\u00e9todo cient\u00edfico especial llamado tecnolog\u00eda de ADN recombinante. Este m\u00e9todo consta de pasos como la preparaci\u00f3n para la fermentaci\u00f3n, la adici\u00f3n de los ingredientes adecuados, la fermentaci\u00f3n, la toma de muestras, la realizaci\u00f3n de pruebas, la descomposici\u00f3n de las bacterias y la limpieza. Tambi\u00e9n podemos elaborar queratina descompuesta mediante el uso de productos qu\u00edmicos o enzimas especiales. De este modo, se obtienen diminutos trozos de queratina perfectos para productos para el cabello y el cuerpo.<\/p>","protected":false},"excerpt":{"rendered":"Keratin shampoo manufacturing Common Formulas Keratin shampoos are rich in keratin, a protein similar to the natural structure of hair Keratin forms a protective film on the hair, which is good for protecting the hair from overheating damage and pollutants. The shampoo is also enriched with hydrolyzed keratin, which is a chemically or enzymatically processed [&hellip;]","protected":false},"featured_media":238,"menu_order":0,"template":"","meta":[],"product-tag":[],"products":[51],"class_list":["post-237","product","type-product","status-publish","has-post-thumbnail","hentry","products-shampoo"],"acf":[],"_links":{"self":[{"href":"https:\/\/www.ruiqigo.com\/es\/wp-json\/wp\/v2\/product\/237","targetHints":{"allow":["GET"]}}],"collection":[{"href":"https:\/\/www.ruiqigo.com\/es\/wp-json\/wp\/v2\/product"}],"about":[{"href":"https:\/\/www.ruiqigo.com\/es\/wp-json\/wp\/v2\/types\/product"}],"version-history":[{"count":0,"href":"https:\/\/www.ruiqigo.com\/es\/wp-json\/wp\/v2\/product\/237\/revisions"}],"wp:featuredmedia":[{"embeddable":true,"href":"https:\/\/www.ruiqigo.com\/es\/wp-json\/wp\/v2\/media\/238"}],"wp:attachment":[{"href":"https:\/\/www.ruiqigo.com\/es\/wp-json\/wp\/v2\/media?parent=237"}],"wp:term":[{"taxonomy":"product-tag","embeddable":true,"href":"https:\/\/www.ruiqigo.com\/es\/wp-json\/wp\/v2\/product-tag?post=237"},{"taxonomy":"products","embeddable":true,"href":"https:\/\/www.ruiqigo.com\/es\/wp-json\/wp\/v2\/products?post=237"}],"curies":[{"name":"wp","href":"https:\/\/api.w.org\/{rel}","templated":true}]}}