{"id":242,"date":"2024-06-30T23:36:11","date_gmt":"2024-06-30T15:36:11","guid":{"rendered":"https:\/\/ruiqigo.com\/?post_type=product&#038;p=242"},"modified":"2024-09-20T09:56:45","modified_gmt":"2024-09-20T01:56:45","slug":"herbal-essences-shampoo","status":"publish","type":"product","link":"https:\/\/www.ruiqigo.com\/es\/product\/herbal-essences-shampoo","title":{"rendered":"Champ\u00fa de esencias herbales"},"content":{"rendered":"<h3 class=\"wp-block-heading\">F\u00f3rmulas comunes de fabricaci\u00f3n de champ\u00fas con esencias herbales<\/h3>\n\n\n\n<p>En nuestro champ\u00fa Herbal Essence, hemos a\u00f1adido una amplia variedad de extractos de hierbas, entre ellos ang\u00e9lica, lavanda, ylang ylang, pachul\u00ed, prote\u00edna de trigo y otros extractos de hierbas, as\u00ed como aceites esenciales, extracto de Channellus (Melaleuca alternifolia), extracto de ra\u00edz de jengibre, extracto de hoja de Sapindus, extracto de Polygonatum odoratum y extracto de Polygonum multiflorum. Entre ellos, se cree que el extracto de ang\u00e9lica aumenta la circulaci\u00f3n sangu\u00ednea en el cuero cabelludo, lo que ayuda al crecimiento del cabello y reduce la ca\u00edda del cabello. El aceite de lavanda es famoso por calmar el cuero cabelludo y matar los g\u00e9rmenes, y tambi\u00e9n le da un aroma agradable. La ra\u00edz de jengibre, la hoja de Siberia y el Polygonum Multiflorum son productos naturales que se cree que ayudan a que el cabello se mantenga saludable y crezca mejor.<\/p>\n\n\n\n<h3 class=\"wp-block-heading\">Escenarios de aplicaci\u00f3n del champ\u00fa de esencias herbales<\/h3>\n\n\n\n<p>El champ\u00fa Herbal Essences es bueno para todo tipo de clima porque est\u00e1 hecho de ingredientes naturales y es suave. Funciona muy bien tanto en lugares secos como h\u00famedos. En climas secos, los ingredientes como la prote\u00edna de trigo en el champ\u00fa evitan que el cabello se seque y se acumule electricidad est\u00e1tica. Cuando hay humedad, las hierbas como el aceite de ylang ylang en el champ\u00fa ayudan a evitar que el cuero cabelludo se vuelva demasiado graso, por lo que el cabello no se ve grasoso ni plano. Tambi\u00e9n puedes combinarlo con un champ\u00fa <a href=\"https:\/\/www.ruiqigo.com\/es\/products\/conditioner\/\">acondicionador de ingredientes naturales <\/a>Para obtener resultados a\u00fan mejores.<\/p>\n\n\n\n<h3 class=\"wp-block-heading\">\u00bfPara qui\u00e9n es adecuado el champ\u00fa de esencias herbales?<\/h3>\n\n\n\n<p>El champ\u00fa Herbal Essence es perfecto para quienes prefieren los productos naturales y se preocupan por el origen de los ingredientes. Tambi\u00e9n es ideal para personas con problemas en el cuero cabelludo, como caspa, cuero cabelludo graso o seco, o cuero cabelludo sensible. Los ingredientes naturales del champ\u00fa pueden ayudar a aliviar estos problemas. M\u00e1s <a href=\"https:\/\/www.ruiqigo.com\/es\/products\/shampoo\/\">champ\u00fas con ingredientes naturales<\/a> para que usted elija entre 3TOP.<\/p>\n\n\n\n<h3 class=\"wp-block-heading\">Proceso de producci\u00f3n del champ\u00fa con esencias herbales<\/h3>\n\n\n\n<p>El champ\u00fa Herbal Essence utiliza una serie de procesos de producci\u00f3n especiales. El champ\u00fa Herbal Essence se elabora de dos formas especiales. En primer lugar, mediante ebullici\u00f3n a mano, una antigua forma de hacer las cosas que utiliza herramientas y t\u00e9cnicas tradicionales para mezclar las partes de las plantas. En segundo lugar, mediante destilaci\u00f3n al vapor, que extrae las partes arom\u00e1ticas de las plantas, que se pueden utilizar como ingredientes beneficiosos para el champ\u00fa. Estos procesos de producci\u00f3n especiales garantizan la calidad natural de nuestros champ\u00fas con extracto de hierbas.<\/p>","protected":false},"excerpt":{"rendered":"Herbal essences shampoo manufacturing common formulas In our Herbal Essence Shampoo, we have added a very wide variety of herbal extracts, including Angelica, Lavender, Ylang Ylang, Patchouli, Wheat Protein and other herbal extracts, as well as essential oils, Channellus Extract (Melaleuca alternifolia), Ginger Root Extract, Sapindus Leaf Extract, Polygonatum odoratum Extract, and Polygonum multiflorum Extract. [&hellip;]","protected":false},"featured_media":243,"menu_order":0,"template":"","meta":[],"product-tag":[],"products":[51],"class_list":["post-242","product","type-product","status-publish","has-post-thumbnail","hentry","products-shampoo"],"acf":[],"_links":{"self":[{"href":"https:\/\/www.ruiqigo.com\/es\/wp-json\/wp\/v2\/product\/242","targetHints":{"allow":["GET"]}}],"collection":[{"href":"https:\/\/www.ruiqigo.com\/es\/wp-json\/wp\/v2\/product"}],"about":[{"href":"https:\/\/www.ruiqigo.com\/es\/wp-json\/wp\/v2\/types\/product"}],"version-history":[{"count":0,"href":"https:\/\/www.ruiqigo.com\/es\/wp-json\/wp\/v2\/product\/242\/revisions"}],"wp:featuredmedia":[{"embeddable":true,"href":"https:\/\/www.ruiqigo.com\/es\/wp-json\/wp\/v2\/media\/243"}],"wp:attachment":[{"href":"https:\/\/www.ruiqigo.com\/es\/wp-json\/wp\/v2\/media?parent=242"}],"wp:term":[{"taxonomy":"product-tag","embeddable":true,"href":"https:\/\/www.ruiqigo.com\/es\/wp-json\/wp\/v2\/product-tag?post=242"},{"taxonomy":"products","embeddable":true,"href":"https:\/\/www.ruiqigo.com\/es\/wp-json\/wp\/v2\/products?post=242"}],"curies":[{"name":"wp","href":"https:\/\/api.w.org\/{rel}","templated":true}]}}