{"id":2576,"date":"2025-01-07T13:52:35","date_gmt":"2025-01-07T05:52:35","guid":{"rendered":"https:\/\/ruiqigo.com\/?post_type=product&#038;p=2576"},"modified":"2025-01-07T13:52:38","modified_gmt":"2025-01-07T05:52:38","slug":"hydrating-facial-cleanser","status":"publish","type":"product","link":"https:\/\/www.ruiqigo.com\/es\/product\/hydrating-facial-cleanser","title":{"rendered":"Limpiador facial hidratante"},"content":{"rendered":"<h2 class=\"wp-block-heading\">F\u00f3rmulas comunes de fabricaci\u00f3n de limpiadores faciales hidratantes<\/h2>\n\n\n\n<p>En el proceso de producci\u00f3n, hemos combinado los problemas de varios tipos de piel y hemos adoptado soluciones relativas para desarrollar un limpiador hidratante que los m\u00fasculos sensibles puedan usar de forma segura. Estos son sus principales ingredientes:<\/p>\n\n\n\n<p>1. \u00c1cido hialur\u00f3nico: el \u00e1cido hialur\u00f3nico tiene un componente altamente hidratante, que puede proporcionar agua adecuada para la piel y retenerla firmemente para mantener el equilibrio h\u00eddrico. Adem\u00e1s, previene la piel \u00e1spera y seca y ayuda a la piel a recuperar la elasticidad y el brillo.<\/p>\n\n\n\n<p>2. Ceramida: La ceramida tiene una gran capacidad para retener el agua. Puede penetrar r\u00e1pidamente en el estrato c\u00f3rneo y formar una estructura de red para retener el agua y evitar su p\u00e9rdida. Al mismo tiempo, tambi\u00e9n puede reparar la barrera cut\u00e1nea da\u00f1ada y mejorar la capacidad de defensa de la piel para reducir el da\u00f1o de los est\u00edmulos externos a la piel.<\/p>\n\n\n\n<p>3. Tensioactivos: Utilizamos tensioactivos suaves que pueden limpiar suavemente la piel sin irritarla, incluso en m\u00fasculos sensibles.<\/p>\n\n\n\n<p>4. Extracto de manzanilla: la manzanilla tiene un efecto calmante y antiinflamatorio, que puede calmar la piel, ayudar a aliviar s\u00edntomas como enrojecimiento, sequedad y picaz\u00f3n, y restaurar la calma. Tiene propiedades antibacterianas y antiinflamatorias naturales, puede reducir la inflamaci\u00f3n de la piel, promover la reparaci\u00f3n y curaci\u00f3n de la piel y reducir a\u00fan m\u00e1s la aparici\u00f3n del acn\u00e9, el uso a largo plazo puede mejorar la condici\u00f3n de la piel.<\/p>\n\n\n\n<p>5. \u00c1cido salic\u00edlico: El \u00e1cido salic\u00edlico puede inhibir la secreci\u00f3n de aceite en el rostro, lo que ayuda a regular el equilibrio de aceite y hace que la piel est\u00e9 m\u00e1s fresca. Tambi\u00e9n tiene propiedades antibacterianas, lo que puede reducir la aparici\u00f3n del acn\u00e9. Al mismo tiempo, tambi\u00e9n puede suavizar el estrato c\u00f3rneo, eliminar suavemente las c\u00e9lulas muertas de la piel, promover la renovaci\u00f3n de las c\u00e9lulas epid\u00e9rmicas y hacer que la piel sea m\u00e1s suave y delicada.<\/p>\n\n\n\n<h2 class=\"wp-block-heading\">Las funciones del limpiador facial hidratante<\/h2>\n\n\n\n<p>Nuestro limpiador humectante utiliza procesos de fabricaci\u00f3n avanzados y combina una variedad de ingredientes humectantes altamente efectivos para brindarle una experiencia de limpieza c\u00f3moda y segura. Veamos qu\u00e9 hace:<\/p>\n\n\n\n<p>1. Limpieza suave: el limpiador humectante utiliza una f\u00f3rmula suave, que no solo puede eliminar de manera eficiente la suciedad, el aceite y los cosm\u00e9ticos residuales en la superficie de la piel, sino que tampoco causar\u00e1 piel seca y tirante, lo que puede reducir la irritaci\u00f3n de la piel y tambi\u00e9n se aplica a m\u00fasculos sensibles.<\/p>\n\n\n\n<p>2. Hidrataci\u00f3n profunda: nuestro limpiador contiene una variedad de ingredientes humectantes naturales que pueden proporcionar humectaci\u00f3n profunda a la piel mientras limpia y retener la humedad para evitar la p\u00e9rdida de humedad. Y para la piel grasa, tambi\u00e9n puede regular la secreci\u00f3n de aceite para mantener el equilibrio de agua y aceite en la piel, de modo que la piel est\u00e9 m\u00e1s hidratada y el\u00e1stica.<\/p>\n\n\n\n<p>3. Reparador calmante: la manzanilla y otros ingredientes del limpiador hidratante tienen un efecto calmante y relajante, que puede aliviar el malestar causado por la estimulaci\u00f3n ambiental externa y reducir la sensibilidad de la piel. Al mismo tiempo, tambi\u00e9n puede ayudar a reparar la barrera cut\u00e1nea da\u00f1ada, mejorar la capacidad de defensa de la piel y hacer que la piel est\u00e9 m\u00e1s saludable.<\/p>\n\n\n\n<p>5. Mejora la piel: Los limpiadores hidratantes no solo pueden reducir la aparici\u00f3n del acn\u00e9, sino que tambi\u00e9n fortalecen la barrera cut\u00e1nea. Adem\u00e1s, su efecto hidratante duradero hace que la piel sea m\u00e1s delicada, suave y el\u00e1stica. Al mismo tiempo, exfolia la piel, lo que la hace m\u00e1s uniforme y brillante. Por lo tanto, puede mejorar el estado de la piel y mantenerla sana.<\/p>\n\n\n\n<h2 class=\"wp-block-heading\">\u00bfC\u00f3mo utilizar el limpiador facial hidratante?<\/h2>\n\n\n\n<p>Nuestros productos son f\u00e1ciles de usar y seguros, lo que los convierte en un excelente limpiador para elegir. Sometemos nuestros productos a estrictas pruebas dermatol\u00f3gicas para garantizar que no contengan alcohol, saborizantes, colorantes ni otros ingredientes irritantes a\u00f1adidos y que cuiden tu piel con delicadeza.<\/p>\n\n\n\n<p>1. Primero humedezca su cara para promover la limpieza;<\/p>\n\n\n\n<p>2. Aplique la cantidad adecuada de limpiador facial humectante en la palma de la mano y agregue un poco de agua para hacer espuma;<\/p>\n\n\n\n<p>3. Aplique uniformemente la espuma sobre el rostro y masajee suavemente;<\/p>\n\n\n\n<p>4. Enjuague bien con agua limpia para asegurarse de que no quede espuma;<\/p>\n\n\n\n<p>5. Seque suavemente con una toalla y luego puede combinar la misma serie de productos humectantes para promover a\u00fan m\u00e1s la hidrataci\u00f3n.<\/p>\n\n\n\n<h2 class=\"wp-block-heading\">Precauci\u00f3n<\/h2>\n\n\n\n<p>1. Elija un limpiador hidratante adecuado para su tipo de piel;<\/p>\n\n\n\n<p>2. La primera vez que lo use, debe realizarse una prueba de alergia y, si no hay adaptaci\u00f3n, suspender su uso inmediatamente;<\/p>\n\n\n\n<p>3. Se recomienda utilizar una vez por la ma\u00f1ana y otra por la noche para evitar da\u00f1os a la barrera cut\u00e1nea causados por el uso frecuente;<\/p>\n\n\n\n<p>4. Preste atenci\u00f3n al principio de la cantidad apropiada al usarlo, para evitar el exceso de espuma que da como resultado una piel grasosa y gruesa;<\/p>\n\n\n\n<p>5. Se recomienda ajustar el uso de limpiadores humectantes seg\u00fan los cambios estacionales;<\/p>\n\n\n\n<p>6. Se recomienda almacenar en un lugar fresco y seco para evitar la luz solar directa y ambientes de alta temperatura que afecten el efecto del producto.<\/p>\n\n\n\n<h2 class=\"wp-block-heading\">Conclusi\u00f3n<\/h2>\n\n\n\n<p>Como fabricante profesional de limpiadores faciales hidratantes, hemos creado un producto dise\u00f1ado espec\u00edficamente para cada tipo de piel en funci\u00f3n de sus necesidades y condiciones cut\u00e1neas. Adem\u00e1s del estudio de la eficacia, tambi\u00e9n prestamos gran atenci\u00f3n a la calidad del proceso de producci\u00f3n, desde el cribado de la materia prima hasta el envasado del producto terminado, tenemos un estricto sistema de control de calidad para garantizar que cada botella de limpiador hidratante sea segura de usar. Al mismo tiempo, tambi\u00e9n ofrecemos una gama completa de servicios personalizados, de acuerdo con sus necesidades, para ayudarlo a crear productos \u00fanicos y de alta marca para que obtenga una ventaja competitiva. Si tambi\u00e9n est\u00e1 interesado, comun\u00edquese con nosotros.<\/p>\n\n\n\n<p><\/p>","protected":false},"excerpt":{"rendered":"Hydrating Facial Cleanser Manufacturing Common Formulas In the production process, we have combined the problems of multiple skin types and adopted relative solutions to develop a moisturizing cleanser that sensitive muscles can safely use. Here are its main ingredients: 1. Hyaluronic acid: hyaluronic acid has a highly moisturizing component, which can provide adequate water for [&hellip;]","protected":false},"featured_media":2577,"menu_order":0,"template":"","meta":[],"product-tag":[],"products":[65],"class_list":["post-2576","product","type-product","status-publish","has-post-thumbnail","hentry","products-facial-cleanser"],"acf":[],"_links":{"self":[{"href":"https:\/\/www.ruiqigo.com\/es\/wp-json\/wp\/v2\/product\/2576","targetHints":{"allow":["GET"]}}],"collection":[{"href":"https:\/\/www.ruiqigo.com\/es\/wp-json\/wp\/v2\/product"}],"about":[{"href":"https:\/\/www.ruiqigo.com\/es\/wp-json\/wp\/v2\/types\/product"}],"version-history":[{"count":0,"href":"https:\/\/www.ruiqigo.com\/es\/wp-json\/wp\/v2\/product\/2576\/revisions"}],"wp:featuredmedia":[{"embeddable":true,"href":"https:\/\/www.ruiqigo.com\/es\/wp-json\/wp\/v2\/media\/2577"}],"wp:attachment":[{"href":"https:\/\/www.ruiqigo.com\/es\/wp-json\/wp\/v2\/media?parent=2576"}],"wp:term":[{"taxonomy":"product-tag","embeddable":true,"href":"https:\/\/www.ruiqigo.com\/es\/wp-json\/wp\/v2\/product-tag?post=2576"},{"taxonomy":"products","embeddable":true,"href":"https:\/\/www.ruiqigo.com\/es\/wp-json\/wp\/v2\/products?post=2576"}],"curies":[{"name":"wp","href":"https:\/\/api.w.org\/{rel}","templated":true}]}}