{"id":2591,"date":"2025-01-09T10:16:02","date_gmt":"2025-01-09T02:16:02","guid":{"rendered":"https:\/\/ruiqigo.com\/?post_type=product&#038;p=2591"},"modified":"2025-01-09T10:16:37","modified_gmt":"2025-01-09T02:16:37","slug":"salicylic-acid-facial-cleanser","status":"publish","type":"product","link":"https:\/\/www.ruiqigo.com\/es\/product\/salicylic-acid-facial-cleanser","title":{"rendered":"Limpiador facial con \u00e1cido salic\u00edlico"},"content":{"rendered":"<h2 class=\"wp-block-heading\">F\u00f3rmulas comunes de fabricaci\u00f3n de limpiadores faciales con \u00e1cido salic\u00edlico<\/h2>\n\n\n\n<p>El proceso de limpieza con \u00e1cido salic\u00edlico puede ser irritante, por lo que agregamos una variedad de surfactantes suaves e ingredientes humectantes naturales durante la investigaci\u00f3n de la formulaci\u00f3n. El objetivo es reducir la irritaci\u00f3n de la piel y hacer que el producto sea adecuado para la mayor\u00eda de los tipos de piel.<\/p>\n\n\n\n<p>1. \u00c1cido salic\u00edlico: El \u00e1cido salic\u00edlico es el ingrediente principal y tambi\u00e9n un exfoliante. No solo penetra profundamente en los poros, disolviendo la grasa y la suciedad acumuladas y evitando que los poros se obstruyan, reduciendo as\u00ed la formaci\u00f3n de granos y puntos negros. Tambi\u00e9n puede reducir el exceso de grasa y equilibrar a\u00fan m\u00e1s la secreci\u00f3n de grasa, lo que favorece la reducci\u00f3n de los problemas de la piel causados por el exceso de grasa, como el acn\u00e9 y el acn\u00e9. Al mismo tiempo, el \u00e1cido salic\u00edlico tambi\u00e9n puede promover el crecimiento de nuevas c\u00e9lulas, mejorar el problema del envejecimiento de la piel y hacer que la piel sea m\u00e1s suave y delicada.<\/p>\n\n\n\n<p>2. Niacinamida: la niacinamida puede mejorar la funci\u00f3n de barrera de la piel y tiene un cierto efecto antioxidante, que puede resistir el da\u00f1o del entorno externo a la piel. No solo eso, tambi\u00e9n tiene un papel en el aclarado de la piel, ayudando a reducir las manchas y la opacidad, y haciendo que la piel sea m\u00e1s transparente.<\/p>\n\n\n\n<p>3. \u00c1cido hialur\u00f3nico: El \u00e1cido hialur\u00f3nico es un ingrediente hidratante com\u00fan que le da a la piel un efecto hidratante duradero. Cuando se usa en combinaci\u00f3n con el \u00e1cido salic\u00edlico, equilibra la sequedad del \u00e1cido salic\u00edlico y alivia la irritaci\u00f3n de la piel, manteni\u00e9ndola hidratada.<\/p>\n\n\n\n<p>4. Retinol: El retinol tiene un fuerte efecto antienvejecimiento, puede promover la renovaci\u00f3n celular y la producci\u00f3n de col\u00e1geno, restaurando as\u00ed la elasticidad de la piel y haci\u00e9ndola m\u00e1s firme. Al mismo tiempo, tambi\u00e9n puede reducir la secreci\u00f3n de grasa y mejorar el efecto de control de la grasa.<\/p>\n\n\n\n<h2 class=\"wp-block-heading\">Las funciones del limpiador facial con \u00e1cido salic\u00edlico<\/h2>\n\n\n\n<p>Como fabricante profesional de limpiadores faciales con \u00e1cido salic\u00edlico, nos comprometemos a brindarle soluciones para el cuidado de la piel altamente efectivas. Por lo tanto, utilizamos tecnolog\u00eda de producci\u00f3n avanzada para garantizar que su actividad se pueda conservar en la mayor medida posible y tenga el mayor efecto. Estas son sus principales funciones:<\/p>\n\n\n\n<p>1. Exfoliar: Use un limpiador con \u00e1cido salic\u00edlico para eliminar las c\u00e9lulas muertas de la piel, disolver y eliminar suavemente una gran cantidad de piel envejecida acumulada, promoviendo as\u00ed el crecimiento de nuevas c\u00e9lulas, dejando la piel m\u00e1s suave y delicada.<\/p>\n\n\n\n<p>2. Control de la grasa: nuestro limpiador puede destapar los poros y, al mismo tiempo, eliminar el exceso de grasa, lo que controla el equilibrio de la grasa, especialmente en los m\u00fasculos afectados por la viruela grasa. Al reducir el brillo, el rostro se mantiene fresco y no tirante.<\/p>\n\n\n\n<p>3. Limpia el acn\u00e9: el \u00e1cido salic\u00edlico es permeable y puede limpiar profundamente los poros y evitar que se obstruyan. Tambi\u00e9n retarda la descamaci\u00f3n de las c\u00e9lulas cut\u00e1neas de los fol\u00edculos pilosos, lo que reduce la formaci\u00f3n de puntos negros y espinillas.<\/p>\n\n\n\n<p>4. Mejora la calidad de la piel: el limpiador con \u00e1cido salic\u00edlico puede promover la renovaci\u00f3n de las c\u00e9lulas epid\u00e9rmicas, lo que no solo puede prevenir la pigmentaci\u00f3n, sino que tambi\u00e9n retrasa el envejecimiento de la piel y la reafirma. Al mismo tiempo, los ingredientes blanqueadores del limpiador facial tambi\u00e9n ayudan a aclarar la piel y a atenuar las manchas.<\/p>\n\n\n\n<p>5. Antibacteriano y antiinflamatorio: Nuestro limpiador tiene efectos antibacterianos y antiinflamatorios, que pueden aliviar la irritaci\u00f3n del enrojecimiento facial, reducir el acn\u00e9 y la inflamaci\u00f3n y acelerar la curaci\u00f3n del acn\u00e9.<\/p>\n\n\n\n<h2 class=\"wp-block-heading\">\u00bfC\u00f3mo utilizar el limpiador facial con \u00e1cido salic\u00edlico?<\/h2>\n\n\n\n<p>Producimos limpiadores faciales con \u00e1cido salic\u00edlico en diferentes concentraciones, puedes elegir. Para principiantes, recomendamos empezar con una concentraci\u00f3n baja para ir aumentando la tolerancia poco a poco, para no irritar el rostro. Al mismo tiempo, tambi\u00e9n marcaremos el uso del envase:<\/p>\n\n\n\n<p>1. Primero humedezca el rostro con agua tibia para facilitar la formaci\u00f3n de espuma;<\/p>\n\n\n\n<p>2. Aplique una cantidad adecuada de limpiador facial con \u00e1cido salic\u00edlico en la palma de la mano y frote hasta formar espuma. Luego, aplique la espuma uniformemente en el rostro y masajee suavemente las dos partes con movimientos circulares. Tenga en cuenta que las \u00e1reas propensas a la grasa en la zona T se pueden masajear durante un tiempo para ayudar a eliminar la grasa y la suciedad.<\/p>\n\n\n\n<p>3. Enjuague la espuma con agua limpia despu\u00e9s del masaje para asegurarse de que no queden residuos;<\/p>\n\n\n\n<p>4. Despu\u00e9s de secarse suavemente con una toalla, puede combinar la misma serie de productos hidratantes y utilizarlos durante el d\u00eda con los productos de protecci\u00f3n solar. Debido a que el \u00e1cido salic\u00edlico hace que la piel sea m\u00e1s sensible al sol, se puede utilizar protector solar para protegerse de los rayos UV.<\/p>\n\n\n\n<h2 class=\"wp-block-heading\">Precauci\u00f3n<\/h2>\n\n\n\n<p>1. Al usarlo, elija el limpiador facial con \u00e1cido salic\u00edlico adecuado para su tipo de piel;<\/p>\n\n\n\n<p>2. Se debe realizar una prueba de alergia la primera vez y se debe suspender el uso inmediatamente si se producen molestias;<\/p>\n\n\n\n<p>3. Preste atenci\u00f3n a la frecuencia de uso, se recomienda utilizar una vez por la ma\u00f1ana y otra por la noche. Los principiantes pueden aumentar gradualmente de 2 a 3 veces por semana a un uso diario para adaptarse a las condiciones de la piel;<\/p>\n\n\n\n<p>4. Si tiene problemas espec\u00edficos de la piel, debe utilizarse bajo consejo de un m\u00e9dico;<\/p>\n\n\n\n<p>5. Las mujeres embarazadas y lactantes deben consultar a un m\u00e9dico antes de usar este producto;<\/p>\n\n\n\n<p>6. Se recomienda almacenar en un lugar fresco y seco para evitar la luz solar directa y un ambiente de alta temperatura.<\/p>\n\n\n\n<h2 class=\"wp-block-heading\">Conclusi\u00f3n<\/h2>\n\n\n\n<p>Como fabricante de \u00e1cido salic\u00edlico centrado en la producci\u00f3n de alta calidad, contamos con un equipo de investigaci\u00f3n y desarrollo profesional con una amplia experiencia en el desarrollo y la producci\u00f3n de productos para el cuidado de la piel. Al mismo tiempo, contamos con un estricto sistema de control de calidad en cada eslab\u00f3n, desde la adquisici\u00f3n de materias primas hasta la producci\u00f3n y el envasado, para garantizar la eficacia y la seguridad de cada producto. Adem\u00e1s, tambi\u00e9n ofrecemos servicios integrales de personalizaci\u00f3n y nos esforzamos por alcanzar la perfecci\u00f3n, para garantizar que su marca se destaque en el mercado. Si tambi\u00e9n est\u00e1 interesado, p\u00f3ngase en contacto con nosotros.<\/p>","protected":false},"excerpt":{"rendered":"Salicylic Acid Facial Cleanser Manufacturing Common Formulas The salicylic acid cleansing process can be irritating, so we added a variety of mild surfactants and natural moisturizing ingredients during formulation research. This aim is to reduce skin irritation and make the product suitable for most skin types. 1. Salicylic acid: Salicylic acid is the core ingredient [&hellip;]","protected":false},"featured_media":2592,"menu_order":0,"template":"","meta":[],"product-tag":[],"products":[65],"class_list":["post-2591","product","type-product","status-publish","has-post-thumbnail","hentry","products-facial-cleanser"],"acf":[],"_links":{"self":[{"href":"https:\/\/www.ruiqigo.com\/es\/wp-json\/wp\/v2\/product\/2591","targetHints":{"allow":["GET"]}}],"collection":[{"href":"https:\/\/www.ruiqigo.com\/es\/wp-json\/wp\/v2\/product"}],"about":[{"href":"https:\/\/www.ruiqigo.com\/es\/wp-json\/wp\/v2\/types\/product"}],"version-history":[{"count":0,"href":"https:\/\/www.ruiqigo.com\/es\/wp-json\/wp\/v2\/product\/2591\/revisions"}],"wp:featuredmedia":[{"embeddable":true,"href":"https:\/\/www.ruiqigo.com\/es\/wp-json\/wp\/v2\/media\/2592"}],"wp:attachment":[{"href":"https:\/\/www.ruiqigo.com\/es\/wp-json\/wp\/v2\/media?parent=2591"}],"wp:term":[{"taxonomy":"product-tag","embeddable":true,"href":"https:\/\/www.ruiqigo.com\/es\/wp-json\/wp\/v2\/product-tag?post=2591"},{"taxonomy":"products","embeddable":true,"href":"https:\/\/www.ruiqigo.com\/es\/wp-json\/wp\/v2\/products?post=2591"}],"curies":[{"name":"wp","href":"https:\/\/api.w.org\/{rel}","templated":true}]}}