{"id":2598,"date":"2025-01-10T15:23:06","date_gmt":"2025-01-10T07:23:06","guid":{"rendered":"https:\/\/ruiqigo.com\/?post_type=product&#038;p=2598"},"modified":"2025-01-10T15:23:54","modified_gmt":"2025-01-10T07:23:54","slug":"jasmine-essential-oil","status":"publish","type":"product","link":"https:\/\/www.ruiqigo.com\/es\/product\/jasmine-essential-oil","title":{"rendered":"Aceite esencial de jazm\u00edn"},"content":{"rendered":"<h2 class=\"wp-block-heading\">F\u00f3rmulas comunes para la fabricaci\u00f3n de aceite esencial de jazm\u00edn<\/h2>\n\n\n\n<p>En la producci\u00f3n de aceite esencial de jazm\u00edn, utilizamos tecnolog\u00eda avanzada de extracci\u00f3n a baja temperatura para maximizar la retenci\u00f3n de sus ingredientes activos naturales. Al mismo tiempo, la concentraci\u00f3n de aceite esencial es demasiado alta y, por lo general, se agrega el aceite base para diluirlo cuando se aplica. Y podemos ayudarlo a combinar el aceite con las diferentes partes del tratamiento.<\/p>\n\n\n\n<p>1. Aceite esencial de jazm\u00edn: como ingrediente principal, no solo tiene una fuerte capacidad hidratante, sino que tambi\u00e9n puede reponer la humedad del cuero cabelludo y la piel, proporcionando un efecto hidratante duradero. Tambi\u00e9n es rico en antioxidantes, que pueden retrasar el envejecimiento y promover el crecimiento del cabello. Adem\u00e1s, tiene propiedades antibacterianas, que pueden reducir la caspa, aliviar la picaz\u00f3n y la inflamaci\u00f3n del cuero cabelludo y mantener el cabello fresco.<\/p>\n\n\n\n<p>2. Aceite de coco: El aceite de coco contiene vitamina E y antioxidantes que pueden ayudar a reparar el cabello da\u00f1ado, reducir la rotura y las puntas abiertas y hacer que el cabello est\u00e9 m\u00e1s fuerte y saludable. Tambi\u00e9n aporta nutrientes al cabello, promueve el crecimiento del cabello y le da brillo.<\/p>\n\n\n\n<p>3. Aloe Vera: El aloe vera es rico en factores hidratantes naturales, que pueden hidratar profundamente la piel y prevenir la sequedad. Tambi\u00e9n contiene una gran cantidad de vitaminas que ayudan a promover la regeneraci\u00f3n y reparaci\u00f3n celular, reparando as\u00ed la piel da\u00f1ada y proporcionando una textura suave y sedosa.<\/p>\n\n\n\n<p>4. Aceite de oliva: El aceite de oliva puede controlar la grasa y aliviar los s\u00edntomas de la grasa del cuero cabelludo y la picaz\u00f3n. Tambi\u00e9n ayuda a aclarar el brillo del cabello, prevenir las puntas abiertas y acondicionar el cabello con puntas abiertas. Adem\u00e1s, el aceite de oliva es rico en \u00e1cidos grasos, que pueden hidratar eficazmente la piel y hacerla m\u00e1s suave. Tambi\u00e9n tiene un cierto efecto antioxidante, que puede promover la producci\u00f3n de col\u00e1geno, retrasar el envejecimiento de la piel y aumentar la elasticidad de la piel.<\/p>\n\n\n\n<p>5. Aceite esencial de nuez moscada: El aceite esencial de nuez moscada contiene compuestos antiinflamatorios, puede aliviar la picaz\u00f3n, la irritaci\u00f3n y otras molestias de la piel, e incluso mejorar el tono de la piel. Al mismo tiempo, es rico en vitaminas, que pueden promover el metabolismo de la piel para mejorar la piel seca, la descamaci\u00f3n y otros problemas.<\/p>\n\n\n\n<h2 class=\"wp-block-heading\">Las funciones del aceite esencial de jazm\u00edn<\/h2>\n\n\n\n<p>Como fabricante profesional de aceite esencial de jazm\u00edn, nos comprometemos a crear productos de alta calidad. No solo seleccionamos cuidadosamente las materias primas, sino que tambi\u00e9n implementamos un estricto sistema de gesti\u00f3n de calidad en cada etapa de la producci\u00f3n para garantizar que cada gota de aceite esencial pueda brindarle una experiencia agradable.<\/p>\n\n\n\n<p>1. Nutre el cabello: el aceite esencial de jazm\u00edn puede proporcionar al cabello la hidrataci\u00f3n y nutrici\u00f3n necesarias para que luzca brillante. Tambi\u00e9n es bueno para reparar el cabello seco y da\u00f1ado, suavizar el frizz y prevenir las puntas abiertas y la rotura.<\/p>\n\n\n\n<p>2. Protege la salud del cuero cabelludo: las propiedades antibacterianas del jazm\u00edn pueden aliviar la picaz\u00f3n del cuero cabelludo y prevenir la caspa y la inflamaci\u00f3n del cuero cabelludo, manteniendo as\u00ed el cuero cabelludo fresco y saludable. Adem\u00e1s, tambi\u00e9n tiene cierto efecto en la restricci\u00f3n de los piojos.<\/p>\n\n\n\n<p>3. Cuidado hidratante de la piel: el factor hidratante del aceite esencial de jazm\u00edn puede mejorar el estado seco de la piel, proporcionar un efecto hidratante duradero y hacer que su piel est\u00e9 m\u00e1s hidratada y suave.<\/p>\n\n\n\n<p>4. Repara el acn\u00e9: Nuestro aceite esencial tambi\u00e9n afecta el acn\u00e9, sus propiedades antibacterianas y antiinflamatorias son propicias para mejorar la superficie de la piel causada por el enrojecimiento del acn\u00e9, el dolor y otras molestias, reparando la piel da\u00f1ada, mejorando la barrera protectora de la piel y haciendo que su piel sea m\u00e1s saludable.<\/p>\n\n\n\n<p>5. Alivia el estr\u00e9s: el aroma \u00fanico del jazm\u00edn no solo puede calmar los estados emocionales y la actividad neuronal, sino que tambi\u00e9n alivia el estr\u00e9s y la depresi\u00f3n y relaja el cuerpo y la mente. Al mismo tiempo, tambi\u00e9n puede aumentar el estado de alerta, lo que favorece la concentraci\u00f3n.<\/p>\n\n\n\n<h2 class=\"wp-block-heading\">\u00bfC\u00f3mo utilizar el aceite esencial de jazm\u00edn?<\/h2>\n\n\n\n<p>El aceite esencial de jazm\u00edn es muy utilizado, por lo que se utiliza de diferentes formas. Te indicaremos su funcionamiento en el envase para que puedas usarlo con seguridad.<\/p>\n\n\n\n<p>1. Uso en aromaterapia: coloque 1 o 2 gotas de aceite esencial de jazm\u00edn en la l\u00e1mpara de aromaterapia o en el difusor para llenar toda la habitaci\u00f3n de aroma. La fragancia creada es buena para calmar el cuerpo y la mente, reduciendo el estr\u00e9s y la fatiga.<\/p>\n\n\n\n<p>2. Uso en masajes: mezcle nuestro aceite esencial con otros aceites base en proporci\u00f3n y apl\u00edquelo en el cuerpo o el rostro. No solo puede promover la circulaci\u00f3n sangu\u00ednea, sino que tambi\u00e9n mejora la falta de agua y la piel seca.<\/p>\n\n\n\n<p>3. Uso con: En el proceso de lavado del cabello, el aceite esencial de jazm\u00edn se puede mezclar con el champ\u00fa o acondicionador en proporci\u00f3n al uso, lo que puede fortalecer el efecto del cuidado del cabello.<\/p>\n\n\n\n<h2 class=\"wp-block-heading\">Precauci\u00f3n<\/h2>\n\n\n\n<p>1. Realice una prueba al\u00e9rgica avanzada antes de su uso. Si ocurre una reacci\u00f3n adversa, suspenda su uso inmediatamente.<\/p>\n\n\n\n<p>2. La concentraci\u00f3n de aceite esencial de jazm\u00edn es alta, por lo que se recomienda diluirlo con aceite base para evitar que la aplicaci\u00f3n directa produzca irritaci\u00f3n;<\/p>\n\n\n\n<p>3. Las mujeres embarazadas, los ni\u00f1os y las personas con enfermedades mentales deben evitar su uso; de ser necesario, util\u00edcelo bajo supervisi\u00f3n m\u00e9dica.<\/p>\n\n\n\n<p>4. Preste atenci\u00f3n a la dosis durante el uso para evitar molestias excesivas en la piel;<\/p>\n\n\n\n<p>5. Se recomienda almacenar en un lugar fresco y seco y evitar la luz solar directa y ambientes de alta temperatura.<\/p>\n\n\n\n<h2 class=\"wp-block-heading\">Conclusi\u00f3n<\/h2>\n\n\n\n<p>En el feroz mercado del aceite esencial de jazm\u00edn, nuestros productos brindan la mejor experiencia de cuidado a los clientes con sus efectos \u00fanicos, convirti\u00e9ndose en uno de los socios de muchas marcas de cuidado de la piel y centros de SPA. Como fabricante de productos de alta gama, no solo seleccionamos flores de jazm\u00edn de alta calidad, sino que tambi\u00e9n integramos procesos de purificaci\u00f3n de tecnolog\u00eda moderna para garantizar que cada botella pueda brindarle un cuidado eficiente. Adem\u00e1s, tambi\u00e9n brindamos servicios personalizados para crear su marca de aceite esencial de jazm\u00edn de acuerdo con sus necesidades. Si tambi\u00e9n est\u00e1 interesado, comun\u00edquese con nosotros.<\/p>","protected":false},"excerpt":{"rendered":"Jasmine Essential Oil Manufacturing Common Formulas In the production of jasmine essential oil, we use advanced low-temperature extraction technology to maximize the retention of its natural active ingredients. At the same time, the concentration of essential oil is too high, and the base oil is usually added to dilute when applied. And we can help [&hellip;]","protected":false},"featured_media":2599,"menu_order":0,"template":"","meta":[],"product-tag":[],"products":[53],"class_list":["post-2598","product","type-product","status-publish","has-post-thumbnail","hentry","products-essential-oil"],"acf":[],"_links":{"self":[{"href":"https:\/\/www.ruiqigo.com\/es\/wp-json\/wp\/v2\/product\/2598","targetHints":{"allow":["GET"]}}],"collection":[{"href":"https:\/\/www.ruiqigo.com\/es\/wp-json\/wp\/v2\/product"}],"about":[{"href":"https:\/\/www.ruiqigo.com\/es\/wp-json\/wp\/v2\/types\/product"}],"version-history":[{"count":0,"href":"https:\/\/www.ruiqigo.com\/es\/wp-json\/wp\/v2\/product\/2598\/revisions"}],"wp:featuredmedia":[{"embeddable":true,"href":"https:\/\/www.ruiqigo.com\/es\/wp-json\/wp\/v2\/media\/2599"}],"wp:attachment":[{"href":"https:\/\/www.ruiqigo.com\/es\/wp-json\/wp\/v2\/media?parent=2598"}],"wp:term":[{"taxonomy":"product-tag","embeddable":true,"href":"https:\/\/www.ruiqigo.com\/es\/wp-json\/wp\/v2\/product-tag?post=2598"},{"taxonomy":"products","embeddable":true,"href":"https:\/\/www.ruiqigo.com\/es\/wp-json\/wp\/v2\/products?post=2598"}],"curies":[{"name":"wp","href":"https:\/\/api.w.org\/{rel}","templated":true}]}}