{"id":269,"date":"2024-07-05T16:45:37","date_gmt":"2024-07-05T08:45:37","guid":{"rendered":"https:\/\/ruiqigo.com\/?post_type=product&#038;p=269"},"modified":"2024-11-15T16:39:48","modified_gmt":"2024-11-15T08:39:48","slug":"peppermint-essential-oil","status":"publish","type":"product","link":"https:\/\/www.ruiqigo.com\/es\/product\/peppermint-essential-oil","title":{"rendered":"Aceite esencial de menta"},"content":{"rendered":"<h2 class=\"wp-block-heading\">F\u00f3rmulas habituales para la elaboraci\u00f3n de aceite esencial de menta<\/h2>\n\n\n\n<p>La elaboraci\u00f3n del aceite esencial de menta implica principalmente la recolecci\u00f3n de las hojas y los tallos de la planta de menta y luego la extracci\u00f3n de la esencia mediante destilaci\u00f3n al vapor. Durante el proceso de destilaci\u00f3n, como fabricante de aceite esencial de menta duradero, el material vegetal se calienta y el vapor de aceite de menta liberado se enfr\u00eda y se condensa en un l\u00edquido, que luego se separa del agua para obtener aceite esencial de menta puro. Este proceso requiere un estricto control de temperatura y tiempo para garantizar la pureza del aceite y la integridad de los ingredientes activos.<\/p>\n\n\n\n<h2 class=\"wp-block-heading\">Escenarios de aplicaci\u00f3n del aceite esencial de menta<\/h2>\n\n\n\n<p>El aceite esencial de menta se puede utilizar en una variedad de situaciones: en aromaterapia para refrescar la mente y aliviar el estr\u00e9s, de forma t\u00f3pica para aliviar el dolor muscular y el malestar de la piel, como repelente natural de insectos contra los mosquitos, a\u00f1adido a productos para el cuidado de la piel para acondicionar la piel grasa y utilizado como aromaterapia de interior para purificar el aire. Sus diversos efectos lo hacen adecuado para el cuidado diario de la salud y la atenci\u00f3n de emergencia.<\/p>\n\n\n\n<h2 class=\"wp-block-heading\">\u00bfPara qui\u00e9n es adecuado el aceite esencial de menta?<\/h2>\n\n\n\n<p>El aceite esencial de menta es adecuado para trabajadores de oficina que necesitan un estimulante, entusiastas del deporte que desean aliviar dolores musculares, personas que buscan belleza y quieren mejorar la piel grasa y quienes buscan remedios naturales para aliviar las molestias digestivas. Sin embargo, debe usarse con precauci\u00f3n en mujeres embarazadas, ni\u00f1os o personas con piel sensible, y es mejor buscar asesoramiento profesional antes de usarlo.<\/p>\n\n\n\n<h2 class=\"wp-block-heading\">Proceso de producci\u00f3n del aceite esencial de menta<\/h2>\n\n\n\n<p>El proceso especial del aceite esencial de menta piperita consiste en el uso de la destilaci\u00f3n al vapor a baja temperatura, un m\u00e9todo que extrae suavemente el aceite esencial de las hojas de menta piperita, evitando la destrucci\u00f3n de los componentes que pueden provocar las altas temperaturas. Como fabricante honesto de aceite esencial de menta piperita, el control preciso del proceso de destilaci\u00f3n garantiza que la pureza del aceite, sus ingredientes activos y su aroma natural se mantengan intactos, garantizando as\u00ed su alto rendimiento y seguridad en la aromaterapia y el uso diario.<\/p>","protected":false},"excerpt":{"rendered":"Peppermint essential oil manufacturing common formulas Making peppermint essential oil mainly involves harvesting the leaves and stems of the peppermint plant and then extracting the essence through steam distillation. During the distillation process, as a durable Peppermint essential oil manufacturer, the plant material is heated and the released peppermint oil vapor is cooled and condensed [&hellip;]","protected":false},"featured_media":271,"menu_order":0,"template":"","meta":[],"product-tag":[],"products":[53],"class_list":["post-269","product","type-product","status-publish","has-post-thumbnail","hentry","products-essential-oil"],"acf":[],"_links":{"self":[{"href":"https:\/\/www.ruiqigo.com\/es\/wp-json\/wp\/v2\/product\/269","targetHints":{"allow":["GET"]}}],"collection":[{"href":"https:\/\/www.ruiqigo.com\/es\/wp-json\/wp\/v2\/product"}],"about":[{"href":"https:\/\/www.ruiqigo.com\/es\/wp-json\/wp\/v2\/types\/product"}],"version-history":[{"count":0,"href":"https:\/\/www.ruiqigo.com\/es\/wp-json\/wp\/v2\/product\/269\/revisions"}],"wp:featuredmedia":[{"embeddable":true,"href":"https:\/\/www.ruiqigo.com\/es\/wp-json\/wp\/v2\/media\/271"}],"wp:attachment":[{"href":"https:\/\/www.ruiqigo.com\/es\/wp-json\/wp\/v2\/media?parent=269"}],"wp:term":[{"taxonomy":"product-tag","embeddable":true,"href":"https:\/\/www.ruiqigo.com\/es\/wp-json\/wp\/v2\/product-tag?post=269"},{"taxonomy":"products","embeddable":true,"href":"https:\/\/www.ruiqigo.com\/es\/wp-json\/wp\/v2\/products?post=269"}],"curies":[{"name":"wp","href":"https:\/\/api.w.org\/{rel}","templated":true}]}}