{"id":275,"date":"2024-07-05T16:23:28","date_gmt":"2024-07-05T08:23:28","guid":{"rendered":"https:\/\/ruiqigo.com\/?post_type=product&#038;p=275"},"modified":"2024-11-15T16:43:01","modified_gmt":"2024-11-15T08:43:01","slug":"lavender-essential-oil","status":"publish","type":"product","link":"https:\/\/www.ruiqigo.com\/es\/product\/lavender-essential-oil","title":{"rendered":"Aceite esencial de lavanda"},"content":{"rendered":"<h2 class=\"wp-block-heading\">F\u00f3rmulas habituales para la elaboraci\u00f3n de aceite esencial de lavanda<\/h2>\n\n\n\n<p>Las materias primas de alta calidad que utilizamos para producir aceite esencial de lavanda provienen de lavandas seleccionadas que se cultivan en condiciones clim\u00e1ticas y de suelo adecuadas, elegidas de \u00e1reas soleadas y bien drenadas. El aceite esencial de lavanda de primera calidad requiere que las flores se recojan a mano durante la plena floraci\u00f3n para conservar el m\u00e1ximo aroma y los ingredientes activos. Como fabricante l\u00edder de aceite esencial de lavanda, la frescura y pureza de la materia prima afecta directamente la calidad del aceite esencial, por lo que controlamos cuidadosamente cada paso del proceso, desde la plantaci\u00f3n y la cosecha hasta la extracci\u00f3n.<\/p>\n\n\n\n<h2 class=\"wp-block-heading\">Escenarios de aplicaci\u00f3n del aceite esencial de lavanda<\/h2>\n\n\n\n<p>El aceite esencial de lavanda es adecuado para su uso en una amplia gama de climas, especialmente en estaciones secas o c\u00e1lidas, donde sus propiedades refrescantes y calmantes son eficaces para aliviar las quemaduras solares y la inflamaci\u00f3n de la piel. En climas fr\u00edos o h\u00famedos, ayuda a relajar los m\u00fasculos y aliviar el dolor de las articulaciones. El aceite esencial de lavanda promueve la regeneraci\u00f3n celular y equilibra la producci\u00f3n de sebo. Por lo tanto, es adecuado para todo tipo de pieles. El aceite esencial de lavanda es bien conocido por su eficacia en el tratamiento de quemaduras y quemaduras solares. Tambi\u00e9n mejora las ampollas, el eczema, inhibe el crecimiento bacteriano y minimiza la hinchaz\u00f3n y las cicatrices.<\/p>\n\n\n\n<h2 class=\"wp-block-heading\">\u00bfPara qui\u00e9n es adecuado el aceite esencial de lavanda?<\/h2>\n\n\n\n<p>El aceite esencial de lavanda es adecuado para personas que buscan remedios naturales para aliviar el estr\u00e9s y mejorar el sue\u00f1o, incluidos los trabajadores de oficina estresados, las personas mayores que necesitan relajarse y las personas con problemas leves de la piel, como el acn\u00e9 y el eczema. Tambi\u00e9n es beneficioso para las personas con tendencias ansiosas o s\u00edntomas de insomnio. Sin embargo, debe usarse con precauci\u00f3n en mujeres embarazadas, lactantes, ni\u00f1os o personas con piel sensible, y es mejor buscar asesoramiento profesional antes de su uso para evitar posibles reacciones al\u00e9rgicas. No lo use en alta concentraci\u00f3n, las heridas rojas e hinchadas deben usarse con compresas fr\u00edas. No lo mezcle con aceite esencial de artemisa (del mismo color), las personas con presi\u00f3n arterial baja con aceite esencial de lavanda, es f\u00e1cil que ocurra despu\u00e9s el fen\u00f3meno de estancamiento.<\/p>\n\n\n\n<h2 class=\"wp-block-heading\">Proceso de producci\u00f3n del aceite esencial de lavanda<\/h2>\n\n\n\n<p>Lo que hace que la producci\u00f3n de aceite esencial de lavanda sea especial son sus estrictos requisitos en cuanto al momento de la recolecci\u00f3n de las flores y el control minucioso del proceso de extracci\u00f3n. Como fabricante honesto de aceite esencial de lavanda, las flores se suelen recolectar a mano cuando est\u00e1n en plena floraci\u00f3n para garantizar la mayor concentraci\u00f3n de ingredientes activos y aroma. Los aceites se extraen en condiciones suaves mediante destilaci\u00f3n al vapor tradicional para mantener la pureza y las propiedades terap\u00e9uticas de los aceites esenciales. Como fabricante l\u00edder de aceite esencial de lavanda, el control preciso de la temperatura y el momento de este proceso garantiza la alta calidad y los beneficios terap\u00e9uticos \u00fanicos del aceite esencial de lavanda.<\/p>\n\n\n\n<p><\/p>","protected":false},"excerpt":{"rendered":"Lavender essential oil manufacturing common formulas The high quality raw materials we use to produce lavender essential oil come from selected lavenders that are grown in suitable climatic and soil conditions, chosen from sunny, well-drained areas. Premium lavender essential oil requires the flowers to be hand-picked during full bloom to retain the highest aroma and [&hellip;]","protected":false},"featured_media":276,"menu_order":0,"template":"","meta":[],"product-tag":[],"products":[53],"class_list":["post-275","product","type-product","status-publish","has-post-thumbnail","hentry","products-essential-oil"],"acf":[],"_links":{"self":[{"href":"https:\/\/www.ruiqigo.com\/es\/wp-json\/wp\/v2\/product\/275","targetHints":{"allow":["GET"]}}],"collection":[{"href":"https:\/\/www.ruiqigo.com\/es\/wp-json\/wp\/v2\/product"}],"about":[{"href":"https:\/\/www.ruiqigo.com\/es\/wp-json\/wp\/v2\/types\/product"}],"version-history":[{"count":0,"href":"https:\/\/www.ruiqigo.com\/es\/wp-json\/wp\/v2\/product\/275\/revisions"}],"wp:featuredmedia":[{"embeddable":true,"href":"https:\/\/www.ruiqigo.com\/es\/wp-json\/wp\/v2\/media\/276"}],"wp:attachment":[{"href":"https:\/\/www.ruiqigo.com\/es\/wp-json\/wp\/v2\/media?parent=275"}],"wp:term":[{"taxonomy":"product-tag","embeddable":true,"href":"https:\/\/www.ruiqigo.com\/es\/wp-json\/wp\/v2\/product-tag?post=275"},{"taxonomy":"products","embeddable":true,"href":"https:\/\/www.ruiqigo.com\/es\/wp-json\/wp\/v2\/products?post=275"}],"curies":[{"name":"wp","href":"https:\/\/api.w.org\/{rel}","templated":true}]}}