{"id":281,"date":"2024-07-05T16:29:32","date_gmt":"2024-07-05T08:29:32","guid":{"rendered":"https:\/\/ruiqigo.com\/?post_type=product&#038;p=281"},"modified":"2024-11-15T16:40:52","modified_gmt":"2024-11-15T08:40:52","slug":"lemongrass-essential-oil","status":"publish","type":"product","link":"https:\/\/www.ruiqigo.com\/es\/product\/lemongrass-essential-oil","title":{"rendered":"Aceite esencial de limoncillo"},"content":{"rendered":"<h2 class=\"wp-block-heading\">F\u00f3rmulas habituales para la elaboraci\u00f3n de aceite esencial de limoncillo<\/h2>\n\n\n\n<p>El aceite esencial de limoncillo se obtiene de la planta de limoncillo cuidadosamente cultivada, conocida por su alto contenido de citral. Los mejores ingredientes provienen de un cultivo selectivo, lo que garantiza que la planta crezca a plena luz del sol y en el clima adecuado para su intenso aroma a lim\u00f3n y sus ingredientes altamente terap\u00e9uticos. Cuando se cosecha, solo se utilizan hojas maduras para garantizar la pureza y la actividad del aceite esencial. Como fabricante profesional de aceite esencial de limoncillo, estas materias primas cuidadosamente seleccionadas se extraen mediante destilaci\u00f3n al vapor para garantizar la alta y constante calidad del aceite esencial de limoncillo.<\/p>\n\n\n\n<h2 class=\"wp-block-heading\">Escenarios de aplicaci\u00f3n del aceite esencial de limoncillo<\/h2>\n\n\n\n<p>El aceite esencial de limoncillo es adecuado para su uso en climas c\u00e1lidos y tropicales, donde su refrescante aroma a lim\u00f3n y sus propiedades antimicrobianas resultan estimulantes y estimulantes durante la temporada de calor. Tambi\u00e9n es adecuado para su uso en ambientes h\u00famedos para ayudar a repeler mosquitos y reducir las molestias. Adem\u00e1s, cuando se utiliza en interiores, el aceite esencial de limoncillo purifica el aire y aporta un ambiente fresco a los espacios habitables en todos los climas.<\/p>\n\n\n\n<h2 class=\"wp-block-heading\">\u00bfPara qui\u00e9n es adecuado el aceite esencial de limoncillo?<\/h2>\n\n\n\n<p>El aceite esencial de limoncillo es adecuado para personas que buscan alivio f\u00edsico y mental y mejorar el estado de \u00e1nimo, especialmente para las personas modernas que sufren estr\u00e9s y ansiedad. Su aroma refrescante eleva el esp\u00edritu y ayuda a aliviar la tensi\u00f3n, lo que lo hace ideal para quienes buscan un estilo de vida saludable.<\/p>\n\n\n\n<h2 class=\"wp-block-heading\">Proceso de producci\u00f3n del aceite esencial de limoncillo<\/h2>\n\n\n\n<p>Como fabricante eficiente de aceite esencial de limoncillo, sabemos que lo que hace que la producci\u00f3n de aceite esencial de limoncillo sea especial es su delicado proceso de extracci\u00f3n y la estricta selecci\u00f3n de materias primas. En primer lugar, el aceite esencial se extrae de toda la planta de limoncillo mediante tecnolog\u00eda de destilaci\u00f3n al vapor para garantizar la pureza y la actividad del extracto. En segundo lugar, la selecci\u00f3n de materias primas sigue altos est\u00e1ndares para garantizar que las materias primas sean de alta calidad y naturales. Como fabricante eficiente de aceite esencial de limoncillo, estas caracter\u00edsticas especiales contribuyen a la alta calidad y los beneficios terap\u00e9uticos \u00fanicos del aceite esencial de limoncillo.<\/p>\n\n\n\n<p><\/p>","protected":false},"excerpt":{"rendered":"Lemongrass essential oil manufacturing common formulas Lemongrass essential oil is derived from the carefully cultivated lemongrass plant, which is known for its high citral content. The best ingredients come from selective cultivation, ensuring that the plant grows in full sunlight and the right climate for its intense lemony aroma and highly therapeutic ingredients. When harvested, [&hellip;]","protected":false},"featured_media":375,"menu_order":0,"template":"","meta":[],"product-tag":[],"products":[53],"class_list":["post-281","product","type-product","status-publish","has-post-thumbnail","hentry","products-essential-oil"],"acf":[],"_links":{"self":[{"href":"https:\/\/www.ruiqigo.com\/es\/wp-json\/wp\/v2\/product\/281","targetHints":{"allow":["GET"]}}],"collection":[{"href":"https:\/\/www.ruiqigo.com\/es\/wp-json\/wp\/v2\/product"}],"about":[{"href":"https:\/\/www.ruiqigo.com\/es\/wp-json\/wp\/v2\/types\/product"}],"version-history":[{"count":0,"href":"https:\/\/www.ruiqigo.com\/es\/wp-json\/wp\/v2\/product\/281\/revisions"}],"wp:featuredmedia":[{"embeddable":true,"href":"https:\/\/www.ruiqigo.com\/es\/wp-json\/wp\/v2\/media\/375"}],"wp:attachment":[{"href":"https:\/\/www.ruiqigo.com\/es\/wp-json\/wp\/v2\/media?parent=281"}],"wp:term":[{"taxonomy":"product-tag","embeddable":true,"href":"https:\/\/www.ruiqigo.com\/es\/wp-json\/wp\/v2\/product-tag?post=281"},{"taxonomy":"products","embeddable":true,"href":"https:\/\/www.ruiqigo.com\/es\/wp-json\/wp\/v2\/products?post=281"}],"curies":[{"name":"wp","href":"https:\/\/api.w.org\/{rel}","templated":true}]}}