{"id":2838,"date":"2025-01-14T11:22:00","date_gmt":"2025-01-14T03:22:00","guid":{"rendered":"https:\/\/ruiqigo.com\/?post_type=product&#038;p=2838"},"modified":"2025-01-14T11:22:33","modified_gmt":"2025-01-14T03:22:33","slug":"vetiver-essential-oil","status":"publish","type":"product","link":"https:\/\/www.ruiqigo.com\/es\/product\/vetiver-essential-oil","title":{"rendered":"Aceite esencial de vetiver"},"content":{"rendered":"<h2 class=\"wp-block-heading\">F\u00f3rmulas comunes para la fabricaci\u00f3n de aceite esencial de vetiver<\/h2>\n\n\n\n<p>Como fabricante profesional de aceite esencial de vetiver, controlamos estrictamente la calidad de la producci\u00f3n, desde la adquisici\u00f3n de la materia prima hasta la inspecci\u00f3n del producto terminado para garantizar su alta calidad. Adem\u00e1s, su concentraci\u00f3n es mayor, por lo que adaptaremos la f\u00f3rmula correspondiente seg\u00fan las diferentes partes del tratamiento.<\/p>\n\n\n\n<p>1. Aceite esencial de vetiver: Como ingrediente principal, tiene m\u00faltiples beneficios. No solo reduce la inflamaci\u00f3n y fortalece el sistema inmunol\u00f3gico, sino que tambi\u00e9n mejora la circulaci\u00f3n sangu\u00ednea y alivia s\u00edntomas como el dolor en las articulaciones. Al mismo tiempo, tambi\u00e9n puede reducir la caspa, promover el crecimiento saludable del cabello y reafirmar la piel, hidratando profundamente. Adem\u00e1s, su aroma amaderado y ahumado es beneficioso para aliviar el estr\u00e9s y el mal humor, y relajar a\u00fan m\u00e1s el cuerpo y la mente.<\/p>\n\n\n\n<p>2. Aceite esencial de lavanda: El aceite esencial de lavanda tiene efectos calmantes y antiinflamatorios. Cuando se usa en conjunto, puede aliviar la sensibilidad de la piel y repararla. Adem\u00e1s, su aroma tambi\u00e9n ayuda a aliviar el estr\u00e9s mental y favorecer el sue\u00f1o.<\/p>\n\n\n\n<p>3. Aceite de \u00e1rbol de t\u00e9: El \u00e1rbol de t\u00e9 tiene propiedades antibacterianas y antiinflamatorias, que pueden combatir las bacterias y la inflamaci\u00f3n en la piel y reducir la producci\u00f3n de acn\u00e9 y acn\u00e9.<\/p>\n\n\n\n<p>4. Aceite de oliva: El aceite de oliva tiene buenas propiedades hidratantes, puede proporcionar humedad y nutrici\u00f3n al cabello durante mucho tiempo y reparar constantemente el cabello da\u00f1ado, mejorando as\u00ed la calidad del cabello.<\/p>\n\n\n\n<p>5. Aceite esencial de rosa: El aceite esencial de rosa tiene un efecto nutritivo e hidratante, puede mejorar la elasticidad y el brillo de la piel y favorece la regulaci\u00f3n del sistema endocrino.<\/p>\n\n\n\n<p>6. Aceite esencial de naranja dulce: El aceite esencial de naranja dulce tiene efectos agradables y estimulantes, que pueden mejorar el estado de \u00e1nimo, aliviar la ansiedad y la depresi\u00f3n y aumentar la felicidad.<\/p>\n\n\n\n<h2 class=\"wp-block-heading\">Las funciones del aceite esencial de vetiver<\/h2>\n\n\n\n<p>El aceite esencial de vetiver es tan vers\u00e1til que nuestro equipo de investigaci\u00f3n y desarrollo lo ha probado en diferentes escenarios y ha resumido sus m\u00faltiples beneficios.<\/p>\n\n\n\n<p>1. Limpieza profunda: el aceite esencial de vetiver puede limpiar profundamente los poros, eliminar la grasa y la suciedad de la superficie de la piel, destapar los poros y reducir la producci\u00f3n de puntos negros y puntos blancos.<\/p>\n\n\n\n<p>2. Reduce la caspa: Nuestros aceites esenciales contienen ingredientes antibacterianos y antiinflamatorios que reducen el riesgo de inflamaci\u00f3n e infecci\u00f3n del cuero cabelludo al matar los microorganismos da\u00f1inos en el cuero cabelludo, reduciendo as\u00ed la caspa y la ca\u00edda del cabello. Adem\u00e1s, mejora la circulaci\u00f3n sangu\u00ednea hacia los fol\u00edculos pilosos y promueve la formaci\u00f3n de col\u00e1geno, lo que promueve a\u00fan m\u00e1s el crecimiento del cabello.<\/p>\n\n\n\n<p>3. Antienvejecimiento: Nuestros productos pueden resistir el da\u00f1o de los radicales libres y reducir el fen\u00f3meno del envejecimiento de la piel. Al mismo tiempo, tambi\u00e9n alivian y complementan la piel seca, mejoran la capacidad de la piel para retener el agua, tensan a\u00fan m\u00e1s la piel, cierran los poros y restauran la elasticidad de la piel.<\/p>\n\n\n\n<p>4. Favorece la cicatrizaci\u00f3n: Las propiedades antioxidantes y antiinflamatorias pueden ayudar a tratar afecciones de la piel como el eczema, as\u00ed como a promover la curaci\u00f3n de heridas cut\u00e1neas y reducir la formaci\u00f3n de cicatrices. Adem\u00e1s, ayuda a tratar problemas como el dolor articular y el dolor muscular.<\/p>\n\n\n\n<p>5. Calmante y relajante: el aroma del aceite esencial de vetiver tiene un efecto calmante y relajante que puede aliviar la tensi\u00f3n y la ansiedad, reducir el estr\u00e9s y favorecer el sue\u00f1o. Tambi\u00e9n es bueno para la concentraci\u00f3n.<\/p>\n\n\n\n<p>6. Repelente natural de insectos: Su aroma \u00fanico tambi\u00e9n repele mosquitos y otras plagas.<\/p>\n\n\n\n<h2 class=\"wp-block-heading\">\u00bfC\u00f3mo utilizar el aceite esencial de vetiver?<\/h2>\n\n\n\n<p>El aceite esencial de vetiver se puede utilizar de diversas formas, puedes usarlo seg\u00fan tus necesidades, tambi\u00e9n marcaremos el uso del empaque del producto.<\/p>\n\n\n\n<p>1. Aplicaci\u00f3n directa: El aceite esencial de vetiver se puede preparar proporcionalmente con otros aceites base y luego aplicar localmente sobre la piel que necesite cuidado.<\/p>\n\n\n\n<p>2. Uso de incienso: Coloque aceite esencial de vetiver en el difusor y permanezca en la atm\u00f3sfera de la fragancia, lo que favorece la relajaci\u00f3n del cuerpo y la mente y promueve el sue\u00f1o.<\/p>\n\n\n\n<p>3. Uso en combinaci\u00f3n: puede mezclar nuestros aceites esenciales con champ\u00fa, acondicionador, crema facial, humectante y otros ingredientes para el cuidado de la piel para promover el cuidado de la piel.<\/p>\n\n\n\n<p>4. Uso para masajes: A menudo se utiliza en tratamientos de SPA, se puede combinar con otros aceites base para masajes, hidratando fuertemente la piel y aliviando el dolor muscular.<\/p>\n\n\n\n<h2 class=\"wp-block-heading\">Precauci\u00f3n<\/h2>\n\n\n\n<p>1. Antes de usar, elija el aceite esencial de vetiver adecuado seg\u00fan sus propias necesidades y tipo de piel;<\/p>\n\n\n\n<p>2. La primera vez que se use el producto, se deben realizar pruebas de alergia. Si se producen molestias, se debe suspender su uso inmediatamente.<\/p>\n\n\n\n<p>3. La concentraci\u00f3n de ra\u00edz de vainilla es alta y es necesario diluirla con aceite base;<\/p>\n\n\n\n<p>4. Debido a que el aceite esencial de vetiver tiene una funci\u00f3n menstrual, las mujeres embarazadas deben evitar su uso;<\/p>\n\n\n\n<p>5. Los ni\u00f1os y las mujeres lactantes deben utilizar este producto bajo supervisi\u00f3n m\u00e9dica;<\/p>\n\n\n\n<p>6. Se recomienda almacenar en un lugar fresco y seco, y evitar la luz solar directa y ambientes de alta temperatura;<\/p>\n\n\n\n<h2 class=\"wp-block-heading\">Conclusi\u00f3n<\/h2>\n\n\n\n<p>Nos comprometemos a proporcionar soluciones de aceite esencial de vetiver de alta calidad y satisfacer sus necesidades de salud y belleza. No solo utilizamos tecnolog\u00eda de destilaci\u00f3n de producci\u00f3n avanzada, sino tambi\u00e9n un estricto control de calidad para garantizar la seguridad y la eficacia de cada gota de aceite esencial. Al mismo tiempo, tambi\u00e9n contamos con un servicio de personalizaci\u00f3n integral, que puede satisfacer sus diferentes escenarios y necesidades de f\u00f3rmulas, para ayudarlo a crear productos \u00fanicos y obtener una ventaja competitiva en el mercado. Comun\u00edquese con nosotros si est\u00e1 interesado.<\/p>","protected":false},"excerpt":{"rendered":"Vetiver Essential Oil Manufacturing Common Formulas As a professional vetiver essential oil manufacturer, we strictly control the quality of production, from raw material procurement to finished product inspection to ensure its high quality. In addition, its concentration is higher, so we will match the corresponding formula according to the different parts of the care. 1. [&hellip;]","protected":false},"featured_media":2841,"menu_order":0,"template":"","meta":[],"product-tag":[],"products":[53],"class_list":["post-2838","product","type-product","status-publish","has-post-thumbnail","hentry","products-essential-oil"],"acf":[],"_links":{"self":[{"href":"https:\/\/www.ruiqigo.com\/es\/wp-json\/wp\/v2\/product\/2838","targetHints":{"allow":["GET"]}}],"collection":[{"href":"https:\/\/www.ruiqigo.com\/es\/wp-json\/wp\/v2\/product"}],"about":[{"href":"https:\/\/www.ruiqigo.com\/es\/wp-json\/wp\/v2\/types\/product"}],"version-history":[{"count":0,"href":"https:\/\/www.ruiqigo.com\/es\/wp-json\/wp\/v2\/product\/2838\/revisions"}],"wp:featuredmedia":[{"embeddable":true,"href":"https:\/\/www.ruiqigo.com\/es\/wp-json\/wp\/v2\/media\/2841"}],"wp:attachment":[{"href":"https:\/\/www.ruiqigo.com\/es\/wp-json\/wp\/v2\/media?parent=2838"}],"wp:term":[{"taxonomy":"product-tag","embeddable":true,"href":"https:\/\/www.ruiqigo.com\/es\/wp-json\/wp\/v2\/product-tag?post=2838"},{"taxonomy":"products","embeddable":true,"href":"https:\/\/www.ruiqigo.com\/es\/wp-json\/wp\/v2\/products?post=2838"}],"curies":[{"name":"wp","href":"https:\/\/api.w.org\/{rel}","templated":true}]}}