{"id":2847,"date":"2025-01-16T13:55:57","date_gmt":"2025-01-16T05:55:57","guid":{"rendered":"https:\/\/ruiqigo.com\/?post_type=product&#038;p=2847"},"modified":"2025-01-16T13:56:32","modified_gmt":"2025-01-16T05:56:32","slug":"purple-conditioner","status":"publish","type":"product","link":"https:\/\/www.ruiqigo.com\/es\/product\/purple-conditioner","title":{"rendered":"Acondicionador morado"},"content":{"rendered":"<h2 class=\"wp-block-heading\">F\u00f3rmulas comunes de fabricaci\u00f3n de acondicionadores morados<\/h2>\n\n\n\n<p>Nuestro equipo de investigaci\u00f3n y desarrollo ha dise\u00f1ado la f\u00f3rmula con una variedad de ingredientes hidratantes naturales, teniendo en cuenta la condici\u00f3n y las necesidades de cuidado de su cabello, para garantizar que su cabello est\u00e9 completamente protegido durante el tratamiento.<\/p>\n\n\n\n<p>1. Manteca de karit\u00e9: la manteca de karit\u00e9 tiene un efecto hidratante. Puede hidratar profundamente el cabello y retener el agua para evitar la p\u00e9rdida de agua, lo que reduce el problema del cabello seco y las puntas abiertas.<\/p>\n\n\n\n<p>2. Pigmento violeta: el pigmento violeta se extrae de los p\u00e9talos de violeta de la planta natural y es un pigmento natural con un color p\u00farpura \u00fanico y una buena estabilidad. Puede ayudar a regular y mejorar el color del cabello, d\u00e1ndole un color m\u00e1s saludable.<\/p>\n\n\n\n<p>3. Extracto de aloe: el aloe vera tiene propiedades hidratantes y reparadoras, lo que puede reparar el cabello da\u00f1ado mientras hidrata el cabello y lo hace m\u00e1s flexible.<\/p>\n\n\n\n<p>4. Aceite de coco: El aceite de coco tambi\u00e9n tiene un fuerte efecto hidratante con manteca de karit\u00e9, adem\u00e1s de proteger el cabello de los rayos UV y otros ambientes externos y reducir la p\u00e9rdida de prote\u00ednas, promoviendo el crecimiento del cabello.<\/p>\n\n\n\n<p>5. Prote\u00edna de avena: La prote\u00edna de avena es rica en amino\u00e1cidos y prote\u00ednas, que no solo pueden proporcionar los nutrientes necesarios para el cabello para mejorar la fuerza y la dureza del cabello, sino que tambi\u00e9n ayudan a mejorar la textura y el brillo del cabello para que el cabello sea m\u00e1s fuerte y saludable.<\/p>\n\n\n\n<h2 class=\"wp-block-heading\">Las funciones del acondicionador morado<\/h2>\n\n\n\n<p>Como fabricante centrado en la producci\u00f3n de alta calidad, damos gran importancia a la calidad y seguridad de nuestros productos. Todo el proceso de producci\u00f3n de acondicionadores para cabello morados cuenta con diferentes sistemas de inspecci\u00f3n de calidad para garantizar la seguridad y eficacia del producto. Echemos un vistazo a sus caracter\u00edsticas:<\/p>\n\n\n\n<p>1. Neutraliza el amarillo: La funci\u00f3n principal del acondicionador morado es neutralizar el tono cobrizo del cabello rubio, dejando un tono m\u00e1s limpio y brillante y restaurando el color saludable original del cabello.<\/p>\n\n\n\n<p>2. Reparaci\u00f3n del color: Nuestro acondicionador para el cabello puede fijar el color despu\u00e9s de te\u00f1irlo, evitar que el color se desvanezca demasiado r\u00e1pido y tambi\u00e9n puede reparar profundamente el cabello da\u00f1ado, volvi\u00e9ndolo m\u00e1s flexible y saludable. Sin embargo, tenga en cuenta que est\u00e1 dise\u00f1ado para cabello rubio, claro y gris y puede no ser tan efectivo si tiene cabello negro.<\/p>\n\n\n\n<p>3. Hidratante y nutritivo: Se agregan ingredientes hidratantes y nutritivos naturales al acondicionador, que pueden proporcionar nutrici\u00f3n e hidrataci\u00f3n al cabello durante mucho tiempo, prevenir la sequedad del cabello y las puntas abiertas, suavizar el frizz y suavizar el cabello.<\/p>\n\n\n\n<p>4. Calma el cuero cabelludo: el acondicionador morado para el cabello tambi\u00e9n contiene algunos ingredientes calmantes que pueden aliviar la tensi\u00f3n del cuero cabelludo, relajarlo y promover la absorci\u00f3n de nutrientes. Adem\u00e1s, reduce la caspa y promueve el crecimiento saludable del cabello.<\/p>\n\n\n\n<p>5. Mejora la calidad del cabello: el uso a largo plazo puede mejorar significativamente la textura y el brillo del cabello, volvi\u00e9ndolo m\u00e1s flexible, suave, fuerte y saludable.<\/p>\n\n\n\n<h2 class=\"wp-block-heading\">\u00bfC\u00f3mo utilizar el acondicionador morado?<\/h2>\n\n\n\n<p>Nuestros acondicionadores morados suelen usarse con champ\u00fas morados. Antes de usar uno, debes elegir el adecuado para el estado de tu cabello y tus necesidades de cuidado. El envase tambi\u00e9n indica c\u00f3mo usarlo.<\/p>\n\n\n\n<p>1. Etapa de preparaci\u00f3n: Primero moje el cabello, el agua tibia har\u00e1 que el efecto del producto sea m\u00e1s significativo;<\/p>\n\n\n\n<p>2. Etapa del champ\u00fa: Lava tu cabello de la forma habitual. Puedes utilizar un champ\u00fa com\u00fan o un champ\u00fa morado. Si utilizas un champ\u00fa morado, aplica el producto desde la ra\u00edz hasta las puntas para garantizar una distribuci\u00f3n uniforme del color.<\/p>\n\n\n\n<p>3. Etapa de cuidado del cabello: despu\u00e9s de enjuagar el champ\u00fa, toma una cantidad adecuada de acondicionador morado y apl\u00edcalo uniformemente en el cabello, especialmente en las zonas donde se debe fijar el color o donde se desea que se vuelva amarillento. Aseg\u00farate de que el acondicionador llegue a cada hebra de tu cabello, especialmente a las puntas.<\/p>\n\n\n\n<p>4. Etapa de enjuague: despu\u00e9s de aplicar el acondicionador, deja que act\u00fae durante 5 a 15 minutos y luego enju\u00e1galo con agua tibia para asegurarte de que no queden residuos. Masajea suavemente tu cuero cabelludo mientras enjuagas para eliminar el exceso de aceite y acondicionador. Ten en cuenta que cuanto m\u00e1s tiempo de exposici\u00f3n dejes actuar el acondicionador, m\u00e1s evidente ser\u00e1 el cambio de color. Puedes ajustar el tiempo seg\u00fan tus propias necesidades.<\/p>\n\n\n\n<h2 class=\"wp-block-heading\">Precauci\u00f3n<\/h2>\n\n\n\n<p>1. Se deben realizar pruebas de alergia antes de su uso. Si se producen molestias, suspenda su uso inmediatamente.<\/p>\n\n\n\n<p>2. Evite el uso excesivo, de lo contrario puede provocar que el color del cabello sea demasiado oscuro o que aparezcan manchas de color desiguales;<\/p>\n\n\n\n<p>3. \u00daselo regularmente, se recomienda 2-3 veces por semana, evite el uso frecuente;<\/p>\n\n\n\n<p>4. Preste atenci\u00f3n a los cambios en el cabello durante el uso. Si se producen molestias durante el uso, deje de usarlo y consulte a un m\u00e9dico.<\/p>\n\n\n\n<p>5. Al utilizarlo con otros productos para el cabello, aseg\u00farese de que sean compatibles con el acondicionador para cabello morado;<\/p>\n\n\n\n<p>6. Se recomienda almacenar en un lugar fresco y seco, evitando la luz solar directa y un ambiente de alta temperatura.<\/p>\n\n\n\n<h2 class=\"wp-block-heading\">Conclusi\u00f3n<\/h2>\n\n\n\n<p>Nuestro acondicionador morado no solo agrega una variedad de extractos de plantas naturales, sino que tambi\u00e9n utiliza tecnolog\u00eda de producci\u00f3n avanzada para que cada gota de acondicionador para el cabello contenga un poderoso reparador del color y nutra e hidrate. Ya sea por el sentido de la moda del dise\u00f1o del empaque o por el rendimiento superior instintivo del producto, est\u00e1 dise\u00f1ado para agregar color a su marca. Por supuesto, tambi\u00e9n ofrecemos una variedad de soluciones para el cuidado del cabello. Si tambi\u00e9n est\u00e1 interesado, comun\u00edquese con nosotros.<\/p>","protected":false},"excerpt":{"rendered":"Purple Conditioner Manufacturing Common Formulas Our research and development team has designed the formula with a variety of natural moisturizing ingredients, taking into account your hair&#8217;s condition and care needs, to ensure that your hair is fully protected during treatment. 1. Shea butter: Shea butter has a moisturizing effect. It can deeply moisturize hair and [&hellip;]","protected":false},"featured_media":2848,"menu_order":0,"template":"","meta":[],"product-tag":[],"products":[52],"class_list":["post-2847","product","type-product","status-publish","has-post-thumbnail","hentry","products-conditioner"],"acf":[],"_links":{"self":[{"href":"https:\/\/www.ruiqigo.com\/es\/wp-json\/wp\/v2\/product\/2847","targetHints":{"allow":["GET"]}}],"collection":[{"href":"https:\/\/www.ruiqigo.com\/es\/wp-json\/wp\/v2\/product"}],"about":[{"href":"https:\/\/www.ruiqigo.com\/es\/wp-json\/wp\/v2\/types\/product"}],"version-history":[{"count":0,"href":"https:\/\/www.ruiqigo.com\/es\/wp-json\/wp\/v2\/product\/2847\/revisions"}],"wp:featuredmedia":[{"embeddable":true,"href":"https:\/\/www.ruiqigo.com\/es\/wp-json\/wp\/v2\/media\/2848"}],"wp:attachment":[{"href":"https:\/\/www.ruiqigo.com\/es\/wp-json\/wp\/v2\/media?parent=2847"}],"wp:term":[{"taxonomy":"product-tag","embeddable":true,"href":"https:\/\/www.ruiqigo.com\/es\/wp-json\/wp\/v2\/product-tag?post=2847"},{"taxonomy":"products","embeddable":true,"href":"https:\/\/www.ruiqigo.com\/es\/wp-json\/wp\/v2\/products?post=2847"}],"curies":[{"name":"wp","href":"https:\/\/api.w.org\/{rel}","templated":true}]}}