{"id":2853,"date":"2025-01-17T17:00:37","date_gmt":"2025-01-17T09:00:37","guid":{"rendered":"https:\/\/ruiqigo.com\/?post_type=product&#038;p=2853"},"modified":"2025-01-17T17:00:40","modified_gmt":"2025-01-17T09:00:40","slug":"clove-essential-oil","status":"publish","type":"product","link":"https:\/\/www.ruiqigo.com\/es\/product\/clove-essential-oil","title":{"rendered":"Aceite esencial de clavo"},"content":{"rendered":"<h2 class=\"wp-block-heading\">F\u00f3rmulas comunes para la elaboraci\u00f3n de aceite esencial de clavo<\/h2>\n\n\n\n<p>En el proceso de producci\u00f3n, no solo seleccionamos cuidadosamente materias primas de alta calidad, sino que tambi\u00e9n utilizamos tecnolog\u00eda de extracci\u00f3n avanzada y un estricto sistema de control de calidad, con el objetivo de conservar la m\u00e1xima cantidad de ingrediente activo del aceite esencial de clavo. Estos son sus principales ingredientes:<\/p>\n\n\n\n<p>1. Vitamina E: Como antioxidante, la vitamina E puede combatir el da\u00f1o de los radicales libres y mantener la integridad celular, mejorando as\u00ed la circulaci\u00f3n sangu\u00ednea del cuero cabelludo. Al mismo tiempo, tambi\u00e9n puede promover el metabolismo de la piel y mejorar la capacidad de hidrataci\u00f3n de la piel. Esto no solo ayuda a reducir la producci\u00f3n de arrugas y hacer que la piel sea m\u00e1s el\u00e1stica, sino que tambi\u00e9n mejora la situaci\u00f3n de la piel \u00e1spera y seca, volvi\u00e9ndose m\u00e1s suave y delicada.<\/p>\n\n\n\n<p>2. Eugenol: El eugenol es el componente principal, que tiene importantes efectos antibacterianos y antiinflamatorios, puede inhibir el crecimiento bacteriano y puede usarse para prevenir problemas bucales como infecciones bucales. Sus propiedades antiinflamatorias alivian el dolor muscular y articular e inhiben la conducci\u00f3n nerviosa para reducir el dolor bucal, por lo que a menudo se usa como anest\u00e9sico analg\u00e9sico. Adem\u00e1s, tambi\u00e9n tiene el efecto de promover la digesti\u00f3n y mejorar la flora intestinal, lo que puede mejorar a\u00fan m\u00e1s la funci\u00f3n digestiva.<\/p>\n\n\n\n<p>3. Betacaroteno: El cuerpo convierte el betacaroteno en vitamina A, que regula el sebo en el ciclo del fol\u00edculo piloso y aporta nutrientes al cuero cabelludo. Por lo tanto, su uso a largo plazo puede prevenir el cabello seco, quebradizo y la ca\u00edda del cabello, y mantenerlo sano y brillante. Al mismo tiempo, tambi\u00e9n puede promover el crecimiento y el desarrollo y fortalecer la inmunidad.<\/p>\n\n\n\n<p>4. \u00c1cidos grasos: Los \u00e1cidos grasos tienen cierta actividad antibacteriana, pueden fortalecer la eficacia del aceite esencial de clavo y ayudar a prevenir la ca\u00edda del cabello y la irritaci\u00f3n del cuero cabelludo, para hacer el cabello m\u00e1s fuerte y saludable.<\/p>\n\n\n\n<h2 class=\"wp-block-heading\">Las funciones del aceite esencial de clavo<\/h2>\n\n\n\n<p>Conocemos el valor y el potencial del aceite esencial de clavo y, a trav\u00e9s de la investigaci\u00f3n, el desarrollo y la innovaci\u00f3n continuos del equipo de I+D, hemos creado este producto puro y todo en uno.<\/p>\n\n\n\n<p>1. Antibacteriano y antiinflamatorio: el aceite esencial de clavo es popular por sus excelentes propiedades antibacterianas y antiinflamatorias, que pueden inhibir r\u00e1pidamente el crecimiento bacteriano y reducir la inflamaci\u00f3n. Por lo tanto, puede desintoxicar el cabello, reducir la obstrucci\u00f3n de los poros, prevenir diversas enfermedades de la piel e infecciones f\u00fangicas, y tambi\u00e9n puede usarse como anest\u00e9sico natural para aliviar la irritaci\u00f3n y la hinchaz\u00f3n de las \u00e1reas inflamadas.<\/p>\n\n\n\n<p>2. Promueve la salud gastrointestinal: Nuestros aceites esenciales pueden promover la producci\u00f3n de moco g\u00e1strico para proteger el revestimiento del tracto digestivo, promoviendo as\u00ed la motilidad gastrointestinal, lo que favorece la digesti\u00f3n y absorci\u00f3n de los alimentos. Tambi\u00e9n puede tratar una variedad de problemas de salud intestinal, como mareos, hinchaz\u00f3n, indigesti\u00f3n, distensi\u00f3n abdominal y n\u00e1useas.<\/p>\n\n\n\n<p>3. Previene enfermedades bucales: el aceite esencial de clavo se puede diluir para hacer g\u00e1rgaras, lo que no solo puede eliminar el mal aliento y aliviar el dolor de muelas y la erosi\u00f3n dental, sino que tambi\u00e9n previene eficazmente la caries y la gingivitis.<\/p>\n\n\n\n<p>4. Promueve la salud: El aceite esencial de clavo tiene una variedad de sustancias activas que pueden mejorar la capacidad inmunol\u00f3gica del cuerpo y promover la buena salud. Puede aumentar la ingesta de az\u00facar en sangre celular y promover la secreci\u00f3n de insulina, mejorando as\u00ed las c\u00e9lulas productoras de insulina, ayudando a dilatar la aorta, aliviando la presi\u00f3n arterial elevada y mejorando la funci\u00f3n hep\u00e1tica y otros s\u00edntomas.<\/p>\n\n\n\n<p>5. Calma el cuerpo y la mente: el aroma \u00fanico del clavo es picante y c\u00e1lido, se puede utilizar para la terapia con incienso, este proceso puede aliviar la opresi\u00f3n en el pecho causada por la depresi\u00f3n emocional, relajar el cuerpo, la mente y el estr\u00e9s, aliviar la ansiedad. Tambi\u00e9n es bueno para la concentraci\u00f3n y la memoria.<\/p>\n\n\n\n<p>6. Cuidado del cabello: Cuando se utilizan junto con productos para el cuidado del cabello, nuestros productos aprovechan al m\u00e1ximo sus propiedades antibacterianas y antioxidantes, reduciendo as\u00ed la caspa y el picor del cuero cabelludo. Tambi\u00e9n eliminan eficazmente la grasa y la suciedad del cabello, nutri\u00e9ndolo por completo para un crecimiento saludable.<\/p>\n\n\n\n<p>7. Mejora la calidad de la piel: el aceite esencial de clavo puede prevenir diversas enfermedades de la piel e infecciones f\u00fangicas, reducir la inflamaci\u00f3n y el enrojecimiento de la piel, mejorar la calidad de la piel y hacer que esta sea m\u00e1s suave y delicada. Tambi\u00e9n reduce la p\u00e9rdida de humedad de la piel, previene la sequedad y protege la piel.<\/p>\n\n\n\n<h2 class=\"wp-block-heading\">\u00bfC\u00f3mo utilizar el aceite esencial de clavo?<\/h2>\n\n\n\n<p>El aceite esencial de clavo es muy utilizado, es adecuado para la mayor\u00eda de situaciones y se puede utilizar de muchas maneras. Indicaremos el m\u00e9todo de uso en el envase del producto terminado y tambi\u00e9n deber\u00e1 elegir seg\u00fan la condici\u00f3n de su piel al comprar.<\/p>\n\n\n\n<p>1. Aplicaci\u00f3n local: El aceite esencial de clavo y otros aceites base se mezclan y diluyen en proporci\u00f3n y luego se aplican localmente en las partes que necesitan tratamiento, las cuales se pueden masajear suavemente y absorber.<\/p>\n\n\n\n<p>2. Aromaterapia: Deje caer unas gotas de aceite esencial de clavo en el difusor y realice aromaterapia 1 o 2 veces al d\u00eda, cada vez se recomienda hacer aromaterapia durante 30 minutos a 1 hora aproximadamente.<\/p>\n\n\n\n<p>3. Cuidado bucal: Mezclar el aceite esencial de clavo con agua en proporci\u00f3n y utilizar para hacer g\u00e1rgaras. Enjuagar la boca durante unos 30 segundos tres veces al d\u00eda.<\/p>\n\n\n\n<p>4. Inhalaci\u00f3n de vapor: mezcle aceite esencial de clavo con aceite esencial de cedro, aceite esencial de eucalipto, etc. y agr\u00e9guelo al inhalador de vapor para realizar la inhalaci\u00f3n de vapor. Cada inhalaci\u00f3n dura entre 10 y 15 minutos, 2 o 3 veces al d\u00eda. Este proceso favorece la esterilizaci\u00f3n y purificaci\u00f3n del aire y puede aliviar las infecciones respiratorias.<\/p>\n\n\n\n<h2 class=\"wp-block-heading\">Precauci\u00f3n<\/h2>\n\n\n\n<p>1. Elija un aceite esencial de clavo adecuado seg\u00fan su tipo de piel antes de usarlo;<\/p>\n\n\n\n<p>2 La concentraci\u00f3n del aceite esencial de clavo es muy alta, si se desea aplicar se debe diluir con el aceite base en proporci\u00f3n a su uso.<\/p>\n\n\n\n<p>3. Se deben realizar pruebas de alergia antes de su uso. Si se producen molestias, suspenda su uso inmediatamente.<\/p>\n\n\n\n<p>4. Evite el contacto con zonas sensibles como los ojos. En caso de contacto, enjuague inmediatamente con agua y busque ayuda m\u00e9dica.<\/p>\n\n\n\n<p>5. Mantenga el aceite esencial de clavo fuera del alcance de los ni\u00f1os para evitar su ingesti\u00f3n o mal uso;<\/p>\n\n\n\n<p>6. Se recomienda almacenar en un lugar fresco y seco, alejado de la luz solar directa y de ambientes h\u00famedos de alta temperatura.<\/p>\n\n\n\n<h2 class=\"wp-block-heading\">Conclusi\u00f3n<\/h2>\n\n\n\n<p>Como fabricante centrado en la producci\u00f3n de clavo de olor de alta calidad, nos aseguramos de que cada gota de aceite esencial cumpla su funci\u00f3n, no solo comprando materias primas naturales, puras y libres de contaminaci\u00f3n, sino tambi\u00e9n a trav\u00e9s de equipos de producci\u00f3n avanzados para extraer el aceite esencial. En todo este proceso, existe un sistema de control de calidad completo para garantizar la seguridad y la eficacia del producto. Por supuesto, tambi\u00e9n ofrecemos una gama completa de servicios personalizados y podemos brindar soluciones personalizadas de acuerdo con sus necesidades, para ayudarlo a abrir r\u00e1pidamente el mercado y obtener una ventaja competitiva. Si est\u00e1 interesado, comun\u00edquese con nosotros de inmediato.<\/p>","protected":false},"excerpt":{"rendered":"Clove Essential Oil Manufacturing Common Formulas In the production process, we not only carefully select high-quality raw materials, but also use advanced extraction technology and a strict quality control system, aiming to retain the maximum active ingredient of clove essential oil. Here are its main ingredients: 1. Vitamin E: As an antioxidant, vitamin E can [&hellip;]","protected":false},"featured_media":2854,"menu_order":0,"template":"","meta":[],"product-tag":[],"products":[53],"class_list":["post-2853","product","type-product","status-publish","has-post-thumbnail","hentry","products-essential-oil"],"acf":[],"_links":{"self":[{"href":"https:\/\/www.ruiqigo.com\/es\/wp-json\/wp\/v2\/product\/2853","targetHints":{"allow":["GET"]}}],"collection":[{"href":"https:\/\/www.ruiqigo.com\/es\/wp-json\/wp\/v2\/product"}],"about":[{"href":"https:\/\/www.ruiqigo.com\/es\/wp-json\/wp\/v2\/types\/product"}],"version-history":[{"count":0,"href":"https:\/\/www.ruiqigo.com\/es\/wp-json\/wp\/v2\/product\/2853\/revisions"}],"wp:featuredmedia":[{"embeddable":true,"href":"https:\/\/www.ruiqigo.com\/es\/wp-json\/wp\/v2\/media\/2854"}],"wp:attachment":[{"href":"https:\/\/www.ruiqigo.com\/es\/wp-json\/wp\/v2\/media?parent=2853"}],"wp:term":[{"taxonomy":"product-tag","embeddable":true,"href":"https:\/\/www.ruiqigo.com\/es\/wp-json\/wp\/v2\/product-tag?post=2853"},{"taxonomy":"products","embeddable":true,"href":"https:\/\/www.ruiqigo.com\/es\/wp-json\/wp\/v2\/products?post=2853"}],"curies":[{"name":"wp","href":"https:\/\/api.w.org\/{rel}","templated":true}]}}