{"id":286,"date":"2024-07-05T16:24:54","date_gmt":"2024-07-05T08:24:54","guid":{"rendered":"https:\/\/ruiqigo.com\/?post_type=product&#038;p=286"},"modified":"2024-11-15T16:42:19","modified_gmt":"2024-11-15T08:42:19","slug":"cinnamon-essential-oil","status":"publish","type":"product","link":"https:\/\/www.ruiqigo.com\/es\/product\/cinnamon-essential-oil","title":{"rendered":"Aceite esencial de canela"},"content":{"rendered":"<h2 class=\"wp-block-heading\">F\u00f3rmulas habituales para la elaboraci\u00f3n de aceite esencial de canela<\/h2>\n\n\n\n<p>El aceite esencial de canela se elabora a partir de \u00e1rboles de canela cultivados en nuestras propias granjas. Con el clima subtropical ideal, el suelo f\u00e9rtil y las t\u00e9cnicas de plantaci\u00f3n profesionales, la corteza de los \u00e1rboles de canela es de alta calidad. Durante el proceso de cosecha, los trabajadores se dedican y son cuidadosos para garantizar que cada lote de materia prima alcance la intensidad de aroma y el contenido de ingrediente activo deseados. Despu\u00e9s de un complejo proceso de extracci\u00f3n y destilaci\u00f3n, el aceite esencial de canela extra\u00eddo final muestra un fuerte aroma a canela, un color puro y una textura fina, lo que refleja plenamente las caracter\u00edsticas de calidad de la materia prima. Como fabricante duradero de aceite esencial de canela, este material vegetal natural de alta calidad sienta una base s\u00f3lida para la excelente calidad del aceite esencial de canela.<\/p>\n\n\n\n<h2 class=\"wp-block-heading\">\u00a0Escenarios de aplicaci\u00f3n del aceite esencial de canela<\/h2>\n\n\n\n<p>El aceite esencial de canela es ideal para usar en climas tropicales o subtropicales. Durante los calurosos y h\u00famedos meses de verano, el aceite esencial de canela aporta una experiencia refrescante al usuario, ayudando a aliviar los estados de \u00e1nimo calurosos e irritables. En los meses de invierno, el suave aroma del aceite esencial de canela puede a\u00f1adir un toque de calidez a los ambientes fr\u00edos, ayudando a relajar y calmar la mente y el cuerpo. Ya sea que se trate de un difusor de aromaterapia en el hogar o de un tratamiento de bienestar al aire libre, el aceite esencial de canela es especialmente adecuado para diferentes climas. Sin embargo, debido a su alta capacidad de irritaci\u00f3n, es necesario diluirlo a una concentraci\u00f3n segura. Se puede utilizar en beb\u00e9s y ni\u00f1os peque\u00f1os, embarazadas y mujeres embarazadas.<\/p>\n\n\n\n<h2 class=\"wp-block-heading\">Para qui\u00e9n es adecuado el aceite esencial de canela<\/h2>\n\n\n\n<p>El aceite esencial de canela es adecuado para usuarios de todas las edades. En el caso de los adolescentes, puede mejorar eficazmente el acn\u00e9 y otros problemas de la piel, aliviar la ansiedad emocional y promover una buena noche de sue\u00f1o. En el caso de las personas de mediana edad y mayores, el aceite esencial de canela puede ayudar a mejorar el dolor articular, fortalecer el sistema inmunol\u00f3gico y prevenir enfermedades cardiovasculares. Sin embargo, debido a su alto poder irritante, debe diluirse a una concentraci\u00f3n segura antes de su uso, y los beb\u00e9s y las mujeres embarazadas deben evitar su uso.<\/p>\n\n\n\n<h2 class=\"wp-block-heading\">Proceso de producci\u00f3n del aceite esencial de canela<\/h2>\n\n\n\n<p>El proceso de producci\u00f3n del aceite esencial de canela es bastante complejo y requiere un manejo cuidadoso de la plantaci\u00f3n, la cosecha y el procesamiento, la extracci\u00f3n y la destilaci\u00f3n. En primer lugar, los trabajadores de la granja podan regularmente los \u00e1rboles para garantizar que crezcan fuertes y produzcan abundantemente. Durante la temporada de cosecha, seleccionan con cuidado la corteza de los \u00e1rboles para evitar cualquier da\u00f1o. Como fabricante de aceite esencial de canela ecol\u00f3gico, la materia prima ingresa a la planta de extracci\u00f3n, donde se somete a una destilaci\u00f3n al vapor a altas temperaturas para extraer el aceite esencial de canela puro y rico.<\/p>","protected":false},"excerpt":{"rendered":"Cinnamon essential oil manufacturing common formulas Cinnamon essential oil is made from cinnamon trees grown on our own farms. With the ideal subtropical climate, fertile soil and professional planting techniques, the bark of cinnamon trees is of high quality. During the harvesting process, workers are dedicated and careful to ensure that each batch of raw [&hellip;]","protected":false},"featured_media":287,"menu_order":0,"template":"","meta":[],"product-tag":[],"products":[53],"class_list":["post-286","product","type-product","status-publish","has-post-thumbnail","hentry","products-essential-oil"],"acf":[],"_links":{"self":[{"href":"https:\/\/www.ruiqigo.com\/es\/wp-json\/wp\/v2\/product\/286","targetHints":{"allow":["GET"]}}],"collection":[{"href":"https:\/\/www.ruiqigo.com\/es\/wp-json\/wp\/v2\/product"}],"about":[{"href":"https:\/\/www.ruiqigo.com\/es\/wp-json\/wp\/v2\/types\/product"}],"version-history":[{"count":0,"href":"https:\/\/www.ruiqigo.com\/es\/wp-json\/wp\/v2\/product\/286\/revisions"}],"wp:featuredmedia":[{"embeddable":true,"href":"https:\/\/www.ruiqigo.com\/es\/wp-json\/wp\/v2\/media\/287"}],"wp:attachment":[{"href":"https:\/\/www.ruiqigo.com\/es\/wp-json\/wp\/v2\/media?parent=286"}],"wp:term":[{"taxonomy":"product-tag","embeddable":true,"href":"https:\/\/www.ruiqigo.com\/es\/wp-json\/wp\/v2\/product-tag?post=286"},{"taxonomy":"products","embeddable":true,"href":"https:\/\/www.ruiqigo.com\/es\/wp-json\/wp\/v2\/products?post=286"}],"curies":[{"name":"wp","href":"https:\/\/api.w.org\/{rel}","templated":true}]}}