{"id":2899,"date":"2025-01-21T16:29:00","date_gmt":"2025-01-21T08:29:00","guid":{"rendered":"https:\/\/ruiqigo.com\/?post_type=product&#038;p=2899"},"modified":"2025-01-21T16:29:31","modified_gmt":"2025-01-21T08:29:31","slug":"mens-body-wash","status":"publish","type":"product","link":"https:\/\/www.ruiqigo.com\/es\/product\/mens-body-wash","title":{"rendered":"Gel de ba\u00f1o para hombres"},"content":{"rendered":"<h2 class=\"wp-block-heading\">F\u00f3rmulas comunes de fabricaci\u00f3n de geles de ba\u00f1o para hombres<\/h2>\n\n\n\n<p>En la producci\u00f3n y desarrollo de geles de ba\u00f1o para hombres, hemos dise\u00f1ado una variedad de f\u00f3rmulas seg\u00fan los diferentes tipos de piel y las necesidades de cuidado de la piel, y los ingredientes de las diferentes f\u00f3rmulas son diferentes. Antes de usarlo, debe elegir un producto que sea adecuado para su tipo de piel.<\/p>\n\n\n\n<p>1. Aceite de lavanda: el aroma c\u00e1lido y elegante de la lavanda no solo puede relajar el cuerpo y la mente y aliviar el estr\u00e9s, sino que tambi\u00e9n dura mucho tiempo y ayuda a eliminar los olores. Al mismo tiempo, sus propiedades antiinflamatorias tambi\u00e9n pueden reducir el enrojecimiento y las manchas de la piel y regular la producci\u00f3n de aceite de la piel para reducir la sensaci\u00f3n de grasa.<\/p>\n\n\n\n<p>2. Aceite de semilla de moringa: El aceite de semilla de moringa es rico en antioxidantes, que pueden combatir el da\u00f1o de los radicales libres, mantener los niveles de col\u00e1geno y \u00e1cido hialur\u00f3nico y retrasar el envejecimiento de la piel. Sus nutrientes ayudan a reparar la piel da\u00f1ada, mejorar la textura de la piel y nutrirla al mismo tiempo que la protegen del da\u00f1o solar.<\/p>\n\n\n\n<p>3. Aceite de arg\u00e1n: El aceite de arg\u00e1n es ligero y f\u00e1cil de absorber, y deja la piel suave y delicada despu\u00e9s de su uso. Los hombres tambi\u00e9n tienden a producir m\u00e1s grasa, y el exceso de grasa en la piel puede provocar la obstrucci\u00f3n de los poros y la aparici\u00f3n de zonas irritadas. Nuestro aceite de arg\u00e1n ayudar\u00e1 a regular la producci\u00f3n de sebo y proporcionar\u00e1 una hidrataci\u00f3n profunda.<\/p>\n\n\n\n<p>4. Aloe vera: El aloe vera natural contiene una variedad de vitaminas, as\u00ed como ingredientes para el cuidado de la piel que no solo promueven la producci\u00f3n de col\u00e1geno para proteger la piel de los da\u00f1os, sino que tambi\u00e9n alivian la piel irritada y quemada por el sol y promueven la cicatrizaci\u00f3n de heridas. Adem\u00e1s, sus enzimas ayudan a exfoliar y eliminar las c\u00e9lulas muertas de la piel y forman una pel\u00edcula protectora para evitar la p\u00e9rdida de agua.<\/p>\n\n\n\n<p>5. \u00c1cido salic\u00edlico: el \u00e1cido salic\u00edlico puede penetrar los poros, eliminar eficazmente el aceite y la suciedad de la superficie de la piel y promover el metabolismo de la piel para reducir la secreci\u00f3n excesiva de aceite.<\/p>\n\n\n\n<h2 class=\"wp-block-heading\">Las funciones del gel de ba\u00f1o masculino<\/h2>\n\n\n\n<p>Para brindarte la mejor experiencia de ba\u00f1o, utilizamos ingredientes naturales, puros y libres de contaminaci\u00f3n. Ya sea que necesites hidratar tu piel, controlar la grasa o combatir las aftas y otros cuidados especiales, nuestro gel de ba\u00f1o puede cuidar tu piel con cuidado, incluso los m\u00fasculos sensibles.<\/p>\n\n\n\n<p>1. Limpieza profunda: el gel de ba\u00f1o para hombres tiene una fuerte capacidad de limpieza, puede penetrar los poros y producir una rica espuma para eliminar la suciedad, el aceite y las impurezas de la piel para que su piel se mantenga fresca y no grasosa.<\/p>\n\n\n\n<p>2. Hidrataci\u00f3n y humectaci\u00f3n: nuestro gel de ba\u00f1o agrega una variedad de ingredientes humectantes para reponer la humedad de la piel y fijarla firmemente para evitar la sequedad. Tambi\u00e9n proporciona nutrientes que ayudan a mejorar la textura de la piel y restaurar su elasticidad.<\/p>\n\n\n\n<p>3. Control de la grasa refrescante: los ingredientes de control de la grasa en el gel de ba\u00f1o pueden regular la secreci\u00f3n de grasa y reducir la sensaci\u00f3n grasosa. El uso a largo plazo ayuda a reducir la secreci\u00f3n de grasa para lograr el efecto de control de la grasa.<\/p>\n\n\n\n<p>4. Eliminaci\u00f3n de llagas en el asiento: el uso regular puede reducir las bacterias y la inflamaci\u00f3n en la piel, as\u00ed como la acumulaci\u00f3n de c\u00e9lulas cut\u00e1neas muertas, previniendo as\u00ed el acn\u00e9 y las llagas en el asiento y promoviendo la salud general de la piel.<\/p>\n\n\n\n<p>5. Fragancia duradera: Los ingredientes de la fragancia del gel de ba\u00f1o para hombres tienen una capacidad de retenci\u00f3n de fragancia duradera, lo que favorece la reducci\u00f3n del olor, la mejora del encanto personal y el aumento de la confianza en uno mismo.<\/p>\n\n\n\n<h2 class=\"wp-block-heading\">\u00bfC\u00f3mo utilizar el gel de ba\u00f1o para hombres?<\/h2>\n\n\n\n<p>La forma correcta de usarlo te ayudar\u00e1 a disfrutar mejor de tu ba\u00f1o y conducir\u00e1 a un mejor cuidado de la piel, tambi\u00e9n etiquetaremos el uso del producto en el empaque.<\/p>\n\n\n\n<p>1. Hidratar la piel: Mojar el cuerpo antes de usar el gel de ducha, puedes usar agua tibia para abrir mejor los poros;<\/p>\n\n\n\n<p>2. Frote y haga espuma: aplique una cantidad adecuada de gel de ba\u00f1o para hombres en la palma o en la bola de ba\u00f1o y frote hasta hacer espuma;<\/p>\n\n\n\n<p>3. Masaje: aplique la espuma uniformemente en todo el cuerpo y masajee suavemente, especialmente el codo, la rodilla y otras partes con cut\u00edcula gruesa para aumentar adecuadamente el tiempo de masaje;<\/p>\n\n\n\n<p>4. Enjuague con agua: Despu\u00e9s del masaje, enjuague la espuma con agua para asegurarse de que no queden residuos de espuma y seque suavemente con una toalla;<\/p>\n\n\n\n<p>5. Cuidados posteriores: Despu\u00e9s de ba\u00f1arte, puedes usar alguna loci\u00f3n corporal o humectante para mantener la piel humectada y suave, especialmente en ambientes secos y fr\u00edos.<\/p>\n\n\n\n<h2 class=\"wp-block-heading\">Precauci\u00f3n<\/h2>\n\n\n\n<p>1. Elija un gel de ba\u00f1o masculino adecuado seg\u00fan su tipo de piel antes de usarlo;<\/p>\n\n\n\n<p>2. Se deben realizar pruebas de alergia antes de su uso. Si se producen molestias, suspenda su uso inmediatamente y consulte a un m\u00e9dico.<\/p>\n\n\n\n<p>3. Evite la limpieza excesiva, se recomienda usar una vez al d\u00eda, si la piel es sensible, puede usar 2-3 veces por semana;<\/p>\n\n\n\n<p>4. Preste atenci\u00f3n a la seguridad de los ingredientes, verifique la lista de ingredientes al seleccionar y evite usar productos que contengan ingredientes irritantes o alerg\u00e9nicos;<\/p>\n\n\n\n<p>5. Se recomienda almacenar en un lugar fresco y seco, evitar la luz solar directa y ambientes de alta temperatura, y prestar atenci\u00f3n al sellado.<\/p>\n\n\n\n<h2 class=\"wp-block-heading\">Conclusi\u00f3n<\/h2>\n\n\n\n<p>Para aquellos que buscan calidad y eficiencia, nuestro gel de ba\u00f1o para hombres es la mejor opci\u00f3n. No solo integramos el efecto dual de limpieza profunda e hidrataci\u00f3n profunda, sino que tambi\u00e9n contamos con equipos de producci\u00f3n avanzados y un taller de producci\u00f3n a gran escala, que puede cumplir con la producci\u00f3n a gran escala. Nuestro dise\u00f1o de empaque resalta el gusto y el estilo de los hombres urbanos, ayud\u00e1ndolo a destacarse en el mercado competitivo. Comun\u00edquese con nosotros si est\u00e1 interesado.<\/p>\n\n\n\n<p><\/p>","protected":false},"excerpt":{"rendered":"Men\u2019s Body Wash Manufacturing Common Formulas In the production and development of men&#8217;s body wash, we have designed a variety of formulas according to different skin types and skin care needs, and the ingredients of different formulas are different. Before you use it, you should choose a product that is suitable for your skin type. [&hellip;]","protected":false},"featured_media":2900,"menu_order":0,"template":"","meta":[],"product-tag":[],"products":[57],"class_list":["post-2899","product","type-product","status-publish","has-post-thumbnail","hentry","products-body-wash"],"acf":[],"_links":{"self":[{"href":"https:\/\/www.ruiqigo.com\/es\/wp-json\/wp\/v2\/product\/2899","targetHints":{"allow":["GET"]}}],"collection":[{"href":"https:\/\/www.ruiqigo.com\/es\/wp-json\/wp\/v2\/product"}],"about":[{"href":"https:\/\/www.ruiqigo.com\/es\/wp-json\/wp\/v2\/types\/product"}],"version-history":[{"count":0,"href":"https:\/\/www.ruiqigo.com\/es\/wp-json\/wp\/v2\/product\/2899\/revisions"}],"wp:featuredmedia":[{"embeddable":true,"href":"https:\/\/www.ruiqigo.com\/es\/wp-json\/wp\/v2\/media\/2900"}],"wp:attachment":[{"href":"https:\/\/www.ruiqigo.com\/es\/wp-json\/wp\/v2\/media?parent=2899"}],"wp:term":[{"taxonomy":"product-tag","embeddable":true,"href":"https:\/\/www.ruiqigo.com\/es\/wp-json\/wp\/v2\/product-tag?post=2899"},{"taxonomy":"products","embeddable":true,"href":"https:\/\/www.ruiqigo.com\/es\/wp-json\/wp\/v2\/products?post=2899"}],"curies":[{"name":"wp","href":"https:\/\/api.w.org\/{rel}","templated":true}]}}