{"id":291,"date":"2024-07-05T16:27:41","date_gmt":"2024-07-05T08:27:41","guid":{"rendered":"https:\/\/ruiqigo.com\/?post_type=product&#038;p=291"},"modified":"2024-11-15T16:41:32","modified_gmt":"2024-11-15T08:41:32","slug":"organic-essential-oil","status":"publish","type":"product","link":"https:\/\/www.ruiqigo.com\/es\/product\/organic-essential-oil","title":{"rendered":"Aceite esencial org\u00e1nico"},"content":{"rendered":"<h2 class=\"wp-block-heading\">F\u00f3rmulas comunes para la elaboraci\u00f3n de aceites esenciales org\u00e1nicos<\/h2>\n\n\n\n<p>Los aceites esenciales org\u00e1nicos proceden de granjas org\u00e1nicas certificadas, que utilizan m\u00e9todos de cultivo naturales y libres de contaminaci\u00f3n para garantizar que las materias primas no contengan ning\u00fan producto qu\u00edmico. Los trabajadores son extremadamente cuidadosos durante el proceso de recolecci\u00f3n para evitar da\u00f1ar las plantas. Despu\u00e9s de un proceso de extracci\u00f3n profesional, los aceites esenciales org\u00e1nicos extra\u00eddos conservan la actividad arom\u00e1tica original de las plantas, lo que garantiza la mejor calidad y eficacia. Como excelente fabricante de aceites esenciales org\u00e1nicos, este control estandarizado de cultivo y extracci\u00f3n proporciona una s\u00f3lida garant\u00eda de la calidad de los aceites esenciales org\u00e1nicos.<\/p>\n\n\n\n<h2 class=\"wp-block-heading\">Escenarios de aplicaci\u00f3n de los aceites esenciales org\u00e1nicos<\/h2>\n\n\n\n<p>Como esencia de plantas naturales, los aceites esenciales org\u00e1nicos pueden funcionar bien en una variedad de entornos. En los calurosos meses de verano, el aroma refrescante de los aceites esenciales org\u00e1nicos puede ayudar a aliviar el calor y agregar una experiencia relajante y placentera. En los fr\u00edos meses de invierno, el suave aroma de los aceites esenciales org\u00e1nicos puede brindar calidez y alivio al usuario y mejorar la ansiedad emocional. Ya sea para aromaterapia en interiores o actividades al aire libre, los aceites esenciales org\u00e1nicos brindan una experiencia natural \u00fanica. Su versatilidad los hace ideales para una amplia gama de ocasiones.<\/p>\n\n\n\n<h2 class=\"wp-block-heading\">\u00bfPara qui\u00e9n es adecuado el aceite esencial org\u00e1nico?<\/h2>\n\n\n\n<p>Los aceites esenciales org\u00e1nicos son adecuados para una amplia gama de personas, incluidas aquellas que buscan remedios naturales para mejorar las condiciones de la piel, aliviar el estr\u00e9s, mejorar el estado de \u00e1nimo o disfrutar de una experiencia de aromaterapia. Ya sea una persona con piel sensible, un empleado de oficina que busca relajarse, un ama de casa que busca mejorar su calidad de vida o un entusiasta de la naturopat\u00eda preocupado por su salud, los aceites esenciales org\u00e1nicos pueden brindarle tratamientos naturales y puros y efectos calmantes. Sin embargo, los aceites esenciales org\u00e1nicos deben usarse con precauci\u00f3n en mujeres embarazadas, ni\u00f1os, personas que padecen enfermedades espec\u00edficas y personas con piel particularmente sensible o malestar f\u00edsico.<\/p>\n\n\n\n<h2 class=\"wp-block-heading\">Proceso de producci\u00f3n de aceites esenciales org\u00e1nicos<\/h2>\n\n\n\n<p>Como fabricante de aceites esenciales org\u00e1nicos de gran calidad, el proceso de producci\u00f3n de estos aceites es bastante especializado y complejo. Desde el cultivo de las materias primas hasta la extracci\u00f3n final, cada paso debe controlarse estrictamente. La empresa no solo ha introducido equipos de prueba avanzados para monitorear completamente cada lote de materias primas, sino que tambi\u00e9n ha establecido un sistema de gesti\u00f3n de calidad perfecto para garantizar que los productos cumplan con los est\u00e1ndares de certificaci\u00f3n org\u00e1nica. Durante el proceso de extracci\u00f3n, como fabricante de aceites esenciales org\u00e1nicos de precisi\u00f3n, los trabajadores utilizan baja temperatura y baja presi\u00f3n para minimizar el da\u00f1o a los componentes de la planta y conservar la mejor actividad de las materias primas.<\/p>\n\n\n\n<p><\/p>","protected":false},"excerpt":{"rendered":"Organic essential oil manufacturing common formulas Organic essential oil are sourced from certified organic farms, which use natural and pollution-free farming methods to ensure that the raw materials do not contain any chemicals. Workers are extremely careful during the harvesting process to avoid damaging the plants. After a professional extraction process, the extracted organic essential [&hellip;]","protected":false},"featured_media":371,"menu_order":0,"template":"","meta":[],"product-tag":[],"products":[53],"class_list":["post-291","product","type-product","status-publish","has-post-thumbnail","hentry","products-essential-oil"],"acf":[],"_links":{"self":[{"href":"https:\/\/www.ruiqigo.com\/es\/wp-json\/wp\/v2\/product\/291","targetHints":{"allow":["GET"]}}],"collection":[{"href":"https:\/\/www.ruiqigo.com\/es\/wp-json\/wp\/v2\/product"}],"about":[{"href":"https:\/\/www.ruiqigo.com\/es\/wp-json\/wp\/v2\/types\/product"}],"version-history":[{"count":0,"href":"https:\/\/www.ruiqigo.com\/es\/wp-json\/wp\/v2\/product\/291\/revisions"}],"wp:featuredmedia":[{"embeddable":true,"href":"https:\/\/www.ruiqigo.com\/es\/wp-json\/wp\/v2\/media\/371"}],"wp:attachment":[{"href":"https:\/\/www.ruiqigo.com\/es\/wp-json\/wp\/v2\/media?parent=291"}],"wp:term":[{"taxonomy":"product-tag","embeddable":true,"href":"https:\/\/www.ruiqigo.com\/es\/wp-json\/wp\/v2\/product-tag?post=291"},{"taxonomy":"products","embeddable":true,"href":"https:\/\/www.ruiqigo.com\/es\/wp-json\/wp\/v2\/products?post=291"}],"curies":[{"name":"wp","href":"https:\/\/api.w.org\/{rel}","templated":true}]}}