{"id":296,"date":"2024-07-05T16:38:45","date_gmt":"2024-07-05T08:38:45","guid":{"rendered":"https:\/\/ruiqigo.com\/?post_type=product&#038;p=296"},"modified":"2024-11-15T16:40:07","modified_gmt":"2024-11-15T08:40:07","slug":"tea-tree-essential-oil","status":"publish","type":"product","link":"https:\/\/www.ruiqigo.com\/es\/product\/tea-tree-essential-oil","title":{"rendered":"Aceite esencial de \u00e1rbol de t\u00e9"},"content":{"rendered":"<h2 class=\"wp-block-heading\">F\u00f3rmulas habituales para la elaboraci\u00f3n de aceite esencial de \u00e1rbol de t\u00e9<\/h2>\n\n\n\n<p>El aceite esencial de \u00e1rbol de t\u00e9 procede de plantaciones org\u00e1nicas certificadas, donde los \u00e1rboles de t\u00e9 se cultivan de forma natural y ecol\u00f3gica sin ning\u00fan aditivo qu\u00edmico. Durante el proceso de recolecci\u00f3n, los trabajadores tienen mucho cuidado de no da\u00f1ar los \u00e1rboles de t\u00e9 en la medida de lo posible. Como fabricante l\u00edder de aceite esencial de \u00e1rbol de t\u00e9, el \u00e1rbol de t\u00e9 se destila y se extrae, lo que preserva por completo los ingredientes activos originales del \u00e1rbol de t\u00e9, como los monoterpenos, para garantizar la mejor calidad del aceite esencial.<\/p>\n\n\n\n<h2 class=\"wp-block-heading\">Escenarios de aplicaci\u00f3n del aceite esencial de \u00e1rbol de t\u00e9<\/h2>\n\n\n\n<p>El aceite esencial de \u00e1rbol de t\u00e9 funciona bien en una variedad de climas debido a su aroma fresco \u00fanico y sus propiedades antis\u00e9pticas de amplio espectro. En los meses calurosos y h\u00famedos del verano, puede ayudar a aliviar la picaz\u00f3n en la piel e inhibir el crecimiento bacteriano; en los meses fr\u00edos y secos del invierno, el aceite de \u00e1rbol de t\u00e9 puede desempe\u00f1ar un papel antiinflamatorio e hidratante para mejorar las condiciones de la piel. Adem\u00e1s, para purificar la piel, eliminar la varicela, el herpes, el pus de las heridas, las verrugas, las llagas, las quemaduras, las quemaduras solares, as\u00ed como para mejorar la ti\u00f1a, el pie de atleta, la caspa, etc., el aceite esencial de \u00e1rbol de t\u00e9 tambi\u00e9n es eficaz.<\/p>\n\n\n\n<h2 class=\"wp-block-heading\">\u00bfPara qui\u00e9n es adecuado el aceite esencial de \u00e1rbol de t\u00e9?<\/h2>\n\n\n\n<p>El aceite de \u00e1rbol de t\u00e9 puede ser utilizado por una amplia variedad de grupos de usuarios. Puede mejorar eficazmente el acn\u00e9, el eczema y otros problemas de la piel, tambi\u00e9n puede ayudar a aliviar el dolor articular y muscular y mejorar la funci\u00f3n inmunol\u00f3gica. Es importante tener en cuenta que, si se utiliza en el rostro, se debe tener cuidado de no acercarse demasiado al \u00e1rea de los ojos para no causar molestias oculares. No se debe utilizar en zonas de piel sensible.<\/p>\n\n\n\n<h2 class=\"wp-block-heading\">Proceso de producci\u00f3n del aceite esencial del \u00e1rbol del t\u00e9<\/h2>\n\n\n\n<p>El aceite esencial de \u00e1rbol de t\u00e9 proviene principalmente de varias especies de plantas de la familia del mirto, Melaleuca alternifolia, siendo la especie predominante, conocida como Melaleuca alternifolia, originaria de Australia. Al recolectar la materia prima, se cosechan las hojas y los brotes de cada \u00e1rbol de t\u00e9 con precisi\u00f3n para garantizar la calidad del aceite esencial extra\u00eddo. La materia prima del \u00e1rbol de t\u00e9 se carga a trav\u00e9s de un tanque de sedimentaci\u00f3n en un recipiente de destilaci\u00f3n para comenzar el proceso de extracci\u00f3n por destilaci\u00f3n. Como fabricante confiable de aceite esencial de \u00e1rbol de t\u00e9, este paso implica generar vapor mediante calentamiento para que el vapor de agua que contiene el aceite esencial de \u00e1rbol de t\u00e9 se recoja mediante un conducto y se enfr\u00ede hasta convertirse en l\u00edquido. Debido a la diferencia de densidad entre el agua y el aceite esencial, el aceite esencial de \u00e1rbol de t\u00e9 se separa r\u00e1pidamente y el agua restante se convierte en pur\u00e9 de \u00e1rbol de t\u00e9.<\/p>","protected":false},"excerpt":{"rendered":"Tea tree essential oil manufacturing common formulas Tea tree essential oil is sourced from certified organic plantations, where the tea trees are grown in a natural and ecological way without any chemical additives. During the harvesting process, the workers are very careful to avoid harming the tea trees as much as possible. As a leading [&hellip;]","protected":false},"featured_media":380,"menu_order":0,"template":"","meta":[],"product-tag":[],"products":[53],"class_list":["post-296","product","type-product","status-publish","has-post-thumbnail","hentry","products-essential-oil"],"acf":[],"_links":{"self":[{"href":"https:\/\/www.ruiqigo.com\/es\/wp-json\/wp\/v2\/product\/296","targetHints":{"allow":["GET"]}}],"collection":[{"href":"https:\/\/www.ruiqigo.com\/es\/wp-json\/wp\/v2\/product"}],"about":[{"href":"https:\/\/www.ruiqigo.com\/es\/wp-json\/wp\/v2\/types\/product"}],"version-history":[{"count":0,"href":"https:\/\/www.ruiqigo.com\/es\/wp-json\/wp\/v2\/product\/296\/revisions"}],"wp:featuredmedia":[{"embeddable":true,"href":"https:\/\/www.ruiqigo.com\/es\/wp-json\/wp\/v2\/media\/380"}],"wp:attachment":[{"href":"https:\/\/www.ruiqigo.com\/es\/wp-json\/wp\/v2\/media?parent=296"}],"wp:term":[{"taxonomy":"product-tag","embeddable":true,"href":"https:\/\/www.ruiqigo.com\/es\/wp-json\/wp\/v2\/product-tag?post=296"},{"taxonomy":"products","embeddable":true,"href":"https:\/\/www.ruiqigo.com\/es\/wp-json\/wp\/v2\/products?post=296"}],"curies":[{"name":"wp","href":"https:\/\/api.w.org\/{rel}","templated":true}]}}