{"id":2967,"date":"2025-01-23T14:50:43","date_gmt":"2025-01-23T06:50:43","guid":{"rendered":"https:\/\/ruiqigo.com\/?post_type=product&#038;p=2967"},"modified":"2025-01-23T14:51:53","modified_gmt":"2025-01-23T06:51:53","slug":"organic-toothpaste","status":"publish","type":"product","link":"https:\/\/www.ruiqigo.com\/es\/product\/organic-toothpaste","title":{"rendered":"Pasta de dientes org\u00e1nica\u00a0"},"content":{"rendered":"<h2 class=\"wp-block-heading\">F\u00f3rmulas comunes de fabricaci\u00f3n de pasta de dientes org\u00e1nica<\/h2>\n\n\n\n<p>Como fabricante profesional de pasta de dientes org\u00e1nica, nos centramos en la naturaleza natural y saludable de las materias primas. Por eso, seleccionamos cuidadosamente una variedad de ingredientes org\u00e1nicos y los combinamos cient\u00edficamente, para que cada vez que te cepilles los dientes sea un placer.<\/p>\n\n\n\n<p>1. Aloe vera: El aloe vera tiene propiedades hidratantes y calmantes, nutre las enc\u00edas y previene la atrofia y el sangrado de las mismas. Adem\u00e1s, tambi\u00e9n tiene un cierto efecto antibacteriano, que puede matar las bacterias da\u00f1inas en la boca, protegiendo as\u00ed la salud bucal.<\/p>\n\n\n\n<p>2. Menta: El aroma fresco y el sabor refrescante de la menta pueden ayudar a eliminar los olores de la boca y mantener el aliento fresco. Al mismo tiempo, tambi\u00e9n tiene un cierto efecto antiinflamatorio y bactericida, que favorece la reducci\u00f3n de la cantidad de bacterias en la boca y la prevenci\u00f3n de la inflamaci\u00f3n bucal.<\/p>\n\n\n\n<p>3. Xilitol: El xilitol es un edulcorante natural y saludable que no solo reduce la producci\u00f3n de placa, sino que tambi\u00e9n previene la caries dental. Al mismo tiempo, puede promover la secreci\u00f3n de saliva, lo que ayuda a limpiar la boca e hidratarla. Adem\u00e1s, el sabor dulce del xilitol es m\u00e1s adecuado para los ni\u00f1os.<\/p>\n\n\n\n<p>4. Bicarbonato de sodio: El bicarbonato de sodio tiene un pH de 9-11 y es alcalino, lo que puede neutralizar el \u00e1cido en la boca y reducir la sensibilidad dental. Puede ayudar a eliminar el sarro y las manchas de la superficie de los dientes para lograr el efecto de blanqueamiento dental. Al mismo tiempo, el bicarbonato de sodio tambi\u00e9n tiene un efecto antibacteriano, que puede inhibir el crecimiento de bacterias en la boca y prevenir la inflamaci\u00f3n y la infecci\u00f3n bucal.<\/p>\n\n\n\n<p>5. Aceite de \u00e1rbol de t\u00e9: El aceite de \u00e1rbol de t\u00e9 tiene efectos antiinflamatorios y antibacterianos, que pueden aliviar la inflamaci\u00f3n periodontal y de las enc\u00edas y prevenir la formaci\u00f3n de placa dental. Adem\u00e1s, tiene un efecto refrescante, llenando la boca con un olor ligero y dulce.<\/p>\n\n\n\n<h2 class=\"wp-block-heading\">Las funciones de la pasta de dientes org\u00e1nica<\/h2>\n\n\n\n<p>Nuestro equipo de investigaci\u00f3n y desarrollo ADAPTA la f\u00f3rmula a las condiciones bucales de la mayor\u00eda de las personas para que pueda cuidar completamente su salud bucal. Antes de usarlo, debe elegir un producto adecuado para usted seg\u00fan su condici\u00f3n bucal.<\/p>\n\n\n\n<p>1. Limpieza suave: Nuestras pastas dentales utilizan abrasivos naturales suaves y otros ingredientes no solo para limpiar eficazmente los dientes y eliminar la placa y los residuos f\u00edsicos, sino tambi\u00e9n para proteger el esmalte dental de da\u00f1os.<\/p>\n\n\n\n<p>2. Sin sustancias nocivas: la pasta de dientes org\u00e1nica no contiene fl\u00faor, triclos\u00e1n ni otras sustancias, y no a\u00f1ade ning\u00fan agente espumante qu\u00edmico, esencia sint\u00e9tica ni otros productos qu\u00edmicos nocivos. Esto no solo evita los residuos de componentes qu\u00edmicos en la boca, sino que tambi\u00e9n reduce los posibles da\u00f1os a la boca y al cuerpo.<\/p>\n\n\n\n<p>3. Aliviar los problemas bucales: Nuestros productos contienen ingredientes antibacterianos y antiinflamatorios, que pueden aliviar problemas bucales como la gingivitis y las \u00falceras bucales hasta cierto punto, manteniendo as\u00ed la salud general de la cavidad bucal.<\/p>\n\n\n\n<p>4. Aliento fresco: la menta y otros ingredientes de la pasta de dientes org\u00e1nica tienen un aroma fresco, que puede eliminar el olor, aportar un aliento fresco a la boca y hacerte sentir m\u00e1s seguro.<\/p>\n\n\n\n<p>5. Reduce la sensibilidad bucal: para las personas con dientes sensibles, la pasta de dientes org\u00e1nica es la mejor opci\u00f3n. No contiene ning\u00fan qu\u00edmico irritante y puede reducir la irritaci\u00f3n en las \u00e1reas sensibles de la boca para aliviar las molestias bucales.<\/p>\n\n\n\n<h2 class=\"wp-block-heading\">\u00bfC\u00f3mo utilizar pasta de dientes org\u00e1nica?<\/h2>\n\n\n\n<p>La pasta de dientes org\u00e1nica se utiliza de la misma manera que la pasta de dientes normal, pero es necesario elegir un producto adecuado antes de utilizarla. Tambi\u00e9n indicaremos su uso en el envase.<\/p>\n\n\n\n<p>1. Enju\u00e1gate la boca con agua para mantenerla h\u00fameda;<\/p>\n\n\n\n<p>2. Aplique la cantidad adecuada de pasta de dientes org\u00e1nica en el cepillo de dientes y comience a cepillarse.<\/p>\n\n\n\n<p>3. Inclina el cepillo de dientes en un \u00e1ngulo de 45 grados y cep\u00edllalo suavemente en la uni\u00f3n de los dientes y las enc\u00edas. Puedes utilizar un movimiento circular suave al cepillarte y no ejercer demasiada fuerza. Todo el proceso dura al menos dos minutos para asegurar que se cepille toda la superficie de los dientes y que la boca quede completamente limpia.<\/p>\n\n\n\n<p>4. Enju\u00e1gate nuevamente la boca con agua despu\u00e9s de cepillarte los dientes para eliminar los residuos de pasta de dientes de tu boca y evitar tragarla.<\/p>\n\n\n\n<h2 class=\"wp-block-heading\">Precauci\u00f3n<\/h2>\n\n\n\n<p>1. Revise cuidadosamente la lista de ingredientes antes de usar para asegurarse de que no haya ingredientes que le generen alergia o le resulten inc\u00f3modos;<\/p>\n\n\n\n<p>2. El uso del m\u00e9todo de cepillado correcto, como el m\u00e9todo de cepillado Pap, puede garantizar que los dientes se puedan limpiar completamente;<\/p>\n\n\n\n<p>3. Se recomienda cambiar peri\u00f3dicamente el uso de diferentes marcas y funciones de pasta de dientes org\u00e1nica para reducir la resistencia de las bacterias bucales a un ingrediente espec\u00edfico;<\/p>\n\n\n\n<p>4. Observe atentamente la reacci\u00f3n de la boca al utilizar la pasta de dientes. Si aparecen molestias o s\u00edntomas al\u00e9rgicos, deje de utilizarla inmediatamente y consulte al dentista.<\/p>\n\n\n\n<p>5. Se recomienda almacenar en un lugar fresco y seco y evitar la luz solar directa y ambientes de alta temperatura, para prolongar su vida \u00fatil.<\/p>\n\n\n\n<h2 class=\"wp-block-heading\">Conclusi\u00f3n<\/h2>\n\n\n\n<p>Como fabricante de pasta de dientes org\u00e1nica que se centra en la calidad y la eficiencia, no solo seleccionamos materias primas org\u00e1nicas de alta calidad de todo el mundo, sino que tambi\u00e9n las mezclamos cient\u00edficamente y nos aseguramos de que cada producto pueda cumplir con los m\u00e1s altos est\u00e1ndares a trav\u00e9s de una tecnolog\u00eda de producci\u00f3n moderna y un estricto sistema de gesti\u00f3n de calidad. Al mismo tiempo, tambi\u00e9n utilizamos un dise\u00f1o de embalaje reciclable para reducir el da\u00f1o ambiental, no solo somos responsables del producto sino tambi\u00e9n del medio ambiente. Por favor, p\u00f3ngase en contacto con nosotros si tambi\u00e9n est\u00e1 interesado.<\/p>","protected":false},"excerpt":{"rendered":"Organic Toothpaste Manufacturing Common Formulas As a professional manufacturer of organic toothpaste, we focus on the natural and healthy nature of raw materials. So we carefully select a variety of organic ingredients and scientific matching, so that every time you brush your teeth is a pleasant enjoyment. 1. Aloe Vera: Aloe Vera has moisturizing and [&hellip;]","protected":false},"featured_media":2968,"menu_order":0,"template":"","meta":[],"product-tag":[],"products":[71],"class_list":["post-2967","product","type-product","status-publish","has-post-thumbnail","hentry","products-toothpaste"],"acf":[],"_links":{"self":[{"href":"https:\/\/www.ruiqigo.com\/es\/wp-json\/wp\/v2\/product\/2967","targetHints":{"allow":["GET"]}}],"collection":[{"href":"https:\/\/www.ruiqigo.com\/es\/wp-json\/wp\/v2\/product"}],"about":[{"href":"https:\/\/www.ruiqigo.com\/es\/wp-json\/wp\/v2\/types\/product"}],"version-history":[{"count":0,"href":"https:\/\/www.ruiqigo.com\/es\/wp-json\/wp\/v2\/product\/2967\/revisions"}],"wp:featuredmedia":[{"embeddable":true,"href":"https:\/\/www.ruiqigo.com\/es\/wp-json\/wp\/v2\/media\/2968"}],"wp:attachment":[{"href":"https:\/\/www.ruiqigo.com\/es\/wp-json\/wp\/v2\/media?parent=2967"}],"wp:term":[{"taxonomy":"product-tag","embeddable":true,"href":"https:\/\/www.ruiqigo.com\/es\/wp-json\/wp\/v2\/product-tag?post=2967"},{"taxonomy":"products","embeddable":true,"href":"https:\/\/www.ruiqigo.com\/es\/wp-json\/wp\/v2\/products?post=2967"}],"curies":[{"name":"wp","href":"https:\/\/api.w.org\/{rel}","templated":true}]}}