{"id":301,"date":"2024-07-05T16:53:57","date_gmt":"2024-07-05T08:53:57","guid":{"rendered":"https:\/\/ruiqigo.com\/?post_type=product&#038;p=301"},"modified":"2024-11-13T09:35:52","modified_gmt":"2024-11-13T01:35:52","slug":"water-conditioner","status":"publish","type":"product","link":"https:\/\/www.ruiqigo.com\/es\/product\/water-conditioner","title":{"rendered":"Acondicionador de agua"},"content":{"rendered":"<h2 class=\"wp-block-heading\">F\u00f3rmulas habituales en la fabricaci\u00f3n de acondicionadores de agua<\/h2>\n\n\n\n<p>El acondicionador de agua est\u00e1 compuesto principalmente de amino\u00e1cidos de origen vegetal, vitamina B5, extracto de algas marinas y otros ingredientes naturales. Los amino\u00e1cidos tienen excelentes efectos hidratantes y reparadores, que pueden nutrir profundamente el cabello; la vitamina B5 ayuda a mejorar el encrespamiento y la sequedad, haciendo que el cabello sea m\u00e1s suave y brillante; el extracto de algas marinas es rico en vitaminas y minerales, que pueden reparar el cabello da\u00f1ado y mejorar la elasticidad del cabello. Como fabricante confiable de acondicionadores de agua, creemos que estos ingredientes naturales de alta calidad trabajan juntos para crear un acondicionador de agua hidratante, nutritivo, reparador y saludable.<\/p>\n\n\n\n<h2 class=\"wp-block-heading\">Escenarios de aplicaci\u00f3n del acondicionador de agua<\/h2>\n\n\n\n<p>El acondicionador Aqua es adecuado para todas las estaciones y climas. En el caluroso verano, hidrata el cabello y alivia la sequedad y el frizz; en el seco invierno, nutre profundamente el cabello y repara los da\u00f1os. Ya sea para el mantenimiento diario o para la reparaci\u00f3n de da\u00f1os, el acondicionador de agua puede satisfacer las necesidades de diferentes tipos de cabello. Al mismo tiempo, es refrescante y ligero, adecuado para todo tipo de cabello, es el producto ideal para el cuidado del cabello en el que se puede confiar en todas las estaciones.<\/p>\n\n\n\n<h2 class=\"wp-block-heading\">\u00bfPara qui\u00e9n es adecuado el acondicionador de agua?<\/h2>\n\n\n\n<p>El Acondicionador de Agua es adecuado para todo tipo de cabello. El cabello seco, quebradizo y da\u00f1ado puede contar con su acci\u00f3n nutritiva y reparadora; el cabello graso tambi\u00e9n puede cuidarse gracias a su textura refrescante; incluso para el cabello sano y normal, el uso del Acondicionador de Agua tambi\u00e9n puede mejorar el encrespamiento y la sequedad del cabello, haci\u00e9ndolo m\u00e1s flexible y brillante. Ya sea que tenga el cabello d\u00e9bil despu\u00e9s de la coloraci\u00f3n y la permanente, el cabello graso y engorroso, o el cabello normal y saludable, el Acondicionador de Agua puede ser su aliado ideal para el cuidado del cabello.<\/p>\n\n\n\n<h2 class=\"wp-block-heading\">Proceso de producci\u00f3n de acondicionadores de agua<\/h2>\n\n\n\n<p>El acondicionador de agua utiliza una tecnolog\u00eda \u00fanica en su proceso de producci\u00f3n. En primer lugar, las materias primas se seleccionan estrictamente para garantizar que sean 100% naturales y libres de contaminaci\u00f3n; en segundo lugar, se integra una variedad de ingredientes nutritivos y reparadores en el desarrollo de la f\u00f3rmula para lograr un efecto sin\u00e9rgico. Adem\u00e1s, como fabricante profesional de acondicionadores de agua, el proceso de producci\u00f3n est\u00e1 estrictamente controlado a temperatura y presi\u00f3n para evitar la p\u00e9rdida de ingredientes activos; finalmente, el empaque del producto est\u00e1 hecho de materiales no t\u00f3xicos y respetuosos con el medio ambiente para garantizar la seguridad de uso. Este proceso de producci\u00f3n cuidadoso garantiza la calidad del acondicionador de agua.<\/p>","protected":false},"excerpt":{"rendered":"Water conditioner manufacturing common formulas Water Conditioner is mainly composed of plant-based amino acids, vitamin B5, seaweed extract and other natural ingredients. Amino acids have excellent moisturizing and repairing effects, which can deeply nourish the hair; vitamin B5 helps to improve frizz and dryness, making the hair smoother and shinier; seaweed extract is rich in [&hellip;]","protected":false},"featured_media":388,"menu_order":0,"template":"","meta":[],"product-tag":[],"products":[52],"class_list":["post-301","product","type-product","status-publish","has-post-thumbnail","hentry","products-conditioner"],"acf":[],"_links":{"self":[{"href":"https:\/\/www.ruiqigo.com\/es\/wp-json\/wp\/v2\/product\/301","targetHints":{"allow":["GET"]}}],"collection":[{"href":"https:\/\/www.ruiqigo.com\/es\/wp-json\/wp\/v2\/product"}],"about":[{"href":"https:\/\/www.ruiqigo.com\/es\/wp-json\/wp\/v2\/types\/product"}],"version-history":[{"count":0,"href":"https:\/\/www.ruiqigo.com\/es\/wp-json\/wp\/v2\/product\/301\/revisions"}],"wp:featuredmedia":[{"embeddable":true,"href":"https:\/\/www.ruiqigo.com\/es\/wp-json\/wp\/v2\/media\/388"}],"wp:attachment":[{"href":"https:\/\/www.ruiqigo.com\/es\/wp-json\/wp\/v2\/media?parent=301"}],"wp:term":[{"taxonomy":"product-tag","embeddable":true,"href":"https:\/\/www.ruiqigo.com\/es\/wp-json\/wp\/v2\/product-tag?post=301"},{"taxonomy":"products","embeddable":true,"href":"https:\/\/www.ruiqigo.com\/es\/wp-json\/wp\/v2\/products?post=301"}],"curies":[{"name":"wp","href":"https:\/\/api.w.org\/{rel}","templated":true}]}}