{"id":306,"date":"2024-07-05T17:07:54","date_gmt":"2024-07-05T09:07:54","guid":{"rendered":"https:\/\/ruiqigo.com\/?post_type=product&#038;p=306"},"modified":"2024-11-14T21:10:20","modified_gmt":"2024-11-14T13:10:20","slug":"salt-free-water-conditioner","status":"publish","type":"product","link":"https:\/\/www.ruiqigo.com\/es\/product\/salt-free-water-conditioner","title":{"rendered":"Acondicionador de agua sin sal"},"content":{"rendered":"<h2 class=\"wp-block-heading\">F\u00f3rmulas habituales para la fabricaci\u00f3n de acondicionadores de agua sin sal<\/h2>\n\n\n\n<p>El acondicionador de agua sin sal est\u00e1 elaborado con ingredientes suaves como amino\u00e1cidos bot\u00e1nicos, glicerina y aceites de semillas de frutas naturales. Los amino\u00e1cidos brindan excelentes propiedades hidratantes y reparadoras para nutrir profundamente el cabello; la glicerina repone la humedad y mejora el frizz y la sequedad; y el aceite de semilla de fruta natural es rico en vitaminas para ayudar a reparar el cabello da\u00f1ado y fortalecer la elasticidad del cabello. Como fabricante confiable de acondicionadores de agua sin sal, estos ingredientes naturales de alta calidad funcionan en sinergia entre s\u00ed para crear un acondicionador de agua sin sal no irritante, suave y nutritivo.<\/p>\n\n\n\n<h2 class=\"wp-block-heading\">Escenarios de aplicaci\u00f3n del acondicionador de agua sin sal<\/h2>\n\n\n\n<p>El acondicionador de agua sin sal es adecuado para todas las estaciones y entornos. En el calor del verano, hidrata el cabello y alivia la sequedad y el frizz; en el invierno, nutre profundamente el cabello y repara los da\u00f1os. Al mismo tiempo, es refrescante y ligero, no sobrecarga el cuero cabelludo y es adecuado para todo tipo de cabello. Ya sea para el mantenimiento diario o para reparar los da\u00f1os, el acondicionador de agua sin sal puede ser su ayudante confiable para el cuidado del cabello en todas las estaciones.<\/p>\n\n\n\n<h2 class=\"wp-block-heading\">\u00bfPara qui\u00e9n es adecuado el acondicionador de agua sin sal?<\/h2>\n\n\n\n<p>El acondicionador de agua sin sal es adecuado para todo tipo de cabello. Para el cabello seco, quebradizo y da\u00f1ado, proporciona nutrici\u00f3n y reparaci\u00f3n profundas; para el cabello graso, su textura refrescante y ligera es perfecta; e incluso para el cabello normal y saludable, el acondicionador de agua sin sal mejora el encrespamiento y la sequedad, dejando el cabello m\u00e1s suave y brillante. Ya sea que tengas el cabello te\u00f1ido, el cabello graso y con frizz, o el cabello normal y saludable, el acondicionador de agua sin sal puede ser tu aliado ideal para el cuidado del cabello.<\/p>\n\n\n\n<h2 class=\"wp-block-heading\">Proceso de producci\u00f3n de acondicionador de agua sin sal<\/h2>\n\n\n\n<p>El acondicionador de agua sin sal utiliza una serie de tecnolog\u00edas \u00fanicas en su proceso de producci\u00f3n. En primer lugar, las materias primas se seleccionan cuidadosamente para garantizar que sean 100% naturales y libres de contaminaci\u00f3n. En segundo lugar, se integran en la f\u00f3rmula una variedad de ingredientes nutritivos y reparadores para crear efectos sin\u00e9rgicos. Adem\u00e1s, el proceso de producci\u00f3n est\u00e1 estrictamente controlado en cuanto a temperatura y presi\u00f3n para evitar la p\u00e9rdida de ingredientes activos. Por \u00faltimo, el embalaje del producto est\u00e1 fabricado con materiales ecol\u00f3gicos y no t\u00f3xicos para garantizar la seguridad de su uso. Como fabricante eficiente de acondicionadores de agua sin sal, este cuidadoso proceso de producci\u00f3n garantiza la excelente calidad de los acondicionadores de agua sin sal, de modo que los consumidores puedan usarlos sin preocupaciones y disfrutar de la comodidad de una experiencia de cuidado del cabello natural.<\/p>","protected":false},"excerpt":{"rendered":"Salt free water conditioner manufacturing common formulas Salt free Water Conditioner is made with gentle ingredients such as botanical amino acids, glycerin, and natural fruit seed oils. Amino Acids provide excellent moisturizing and repairing properties to deeply nourish hair; Glycerin replenishes moisture and improves frizz and dryness; and Natural Fruit Seed Oil is rich in [&hellip;]","protected":false},"featured_media":384,"menu_order":0,"template":"","meta":[],"product-tag":[],"products":[52],"class_list":["post-306","product","type-product","status-publish","has-post-thumbnail","hentry","products-conditioner"],"acf":[],"_links":{"self":[{"href":"https:\/\/www.ruiqigo.com\/es\/wp-json\/wp\/v2\/product\/306","targetHints":{"allow":["GET"]}}],"collection":[{"href":"https:\/\/www.ruiqigo.com\/es\/wp-json\/wp\/v2\/product"}],"about":[{"href":"https:\/\/www.ruiqigo.com\/es\/wp-json\/wp\/v2\/types\/product"}],"version-history":[{"count":0,"href":"https:\/\/www.ruiqigo.com\/es\/wp-json\/wp\/v2\/product\/306\/revisions"}],"wp:featuredmedia":[{"embeddable":true,"href":"https:\/\/www.ruiqigo.com\/es\/wp-json\/wp\/v2\/media\/384"}],"wp:attachment":[{"href":"https:\/\/www.ruiqigo.com\/es\/wp-json\/wp\/v2\/media?parent=306"}],"wp:term":[{"taxonomy":"product-tag","embeddable":true,"href":"https:\/\/www.ruiqigo.com\/es\/wp-json\/wp\/v2\/product-tag?post=306"},{"taxonomy":"products","embeddable":true,"href":"https:\/\/www.ruiqigo.com\/es\/wp-json\/wp\/v2\/products?post=306"}],"curies":[{"name":"wp","href":"https:\/\/api.w.org\/{rel}","templated":true}]}}