{"id":311,"date":"2024-07-05T17:20:27","date_gmt":"2024-07-05T09:20:27","guid":{"rendered":"https:\/\/ruiqigo.com\/?post_type=product&#038;p=311"},"modified":"2024-11-14T21:14:32","modified_gmt":"2024-11-14T13:14:32","slug":"curly-hair-shampoo-and-conditioner","status":"publish","type":"product","link":"https:\/\/www.ruiqigo.com\/es\/product\/curly-hair-shampoo-and-conditioner","title":{"rendered":"Champ\u00fa y acondicionador para cabello rizado"},"content":{"rendered":"<h2 class=\"wp-block-heading\">F\u00f3rmulas comunes de fabricaci\u00f3n de champ\u00fas y acondicionadores para cabello rizado<\/h2>\n\n\n\n<p>Este producto 2 en 1 est\u00e1 elaborado con ingredientes naturales de primera calidad, como manteca de karit\u00e9 y aceite de coco. La manteca de karit\u00e9 es rica en vitaminas y \u00e1cidos grasos que hidratan profundamente el cabello y aumentan la elasticidad de las puntas, mientras que el aceite de coco tiene excelentes propiedades suavizantes y reparadoras que hacen que los rizos sean m\u00e1s suaves y brillantes. Adem\u00e1s, tambi\u00e9n agrega un ingrediente de peinado especial que da forma y mantiene los rizos en su lugar de manera efectiva. Juntos, como un fabricante eficiente de champ\u00fa y acondicionador para cabello rizado, estos ingredientes naturales suaves pero poderosos hacen de esta la f\u00f3rmula perfecta para mimar el cabello rizado.<\/p>\n\n\n\n<h2 class=\"wp-block-heading\">Escenarios aplicables del champ\u00fa y acondicionador para cabello rizado<\/h2>\n\n\n\n<p>El champ\u00fa acondicionador 2 en 1 para cabello rizado es apto para usar en todos los climas. En el calor del verano, hidrata y repara los da\u00f1os del cabello rizado, mientras que en el fr\u00edo del invierno, nutre profundamente y aumenta la elasticidad para evitar la sequedad y el encrespamiento. Al mismo tiempo, sus propiedades de peinado ayudan a mantener los rizos bellamente peinados en ambientes h\u00famedos. Ya sea que brille el sol o sople el viento, este producto dos en uno proteger\u00e1 tus rizos y los mantendr\u00e1 despeinados y brillantes.<\/p>\n\n\n\n<h2 class=\"wp-block-heading\">\u00bfPara qui\u00e9n es adecuado el champ\u00fa y acondicionador para cabello rizado?<\/h2>\n\n\n\n<p>Este champ\u00fa acondicionador 2 en 1 para cabello rizado es especialmente adecuado para aquellas personas con cabello naturalmente rizado o con permanente. Protege los rizos fr\u00e1giles del encrespamiento y la sequedad. Al mismo tiempo, sus propiedades de peinado ayudan a crear rizos hermosos y duraderos. Incluso para aquellas personas con cabello liso, el uso ocasional agregar\u00e1 elasticidad y brillo. Ya sea que tenga cabello naturalmente rizado, cabello con permanente artificial o cabello liso que necesita peinado ocasional, este producto 2 en 1 es el tratamiento ideal para usted.<\/p>\n\n\n\n<h2 class=\"wp-block-heading\">Proceso de producci\u00f3n de champ\u00fa y acondicionador para cabello rizado<\/h2>\n\n\n\n<p>En primer lugar, las materias primas se seleccionan a trav\u00e9s de capas de control para garantizar que el 100% sea natural y libre de contaminaci\u00f3n. En segundo lugar, en la formulaci\u00f3n de la investigaci\u00f3n y el desarrollo de la integraci\u00f3n de una variedad de ingredientes nutritivos y reparadores, se logra un efecto sin\u00e9rgico. Adem\u00e1s, como fabricante l\u00edder de champ\u00fas y acondicionadores para cabello rizado, el proceso de producci\u00f3n est\u00e1 estrictamente controlado a temperatura y presi\u00f3n para garantizar que los ingredientes activos no se da\u00f1en. Por \u00faltimo, se utiliza tecnolog\u00eda de peinado profesional para que los rizos duren m\u00e1s.<\/p>","protected":false},"excerpt":{"rendered":"Curly hair shampoo and conditioner manufacturing common formulas This 2-in-1 product is made with premium natural ingredients such as shea butter and coconut oil. Shea butter is rich in vitamins and fatty acids that deeply moisturize the hair and increase the elasticity of the ends, while coconut oil has excellent smoothing and repairing properties that [&hellip;]","protected":false},"featured_media":392,"menu_order":0,"template":"","meta":[],"product-tag":[],"products":[54],"class_list":["post-311","product","type-product","status-publish","has-post-thumbnail","hentry","products-shampoo-and-conditioner"],"acf":[],"_links":{"self":[{"href":"https:\/\/www.ruiqigo.com\/es\/wp-json\/wp\/v2\/product\/311","targetHints":{"allow":["GET"]}}],"collection":[{"href":"https:\/\/www.ruiqigo.com\/es\/wp-json\/wp\/v2\/product"}],"about":[{"href":"https:\/\/www.ruiqigo.com\/es\/wp-json\/wp\/v2\/types\/product"}],"version-history":[{"count":0,"href":"https:\/\/www.ruiqigo.com\/es\/wp-json\/wp\/v2\/product\/311\/revisions"}],"wp:featuredmedia":[{"embeddable":true,"href":"https:\/\/www.ruiqigo.com\/es\/wp-json\/wp\/v2\/media\/392"}],"wp:attachment":[{"href":"https:\/\/www.ruiqigo.com\/es\/wp-json\/wp\/v2\/media?parent=311"}],"wp:term":[{"taxonomy":"product-tag","embeddable":true,"href":"https:\/\/www.ruiqigo.com\/es\/wp-json\/wp\/v2\/product-tag?post=311"},{"taxonomy":"products","embeddable":true,"href":"https:\/\/www.ruiqigo.com\/es\/wp-json\/wp\/v2\/products?post=311"}],"curies":[{"name":"wp","href":"https:\/\/api.w.org\/{rel}","templated":true}]}}