{"id":3132,"date":"2025-04-17T17:12:46","date_gmt":"2025-04-17T09:12:46","guid":{"rendered":"https:\/\/www.ruiqigo.com\/?post_type=product&#038;p=3132"},"modified":"2025-04-17T17:12:47","modified_gmt":"2025-04-17T09:12:47","slug":"sunburn-relief-gel","status":"publish","type":"product","link":"https:\/\/www.ruiqigo.com\/es\/product\/sunburn-relief-gel","title":{"rendered":"Gel para aliviar las quemaduras solares"},"content":{"rendered":"<h2 class=\"wp-block-heading\">F\u00f3rmulas comunes de fabricaci\u00f3n de gel para aliviar quemaduras solares<\/h2>\n\n\n\n<p>Seleccionamos ingredientes calmantes naturales como aloe vera, mentol y Centella asi\u00e1tica, y los aplicamos al gel para brindar un cuidado integral para problemas como enrojecimiento y fiebre despu\u00e9s de una quemadura solar, brind\u00e1ndole una soluci\u00f3n de reparaci\u00f3n de quemaduras solares eficiente y confiable. <\/p>\n\n\n\n<p>1. <strong>Aloe vera<\/strong>El aloe vera es uno de los ingredientes esenciales para el cuidado post-quemaduras solares. Es rico en diversas vitaminas y penetra r\u00e1pidamente en la superficie de la piel para hidratarla y calmarla, ayudando a reparar la piel da\u00f1ada y a aliviar el enrojecimiento, la hinchaz\u00f3n y las molestias. <\/p>\n\n\n\n<p>2. <strong>Mentol<\/strong>Mucha gente conoce el mentol, que tambi\u00e9n desempe\u00f1a un papel importante en la reparaci\u00f3n de la piel tras las quemaduras solares. Adem\u00e1s, puede proporcionar una sensaci\u00f3n refrescante instant\u00e1nea, permitiendo que la piel se enfr\u00ede r\u00e1pidamente y aliviando eficazmente s\u00edntomas como el ardor y el escozor. <\/p>\n\n\n\n<p>3. <strong>Centella asi\u00e1tica<\/strong>La centella asi\u00e1tica tambi\u00e9n es un ingrediente importante en el tratamiento reparador de quemaduras solares. Estimula la formaci\u00f3n de col\u00e1geno, mejora la funci\u00f3n de la barrera cut\u00e1nea y posee excelentes efectos reparadores y antiinflamatorios. Adem\u00e1s, reduce el riesgo de descamaci\u00f3n y pigmentaci\u00f3n de la piel tras las quemaduras solares y promueve la r\u00e1pida reparaci\u00f3n de las zonas quemadas. <\/p>\n\n\n\n<p>4. <strong>Pantenol<\/strong>:El pantenol tiene un efecto muy bueno, que es que puede penetrar profundamente en el estrato c\u00f3rneo de la piel, aliviar la descamaci\u00f3n, el agrietamiento y otras afecciones causadas por las quemaduras solares, promover la autorreparaci\u00f3n de la piel, mejorar la capacidad de bloqueo de agua y hacer que la piel sea m\u00e1s suave y tersa. <\/p>\n\n\n\n<p>5. <strong>extracto de cal\u00e9ndula<\/strong>Este ingrediente es famoso por sus propiedades antibacterianas y antiinflamatorias. Puede aliviar eficazmente la inflamaci\u00f3n, el ardor y otras reacciones tras las quemaduras solares. Se usa a menudo en zonas enrojecidas, inflamadas y sensibles por quemaduras solares para mejorar significativamente la reparaci\u00f3n de la piel.<\/p>\n\n\n\n<h2 class=\"wp-block-heading\">Las funciones del gel para aliviar las quemaduras solares<\/h2>\n\n\n\n<p>Para mejorar el efecto reparador de las quemaduras solares, seleccionamos y formulamos cuidadosamente la f\u00f3rmula del gel para aliviar las quemaduras solares y garantizar su m\u00e1ximo efecto. Adem\u00e1s, contamos con m\u00faltiples procesos para verificar la seguridad y fiabilidad de los ingredientes, para que pueda usar nuestros productos con confianza. Por lo tanto, nuestros productos ofrecen numerosos efectos fiables: <\/p>\n\n\n\n<p>1. <strong>Refrescante y f\u00e1cil de absorber.<\/strong>Nuestro gel para quemaduras solares tiene una textura en gel, es h\u00famedo y de f\u00e1cil absorci\u00f3n, refrescante y no graso, y no obstruye los poros. Se absorbe en segundos despu\u00e9s de su uso, lo que ahorra mucho tiempo y permite usarlo r\u00e1pidamente cuando apremia el tiempo.<\/p>\n\n\n\n<p>2. <strong>M\u00faltiples efectos de reparaci\u00f3n<\/strong>:El gel para aliviar las quemaduras solares no solo tiene un \u00fanico efecto calmante, sino que tambi\u00e9n tiene m\u00faltiples efectos como antiinflamatorio, hidratante y reparador, que pueden reparar eficazmente el da\u00f1o de la piel despu\u00e9s de las quemaduras solares.<\/p>\n\n\n\n<p>3. <strong>La f\u00f3rmula es natural, suave y sin aditivos.<\/strong>Nuestro gel para quemaduras solares no contiene alcohol, fragancias, conservantes ni otras sustancias sensibles. Su f\u00f3rmula es suave, segura y madura, con baja probabilidad de alergias. Puede ser utilizado con seguridad por personas con piel sensible, mujeres embarazadas y ni\u00f1os, y es apto para una amplia variedad de personas.<\/p>\n\n\n\n<h2 class=\"wp-block-heading\">\u00bfC\u00f3mo utilizar el gel para aliviar las quemaduras solares?<\/h2>\n\n\n\n<p>El gel para quemaduras solares es f\u00e1cil de transportar y se usa r\u00e1pidamente. Recomendamos aplicarlo lo m\u00e1s posible despu\u00e9s de la exposici\u00f3n solar para lograr mejores resultados. No es necesario enjuagar despu\u00e9s de su uso. Masajee suavemente la zona afectada para facilitar su absorci\u00f3n. <\/p>\n\n\n\n<p>1. <strong>Limpiar la piel<\/strong>:Antes de comenzar a aplicar el gel, limpie primero el \u00e1rea quemada por el sol con agua tibia y evite usar productos de limpieza irritantes. <\/p>\n\n\n\n<p>2. <strong>Saque una cantidad adecuada de gel.<\/strong>:Saque una cantidad adecuada de gel del frasco (u otro recipiente) y col\u00f3quelo en la palma de su mano o en un disco de algod\u00f3n. <\/p>\n\n\n\n<p>3. <strong>Aplicar suavemente<\/strong>Aplique el gel suave y uniformemente sobre la zona quemada. No tire con fuerza para evitar da\u00f1arla. <\/p>\n\n\n\n<p>4. <strong>Masajear para favorecer la absorci\u00f3n.<\/strong>Masajee suavemente la zona de aplicaci\u00f3n con movimientos circulares para facilitar la absorci\u00f3n del gel. No es necesario enjuagar, solo espere unos segundos para que se absorba naturalmente. <\/p>\n\n\n\n<h2 class=\"wp-block-heading\">Precauci\u00f3n<\/h2>\n\n\n\n<p>1. Si experimenta alguna molestia durante el uso, como enrojecimiento, hinchaz\u00f3n, escozor u otras reacciones al\u00e9rgicas, suspenda su uso inmediatamente. Si la situaci\u00f3n es grave, consulte a un m\u00e9dico a tiempo.<\/p>\n\n\n\n<p>2. El gel para quemaduras solares es un producto de uso externo. No lo ingiera. No lo aplique directamente sobre heridas o grietas de la piel para evitar irritaciones, retrasar la cicatrizaci\u00f3n e incluso causar inflamaci\u00f3n.<\/p>\n\n\n\n<p>3. No utilice este producto con productos irritantes como el alcohol al mismo tiempo para evitar molestias.<\/p>\n\n\n\n<p>4. El gel para quemaduras solares debe conservarse en un lugar fresco y seco. Evite la luz solar directa para evitar su deterioro y afectar el efecto reparador de la piel. <\/p>\n\n\n\n<h2 class=\"wp-block-heading\">Conclusi\u00f3n<\/h2>\n\n\n\n<p>El gel para quemaduras solares es un gel reparador para despu\u00e9s del sol con propiedades calmantes, reparadoras e hidratantes, entre otras. Es adecuado para diversos tipos de piel y situaciones de uso, y es muy f\u00e1cil de transportar. Como fabricante profesional de ODM\/OEM, ofrecemos la personalizaci\u00f3n de f\u00f3rmulas y la producci\u00f3n de diversos envases para ofrecerle la mejor soluci\u00f3n para satisfacer sus necesidades. Si desea m\u00e1s informaci\u00f3n, no dude en contactarnos. <\/p>","protected":false},"excerpt":{"rendered":"Sunburn Relief Gel Manufacturing Common Formulas We select natural soothing ingredients such as aloe vera, menthol, and Centella asiatica, and apply them to the gel to provide comprehensive care for problems such as redness and fever after sunburn, providing you with an efficient and reliable sunburn repair solution. 1. Aloe vera: Aloe vera is one [&hellip;]","protected":false},"featured_media":3137,"menu_order":0,"template":"","meta":[],"product-tag":[],"products":[87],"class_list":["post-3132","product","type-product","status-publish","has-post-thumbnail","hentry","products-sunburn-recovery"],"acf":[],"_links":{"self":[{"href":"https:\/\/www.ruiqigo.com\/es\/wp-json\/wp\/v2\/product\/3132","targetHints":{"allow":["GET"]}}],"collection":[{"href":"https:\/\/www.ruiqigo.com\/es\/wp-json\/wp\/v2\/product"}],"about":[{"href":"https:\/\/www.ruiqigo.com\/es\/wp-json\/wp\/v2\/types\/product"}],"version-history":[{"count":0,"href":"https:\/\/www.ruiqigo.com\/es\/wp-json\/wp\/v2\/product\/3132\/revisions"}],"wp:featuredmedia":[{"embeddable":true,"href":"https:\/\/www.ruiqigo.com\/es\/wp-json\/wp\/v2\/media\/3137"}],"wp:attachment":[{"href":"https:\/\/www.ruiqigo.com\/es\/wp-json\/wp\/v2\/media?parent=3132"}],"wp:term":[{"taxonomy":"product-tag","embeddable":true,"href":"https:\/\/www.ruiqigo.com\/es\/wp-json\/wp\/v2\/product-tag?post=3132"},{"taxonomy":"products","embeddable":true,"href":"https:\/\/www.ruiqigo.com\/es\/wp-json\/wp\/v2\/products?post=3132"}],"curies":[{"name":"wp","href":"https:\/\/api.w.org\/{rel}","templated":true}]}}