{"id":316,"date":"2024-07-05T17:33:07","date_gmt":"2024-07-05T09:33:07","guid":{"rendered":"https:\/\/ruiqigo.com\/?post_type=product&#038;p=316"},"modified":"2024-11-14T21:13:36","modified_gmt":"2024-11-14T13:13:36","slug":"natural-shampoo-and-conditioner","status":"publish","type":"product","link":"https:\/\/www.ruiqigo.com\/es\/product\/natural-shampoo-and-conditioner","title":{"rendered":"Champ\u00fa y acondicionador naturales"},"content":{"rendered":"<h2 class=\"wp-block-heading\">F\u00f3rmulas comunes de fabricaci\u00f3n de champ\u00fas y acondicionadores naturales<\/h2>\n\n\n\n<p>Este producto natural 2 en 1 utiliza una variedad de ingredientes naturales de alta calidad, como aceite de linaza y algas marinas. El aceite de linaza es rico en \u00e1cidos grasos Omega-3, que nutren profundamente las hebras del cabello y aportan suavidad y brillo, mientras que las algas marinas son ricas en minerales, que reparan el cabello da\u00f1ado y aportan elasticidad. Como excelente fabricante de champ\u00fas y acondicionadores naturales, tiene ingredientes limpiadores naturales que limpian suavemente el cuero cabelludo sin irritarlo. Juntos, estos ingredientes naturales conforman esta f\u00f3rmula de calidad que cuida delicadamente tu cabello.<\/p>\n\n\n\n<h2 class=\"wp-block-heading\">Escenarios de aplicaci\u00f3n de champ\u00fas y acondicionadores naturales<\/h2>\n\n\n\n<p>El champ\u00fa y acondicionador natural es adecuado para todos los climas. En los calurosos meses de verano, proporciona al cabello una hidrataci\u00f3n abundante para reponer la p\u00e9rdida, mientras que en los fr\u00edos meses de invierno, nutre profundamente, aumenta la elasticidad y previene la sequedad y el encrespamiento. Al mismo tiempo, su f\u00f3rmula suave tambi\u00e9n es adecuada para cueros cabelludos sensibles sin causar irritaci\u00f3n. Ya sea que haga sol o llueva, este producto natural 2 en 1 mantendr\u00e1 tu cabello suave, brillante y saludable.<\/p>\n\n\n\n<h2 class=\"wp-block-heading\">Para qui\u00e9n es adecuado el champ\u00fa y acondicionador natural<\/h2>\n\n\n\n<p>Este d\u00fao de champ\u00fa y acondicionador natural es perfecto para quienes tienen el cabello da\u00f1ado, seco y encrespado. Utiliza ingredientes naturales para limpiar suavemente el cuero cabelludo mientras nutre profundamente el cabello, reparando el da\u00f1o y agregando suavidad y brillo. Ya sea que tu cabello sea naturalmente \u00e1spero, est\u00e9 da\u00f1ado por qu\u00edmicos o seco por un secado prolongado, este producto 2 en 1 es el compa\u00f1ero de cuidado perfecto para tu cabello.<\/p>\n\n\n\n<h2 class=\"wp-block-heading\">Proceso de producci\u00f3n de champ\u00fas y acondicionadores naturales.<\/h2>\n\n\n\n<p>Este champ\u00fa y acondicionador natural se fabrica utilizando una serie de tecnolog\u00edas avanzadas. En primer lugar, los ingredientes son 100% naturales y de origen vegetal, y han pasado por una serie de controles para garantizar que no est\u00e9n contaminados. En segundo lugar, la temperatura y la presi\u00f3n se controlan estrictamente durante el desarrollo de la f\u00f3rmula para evitar da\u00f1ar los ingredientes activos. Adem\u00e1s, el uso de tecnolog\u00eda profesional de separaci\u00f3n por tamiz molecular, la extracci\u00f3n de alta pureza de los ingredientes activos; finalmente, la producci\u00f3n de todo el proceso sin la adici\u00f3n de productos qu\u00edmicos sint\u00e9ticos para garantizar que el producto sea ecol\u00f3gico y respetuoso con el medio ambiente. Como fabricante de champ\u00fas y acondicionadores naturales de precisi\u00f3n, estos procesos de producci\u00f3n cuidadosos garantizan que este producto natural 2 en 1 sea de excelente calidad y pueda brindar a los consumidores una mejor experiencia de cuidado ecol\u00f3gico.<\/p>","protected":false},"excerpt":{"rendered":"Natural shampoo and conditioner manufacturing common formulas This natural 2-in-1 product uses a variety of high-quality natural ingredients such as flaxseed oil and seaweed. Flaxseed oil is rich in Omega-3 fatty acids, which deeply nourish the hair strands and add softness and shine, while seaweed is rich in minerals, which repair damaged hair and add [&hellip;]","protected":false},"featured_media":396,"menu_order":0,"template":"","meta":[],"product-tag":[],"products":[54],"class_list":["post-316","product","type-product","status-publish","has-post-thumbnail","hentry","products-shampoo-and-conditioner"],"acf":[],"_links":{"self":[{"href":"https:\/\/www.ruiqigo.com\/es\/wp-json\/wp\/v2\/product\/316","targetHints":{"allow":["GET"]}}],"collection":[{"href":"https:\/\/www.ruiqigo.com\/es\/wp-json\/wp\/v2\/product"}],"about":[{"href":"https:\/\/www.ruiqigo.com\/es\/wp-json\/wp\/v2\/types\/product"}],"version-history":[{"count":0,"href":"https:\/\/www.ruiqigo.com\/es\/wp-json\/wp\/v2\/product\/316\/revisions"}],"wp:featuredmedia":[{"embeddable":true,"href":"https:\/\/www.ruiqigo.com\/es\/wp-json\/wp\/v2\/media\/396"}],"wp:attachment":[{"href":"https:\/\/www.ruiqigo.com\/es\/wp-json\/wp\/v2\/media?parent=316"}],"wp:term":[{"taxonomy":"product-tag","embeddable":true,"href":"https:\/\/www.ruiqigo.com\/es\/wp-json\/wp\/v2\/product-tag?post=316"},{"taxonomy":"products","embeddable":true,"href":"https:\/\/www.ruiqigo.com\/es\/wp-json\/wp\/v2\/products?post=316"}],"curies":[{"name":"wp","href":"https:\/\/api.w.org\/{rel}","templated":true}]}}