{"id":3186,"date":"2025-04-24T09:37:21","date_gmt":"2025-04-24T01:37:21","guid":{"rendered":"https:\/\/www.ruiqigo.com\/?post_type=product&#038;p=3186"},"modified":"2025-04-24T09:37:22","modified_gmt":"2025-04-24T01:37:22","slug":"sunburn-lotion","status":"publish","type":"product","link":"https:\/\/www.ruiqigo.com\/es\/product\/sunburn-lotion","title":{"rendered":"Loci\u00f3n para quemaduras solares"},"content":{"rendered":"<h2 class=\"wp-block-heading\">F\u00f3rmulas comunes de fabricaci\u00f3n de lociones para quemaduras solares<\/h2>\n\n\n\n<p>Como fabricantes profesionales de lociones para quemaduras solares, utilizamos extractos de plantas naturales e ingredientes reparadores, como cal\u00e9ndula, aloe vera y manzanilla, para ayudar a que su piel se recupere y calme r\u00e1pidamente despu\u00e9s de las quemaduras solares, restablezca el equilibrio h\u00eddrico y graso, y fortalezca la barrera cut\u00e1nea. Adem\u00e1s, nuestra f\u00f3rmula es suave y no irritante, ideal para uso prolongado en todo tipo de piel.<\/p>\n\n\n\n<p>1. <strong>Cal\u00e9ndula<\/strong>La cal\u00e9ndula posee excelentes propiedades antial\u00e9rgicas y antiinflamatorias, que pueden aliviar las alergias y las molestias causadas por las quemaduras solares, adem\u00e1s de reducir la inflamaci\u00f3n tras la exposici\u00f3n solar. Adem\u00e1s, promueve la cicatrizaci\u00f3n de lesiones cut\u00e1neas leves y mejora la eficacia de la reparaci\u00f3n de la barrera cut\u00e1nea. <\/p>\n\n\n\n<p>2.<strong> Aloe vera:<\/strong> El aloe vera natural es rico en vitaminas, minerales y antioxidantes, y posee potentes efectos hidratantes, calmantes y antiinflamatorios. Ayuda a retener la humedad r\u00e1pidamente en el estrato c\u00f3rneo, promueve la reparaci\u00f3n celular y fortalece la barrera cut\u00e1nea. Tambi\u00e9n ayuda a que la piel se refresque r\u00e1pidamente y reduce la sensaci\u00f3n de ardor despu\u00e9s de una quemadura solar. <\/p>\n\n\n\n<p>3. <strong>Manzanilla:<\/strong> La loci\u00f3n para quemaduras solares, cuyo ingrediente principal es la manzanilla, puede ser utilizada con confianza por personas con piel sensible. Gracias a sus excelentes propiedades antial\u00e9rgicas y antioxidantes, puede aliviar s\u00edntomas como alergias, enrojecimiento, hinchaz\u00f3n y escozor causados por las quemaduras solares, adem\u00e1s de mejorar la resistencia de la piel. <\/p>\n\n\n\n<p>4. <strong>Hialuronato de sodio:<\/strong> El hialuronato de sodio es un ingrediente eficaz que retiene el agua y humecta, y que puede reponer r\u00e1pidamente la humedad en la piel, evitando que la piel quemada por el sol se tense o agriete y sentando una base s\u00f3lida para la absorci\u00f3n de los ingredientes reparadores posteriores. <\/p>\n\n\n\n<p>5.<strong> Pantenol<\/strong>El pantenol tambi\u00e9n es un ingrediente importante en las lociones para quemaduras solares. Posee potentes propiedades hidratantes y reparadoras. Penetra profundamente en la piel y forma una pel\u00edcula impermeable, mejorando as\u00ed su elasticidad, reduciendo la sequedad y la tirantez causadas por las quemaduras solares y ayudando a la piel a recuperar un brillo saludable e hidratado. <\/p>\n\n\n\n<h2 class=\"wp-block-heading\">Las funciones de la loci\u00f3n para quemaduras solares<\/h2>\n\n\n\n<p>Nuestra loci\u00f3n para quemaduras solares utiliza una variedad de esencias de plantas naturales en su f\u00f3rmula, que no solo tiene funciones reparadoras, sino que tambi\u00e9n tiene en cuenta la experiencia y la comodidad del usuario. <\/p>\n\n\n\n<p>1. <strong>Textura fresca y no grasa.<\/strong>Nuestra loci\u00f3n para quemaduras solares est\u00e1 dise\u00f1ada con una textura ligera que se absorbe r\u00e1pidamente sin ser pegajosa, por lo que no deja residuos en la ropa ni afecta las actividades diarias del usuario. Esto mejora considerablemente la experiencia del usuario.<\/p>\n\n\n\n<p>2. <strong>Adecuado para una variedad de tipos de piel.<\/strong>Nuestra loci\u00f3n para quemaduras solares ha sido sometida a m\u00faltiples pruebas de sensibilidad y no contiene ingredientes irritantes ni sensibles como el alcohol. Es apta para pieles secas, grasas, mixtas y sensibles, y es adecuada para una amplia gama de clientes.<\/p>\n\n\n\n<p>3. <strong>Los efectos calmantes y refrescantes instant\u00e1neos son significativos.<\/strong>La loci\u00f3n para quemaduras solares contiene ingredientes naturales como aloe vera y cal\u00e9ndula. Tras su uso, refresca r\u00e1pidamente la piel, alivia el enrojecimiento, la hinchaz\u00f3n, el ardor y otras molestias, y reduce la inflamaci\u00f3n tras la exposici\u00f3n al sol. Es una opci\u00f3n ideal para una reparaci\u00f3n inmediata tras una quemadura solar.<\/p>\n\n\n\n<p>4. <strong>Hidrataci\u00f3n continua y efecto reparador prolongado.<\/strong>Nuestra loci\u00f3n para quemaduras solares, con el efecto sin\u00e9rgico de m\u00faltiples factores hidratantes como el hialuronato de sodio y el pantenol, mantiene el equilibrio de hidrataci\u00f3n de la piel durante mucho tiempo y previene la sequedad y la descamaci\u00f3n. Adem\u00e1s de calmar de inmediato, repara continuamente la barrera cut\u00e1nea, mejora las defensas cut\u00e1neas y prolonga el efecto reparador despu\u00e9s de una quemadura solar. <\/p>\n\n\n\n<h2 class=\"wp-block-heading\">\u00bfC\u00f3mo utilizar la loci\u00f3n para quemaduras solares?<\/h2>\n\n\n\n<p>Usar la loci\u00f3n solar es muy sencillo y r\u00e1pido. Puedes usarla en cualquier momento durante el cuidado diario o al viajar para aliviar las molestias de la piel quemada por el sol. Solo tienes que aplicarla seg\u00fan sea necesario y masajear suavemente para facilitar su absorci\u00f3n. El proceso es suave y no irrita, apto para todo tipo de usuarios. Se recomienda usarla inmediatamente despu\u00e9s de la exposici\u00f3n solar para lograr un efecto reparador \u00f3ptimo. <\/p>\n\n\n\n<p>1. <strong>Limpiar la piel: <\/strong>Antes de usar el producto, limpie la zona afectada con agua tibia para eliminar el sudor y las impurezas que, de lo contrario, reducir\u00edan el efecto reparador. Luego, s\u00e9quela con una toalla suave o espere a que el agua se evapore.<\/p>\n\n\n\n<p>2. <strong>Exprime la loci\u00f3n: <\/strong>Exprime la loci\u00f3n del envase seg\u00fan sea necesario.<\/p>\n\n\n\n<p>3. <strong>Aplicar uniformemente y masajear para su absorci\u00f3n: <\/strong>Aplique la loci\u00f3n suave y uniformemente sobre la zona quemada por el sol, evitando frotar para evitar da\u00f1arla. Luego, masajee suavemente la zona para facilitar su absorci\u00f3n.<\/p>\n\n\n\n<h2 class=\"wp-block-heading\">Precauci\u00f3n<\/h2>\n\n\n\n<p>1. <strong>Prueba de reacciones al\u00e9rgicas:<\/strong> Antes de usar nuestra loci\u00f3n solar por primera vez, aseg\u00farese de probarla en la parte interior de la mu\u00f1eca o detr\u00e1s de la oreja para evitar reacciones al\u00e9rgicas debido a las diferencias individuales. Si no presenta ninguna reacci\u00f3n anormal en 24 horas, puede usarla con confianza.<\/p>\n\n\n\n<p>2. <strong>Evite usar sobre heridas o piel da\u00f1ada: <\/strong>Si hay heridas o da\u00f1os evidentes en la piel, como piel rota, sangrado, etc., no utilice este producto para evitar irritar la herida y causar da\u00f1os.<\/p>\n\n\n\n<p>3. <strong>Evitar el contacto con los ojos: <\/strong>Al usar loci\u00f3n para quemaduras solares, evite el contacto con los ojos. Si entra en contacto con ellos accidentalmente, enjuague con agua limpia inmediatamente y busque atenci\u00f3n m\u00e9dica si es necesario.<\/p>\n\n\n\n<h2 class=\"wp-block-heading\">Conclusi\u00f3n<\/h2>\n\n\n\n<p>La loci\u00f3n para quemaduras solares es una loci\u00f3n reparadora con propiedades hidratantes, calmantes y reparadoras de la piel, adecuada para diversos tipos de piel y situaciones de uso. Nuestros productos est\u00e1n formulados con diversos extractos de plantas naturales, son refrescantes y no grasos, y pueden aliviar r\u00e1pidamente las molestias y la sensaci\u00f3n de ardor causadas por las quemaduras solares. Ofrecemos servicios OEM\/ODM para satisfacer las diversas necesidades de nuestros clientes en cuanto a empaque y posicionamiento en el mercado. Si necesita m\u00e1s informaci\u00f3n, no dude en contactarnos.<\/p>","protected":false},"excerpt":{"rendered":"Sunburn Lotion Manufacturing Common Formulas As a professional sunburn lotion manufacturer, we use natural plant extracts and repair ingredients, such as calendula, aloe vera, chamomile, etc., to help your skin quickly repair and calm after sunburn, restore the water and oil balance, and strengthen the skin barrier. At the same time, the formula we use [&hellip;]","protected":false},"featured_media":3190,"menu_order":0,"template":"","meta":[],"product-tag":[],"products":[87],"class_list":["post-3186","product","type-product","status-publish","has-post-thumbnail","hentry","products-sunburn-recovery"],"acf":[],"_links":{"self":[{"href":"https:\/\/www.ruiqigo.com\/es\/wp-json\/wp\/v2\/product\/3186","targetHints":{"allow":["GET"]}}],"collection":[{"href":"https:\/\/www.ruiqigo.com\/es\/wp-json\/wp\/v2\/product"}],"about":[{"href":"https:\/\/www.ruiqigo.com\/es\/wp-json\/wp\/v2\/types\/product"}],"version-history":[{"count":0,"href":"https:\/\/www.ruiqigo.com\/es\/wp-json\/wp\/v2\/product\/3186\/revisions"}],"wp:featuredmedia":[{"embeddable":true,"href":"https:\/\/www.ruiqigo.com\/es\/wp-json\/wp\/v2\/media\/3190"}],"wp:attachment":[{"href":"https:\/\/www.ruiqigo.com\/es\/wp-json\/wp\/v2\/media?parent=3186"}],"wp:term":[{"taxonomy":"product-tag","embeddable":true,"href":"https:\/\/www.ruiqigo.com\/es\/wp-json\/wp\/v2\/product-tag?post=3186"},{"taxonomy":"products","embeddable":true,"href":"https:\/\/www.ruiqigo.com\/es\/wp-json\/wp\/v2\/products?post=3186"}],"curies":[{"name":"wp","href":"https:\/\/api.w.org\/{rel}","templated":true}]}}