{"id":321,"date":"2024-07-05T17:38:21","date_gmt":"2024-07-05T09:38:21","guid":{"rendered":"https:\/\/ruiqigo.com\/?post_type=product&#038;p=321"},"modified":"2024-11-14T21:11:09","modified_gmt":"2024-11-14T13:11:09","slug":"tea-tree-shampoo-and-conditioner","status":"publish","type":"product","link":"https:\/\/www.ruiqigo.com\/es\/product\/tea-tree-shampoo-and-conditioner","title":{"rendered":"Champ\u00fa y acondicionador de \u00e1rbol de t\u00e9"},"content":{"rendered":"<h2 class=\"wp-block-heading\">F\u00f3rmulas comunes para la fabricaci\u00f3n de champ\u00fas y acondicionadores a base de \u00e1rbol de t\u00e9<\/h2>\n\n\n\n<p>Este champ\u00fa y acondicionador 2 en 1 de \u00e1rbol de t\u00e9 utiliza extracto de \u00e1rbol de t\u00e9 puro y natural como ingrediente principal. El extracto de \u00e1rbol de t\u00e9 es rico en vitaminas y minerales como vitamina C, vitamina E, hierro, zinc, etc., que pueden nutrir y reparar profundamente el cabello da\u00f1ado, y aumentar el brillo y la flexibilidad del cabello. Adem\u00e1s, el extracto de \u00e1rbol de t\u00e9 contiene ingredientes antibacterianos y antiinflamatorios naturales que limpian eficazmente el cuero cabelludo, evitando el crecimiento de bacterias y la acumulaci\u00f3n de caspa. Como fabricante innovador de champ\u00fa y acondicionador de \u00e1rbol de t\u00e9, estos ingredientes naturales trabajan juntos para crear un limpiador y acondicionador dos en uno que combina limpieza y acondicionamiento.<\/p>\n\n\n\n<h2 class=\"wp-block-heading\">Escenarios aplicables del champ\u00fa y acondicionador de \u00e1rbol de t\u00e9<\/h2>\n\n\n\n<p>El champ\u00fa y acondicionador Tea Tree es adecuado para todos los climas. En los calurosos meses de verano, la acci\u00f3n antibacteriana refrescante del extracto de \u00e1rbol de t\u00e9 limpia a fondo el cuero cabelludo y evita el crecimiento bacteriano despu\u00e9s de la transpiraci\u00f3n; en los fr\u00edos meses de invierno, nutre profundamente y repara el cabello da\u00f1ado, aumentando la elasticidad y evitando la sequedad y el encrespamiento. Al mismo tiempo, la f\u00f3rmula natural y suave del \u00e1rbol de t\u00e9 tambi\u00e9n es adecuada para el cuero cabelludo sensible y no irrita. Ya sea que est\u00e9 grasiento y caliente o seco y fr\u00edo, este producto dos en uno mantendr\u00e1 su cabello fresco, flexible y c\u00f3modo.<\/p>\n\n\n\n<h2 class=\"wp-block-heading\">\u00bfPara qui\u00e9n es adecuado el champ\u00fa y acondicionador de \u00e1rbol de t\u00e9?<\/h2>\n\n\n\n<p>Este champ\u00fa y acondicionador 2 en 1 de \u00e1rbol de t\u00e9 es especialmente adecuado para quienes tienen el cuero cabelludo graso o son propensos a la caspa. El extracto de \u00e1rbol de t\u00e9 es un ingrediente antibacteriano y antiinflamatorio natural que limpia eficazmente el cuero cabelludo y evita que las bacterias y la caspa se acumulen. Al mismo tiempo, tambi\u00e9n nutre profundamente y repara el cabello da\u00f1ado, aumentando el brillo y la elasticidad del cabello. Ya sea que tengas el cuero cabelludo graso o el cabello seco y encrespado, o el cabello da\u00f1ado qu\u00edmicamente despu\u00e9s de la permanente y la coloraci\u00f3n, este producto 2 en 1 de \u00e1rbol de t\u00e9 es la opci\u00f3n perfecta para tus necesidades de cuidado capilar.<\/p>\n\n\n\n<h2 class=\"wp-block-heading\">Proceso de producci\u00f3n de champ\u00fa y acondicionador de \u00e1rbol de t\u00e9<\/h2>\n\n\n\n<p>Este champ\u00fa y acondicionador 2 en 1 de \u00e1rbol de t\u00e9 se fabrica utilizando una serie de tecnolog\u00edas avanzadas. En primer lugar, 100% de las materias primas de Tea Tree se derivan de plantas naturales y han sido sometidas a una serie de controles para garantizar que est\u00e9n libres de cualquier contaminaci\u00f3n qu\u00edmica. En segundo lugar, la temperatura y la presi\u00f3n se controlan estrictamente durante el desarrollo de la f\u00f3rmula para garantizar que los ingredientes activos del extracto de \u00e1rbol de t\u00e9 no se da\u00f1en. El producto adopta una tecnolog\u00eda de separaci\u00f3n profesional para extraer el extracto de \u00e1rbol de t\u00e9 con alta pureza para garantizar una excelente eficacia del producto. Finalmente, como fabricante profesional de champ\u00fa y acondicionador de \u00e1rbol de t\u00e9, todo el proceso de producci\u00f3n est\u00e1 libre de productos qu\u00edmicos sint\u00e9ticos, lo que garantiza que el producto sea ecol\u00f3gico y respetuoso con el medio ambiente.<\/p>","protected":false},"excerpt":{"rendered":"Tea tree shampoo and conditioner manufacturing common formulas This Tea Tree Shampoo and Conditioner 2-in-1 utilizes pure and natural tea tree extract as the core ingredient. Tea Tree Extract is rich in vitamins and minerals such as Vitamin C, Vitamin E, Iron, Zinc, etc., which can deeply nourish and repair damaged hair, and increase the [&hellip;]","protected":false},"featured_media":322,"menu_order":0,"template":"","meta":[],"product-tag":[],"products":[54],"class_list":["post-321","product","type-product","status-publish","has-post-thumbnail","hentry","products-shampoo-and-conditioner"],"acf":[],"_links":{"self":[{"href":"https:\/\/www.ruiqigo.com\/es\/wp-json\/wp\/v2\/product\/321","targetHints":{"allow":["GET"]}}],"collection":[{"href":"https:\/\/www.ruiqigo.com\/es\/wp-json\/wp\/v2\/product"}],"about":[{"href":"https:\/\/www.ruiqigo.com\/es\/wp-json\/wp\/v2\/types\/product"}],"version-history":[{"count":0,"href":"https:\/\/www.ruiqigo.com\/es\/wp-json\/wp\/v2\/product\/321\/revisions"}],"wp:featuredmedia":[{"embeddable":true,"href":"https:\/\/www.ruiqigo.com\/es\/wp-json\/wp\/v2\/media\/322"}],"wp:attachment":[{"href":"https:\/\/www.ruiqigo.com\/es\/wp-json\/wp\/v2\/media?parent=321"}],"wp:term":[{"taxonomy":"product-tag","embeddable":true,"href":"https:\/\/www.ruiqigo.com\/es\/wp-json\/wp\/v2\/product-tag?post=321"},{"taxonomy":"products","embeddable":true,"href":"https:\/\/www.ruiqigo.com\/es\/wp-json\/wp\/v2\/products?post=321"}],"curies":[{"name":"wp","href":"https:\/\/api.w.org\/{rel}","templated":true}]}}