{"id":3243,"date":"2025-04-29T10:51:22","date_gmt":"2025-04-29T02:51:22","guid":{"rendered":"https:\/\/www.ruiqigo.com\/?post_type=product&#038;p=3243"},"modified":"2025-04-29T10:51:23","modified_gmt":"2025-04-29T02:51:23","slug":"stainless-steel-tongue-scraper","status":"publish","type":"product","link":"https:\/\/www.ruiqigo.com\/es\/product\/stainless-steel-tongue-scraper","title":{"rendered":"Raspador de lengua de acero inoxidable"},"content":{"rendered":"<h2 class=\"wp-block-heading\">Caracter\u00edsticas del raspador de lengua de acero inoxidable<\/h2>\n\n\n\n<p>1. <strong>Material<\/strong>El raspador de lengua de acero inoxidable est\u00e1 hecho de acero inoxidable de grado alimenticio de alta calidad (como grado 304 o 316), que tiene una excelente resistencia a la corrosi\u00f3n, resistencia al \u00f3xido y buena higiene. <\/p>\n\n\n\n<p>2. <strong>Estructura:<\/strong> Nuestro raspador de lengua de acero inoxidable generalmente tiene forma de U o de arco plano, lo que se adapta perfectamente a la curva de la superficie de la lengua humana y es m\u00e1s completo al raspar bacterias y el recubrimiento de la lengua, lo que garantiza el efecto de limpieza.<\/p>\n\n\n\n<p>3. <strong>Tratamiento de bordes:<\/strong> Los bordes del raspador de lengua de acero inoxidable est\u00e1n cuidadosamente pulidos y son lisos y redondeados. No rayan la lengua ni el interior de la boca durante su uso, lo que garantiza su seguridad. <\/p>\n\n\n\n<p>4. <strong>Larga duraci\u00f3n y resistencia:<\/strong> El acero inoxidable es naturalmente duradero y puede usarse durante mucho tiempo sin afectar su rendimiento. Por lo tanto, tiene una larga vida \u00fatil y no se rompe ni envejece f\u00e1cilmente.<\/p>\n\n\n\n<p>5. <strong>F\u00e1cil de limpiar: <\/strong>La superficie del raspador de lengua de acero inoxidable es lisa, se puede esterilizar a alta temperatura y se puede enjuagar directamente, lo cual es muy conveniente. <\/p>\n\n\n\n<p>6. <strong>Respetuoso con el medio ambiente y reutilizable:<\/strong> Los productos de acero inoxidable se pueden reutilizar, lo que es muy respetuoso con el medio ambiente y est\u00e1 en l\u00ednea con el concepto de desarrollo sostenible. <\/p>\n\n\n\n<h2 class=\"wp-block-heading\">Ventajas del raspador de lengua de acero inoxidable<\/h2>\n\n\n\n<p>1. <strong>Mejorar la higiene bucal:<\/strong> Un raspador de lengua de acero inoxidable puede eliminar eficazmente el sarro y las bacterias de la boca, mejorar la salud e higiene bucal en general, mejorar los problemas respiratorios y prevenir el mal aliento. Adem\u00e1s, puede reducir la incidencia de enfermedades periodontales. <\/p>\n\n\n\n<p>2. <strong>Buena portabilidad: <\/strong>Nuestro raspador de lengua de acero inoxidable es port\u00e1til y compacto, adecuado para llevarlo consigo y c\u00f3modo de usar cuando sale, ya sea que est\u00e9 de viaje o en un viaje de negocios. <\/p>\n\n\n\n<p>3. <strong>Buena durabilidad:<\/strong> El acero inoxidable es bien conocido por su buena durabilidad, resistencia a la corrosi\u00f3n y puede mantener un rendimiento excelente despu\u00e9s de un uso prolongado o repetido. <\/p>\n\n\n\n<p>4. <strong>F\u00e1cil de mantener:<\/strong> El raspador de lengua de acero inoxidable solo necesita enjuagarse o esterilizarse con agua hirviendo despu\u00e9s de usarlo. No requiere cuidados especiales, lo que ahorra mucho tiempo y energ\u00eda. <\/p>\n\n\n\n<h2 class=\"wp-block-heading\">Raspador de lengua de acero inoxidable para el grupo objetivo<\/h2>\n\n\n\n<p>1. <strong>Personas que padecen de mal aliento: <\/strong>Personas que tienen mal aliento debido a la capa gruesa de la lengua. <\/p>\n\n\n\n<p>2. <strong>Fumadores y bebedores: <\/strong>Fumar y beber producen adherencias a largo plazo en la superficie de la lengua. <\/p>\n\n\n\n<p>3. <strong>Personas que aman tomar caf\u00e9 y t\u00e9 con leche:<\/strong> El caf\u00e9 y el t\u00e9 con leche dejar\u00e1n dep\u00f3sitos de pigmento en la superficie de la lengua, lo que afectar\u00e1 la higiene de la superficie de la lengua.<\/p>\n\n\n\n<p>4. <strong>Personas que prestan atenci\u00f3n al cuidado bucal:<\/strong> Esperan mantener el aliento fresco y la salud en la boca y mejorar peri\u00f3dicamente el entorno de higiene dentro de la boca.<\/p>\n\n\n\n<h2 class=\"wp-block-heading\">Aplicaciones del raspador de lengua de acero inoxidable<\/h2>\n\n\n\n<p>1. <strong>Cuidado diario en casa: <\/strong>Puedes usarlo despu\u00e9s de cepillarte los dientes por la ma\u00f1ana o antes de acostarte por la noche. Tambi\u00e9n puedes limpiarlo despu\u00e9s de las comidas si es necesario.<\/p>\n\n\n\n<p>2. <strong>Viaje o viaje de negocios: <\/strong>Puedes llevarlo cuando viajas o en un viaje de negocios para garantizar una buena higiene bucal cuando est\u00e1s fuera. <\/p>\n\n\n\n<p>3. <strong>Dar regalos: <\/strong>Se puede utilizar como regalo de cuidado bucal para familiares y amigos. <\/p>\n\n\n\n<p>4. <strong>Instituciones profesionales de cuidado bucal:<\/strong> Las cl\u00ednicas dentales, centros de cuidado bucal, etc., utilizar\u00e1n raspadores de lengua de acero inoxidable como herramientas auxiliares. <\/p>\n\n\n\n<h2 class=\"wp-block-heading\">C\u00f3mo utilizar el raspador de lengua de acero inoxidable<\/h2>\n\n\n\n<p>1. Antes de usarlo, debe enjuagar el raspador de lengua de acero inoxidable con agua para asegurarse de que no haya suciedad. <\/p>\n\n\n\n<p>2. Abre la boca y saca la lengua, intentando estirarla hasta que quede plana.<\/p>\n\n\n\n<p>3. Raspe suavemente el raspador de lengua de acero inoxidable desde la ra\u00edz de la lengua hasta la punta de la misma, teniendo cuidado de no llegar demasiado atr\u00e1s para evitar vomitar.<\/p>\n\n\n\n<p>4. Repita el raspado 2 o 3 veces seg\u00fan sea necesario. Si desea raspar con mayor limpieza, puede hacerlo m\u00e1s veces, pero tenga cuidado de no hacerlo demasiadas veces para evitar lastimarse la lengua o la boca. Enjuague con agua limpia despu\u00e9s de cada raspado.<\/p>\n\n\n\n<p>5. Enjuague el raspador de lengua de acero inoxidable con agua despu\u00e9s de rasparlo. Puede desinfectarlo con agua caliente o limpiarlo con agua jabonosa. Gu\u00e1rdelo despu\u00e9s de secarlo.<\/p>\n\n\n\n<p>6. <strong>Recomendaci\u00f3n<\/strong>:\u00daselo con enjuague bucal para mejorar la salud bucal de forma integral. <\/p>","protected":false},"excerpt":{"rendered":"Stainless steel tongue scraper features 1. Material: Stainless steel tongue scraper is made of high-quality food-grade stainless steel (such as 304 or 316 grade), which has excellent corrosion resistance, rust resistance and good hygiene. 2. Structure: Our stainless steel tongue scraper is generally U-shaped or flat arc-shaped, which perfectly fits the curve of the human [&hellip;]","protected":false},"featured_media":3245,"menu_order":0,"template":"","meta":[],"product-tag":[],"products":[169],"class_list":["post-3243","product","type-product","status-publish","has-post-thumbnail","hentry","products-tongue-scraper"],"acf":[],"_links":{"self":[{"href":"https:\/\/www.ruiqigo.com\/es\/wp-json\/wp\/v2\/product\/3243","targetHints":{"allow":["GET"]}}],"collection":[{"href":"https:\/\/www.ruiqigo.com\/es\/wp-json\/wp\/v2\/product"}],"about":[{"href":"https:\/\/www.ruiqigo.com\/es\/wp-json\/wp\/v2\/types\/product"}],"version-history":[{"count":0,"href":"https:\/\/www.ruiqigo.com\/es\/wp-json\/wp\/v2\/product\/3243\/revisions"}],"wp:featuredmedia":[{"embeddable":true,"href":"https:\/\/www.ruiqigo.com\/es\/wp-json\/wp\/v2\/media\/3245"}],"wp:attachment":[{"href":"https:\/\/www.ruiqigo.com\/es\/wp-json\/wp\/v2\/media?parent=3243"}],"wp:term":[{"taxonomy":"product-tag","embeddable":true,"href":"https:\/\/www.ruiqigo.com\/es\/wp-json\/wp\/v2\/product-tag?post=3243"},{"taxonomy":"products","embeddable":true,"href":"https:\/\/www.ruiqigo.com\/es\/wp-json\/wp\/v2\/products?post=3243"}],"curies":[{"name":"wp","href":"https:\/\/api.w.org\/{rel}","templated":true}]}}