{"id":3250,"date":"2025-04-29T10:52:15","date_gmt":"2025-04-29T02:52:15","guid":{"rendered":"https:\/\/www.ruiqigo.com\/?post_type=product&#038;p=3250"},"modified":"2025-04-29T10:52:16","modified_gmt":"2025-04-29T02:52:16","slug":"plastic-tongue-scraper","status":"publish","type":"product","link":"https:\/\/www.ruiqigo.com\/es\/product\/plastic-tongue-scraper","title":{"rendered":"Raspador de lengua de pl\u00e1stico"},"content":{"rendered":"<h2 class=\"wp-block-heading\">Caracter\u00edsticas del raspador de lengua de pl\u00e1stico<\/h2>\n\n\n\n<p>1. <strong>Material ligero: <\/strong>El raspador de lengua de pl\u00e1stico generalmente est\u00e1 hecho de material PP, PE o PTE de grado alimenticio, que es muy liviano, seguro y no t\u00f3xico. <\/p>\n\n\n\n<p>2. <strong>Bajo costo: <\/strong>En comparaci\u00f3n con los raspadores de lengua de metal, los raspadores de lengua de pl\u00e1stico son m\u00e1s asequibles y econ\u00f3micos, lo que los hace adecuados para una popularizaci\u00f3n a gran escala. <\/p>\n\n\n\n<p>3. <strong>Apariencia diversa:<\/strong> El raspador de lengua de pl\u00e1stico viene en colores ricos y diversos, incluidos negro, gris, blanco, etc. Puedes elegir el color libremente.<\/p>\n\n\n\n<p>4. <strong>Buena flexibilidad: <\/strong>El raspador de lengua de pl\u00e1stico tiene una excelente flexibilidad, es m\u00e1s suave al limpiar la lengua y es menos probable que da\u00f1e la lengua y el interior de la boca, lo que lo hace especialmente adecuado para personas sensibles.<\/p>\n\n\n\n<h2 class=\"wp-block-heading\">Ventajas del raspador de lengua de pl\u00e1stico<\/h2>\n\n\n\n<p>1. <strong>Ligero y port\u00e1til: <\/strong>El raspador de lengua de pl\u00e1stico es muy ligero y f\u00e1cil de transportar. Puede llevarlo f\u00e1cilmente tanto de viaje como de negocios. <\/p>\n\n\n\n<p>2. <strong>Alto rendimiento en relaci\u00f3n calidad-precio:<\/strong> Como est\u00e1 hecho de pl\u00e1stico, el costo es bajo, por lo que el costo de producci\u00f3n no es alto y se puede producir en grandes cantidades, por lo que es rentable.<\/p>\n\n\n\n<p>3. <strong>Suave y c\u00f3modo: <\/strong>El raspador de lengua de pl\u00e1stico es flexible y muy c\u00f3modo de usar, lo que lo hace muy adecuado para usuarios primerizos, ni\u00f1os y personas sensibles.<\/p>\n\n\n\n<p>4. <strong>Dise\u00f1o multicolor: <\/strong>Hay muchos colores y los miembros de la familia pueden usarlos por separado para garantizar la higiene y la salud bucal personal y prevenir infecciones cruzadas.<\/p>\n\n\n\n<h2 class=\"wp-block-heading\">Grupo objetivo del raspador de lengua de pl\u00e1stico<\/h2>\n\n\n\n<p>1. Ni\u00f1os, adolescentes y personas sensibles a los materiales raspadores de lengua.<\/p>\n\n\n\n<p>2. Como fumadores, bebedores y personas a quienes les gusta comer alimentos de sabor fuerte y tienen problemas de mal aliento.<\/p>\n\n\n\n<p>3. Personas que prestan atenci\u00f3n a la higiene bucal personal y cambian peri\u00f3dicamente las herramientas de cuidado bucal.<\/p>\n\n\n\n<p>4. Personas que necesitan cuidado bucal cuando viajan, en viajes de negocios o hacen ejercicio durante un tiempo prolongado.<\/p>\n\n\n\n<p>5. Personas que tienen pigmentaci\u00f3n en la lengua debido al consumo prolongado de caf\u00e9 o t\u00e9 con leche.<\/p>\n\n\n\n<h2 class=\"wp-block-heading\">Aplicaciones del raspador de lengua de pl\u00e1stico<\/h2>\n\n\n\n<p>1. <strong>Cuidado bucal diario en casa: <\/strong>Limpie su lengua a tiempo todos los d\u00edas en casa para mantener su aliento fresco.<\/p>\n\n\n\n<p>2. <strong>Cuidado bucal para ni\u00f1os:<\/strong> Material suave y varios colores, adecuado para cultivar h\u00e1bitos de cuidado bucal de los ni\u00f1os y prestar atenci\u00f3n a la salud bucal desde una edad temprana.<\/p>\n\n\n\n<p>3. <strong>Uso en viajes: <\/strong>El raspador de lengua de pl\u00e1stico es peque\u00f1o y liviano, muy c\u00f3modo de transportar, adecuado para viajes de negocios, viajes y campamentos.<\/p>\n\n\n\n<p>4. <strong>Gimnasios y oficinas: <\/strong>Limpie el interior de la boca despu\u00e9s de hacer ejercicio o durante los descansos laborales para mantener el aliento fresco y conservar la salud bucal.<\/p>\n\n\n\n<h2 class=\"wp-block-heading\">C\u00f3mo utilizar el raspador de lengua de pl\u00e1stico<\/h2>\n\n\n\n<p>1. Enjuague el raspador de lengua de pl\u00e1stico con agua tibia antes de usarlo para asegurarse de que no haya suciedad que afecte la higiene bucal.<\/p>\n\n\n\n<p>2. Abra la boca y saque la lengua lo m\u00e1s plana posible para exponer la superficie de la lengua.<\/p>\n\n\n\n<p>3. Coloque suavemente el raspador de lengua en la ra\u00edz de la lengua y raspe lenta y suavemente hacia la punta de la lengua.<\/p>\n\n\n\n<p>4. Repita el raspado varias veces seg\u00fan el estado del recubrimiento de la lengua y enjuague el raspador de lengua con agua limpia despu\u00e9s de cada raspado.<\/p>\n\n\n\n<p>5. Despu\u00e9s de su uso, lave bien el raspador de lengua con agua limpia; puede usar agua con jab\u00f3n para ayudar en la limpieza.<\/p>\n\n\n\n<p>6. <strong>Nota: <\/strong>Gu\u00e1rdelo en un lugar seco y ventilado para su uso diario a fin de mantener su higiene. Si es un producto desechable, se recomienda desecharlo despu\u00e9s de usarlo.<\/p>","protected":false},"excerpt":{"rendered":"Plastic tongue scraper features 1. Light material: plastic tongue scraper is generally made of food grade PP, PE or PTE material, which is very light, safe and non-toxic. 2. Low cost: Compared with metal tongue scrapers, plastic tongue scrapers are more affordable and cheaper, making them suitable for large-scale popularization. 3. Diverse appearance: plastic tongue [&hellip;]","protected":false},"featured_media":3254,"menu_order":0,"template":"","meta":[],"product-tag":[],"products":[169],"class_list":["post-3250","product","type-product","status-publish","has-post-thumbnail","hentry","products-tongue-scraper"],"acf":[],"_links":{"self":[{"href":"https:\/\/www.ruiqigo.com\/es\/wp-json\/wp\/v2\/product\/3250","targetHints":{"allow":["GET"]}}],"collection":[{"href":"https:\/\/www.ruiqigo.com\/es\/wp-json\/wp\/v2\/product"}],"about":[{"href":"https:\/\/www.ruiqigo.com\/es\/wp-json\/wp\/v2\/types\/product"}],"version-history":[{"count":0,"href":"https:\/\/www.ruiqigo.com\/es\/wp-json\/wp\/v2\/product\/3250\/revisions"}],"wp:featuredmedia":[{"embeddable":true,"href":"https:\/\/www.ruiqigo.com\/es\/wp-json\/wp\/v2\/media\/3254"}],"wp:attachment":[{"href":"https:\/\/www.ruiqigo.com\/es\/wp-json\/wp\/v2\/media?parent=3250"}],"wp:term":[{"taxonomy":"product-tag","embeddable":true,"href":"https:\/\/www.ruiqigo.com\/es\/wp-json\/wp\/v2\/product-tag?post=3250"},{"taxonomy":"products","embeddable":true,"href":"https:\/\/www.ruiqigo.com\/es\/wp-json\/wp\/v2\/products?post=3250"}],"curies":[{"name":"wp","href":"https:\/\/api.w.org\/{rel}","templated":true}]}}