{"id":326,"date":"2024-07-05T20:16:31","date_gmt":"2024-07-05T12:16:31","guid":{"rendered":"https:\/\/ruiqigo.com\/?post_type=product&#038;p=326"},"modified":"2024-09-26T17:45:54","modified_gmt":"2024-09-26T09:45:54","slug":"bath-and-body-lotion","status":"publish","type":"product","link":"https:\/\/www.ruiqigo.com\/es\/product\/bath-and-body-lotion","title":{"rendered":"Loci\u00f3n para el ba\u00f1o y el cuerpo"},"content":{"rendered":"<h3 class=\"wp-block-heading\">F\u00f3rmulas comunes para la fabricaci\u00f3n de lociones corporales y de ba\u00f1o<\/h3>\n\n\n\n<p>Esta loci\u00f3n est\u00e1 elaborada con muchos ingredientes naturales de alta calidad: el hialuronato de sodio tiene un excelente efecto humectante y puede hidratar y nutrir profundamente la piel; la alanto\u00edna fortalece la barrera cut\u00e1nea y mejora la sequedad; el agua de aloe vera de Curazao es rica en vitaminas y minerales, lo que resulta eficaz para blanquear y suavizar la piel. Estos ingredientes son suaves y seguros, sin ning\u00fan aditivo qu\u00edmico, y pueden brindarle una experiencia de cuidado de la piel pura y sin aditivos.<\/p>\n\n\n\n<h3 class=\"wp-block-heading\">Loci\u00f3n para ba\u00f1o y cuerpo Escenarios aplicables<\/h3>\n\n\n\n<p>Las lociones de ba\u00f1o y corporales son aptas para todos los climas. En los meses secos de invierno, hidrata y nutre profundamente la piel, aliviando la sequedad y tirantez causadas por el fr\u00edo; en los meses calurosos de verano, su textura refrescante y sedosa se absorbe r\u00e1pidamente sin causar sensaci\u00f3n pegajosa, proporcionando una hidrataci\u00f3n duradera a la piel. O tenemos m\u00e1s <a href=\"https:\/\/www.ruiqigo.com\/es\/products\/body-lotion\/\">loci\u00f3n corporal<\/a> Opciones para que usted elija.<\/p>\n\n\n\n<h3 class=\"wp-block-heading\">\u00bfPara qui\u00e9n est\u00e1 destinado el ba\u00f1o y la loci\u00f3n corporal?<\/h3>\n\n\n\n<p>Las lociones para el ba\u00f1o y el cuerpo son adecuadas para todas las personas de todas las edades. Mejoran la sequedad causada por la secreci\u00f3n excesiva de sebo y ayudan a combatir el envejecimiento y la flacidez y aspereza de la piel relacionadas con la edad. Son especialmente adecuadas para personas con piel seca por naturaleza, ya que proporcionan una experiencia de cuidado de la piel hidratante y revitalizante de larga duraci\u00f3n. Si tienes otras necesidades, no dudes en obtener m\u00e1s informaci\u00f3n sobre 3TOP <a href=\"https:\/\/www.ruiqigo.com\/es\/products\/body-care\/\">cuidado del cuerpo<\/a> productos.<\/p>\n\n\n\n<h3 class=\"wp-block-heading\">Proceso de producci\u00f3n de lociones para el ba\u00f1o y el cuerpo<\/h3>\n\n\n\n<p>En primer lugar, controlamos estrictamente la fuente de las materias primas y los procesos de producci\u00f3n para garantizar que el producto sea seguro e inofensivo; en segundo lugar, utilizamos una tecnolog\u00eda de emulsi\u00f3n \u00fanica, lo que hace que la textura de la emulsi\u00f3n sea m\u00e1s suave y delicada, con una absorci\u00f3n suave; adem\u00e1s, somos muy cuidadosos con el dise\u00f1o del empaque, el uso de un dise\u00f1o ergon\u00f3mico del cuerpo de la botella, f\u00e1cil de agarrar con una mano. Si desea saber m\u00e1s, consulte los art\u00edculos relacionados. <a href=\"https:\/\/www.ruiqigo.com\/es\/body-lotion-manufacturer-elevating-skincare-standards.html\/\">loci\u00f3n corporal<\/a> Informaci\u00f3n de fabricaci\u00f3n.<\/p>","protected":false},"excerpt":{"rendered":"Bath and body lotion manufacturing Common Formulas This lotion is made with many high quality natural ingredients: Sodium Hyaluronate has excellent moisturizing effect and can deeply hydrate and nourish the skin; Allantoin strengthens the skin barrier and improves dryness; Aloe Vera Cura\u00e7ao Water is rich in vitamins and minerals, which is effective in whitening and [&hellip;]","protected":false},"featured_media":327,"menu_order":0,"template":"","meta":[],"product-tag":[],"products":[56],"class_list":["post-326","product","type-product","status-publish","has-post-thumbnail","hentry","products-body-lotion"],"acf":[],"_links":{"self":[{"href":"https:\/\/www.ruiqigo.com\/es\/wp-json\/wp\/v2\/product\/326","targetHints":{"allow":["GET"]}}],"collection":[{"href":"https:\/\/www.ruiqigo.com\/es\/wp-json\/wp\/v2\/product"}],"about":[{"href":"https:\/\/www.ruiqigo.com\/es\/wp-json\/wp\/v2\/types\/product"}],"version-history":[{"count":0,"href":"https:\/\/www.ruiqigo.com\/es\/wp-json\/wp\/v2\/product\/326\/revisions"}],"wp:featuredmedia":[{"embeddable":true,"href":"https:\/\/www.ruiqigo.com\/es\/wp-json\/wp\/v2\/media\/327"}],"wp:attachment":[{"href":"https:\/\/www.ruiqigo.com\/es\/wp-json\/wp\/v2\/media?parent=326"}],"wp:term":[{"taxonomy":"product-tag","embeddable":true,"href":"https:\/\/www.ruiqigo.com\/es\/wp-json\/wp\/v2\/product-tag?post=326"},{"taxonomy":"products","embeddable":true,"href":"https:\/\/www.ruiqigo.com\/es\/wp-json\/wp\/v2\/products?post=326"}],"curies":[{"name":"wp","href":"https:\/\/api.w.org\/{rel}","templated":true}]}}