{"id":331,"date":"2024-07-05T20:22:01","date_gmt":"2024-07-05T12:22:01","guid":{"rendered":"https:\/\/ruiqigo.com\/?post_type=product&#038;p=331"},"modified":"2024-09-26T17:44:36","modified_gmt":"2024-09-26T09:44:36","slug":"retinol-body-lotion","status":"publish","type":"product","link":"https:\/\/www.ruiqigo.com\/es\/product\/retinol-body-lotion","title":{"rendered":"Loci\u00f3n corporal con retinol"},"content":{"rendered":"<h3 class=\"wp-block-heading\">F\u00f3rmulas comunes para la fabricaci\u00f3n de lociones corporales con retinol<\/h3>\n\n\n\n<p>El ingrediente principal de nuestra loci\u00f3n corporal con retinol es el retinol, una vitamina liposoluble con excelentes propiedades antioxidantes y reparadoras, que puede mejorar eficazmente la piel seca y \u00e1spera. Al mismo tiempo, tambi\u00e9n promueve la s\u00edntesis de col\u00e1geno, mejorando as\u00ed la textura de la piel y dej\u00e1ndola m\u00e1s delicada y flexible. Adem\u00e1s, el producto tambi\u00e9n agrega vitamina E, glicerina y otros ingredientes nutritivos naturales, que pueden nutrir profundamente la piel, restaurar la humedad de la textura de la piel suave y tersa.<\/p>\n\n\n\n<h3 class=\"wp-block-heading\">Loci\u00f3n corporal con retinol Escenarios aplicables<\/h3>\n\n\n\n<p>Nuestras lociones corporales con retinol son adecuadas para todas las condiciones clim\u00e1ticas. En los meses fr\u00edos y secos de invierno, se centra en reponer la humedad y los nutrientes de la piel, aliviando la aspereza y la opacidad causadas por el ambiente seco; en los meses calurosos y sudorosos de verano, se absorbe r\u00e1pidamente sin causar una sensaci\u00f3n pegajosa, manteniendo la piel hidratada y humectada. O tenemos m\u00e1s <a href=\"https:\/\/www.ruiqigo.com\/es\/products\/body-lotion\/\">loci\u00f3n corporal<\/a> Opciones para que usted elija.<\/p>\n\n\n\n<h3 class=\"wp-block-heading\">\u00bfPara qui\u00e9n es adecuada la loci\u00f3n corporal con retinol?<\/h3>\n\n\n\n<p>Nuestras lociones corporales con retinol son aptas para todas las personas. En el caso de los adolescentes, mejora la sequedad causada por la producci\u00f3n de sebo. En el caso de las personas de mediana edad y mayores, puede reparar la aspereza y sequedad de la piel causada por el paso del tiempo. Tambi\u00e9n es adecuada para personas con piel seca, ya que proporciona una experiencia hidratante y rejuvenecedora de larga duraci\u00f3n. Si tienes otras necesidades, no dudes en conocer m\u00e1s sobre 3TOP <a href=\"https:\/\/www.ruiqigo.com\/es\/products\/body-care\/\">cuidado del cuerpo<\/a> productos.<\/p>\n\n\n\n<h3 class=\"wp-block-heading\">Proceso de producci\u00f3n de loci\u00f3n corporal con retinol<\/h3>\n\n\n\n<p>Lo que hace que las lociones corporales con retinol sean tan especiales es la selecci\u00f3n de ingredientes activos y el delicado proceso. Se utiliza retinol de alta calidad, un derivado de la vitamina A conocido por sus propiedades antienvejecimiento, para ayudar a reducir las l\u00edneas finas y mejorar la elasticidad de la piel. Durante el proceso de producci\u00f3n, se presta especial atenci\u00f3n a mantener la estabilidad y la actividad del retinol, con f\u00f3rmulas suaves y t\u00e9cnicas de extracci\u00f3n a baja temperatura para evitar la degradaci\u00f3n del ingrediente. Adem\u00e1s, el producto se somete a un estricto control de calidad para garantizar que cada aplicaci\u00f3n proporcione una nutrici\u00f3n y reparaci\u00f3n suaves pero efectivas a la piel. Si desea saber m\u00e1s, consulte los art\u00edculos relacionados. <a href=\"https:\/\/www.ruiqigo.com\/es\/body-lotion-manufacturer-elevating-skincare-standards.html\/\">loci\u00f3n corporal<\/a> Informaci\u00f3n de fabricaci\u00f3n.<\/p>","protected":false},"excerpt":{"rendered":"Retinol body lotion manufacturing Common Formulas The core ingredient of our retinol body lotion is retinol, a fat-soluble vitamin with excellent antioxidant and restorative properties, which can effectively improve dry and rough skin. At the same time, it also promotes collagen synthesis, thus improving skin texture and leaving you with a more delicate and supple [&hellip;]","protected":false},"featured_media":332,"menu_order":0,"template":"","meta":[],"product-tag":[],"products":[56],"class_list":["post-331","product","type-product","status-publish","has-post-thumbnail","hentry","products-body-lotion"],"acf":[],"_links":{"self":[{"href":"https:\/\/www.ruiqigo.com\/es\/wp-json\/wp\/v2\/product\/331","targetHints":{"allow":["GET"]}}],"collection":[{"href":"https:\/\/www.ruiqigo.com\/es\/wp-json\/wp\/v2\/product"}],"about":[{"href":"https:\/\/www.ruiqigo.com\/es\/wp-json\/wp\/v2\/types\/product"}],"version-history":[{"count":0,"href":"https:\/\/www.ruiqigo.com\/es\/wp-json\/wp\/v2\/product\/331\/revisions"}],"wp:featuredmedia":[{"embeddable":true,"href":"https:\/\/www.ruiqigo.com\/es\/wp-json\/wp\/v2\/media\/332"}],"wp:attachment":[{"href":"https:\/\/www.ruiqigo.com\/es\/wp-json\/wp\/v2\/media?parent=331"}],"wp:term":[{"taxonomy":"product-tag","embeddable":true,"href":"https:\/\/www.ruiqigo.com\/es\/wp-json\/wp\/v2\/product-tag?post=331"},{"taxonomy":"products","embeddable":true,"href":"https:\/\/www.ruiqigo.com\/es\/wp-json\/wp\/v2\/products?post=331"}],"curies":[{"name":"wp","href":"https:\/\/api.w.org\/{rel}","templated":true}]}}