{"id":3311,"date":"2025-05-08T10:24:36","date_gmt":"2025-05-08T02:24:36","guid":{"rendered":"https:\/\/www.ruiqigo.com\/?post_type=product&#038;p=3311"},"modified":"2025-05-08T10:24:36","modified_gmt":"2025-05-08T02:24:36","slug":"adult-toothbrush","status":"publish","type":"product","link":"https:\/\/www.ruiqigo.com\/es\/product\/adult-toothbrush","title":{"rendered":"Cepillo de dientes para adultos"},"content":{"rendered":"<h2 class=\"wp-block-heading\">Caracter\u00edsticas del cepillo de dientes para adultos<\/h2>\n\n\n\n<p>El cepillo de dientes para adultos tiene muchos dise\u00f1os pr\u00e1cticos, como un mango ergon\u00f3mico, un tama\u00f1o de cabezal de cepillo razonable, cerdas suaves y medianas, etc. Puede satisfacer las necesidades de limpieza profunda y comodidad de los adultos en la limpieza bucal y es adecuado para diferentes personas y escenarios de limpieza.<\/p>\n\n\n\n<p>1. <strong>Mango ergon\u00f3mico: <\/strong>C\u00f3modo de sostener, dise\u00f1o antideslizante, operaci\u00f3n flexible, f\u00e1cil de limpiar la cavidad bucal, ergon\u00f3mico y buena experiencia de usuario.<\/p>\n\n\n\n<p>2. <strong>Dise\u00f1o de cerdas diversificado: <\/strong>El cepillo de dientes para adultos ofrece una variedad de opciones de cerdas, incluidas cerdas suaves, medianas y duras, que pueden satisfacer las necesidades de limpieza personalizadas de los usuarios.<\/p>\n\n\n\n<p>3. <strong>Materiales respetuosos con el medio ambiente y seguros: <\/strong>Nuestro cepillo de dientes para adultos est\u00e1 fabricado con materiales ecol\u00f3gicos y seguros. Las cerdas suelen estar hechas de PBT, nailon y otros materiales. El mango est\u00e1 hecho de materiales compuestos de PP, bamb\u00fa o almid\u00f3n de ma\u00edz, lo que cumple con el principio de protecci\u00f3n ambiental.<\/p>\n\n\n\n<p>4. <strong>Disponemos de una variedad de estilos: <\/strong>Ofrecemos cepillos de dientes comunes, cepillos de dientes con mango de bamb\u00fa ecol\u00f3gicos, cepillos de dientes biodegradables, paquetes port\u00e1tiles de viaje y otros estilos para satisfacer las diversas necesidades de uso de diferentes usuarios.<\/p>\n\n\n\n<p>5. <strong>El tama\u00f1o del cabezal del cepillo es adecuado: <\/strong>El tama\u00f1o del cabezal de nuestro cepillo de dientes para adultos se adapta a la estructura bucal de los adultos, lo que puede limpiar f\u00e1cilmente los dientes posteriores y los espacios entre los dientes, lo que garantiza el efecto de limpieza bucal y la higiene y salud.<\/p>\n\n\n\n<h2 class=\"wp-block-heading\">Ventajas del cepillo de dientes para adultos<\/h2>\n\n\n\n<p>Nuestro cepillo de dientes para adultos ofrece protecci\u00f3n para las enc\u00edas, un potente poder de limpieza y materiales ecol\u00f3gicos. Es apto para uso a largo plazo y para la compra en el hogar, y adem\u00e1s cumple con el concepto de protecci\u00f3n ambiental ecol\u00f3gica, satisfaciendo las necesidades de los usuarios de una vida m\u00e1s sostenible.<\/p>\n\n\n\n<p>1. <strong>Limpieza bucal eficaz: <\/strong>Nuestro cepillo de dientes para adultos puede limpiar profundamente la placa dental y los residuos de alimentos, reducir eficazmente la placa dental y los problemas de mal aliento y garantizar la higiene bucal.<\/p>\n\n\n\n<p>2. <strong>Cerdas suaves y densas: <\/strong>Las cerdas del cepillo de dientes para adultos son muy suaves y densas, lo que reduce eficazmente la estimulaci\u00f3n de las enc\u00edas y evita da\u00f1arlas. Es adecuado para personas con enc\u00edas sensibles.<\/p>\n\n\n\n<p>3. <strong>Econ\u00f3mico y pr\u00e1ctico:<\/strong> El cepillo de dientes para adultos es econ\u00f3mico y de alta calidad, con un alto rendimiento en funci\u00f3n de su costo y es muy adecuado para el uso a largo plazo y la compra familiar.<\/p>\n\n\n\n<p>4. <strong>Mantener la salud bucal:<\/strong> El uso prolongado de un cepillo de dientes para adultos puede reducir la aparici\u00f3n de problemas bucales comunes, como caries y gingivitis, y mantener la salud bucal.<\/p>\n\n\n\n<h2 class=\"wp-block-heading\">Grupo objetivo del cepillo de dientes para adultos<\/h2>\n\n\n\n<p>Nuestro cepillo de dientes para adultos es adecuado para una amplia gama de adultos.<\/p>\n\n\n\n<p>1. <strong>Cuidado bucal general diario para adultos: <\/strong>Puedes utilizar el cepillo de dientes para adultos para la limpieza y el cuidado bucal diario.<\/p>\n\n\n\n<p>2. <strong>Personas con dientes sensibles:<\/strong> Nuestro cepillo de dientes para adultos de cerdas suaves puede reducir eficazmente las molestias en las enc\u00edas durante el cepillado y garantizar el efecto de limpieza bucal para personas con dientes sensibles.<\/p>\n\n\n\n<p>3. <strong>Viaje al aire libre o viaje de negocios: <\/strong>Nuestro cepillo de dientes para adultos tiene un paquete de viaje, que es muy port\u00e1til y puede llevarlo consigo cuando viaja o en viajes de negocios, y no ocupar\u00e1 mucho espacio.<\/p>\n\n\n\n<h2 class=\"wp-block-heading\">Proceso de producci\u00f3n de cepillos de dientes para adultos<\/h2>\n\n\n\n<p>Nuestro cepillo de dientes para adultos utiliza principalmente procesos modernos como el moldeo por inyecci\u00f3n autom\u00e1tico, la tecnolog\u00eda de implante capilar y la solidificaci\u00f3n capilar con termofusible, entre otros, para garantizar que la forma del mango sea precisa y est\u00e1ndar, y que las cerdas se implanten de forma uniforme y adecuada en sus orificios. Al finalizar la producci\u00f3n, tambi\u00e9n realizamos una limpieza uniforme de los productos para garantizar la higiene del cepillo de dientes para adultos.<\/p>\n\n\n\n<p>Si necesita personalizaci\u00f3n, el logotipo, la densidad y dureza de las cerdas, el color y el empaque pueden brindar soluciones personalizadas. <\/p>\n\n\n\n<h2 class=\"wp-block-heading\">Aplicaciones del cepillo de dientes para adultos<\/h2>\n\n\n\n<p>El cepillo de dientes para adultos es adecuado para los siguientes escenarios de aplicaci\u00f3n y tiene una amplia gama de adaptabilidad al mercado.<\/p>\n\n\n\n<p>1. <strong>Cuidado bucal diario en casa: <\/strong>Utilice un cepillo de dientes para adultos todas las ma\u00f1anas y todas las noches para mantener una buena higiene bucal.<\/p>\n\n\n\n<p>2. <strong>Uso en viajes y negocios: <\/strong>Disponemos de un set de cepillos de dientes port\u00e1tiles para adultos, un art\u00edculo imprescindible para viajar.<\/p>\n\n\n\n<p>3. <strong>Hoteles, aerol\u00edneas y otras instalaciones de apoyo: <\/strong>El cepillo de dientes desechable para adultos se usa ampliamente en lugares de alojamiento y viajes, como hoteles y aerol\u00edneas, para satisfacer las necesidades de cuidado bucal de los usuarios.<\/p>\n\n\n\n<p>4. <strong>Publicidad, promoci\u00f3n y regalos: <\/strong>Como art\u00edculo pr\u00e1ctico para el cuidado bucal, el cepillo de dientes para adultos es una buena opci\u00f3n para promociones y regalos.<\/p>\n\n\n\n<h2 class=\"wp-block-heading\">C\u00f3mo utilizar el cepillo de dientes para adultos<\/h2>\n\n\n\n<p>1. Moje el cepillo de dientes con agua y aplique sobre \u00e9l una cantidad de pasta de dientes del tama\u00f1o de una semilla de soja.<\/p>\n\n\n\n<p>2. Cepille suavemente en un \u00e1ngulo de 45\u00b0 cerca del borde de la enc\u00eda.<\/p>\n\n\n\n<p>3. Cepille el interior, el exterior y el lado oclusal de los dientes en orden, durante al menos dos minutos cada vez.<\/p>\n\n\n\n<p>4. Enjuague el cepillo de dientes despu\u00e9s de cepillarse los dientes y col\u00f3quelo en un lugar ventilado para que se seque con el cabezal del cepillo hacia arriba.<\/p>\n\n\n\n<p>Se recomienda cepillarse los dientes dos veces al d\u00eda durante al menos dos minutos cada vez y reemplazar el cepillo de dientes cada tres meses para garantizar el efecto de limpieza. <\/p>","protected":false},"excerpt":{"rendered":"Adult toothbrush features The adult toothbrush has many practical designs, such as an ergonomic handle, a reasonable brush head size, soft and medium bristles, etc. It can meet the deep cleaning and comfort needs of adults in oral cleaning and is suitable for different people and cleaning scenarios. 1. Ergonomic handle: comfortable to hold, non-slip [&hellip;]","protected":false},"featured_media":3312,"menu_order":0,"template":"","meta":[],"product-tag":[],"products":[167],"class_list":["post-3311","product","type-product","status-publish","has-post-thumbnail","hentry","products-toothbrush"],"acf":[],"_links":{"self":[{"href":"https:\/\/www.ruiqigo.com\/es\/wp-json\/wp\/v2\/product\/3311","targetHints":{"allow":["GET"]}}],"collection":[{"href":"https:\/\/www.ruiqigo.com\/es\/wp-json\/wp\/v2\/product"}],"about":[{"href":"https:\/\/www.ruiqigo.com\/es\/wp-json\/wp\/v2\/types\/product"}],"version-history":[{"count":0,"href":"https:\/\/www.ruiqigo.com\/es\/wp-json\/wp\/v2\/product\/3311\/revisions"}],"wp:featuredmedia":[{"embeddable":true,"href":"https:\/\/www.ruiqigo.com\/es\/wp-json\/wp\/v2\/media\/3312"}],"wp:attachment":[{"href":"https:\/\/www.ruiqigo.com\/es\/wp-json\/wp\/v2\/media?parent=3311"}],"wp:term":[{"taxonomy":"product-tag","embeddable":true,"href":"https:\/\/www.ruiqigo.com\/es\/wp-json\/wp\/v2\/product-tag?post=3311"},{"taxonomy":"products","embeddable":true,"href":"https:\/\/www.ruiqigo.com\/es\/wp-json\/wp\/v2\/products?post=3311"}],"curies":[{"name":"wp","href":"https:\/\/api.w.org\/{rel}","templated":true}]}}