{"id":3317,"date":"2025-05-08T10:27:55","date_gmt":"2025-05-08T02:27:55","guid":{"rendered":"https:\/\/www.ruiqigo.com\/?post_type=product&#038;p=3317"},"modified":"2025-05-08T10:27:56","modified_gmt":"2025-05-08T02:27:56","slug":"kids-toothbrush","status":"publish","type":"product","link":"https:\/\/www.ruiqigo.com\/es\/product\/kids-toothbrush","title":{"rendered":"Cepillo de dientes para ni\u00f1os"},"content":{"rendered":"<h2 class=\"wp-block-heading\">Caracter\u00edsticas del cepillo de dientes para ni\u00f1os<\/h2>\n\n\n\n<p>El dise\u00f1o de los cepillos de dientes infantiles considera plenamente la estructura bucal y los h\u00e1bitos de uso de los ni\u00f1os. Suelen tener un cabezal peque\u00f1o, cerdas suaves, un mango antideslizante y una apariencia de dibujos animados, lo cual resulta pr\u00e1ctico e interesante.<\/p>\n\n\n\n<p>1. <strong>Cabezal de cepillo peque\u00f1o: <\/strong>El cabezal del cepillo de dientes infantil est\u00e1 especialmente dise\u00f1ado para la estructura bucal de los ni\u00f1os. Su tama\u00f1o reducido facilita una limpieza profunda de cada diente de leche.<\/p>\n\n\n\n<p>2. <strong>Cerdas suaves: <\/strong>Para proteger eficazmente las enc\u00edas sensibles de los ni\u00f1os y evitar sangrado o desgaste, nuestro cepillo de dientes para ni\u00f1os utiliza cerdas s\u00faper suaves.<\/p>\n\n\n\n<p>3. <strong>Mango antideslizante: <\/strong>El mango est\u00e1 dise\u00f1ado ergon\u00f3micamente, se adapta perfectamente a las manos de los ni\u00f1os, es c\u00f3modo de sostener y no se resbala f\u00e1cilmente.<\/p>\n\n\n\n<p>4. <strong>Apariencia de la caricatura: <\/strong>La apariencia de los cepillos de dientes para ni\u00f1os tiene un dise\u00f1o de dibujos animados, principalmente patrones de animales y dibujos animados, lo que aumenta la diversi\u00f3n, mejora el entusiasmo de los ni\u00f1os por cepillarse los dientes, atrae a los ni\u00f1os a tomar la iniciativa de cepillarse los dientes y desarrolla buenos h\u00e1bitos.<\/p>\n\n\n\n<p>5. <strong>Combinaci\u00f3n de colores coloridos: <\/strong>Los cepillos de dientes para ni\u00f1os suelen tener colores intensos y brillantes, que atraen la atenci\u00f3n de los ni\u00f1os, estimulan la iniciativa de cepillarse los dientes y ayudan a establecer buenos h\u00e1bitos de higiene.<\/p>\n\n\n\n<h2 class=\"wp-block-heading\">Ventajas del cepillo de dientes para ni\u00f1os<\/h2>\n\n\n\n<p>En comparaci\u00f3n con los cepillos de dientes tradicionales, el uso de cepillos de dientes infantiles ofrece importantes ventajas para el cuidado bucal infantil. No solo son m\u00e1s seguros en cuanto a su material y sus cerdas m\u00e1s suaves, sino que su tama\u00f1o y forma, dise\u00f1ados espec\u00edficamente para ni\u00f1os, tambi\u00e9n les ayudan a desarrollar buenos h\u00e1bitos de higiene bucal.<\/p>\n\n\n\n<p>1. <strong>Seguridad del material: <\/strong>El cepillo de dientes para ni\u00f1os utiliza material PP, TPE o silicona de grado alimenticio, que es ecol\u00f3gico, seguro, no t\u00f3xico e inodoro, y cumple con los est\u00e1ndares de seguridad para productos para ni\u00f1os.<\/p>\n\n\n\n<p>2. <strong>Proteger los dientes deciduos: <\/strong>El cepillo de dientes para ni\u00f1os dise\u00f1ado para ni\u00f1os, aunque tiene cerdas suaves, puede eliminar eficazmente la placa dental, prevenir las caries y los problemas de enc\u00edas en los ni\u00f1os y ayudarlos a desarrollar una salud bucal saludable.<\/p>\n\n\n\n<p>3. <strong>Educativo y entretenido: <\/strong>El divertido dise\u00f1o de dibujos animados y la combinaci\u00f3n de colores coloridos pueden mejorar el entusiasmo de los ni\u00f1os por el cepillado diario y desarrollar buenos h\u00e1bitos de cuidado de la higiene bucal.<\/p>\n\n\n\n<p>4.<strong> Amplio rango de edad:<\/strong> Desde 1 hasta 12 a\u00f1os, nuestro cepillo de dientes para ni\u00f1os puede lograr una cobertura de edad muy amplia.<\/p>\n\n\n\n<h2 class=\"wp-block-heading\">Grupo objetivo de cepillos de dientes para ni\u00f1os<\/h2>\n\n\n\n<p>El cepillo de dientes infantil es ideal para beb\u00e9s y ni\u00f1os peque\u00f1os de 1 a 12 a\u00f1os. Para beb\u00e9s de 1 a 3 a\u00f1os con dientes reci\u00e9n salidos, puede usar un cepillo de dientes infantil para masajear suavemente las enc\u00edas y ayudarles a adaptarse al cepillado. Para ni\u00f1os en edad preescolar de 3 a 6 a\u00f1os en la etapa de dentici\u00f3n temporal, puede usar cerdas suaves y cabezales peque\u00f1os para una limpieza bucal suave y sencilla. Para ni\u00f1os mayores de 6 a\u00f1os en la etapa de reemplazo dental, un cepillo de dientes infantil puede mantener eficazmente la higiene y la salud bucal.<\/p>\n\n\n\n<p>Adem\u00e1s, en jardines de infancia, instituciones m\u00e9dicas infantiles y otros escenarios, el cepillo de dientes para ni\u00f1os tambi\u00e9n es un elemento indispensable para la educaci\u00f3n y el cuidado de la salud bucal.<\/p>\n\n\n\n<h2 class=\"wp-block-heading\">Proceso de producci\u00f3n de cepillos de dientes para ni\u00f1os<\/h2>\n\n\n\n<p>El cepillo de dientes para ni\u00f1os controla estrictamente la calidad de cada eslab\u00f3n del proceso de fabricaci\u00f3n, desde el moldeo por inyecci\u00f3n hasta la implantaci\u00f3n de cerdas, hasta el pulido final y la impresi\u00f3n de la apariencia, utilizando equipos de proceso de alta precisi\u00f3n y materias primas respetuosas con el medio ambiente para garantizar la seguridad y durabilidad del producto.&nbsp;<\/p>\n\n\n\n<p>Cada cepillo de dientes para ni\u00f1os se someter\u00e1 a estrictas inspecciones antes de salir de la f\u00e1brica, incluidas pruebas de solidez de las cerdas, detecci\u00f3n de cuerpos extra\u00f1os y pruebas de seguridad del material, etc., para garantizar que el producto cumpla con los est\u00e1ndares de seguridad internacionales para productos para ni\u00f1os.<\/p>\n\n\n\n<h2 class=\"wp-block-heading\">Aplicaciones del cepillo de dientes para ni\u00f1os<\/h2>\n\n\n\n<p>El cepillo de dientes infantil tiene una amplia gama de aplicaciones. Se puede usar como producto de higiene bucal diaria para ni\u00f1os en casa y tambi\u00e9n es adecuado para la educaci\u00f3n en salud bucal en entornos infantiles, como guarder\u00edas.<\/p>\n\n\n\n<p>En casa, use pasta dental infantil para cepillarse los dientes cuidadosamente cada ma\u00f1ana y noche para mantener la salud bucal. Adem\u00e1s, el cepillo de dientes infantil es ligero y f\u00e1cil de guardar, y tambi\u00e9n es ideal para que los ni\u00f1os lo lleven de viaje. En lugares como guarder\u00edas, puede usarse como material de demostraci\u00f3n para la educaci\u00f3n sobre salud bucal y ayudar a los ni\u00f1os a aprender mejor a cepillarse los dientes.<\/p>\n\n\n\n<h2 class=\"wp-block-heading\">C\u00f3mo utilizar el cepillo de dientes para ni\u00f1os<\/h2>\n\n\n\n<p>Antes de cepillarse los dientes, elija un cepillo de dientes adecuado para la edad de su hijo. Remoje el cepillo en agua, extraiga una cantidad de pasta dental infantil del tama\u00f1o de un guisante y apl\u00edquela. Empiece por la parte exterior de los dientes y cepille la parte exterior, interior y oclusal en orden. Despu\u00e9s del cepillado, enjuague el cepillo con agua limpia y col\u00f3quelo en un lugar ventilado.<\/p>\n\n\n\n<p>Se recomienda cepillarse los dientes una vez por la ma\u00f1ana y otra por la noche todos los d\u00edas con pasta dental infantil, durante al menos 2 minutos cada vez para una limpieza completa. Enjuague el cepillo de dientes infantil a tiempo despu\u00e9s de cada cepillado y c\u00e1mbielo cada 2 o 3 meses.<\/p>","protected":false},"excerpt":{"rendered":"Kids toothbrush features The design of kids toothbrushes fully considers the oral structure and usage habits of children. It usually has a small brush head, soft bristles, a non-slip handle and a cartoon appearance, which is both practical and interesting. 1. Small brush head: The brush head of kids toothbrush is specially designed for children&#8217;s [&hellip;]","protected":false},"featured_media":3318,"menu_order":0,"template":"","meta":[],"product-tag":[],"products":[167],"class_list":["post-3317","product","type-product","status-publish","has-post-thumbnail","hentry","products-toothbrush"],"acf":[],"_links":{"self":[{"href":"https:\/\/www.ruiqigo.com\/es\/wp-json\/wp\/v2\/product\/3317","targetHints":{"allow":["GET"]}}],"collection":[{"href":"https:\/\/www.ruiqigo.com\/es\/wp-json\/wp\/v2\/product"}],"about":[{"href":"https:\/\/www.ruiqigo.com\/es\/wp-json\/wp\/v2\/types\/product"}],"version-history":[{"count":0,"href":"https:\/\/www.ruiqigo.com\/es\/wp-json\/wp\/v2\/product\/3317\/revisions"}],"wp:featuredmedia":[{"embeddable":true,"href":"https:\/\/www.ruiqigo.com\/es\/wp-json\/wp\/v2\/media\/3318"}],"wp:attachment":[{"href":"https:\/\/www.ruiqigo.com\/es\/wp-json\/wp\/v2\/media?parent=3317"}],"wp:term":[{"taxonomy":"product-tag","embeddable":true,"href":"https:\/\/www.ruiqigo.com\/es\/wp-json\/wp\/v2\/product-tag?post=3317"},{"taxonomy":"products","embeddable":true,"href":"https:\/\/www.ruiqigo.com\/es\/wp-json\/wp\/v2\/products?post=3317"}],"curies":[{"name":"wp","href":"https:\/\/api.w.org\/{rel}","templated":true}]}}