{"id":3330,"date":"2025-05-08T10:20:55","date_gmt":"2025-05-08T02:20:55","guid":{"rendered":"https:\/\/www.ruiqigo.com\/?post_type=product&#038;p=3330"},"modified":"2025-05-08T10:20:56","modified_gmt":"2025-05-08T02:20:56","slug":"adult-electric-toothbrush","status":"publish","type":"product","link":"https:\/\/www.ruiqigo.com\/es\/product\/adult-electric-toothbrush","title":{"rendered":"Cepillo de dientes el\u00e9ctrico para adultos"},"content":{"rendered":"<h2 class=\"wp-block-heading\">Caracter\u00edsticas del cepillo de dientes el\u00e9ctrico para adultos<\/h2>\n\n\n\n<p>El cepillo de dientes el\u00e9ctrico para adultos cuenta con numerosas funciones pr\u00e1cticas, como vibraci\u00f3n de alta frecuencia, m\u00faltiples modos de limpieza y dise\u00f1o resistente al agua. Ofrece mayor comodidad de uso, manteniendo el poder de limpieza y satisfaciendo las necesidades bucales de diversos usuarios.<\/p>\n\n\n\n<p>1. <strong>Vibraci\u00f3n de alta frecuencia<\/strong>:El cepillo de dientes el\u00e9ctrico para adultos utiliza una frecuencia de vibraci\u00f3n de hasta 30.000 a 40.000 veces por minuto y utiliza ondas sonoras o tecnolog\u00eda de vibraci\u00f3n rotacional para limpiar eficazmente la placa dental.<\/p>\n\n\n\n<p>2. <strong>M\u00faltiples modos de limpieza: <\/strong>Nuestro cepillo de dientes el\u00e9ctrico para adultos generalmente contiene m\u00faltiples modos de limpieza de dientes, que incluyen limpieza, sensible, blanqueamiento, masaje, etc., que se pueden cambiar de manera flexible seg\u00fan las necesidades bucales actuales del usuario.<\/p>\n\n\n\n<p>3. <strong>Dise\u00f1o resistente al agua:<\/strong> Los cepillos de dientes el\u00e9ctricos suelen tener un dise\u00f1o resistente al agua IPX7 y se pueden lavar por completo.<\/p>\n\n\n\n<p>4. <strong>Bater\u00eda de larga duraci\u00f3n: <\/strong>Los cepillos de dientes el\u00e9ctricos para adultos utilizan un dise\u00f1o de carga USB y se pueden usar durante 7 a 30 d\u00edas con una sola carga, lo que resulta muy conveniente cuando se viaja.<\/p>\n\n\n\n<p>5. <strong>Cabezal de cepillo reemplazable: <\/strong>Equipado con un cabezal de cepillo desmontable, se puede reemplazar muy r\u00e1pidamente cuando el cabezal del cepillo est\u00e9 viejo o ocurra un accidente, ahorrando tiempo y costos.<\/p>\n\n\n\n<h2 class=\"wp-block-heading\">Ventajas del cepillo de dientes el\u00e9ctrico para adultos<\/h2>\n\n\n\n<p>En comparaci\u00f3n con los cepillos de dientes tradicionales para adultos, el cepillo de dientes el\u00e9ctrico para adultos tiene ventajas significativas en la eficiencia de limpieza y la experiencia del usuario, y es especialmente adecuado para las personas que prestan atenci\u00f3n a la salud bucal.<\/p>\n\n\n\n<p>1. <strong>Mayor eficiencia de limpieza: <\/strong>En comparaci\u00f3n con los cepillos de dientes manuales tradicionales, los cepillos de dientes el\u00e9ctricos para adultos pueden penetrar profundamente en los espacios entre los dientes y el borde de las enc\u00edas, eliminar eficazmente la placa dental y mejorar los efectos de limpieza.<\/p>\n\n\n\n<p>2. <strong>Proteger las enc\u00edas: <\/strong>Un cepillo de dientes el\u00e9ctrico para adultos puede reducir el da\u00f1o a las enc\u00edas que puede producirse durante el cepillado mediante una frecuencia de vibraci\u00f3n precisa y cerdas suaves.<\/p>\n\n\n\n<p>3. <strong>Reducir el punto ciego al cepillarse los dientes: <\/strong>La frecuencia de vibraci\u00f3n inteligente ayuda a que el cabezal del cepillo cubra completamente cada diente durante el cepillado, evitando una limpieza local inadecuada.<\/p>\n\n\n\n<p>4. <strong>Fuerte experiencia de usuario: <\/strong>El dise\u00f1o de apariencia del cepillo de dientes el\u00e9ctrico para adultos es muy moderno, y la carga por inducci\u00f3n, el cambio de modo y otros dise\u00f1os pueden mejorar efectivamente la experiencia del usuario.<\/p>\n\n\n\n<p>5. <strong>Adecuado para personas con problemas bucales: <\/strong>Para las personas con problemas bucales como sensibilidad en las enc\u00edas y ortodoncia, el uso del cepillo de dientes el\u00e9ctrico para adultos puede tener una mejor experiencia de limpieza.<\/p>\n\n\n\n<h2 class=\"wp-block-heading\">Grupo objetivo de cepillos de dientes el\u00e9ctricos para adultos<\/h2>\n\n\n\n<p>Un cepillo de dientes el\u00e9ctrico para adultos es principalmente adecuado para mayores de 18 a\u00f1os, especialmente para personas con dientes sensibles y que usan ortodoncia. Tambi\u00e9n es adecuado para personas con problemas bucales como mal aliento, manchas y placa dental, personas que usan ortodoncia durante mucho tiempo o que acaban de completar un tratamiento de ortodoncia, y quienes necesitan una limpieza bucal eficaz.<\/p>\n\n\n\n<h2 class=\"wp-block-heading\">Proceso de producci\u00f3n de cepillos de dientes el\u00e9ctricos para adultos<\/h2>\n\n\n\n<p>Nuestro cepillo de dientes el\u00e9ctrico para adultos se fabrica principalmente a trav\u00e9s de m\u00faltiples procesos, como moldeo por inyecci\u00f3n, ensamblaje de precisi\u00f3n, sellado impermeable, etc. El cuerpo del cepillo de dientes est\u00e1 hecho mediante moldeo por inyecci\u00f3n de alta precisi\u00f3n de ABS o pl\u00e1stico apto para alimentos, mientras que las cerdas se fijan mediante un proceso de fusi\u00f3n en caliente o plantaci\u00f3n de metal, y la carcasa exterior est\u00e1 sellada e impermeable mediante soldadura ultras\u00f3nica o sellado en espiral.<\/p>\n\n\n\n<p>Una vez finalizada la fabricaci\u00f3n, realizaremos pruebas de vibraci\u00f3n continuas, pruebas de impermeabilidad, etc. en cada cepillo de dientes el\u00e9ctrico para garantizar la durabilidad y seguridad del producto.<\/p>\n\n\n\n<h2 class=\"wp-block-heading\">Aplicaciones del cepillo de dientes el\u00e9ctrico para adultos<\/h2>\n\n\n\n<p>El cepillo de dientes el\u00e9ctrico para adultos es pr\u00e1ctico y hermoso, y tiene una amplia gama de escenarios de aplicaci\u00f3n.<\/p>\n\n\n\n<p>1. <strong>Cuidado bucal diario en casa: <\/strong>El cepillo de dientes el\u00e9ctrico para adultos puede reemplazar al cepillo de dientes manual como la principal herramienta de cepillado de dientes para garantizar la higiene bucal.<\/p>\n\n\n\n<p>2. <strong>Imprescindible para viajes de negocios: <\/strong>El cepillo de dientes el\u00e9ctrico para adultos es f\u00e1cil de transportar y tiene una excelente duraci\u00f3n de bater\u00eda, lo que lo hace adecuado para viajeros y personas de negocios en viajes de negocios.<\/p>\n\n\n\n<p>3. <strong>Atenci\u00f3n al paciente de ortodoncia: <\/strong>Nuestro cepillo de dientes el\u00e9ctrico para adultos puede ayudar a los pacientes de ortodoncia a limpiar las esquinas muertas de los brackets, prevenir la acumulaci\u00f3n de placa dental y mantener la higiene y la salud bucal.<\/p>\n\n\n\n<p>4. <strong>Regalos: <\/strong>El cepillo de dientes el\u00e9ctrico para adultos es un buen producto de regalo, adecuado para obsequios navide\u00f1os, personalizaci\u00f3n corporativa y obsequios de bienestar, etc.<\/p>\n\n\n\n<h2 class=\"wp-block-heading\">C\u00f3mo utilizar el cepillo de dientes el\u00e9ctrico para adultos<\/h2>\n\n\n\n<p>1. <strong>Instale el cabezal del cepillo y aplique la pasta de dientes:<\/strong> Inserte el cabezal del cepillo en la interfaz del mango para asegurar una conexi\u00f3n firme. Luego, aplique una cantidad adecuada de pasta dental sobre las cerdas.<\/p>\n\n\n\n<p>2. <strong>Iniciar el cambio:<\/strong> Seleccione un modo de cepillado que se adapte a usted, como limpieza, sensible, etc., y active el interruptor del cepillo de dientes.<\/p>\n\n\n\n<p>3. <strong>Cepillado particionado: <\/strong>Limpie diferentes \u00e1reas de los dientes en secuencia, aproximadamente 30 segundos para cada \u00e1rea, y cep\u00edllese los dientes durante al menos 2 minutos en total.<\/p>\n\n\n\n<p>4. <strong>Limpiar el cepillo de dientes despu\u00e9s del cepillado: <\/strong>Despu\u00e9s de cepillarse los dientes, enjuague el cabezal y el mango del cepillo con agua limpia y col\u00f3quelos en un lugar ventilado para que se sequen.<\/p>\n\n\n\n<p>Se recomienda cambiar el cabezal del cepillo cada 3 meses para garantizar la eficacia de la limpieza y la higiene. Cep\u00edllese los dientes con suavidad y sin presionar con fuerza.<\/p>","protected":false},"excerpt":{"rendered":"Adult electric toothbrush features The adult electric toothbrush has many practical features such as high-frequency vibration, multiple cleaning modes, and a waterproof design. It improves the comfort of use while maintaining the cleaning power and meets the oral needs of various users. 1. High-frequency vibration: The adult electric toothbrush uses a vibration frequency of up [&hellip;]","protected":false},"featured_media":3331,"menu_order":0,"template":"","meta":[],"product-tag":[],"products":[167],"class_list":["post-3330","product","type-product","status-publish","has-post-thumbnail","hentry","products-toothbrush"],"acf":[],"_links":{"self":[{"href":"https:\/\/www.ruiqigo.com\/es\/wp-json\/wp\/v2\/product\/3330","targetHints":{"allow":["GET"]}}],"collection":[{"href":"https:\/\/www.ruiqigo.com\/es\/wp-json\/wp\/v2\/product"}],"about":[{"href":"https:\/\/www.ruiqigo.com\/es\/wp-json\/wp\/v2\/types\/product"}],"version-history":[{"count":0,"href":"https:\/\/www.ruiqigo.com\/es\/wp-json\/wp\/v2\/product\/3330\/revisions"}],"wp:featuredmedia":[{"embeddable":true,"href":"https:\/\/www.ruiqigo.com\/es\/wp-json\/wp\/v2\/media\/3331"}],"wp:attachment":[{"href":"https:\/\/www.ruiqigo.com\/es\/wp-json\/wp\/v2\/media?parent=3330"}],"wp:term":[{"taxonomy":"product-tag","embeddable":true,"href":"https:\/\/www.ruiqigo.com\/es\/wp-json\/wp\/v2\/product-tag?post=3330"},{"taxonomy":"products","embeddable":true,"href":"https:\/\/www.ruiqigo.com\/es\/wp-json\/wp\/v2\/products?post=3330"}],"curies":[{"name":"wp","href":"https:\/\/api.w.org\/{rel}","templated":true}]}}